{"id":199,"date":"2018-08-01T16:43:30","date_gmt":"2018-08-01T13:43:30","guid":{"rendered":"https:\/\/h2n312.wordpress.com\/?page_id=199"},"modified":"2025-06-04T19:10:22","modified_gmt":"2025-06-04T16:10:22","slug":"move-database-to-another-drive","status":"publish","type":"page","link":"https:\/\/hand2noteguide.com\/es\/guide\/database\/move-database-to-another-drive\/","title":{"rendered":"C\u00f3mo mover la base de datos a otra unidad"},"content":{"rendered":"<p>De forma predeterminada, la <a href=\"https:\/\/hand2noteguide.com\/es\/guide\/database\/where-is-database-stored\/\">base de datos de Hand2Note se almacena en la unidad C<\/a>. Si lo deseas, puedes cambiar la ubicaci\u00f3n de la base de datos, por ejemplo, si te quedas sin espacio libre en esa unidad.<\/p>\n<p>Para mover los archivos de la base de datos a otro directorio, haz lo siguiente:<\/p>\n<ol>\n<li>Ve a <em>Configuration \u2192 Database<\/em>.<\/li>\n<li>Haz clic en <em>Open Folder<\/em>.<\/li>\n<li>Mueve el contenido de la carpeta abierta al directorio deseado.<\/li>\n<li>Haz clic en <em>Change folder<\/em> y establece la ruta a la carpeta donde moviste los archivos en el paso anterior.<\/li>\n<li>Espera a que Hand2Note se reinicie.<\/li>\n<\/ol>\n","protected":false},"excerpt":{"rendered":"<p>De forma predeterminada, la base de datos de Hand2Note se almacena en la unidad C. Si lo deseas, puedes cambiar la ubicaci\u00f3n de la base de datos, por ejemplo, si te quedas sin espacio libre en esa unidad. Para mover los archivos de la base de datos a otro directorio, haz lo siguiente: Ve a &hellip; <a href=\"https:\/\/hand2noteguide.com\/es\/guide\/database\/move-database-to-another-drive\/\" class=\"more-link\">Continue reading <span class=\"screen-reader-text\">C\u00f3mo mover la base de datos a otra unidad<\/span><\/a><\/p>\n","protected":false},"author":1,"featured_media":0,"parent":221,"menu_order":0,"comment_status":"closed","ping_status":"closed","template":"page-templates\/full-width-page.php","meta":{"footnotes":""},"class_list":["post-199","page","type-page","status-publish","hentry"],"translation":{"provider":"WPGlobus","version":"3.0.2","language":"es","enabled_languages":["en","ru","pt","zh","es","fr","de","it","ja"],"languages":{"en":{"title":true,"content":true,"excerpt":false},"ru":{"title":true,"content":true,"excerpt":false},"pt":{"title":true,"content":true,"excerpt":false},"zh":{"title":true,"content":true,"excerpt":false},"es":{"title":true,"content":true,"excerpt":false},"fr":{"title":true,"content":true,"excerpt":false},"de":{"title":true,"content":true,"excerpt":false},"it":{"title":true,"content":true,"excerpt":false},"ja":{"title":true,"content":true,"excerpt":false}}},"yoast_head":"<!-- This site is optimized with the Yoast SEO plugin v27.0 - https:\/\/yoast.com\/product\/yoast-seo-wordpress\/ -->\n<title>C\u00f3mo mover f\u00e1cilmente la base de datos de Hand2Note a otra unidad<\/title>\n<meta name=\"description\" content=\"Aprende c\u00f3mo trasladar tu base de datos de Hand2Note a una unidad diferente para liberar espacio y optimizar el rendimiento. Sigue nuestra sencilla gu\u00eda paso a paso.\" \/>\n<meta name=\"robots\" content=\"index, follow, max-snippet:-1, max-image-preview:large, max-video-preview:-1\" \/>\n<link rel=\"canonical\" href=\"https:\/\/hand2noteguide.com\/guide\/database\/move-database-to-another-drive\/\" \/>\n<meta property=\"og:locale\" content=\"es_ES\" \/>\n<meta property=\"og:type\" content=\"article\" \/>\n<meta property=\"og:title\" content=\"C\u00f3mo mover f\u00e1cilmente la base de datos de Hand2Note a otra unidad\" \/>\n<meta property=\"og:description\" content=\"Aprende c\u00f3mo trasladar tu base de datos de Hand2Note a una unidad diferente para liberar espacio y optimizar el rendimiento. Sigue nuestra sencilla gu\u00eda paso a paso.\" \/>\n<meta property=\"og:url\" content=\"https:\/\/hand2noteguide.com\/guide\/database\/move-database-to-another-drive\/\" \/>\n<meta property=\"og:site_name\" content=\"Hand2Note Guide\" \/>\n<meta property=\"article:modified_time\" content=\"2025-06-04T16:10:22+00:00\" \/>\n<meta name=\"twitter:card\" content=\"summary_large_image\" \/>\n<meta name=\"twitter:label1\" content=\"Est. reading time\" \/>\n\t<meta name=\"twitter:data1\" content=\"3 minutes\" \/>\n<!-- \/ Yoast SEO plugin. -->","yoast_head_json":{"title":"C\u00f3mo mover f\u00e1cilmente la base de datos de Hand2Note a otra unidad","description":"Aprende c\u00f3mo trasladar tu base de datos de Hand2Note a una unidad diferente para liberar espacio y optimizar el rendimiento. Sigue nuestra sencilla gu\u00eda paso a paso.","robots":{"index":"index","follow":"follow","max-snippet":"max-snippet:-1","max-image-preview":"max-image-preview:large","max-video-preview":"max-video-preview:-1"},"canonical":"https:\/\/hand2noteguide.com\/guide\/database\/move-database-to-another-drive\/","og_locale":"es_ES","og_type":"article","og_title":"C\u00f3mo mover f\u00e1cilmente la base de datos de Hand2Note a otra unidad","og_description":"Aprende c\u00f3mo trasladar tu base de datos de Hand2Note a una unidad diferente para liberar espacio y optimizar el rendimiento. Sigue nuestra sencilla gu\u00eda paso a paso.","og_url":"https:\/\/hand2noteguide.com\/guide\/database\/move-database-to-another-drive\/","og_site_name":"Hand2Note Guide","article_modified_time":"2025-06-04T16:10:22+00:00","twitter_card":"summary_large_image","twitter_misc":{"Est. reading time":"3 minutes"},"schema":{"@context":"https:\/\/schema.org","@graph":[]}},"jetpack_sharing_enabled":false,"_links":{"self":[{"href":"https:\/\/hand2noteguide.com\/es\/wp-json\/wp\/v2\/pages\/199","targetHints":{"allow":["GET"]}}],"collection":[{"href":"https:\/\/hand2noteguide.com\/es\/wp-json\/wp\/v2\/pages"}],"about":[{"href":"https:\/\/hand2noteguide.com\/es\/wp-json\/wp\/v2\/types\/page"}],"author":[{"embeddable":true,"href":"https:\/\/hand2noteguide.com\/es\/wp-json\/wp\/v2\/users\/1"}],"replies":[{"embeddable":true,"href":"https:\/\/hand2noteguide.com\/es\/wp-json\/wp\/v2\/comments?post=199"}],"version-history":[{"count":12,"href":"https:\/\/hand2noteguide.com\/es\/wp-json\/wp\/v2\/pages\/199\/revisions"}],"predecessor-version":[{"id":13548,"href":"https:\/\/hand2noteguide.com\/es\/wp-json\/wp\/v2\/pages\/199\/revisions\/13548"}],"up":[{"embeddable":true,"href":"https:\/\/hand2noteguide.com\/es\/wp-json\/wp\/v2\/pages\/221"}],"wp:attachment":[{"href":"https:\/\/hand2noteguide.com\/es\/wp-json\/wp\/v2\/media?parent=199"}],"curies":[{"name":"wp","href":"https:\/\/api.w.org\/{rel}","templated":true}]}}