{"id":204,"date":"2018-08-01T19:50:47","date_gmt":"2018-08-01T16:50:47","guid":{"rendered":"https:\/\/h2n312.wordpress.com\/?page_id=204"},"modified":"2025-06-04T19:09:10","modified_gmt":"2025-06-04T16:09:10","slug":"delete-hands","status":"publish","type":"page","link":"https:\/\/hand2noteguide.com\/es\/guide\/database\/delete-hands\/","title":{"rendered":"C\u00f3mo eliminar manos de la base de datos"},"content":{"rendered":"<p>No puedes eliminar manos de la base de datos por separado. Esta funci\u00f3n no est\u00e1 implementada, ya que la violaci\u00f3n de la integridad de los datos reduce significativamente el rendimiento de la base de datos.<\/p>\n<p>Puedes <a href=\"https:\/\/hand2noteguide.com\/es\/guide\/database\/create-database\/\">crear una nueva base de datos<\/a> e importar solo las manos necesarias en ella.<\/p>\n","protected":false},"excerpt":{"rendered":"<p>No puedes eliminar manos de la base de datos por separado. Esta funci\u00f3n no est\u00e1 implementada, ya que la violaci\u00f3n de la integridad de los datos reduce significativamente el rendimiento de la base de datos. Puedes crear una nueva base de datos e importar solo las manos necesarias en ella.<\/p>\n","protected":false},"author":1,"featured_media":0,"parent":221,"menu_order":0,"comment_status":"closed","ping_status":"closed","template":"page-templates\/full-width-page.php","meta":{"footnotes":""},"class_list":["post-204","page","type-page","status-publish","hentry"],"translation":{"provider":"WPGlobus","version":"3.0.2","language":"es","enabled_languages":["en","ru","pt","zh","es","fr","de","it","ja"],"languages":{"en":{"title":true,"content":true,"excerpt":false},"ru":{"title":true,"content":true,"excerpt":false},"pt":{"title":true,"content":true,"excerpt":false},"zh":{"title":true,"content":true,"excerpt":false},"es":{"title":true,"content":true,"excerpt":false},"fr":{"title":true,"content":true,"excerpt":false},"de":{"title":true,"content":true,"excerpt":false},"it":{"title":true,"content":true,"excerpt":false},"ja":{"title":true,"content":true,"excerpt":false}}},"yoast_head":"<!-- This site is optimized with the Yoast SEO plugin v27.0 - https:\/\/yoast.com\/product\/yoast-seo-wordpress\/ -->\n<title>C\u00f3mo eliminar manos de forma segura de tu base de datos de p\u00f3ker<\/title>\n<meta name=\"description\" content=\"Aprende por qu\u00e9 no puedes eliminar manos individualmente de tu base de datos de p\u00f3ker y descubre c\u00f3mo crear una nueva base de datos para gestionar tus manos de manera eficiente.\" \/>\n<meta name=\"robots\" content=\"index, follow, max-snippet:-1, max-image-preview:large, max-video-preview:-1\" \/>\n<link rel=\"canonical\" href=\"https:\/\/hand2noteguide.com\/guide\/database\/delete-hands\/\" \/>\n<meta property=\"og:locale\" content=\"es_ES\" \/>\n<meta property=\"og:type\" content=\"article\" \/>\n<meta property=\"og:title\" content=\"C\u00f3mo eliminar manos de forma segura de tu base de datos de p\u00f3ker\" \/>\n<meta property=\"og:description\" content=\"Aprende por qu\u00e9 no puedes eliminar manos individualmente de tu base de datos de p\u00f3ker y descubre c\u00f3mo crear una nueva base de datos para gestionar tus manos de manera eficiente.\" \/>\n<meta property=\"og:url\" content=\"https:\/\/hand2noteguide.com\/guide\/database\/delete-hands\/\" \/>\n<meta property=\"og:site_name\" content=\"Hand2Note Guide\" \/>\n<meta property=\"article:modified_time\" content=\"2025-06-04T16:09:10+00:00\" \/>\n<meta name=\"twitter:card\" content=\"summary_large_image\" \/>\n<meta name=\"twitter:label1\" content=\"Est. reading time\" \/>\n\t<meta name=\"twitter:data1\" content=\"1 minute\" \/>\n<!-- \/ Yoast SEO plugin. -->","yoast_head_json":{"title":"C\u00f3mo eliminar manos de forma segura de tu base de datos de p\u00f3ker","description":"Aprende por qu\u00e9 no puedes eliminar manos individualmente de tu base de datos de p\u00f3ker y descubre c\u00f3mo crear una nueva base de datos para gestionar tus manos de manera eficiente.","robots":{"index":"index","follow":"follow","max-snippet":"max-snippet:-1","max-image-preview":"max-image-preview:large","max-video-preview":"max-video-preview:-1"},"canonical":"https:\/\/hand2noteguide.com\/guide\/database\/delete-hands\/","og_locale":"es_ES","og_type":"article","og_title":"C\u00f3mo eliminar manos de forma segura de tu base de datos de p\u00f3ker","og_description":"Aprende por qu\u00e9 no puedes eliminar manos individualmente de tu base de datos de p\u00f3ker y descubre c\u00f3mo crear una nueva base de datos para gestionar tus manos de manera eficiente.","og_url":"https:\/\/hand2noteguide.com\/guide\/database\/delete-hands\/","og_site_name":"Hand2Note Guide","article_modified_time":"2025-06-04T16:09:10+00:00","twitter_card":"summary_large_image","twitter_misc":{"Est. reading time":"1 minute"},"schema":{"@context":"https:\/\/schema.org","@graph":[]}},"jetpack_sharing_enabled":false,"_links":{"self":[{"href":"https:\/\/hand2noteguide.com\/es\/wp-json\/wp\/v2\/pages\/204","targetHints":{"allow":["GET"]}}],"collection":[{"href":"https:\/\/hand2noteguide.com\/es\/wp-json\/wp\/v2\/pages"}],"about":[{"href":"https:\/\/hand2noteguide.com\/es\/wp-json\/wp\/v2\/types\/page"}],"author":[{"embeddable":true,"href":"https:\/\/hand2noteguide.com\/es\/wp-json\/wp\/v2\/users\/1"}],"replies":[{"embeddable":true,"href":"https:\/\/hand2noteguide.com\/es\/wp-json\/wp\/v2\/comments?post=204"}],"version-history":[{"count":14,"href":"https:\/\/hand2noteguide.com\/es\/wp-json\/wp\/v2\/pages\/204\/revisions"}],"predecessor-version":[{"id":13547,"href":"https:\/\/hand2noteguide.com\/es\/wp-json\/wp\/v2\/pages\/204\/revisions\/13547"}],"up":[{"embeddable":true,"href":"https:\/\/hand2noteguide.com\/es\/wp-json\/wp\/v2\/pages\/221"}],"wp:attachment":[{"href":"https:\/\/hand2noteguide.com\/es\/wp-json\/wp\/v2\/media?parent=204"}],"curies":[{"name":"wp","href":"https:\/\/api.w.org\/{rel}","templated":true}]}}