{"id":2253,"date":"2020-06-30T19:06:22","date_gmt":"2020-06-30T16:06:22","guid":{"rendered":"http:\/\/hand2noteguide.com\/?page_id=2253"},"modified":"2025-06-04T17:36:38","modified_gmt":"2025-06-04T14:36:38","slug":"basic-setup","status":"publish","type":"page","link":"https:\/\/hand2noteguide.com\/es\/basic-setup\/","title":{"rendered":"Hand2Note 3: Configuraci\u00f3n B\u00e1sica"},"content":{"rendered":"\n<p>Hoy es un d\u00eda importante en tu carrera de p\u00f3ker, ya que est\u00e1s comenzando a usar el mejor software de seguimiento de p\u00f3ker. Nos aseguraremos de que tu experiencia con Hand2Note sea fluida y eficiente.<\/p>\n\n\n\n<p>La configuraci\u00f3n de Hand2Note es muy sencilla y pr\u00e1cticamente no requiere ninguna acci\u00f3n de tu parte. Sigue los simples pasos a continuaci\u00f3n para comenzar a usar Hand2Note en PokerStars o cualquier otro sitio compatible.<\/p>\n\n\n\n<div class=\"red-block\">\n<p style=\"margin-bottom:0\">\u26a0\ufe0f Esta gu\u00eda describe c\u00f3mo comenzar con Hand2Note 3, que ahora est\u00e1 desactualizado. Recomendamos <a href=\"https:\/\/hand2noteguide.com\/es\/hand2note-4-getting-started\/\"><strong>comenzar con Hand2Note 4<\/strong><\/a>.<\/p>\n<\/div>\n\n\n\n<h2 class=\"wp-block-heading\">1. Descargar e Instalar<\/h2>\n\n\n\n<p>Para comenzar, <a href=\"https:\/\/h2n-uptoyou.azureedge.net\/main\/Hand2NoteInstaller.exe\" target=\"_blank\" aria-label=\"undefined (opens in a new tab)\" rel=\"noreferrer noopener nofollow\">descarga Hand2Note 3<\/a> e instala el programa. La instalaci\u00f3n es f\u00e1cil: ejecuta el archivo de instalaci\u00f3n, haz clic en &#8220;Siguiente&#8221; y luego en &#8220;Instalar&#8221;. No se requiere software adicional para que Hand2Note funcione correctamente.<\/p>\n\n\n\n<figure class=\"wp-block-image size-large\"><img loading=\"lazy\" decoding=\"async\" width=\"495\" height=\"392\" src=\"https:\/\/hand2noteguide.com\/wp-content\/uploads\/2020\/04\/install-hand2note.png\" alt=\"\" class=\"wp-image-2256\" srcset=\"https:\/\/hand2noteguide.com\/wp-content\/uploads\/2020\/04\/install-hand2note.png 495w, https:\/\/hand2noteguide.com\/wp-content\/uploads\/2020\/04\/install-hand2note-300x238.png 300w\" sizes=\"auto, (max-width: 495px) 100vw, 495px\" \/><figcaption class=\"wp-element-caption\">Instalaci\u00f3n de Hand2Note<\/figcaption><\/figure>\n\n\n\n<div class=\"green-block\">\n<p style=\"margin-bottom:0\">\u261d Tambi\u00e9n te recomendamos crear una cuenta en <a href=\"https:\/\/hand2note3.hand2note.com\/?aid=c0\" target=\"_blank\" rel=\"noopener\">Hand2Note.com<\/a>. La necesitar\u00e1s en el futuro para gestionar tu licencia, asignar HUDs, etc.<\/p><\/div>\n\n\n\n<h2 class=\"wp-block-heading\">2. Usar Prueba Gratuita o Comprar una Licencia<\/h2>\n\n\n\n<p>Inmediatamente despu\u00e9s de instalar Hand2Note, se activar\u00e1 un per\u00edodo de prueba gratuito de 30 d\u00edas. Tampoco requiere ninguna configuraci\u00f3n por tu parte. Hay una prueba separada de 14 d\u00edas para <a href=\"https:\/\/hand2noteguide.com\/es\/asian\/\">salas asi\u00e1ticas<\/a>. Tambi\u00e9n se activa autom\u00e1ticamente cuando inicias tu aplicaci\u00f3n de sala por primera vez con Hand2Note.<\/p>\n\n\n\n<figure class=\"wp-block-image size-large\"><img loading=\"lazy\" decoding=\"async\" width=\"423\" height=\"92\" src=\"https:\/\/hand2noteguide.com\/wp-content\/uploads\/2020\/04\/hand2note-trial.png\" alt=\"\" class=\"wp-image-2258\" srcset=\"https:\/\/hand2noteguide.com\/wp-content\/uploads\/2020\/04\/hand2note-trial.png 423w, https:\/\/hand2noteguide.com\/wp-content\/uploads\/2020\/04\/hand2note-trial-300x65.png 300w\" sizes=\"auto, (max-width: 423px) 100vw, 423px\" \/><figcaption class=\"wp-element-caption\">Prueba gratuita de Hand2Note<\/figcaption><\/figure>\n\n\n\n<p>Durante el per\u00edodo de prueba, todas las funciones de Hand2Note est\u00e1n disponibles excepto <a href=\"https:\/\/hand2noteguide.com\/es\/guide\/range-research\/\">Range Research<\/a>.<\/p>\n\n\n\n<p>Despu\u00e9s de que finalice la prueba, Hand2Note cambiar\u00e1 autom\u00e1ticamente a una <a href=\"https:\/\/hand2noteguide.com\/es\/hand2note-for-free\/\">versi\u00f3n gratuita<\/a>. No perder\u00e1s ning\u00fan dato y a\u00fan podr\u00e1s usar las funciones b\u00e1sicas del software.<\/p>\n\n\n\n<div class=\"green-block\">\n<p>\ud83d\udc49 Si eres un jugador profesional o intentas convertirte en uno, te recomendamos obtener una licencia de pago. Consulta <a href=\"https:\/\/hand2noteguide.com\/es\/why-purchase-hand2note\/\">qu\u00e9 beneficios<\/a> obtendr\u00e1s con el plan de suscripci\u00f3n de pago.<\/p>\n<p style=\"margin-bottom:0\">Aseg\u00farate de <strong>usar el <a href=\"https:\/\/hand2noteguide.com\/es\/promo\/\"><b>c\u00f3digo promocional GUIDE10<\/b><\/a> para obtener un 10% de descuento, un <a href=\"\/es\/hud-store\/simple-cash-pack-for-free\/\"><b>HUD de bonificaci\u00f3n<\/b><\/a> y un <a href=\"\/es\/video-course\/\"><b>curso en video<\/b><\/a> gratis.<\/strong><\/p><\/div>\n\n\n\n<h2 class=\"wp-block-heading\">3. Iniciar HUD<\/h2>\n\n\n\n<p>HandNote tiene soporte integrado para salas, por lo que no se requiere una configuraci\u00f3n especial. Todo lo que necesitas para que el HUD comience es iniciar Hand2Note y la aplicaci\u00f3n de tu sala.<\/p>\n\n\n\n<figure class=\"wp-block-image size-large\"><img loading=\"lazy\" decoding=\"async\" width=\"1024\" height=\"693\" src=\"https:\/\/hand2noteguide.com\/wp-content\/uploads\/2020\/03\/hand2note-pokerstars-1024x693.png\" alt=\"hand2note pokerstars\" class=\"wp-image-2016\" srcset=\"https:\/\/hand2noteguide.com\/wp-content\/uploads\/2020\/03\/hand2note-pokerstars-1024x693.png 1024w, https:\/\/hand2noteguide.com\/wp-content\/uploads\/2020\/03\/hand2note-pokerstars-300x203.png 300w, https:\/\/hand2noteguide.com\/wp-content\/uploads\/2020\/03\/hand2note-pokerstars-768x520.png 768w, https:\/\/hand2noteguide.com\/wp-content\/uploads\/2020\/03\/hand2note-pokerstars-772x522.png 772w, https:\/\/hand2noteguide.com\/wp-content\/uploads\/2020\/03\/hand2note-pokerstars-624x422.png 624w, https:\/\/hand2noteguide.com\/wp-content\/uploads\/2020\/03\/hand2note-pokerstars.png 1045w\" sizes=\"auto, (max-width: 1024px) 100vw, 1024px\" \/><figcaption class=\"wp-element-caption\"><a href=\"https:\/\/hand2noteguide.com\/es\/pokerstars-hud\/\">Comienza a jugar con el HUD de Hand2Note en PokerStars<\/a><\/figcaption><\/figure>\n\n\n\n<p>Despu\u00e9s del primer lanzamiento, ver\u00e1s un HUD est\u00e1ndar con las estad\u00edsticas m\u00e1s b\u00e1sicas: <em>VPIP\/PFR\/manos<\/em>. Tambi\u00e9n puedes usar nuestro <a href=\"https:\/\/hand2noteguide.com\/es\/free-hud\/\">HUD gratuito<\/a>. Si necesitas un HUD m\u00e1s avanzado, tambi\u00e9n ofrecemos <a href=\"https:\/\/hand2noteguide.com\/es\/hud-store\/\">los mejores perfiles de HUD para Hand2Note<\/a>.<\/p>\n\n\n\n<p>Si el HUD no se muestra, sigue <a href=\"https:\/\/hand2noteguide.com\/es\/issues-resolving\/hud-not-showing\/\">estas instrucciones<\/a>. Si no ayudan, puedes contactar con <a href=\"https:\/\/hand2noteguide.com\/es\/hand2note-official-support\/\">soporte<\/a>.<\/p>\n\n\n\n<h2 class=\"wp-block-heading\">\u00bfQu\u00e9 sigue?<\/h2>\n\n\n\n<p>Ahora que has instalado Hand2Note y lanzado el HUD, puedes estudiar el software con m\u00e1s detalle y hacer configuraciones m\u00e1s espec\u00edficas. Hand2Note proporciona un incre\u00edble conjunto de herramientas para optimizar el proceso de juego y el an\u00e1lisis fuera de la mesa.<\/p>\n\n\n\n<p>En primer lugar, puedes familiarizarte con el <a href=\"https:\/\/hand2noteguide.com\/es\/guide\/\">manual<\/a>.<\/p>\n\n\n\n<div class=\"green-block\">\n<p style=\"margin-bottom:0\">\ud83d\udca1 Recomendamos revisar el art\u00edculo <a href=\"https:\/\/www.hudstore.poker\/hand2note-must-read-starting-tips\" target=\"_blank\" rel=\"noopener\"><b>Hand2Note: Consejos Iniciales Imprescindibles<\/b><\/a>.<\/p><\/div>\n\n\n\n<p>Para un dominio m\u00e1s r\u00e1pido y eficiente de todas las funciones del software, presta atenci\u00f3n al <a href=\"https:\/\/hand2noteguide.com\/es\/video-course\/\">curso en video sobre el uso profesional de Hand2Note<\/a>, as\u00ed como al <a href=\"\/es\/training\/\">entrenamiento personal<\/a>.<\/p>\n","protected":false},"excerpt":{"rendered":"<p>Hoy es un d\u00eda importante en tu carrera de p\u00f3ker, ya que est\u00e1s comenzando a usar el mejor software de seguimiento de p\u00f3ker. Nos aseguraremos de que tu experiencia con Hand2Note sea fluida y eficiente. La configuraci\u00f3n de Hand2Note es muy sencilla y pr\u00e1cticamente no requiere ninguna acci\u00f3n de tu parte. Sigue los simples pasos &hellip; <a href=\"https:\/\/hand2noteguide.com\/es\/basic-setup\/\" class=\"more-link\">Continue reading <span class=\"screen-reader-text\">Hand2Note 3: Configuraci\u00f3n B\u00e1sica<\/span><\/a><\/p>\n","protected":false},"author":1,"featured_media":0,"parent":0,"menu_order":0,"comment_status":"closed","ping_status":"closed","template":"page-templates\/full-width-page.php","meta":{"footnotes":""},"class_list":["post-2253","page","type-page","status-publish","hentry"],"translation":{"provider":"WPGlobus","version":"3.0.2","language":"es","enabled_languages":["en","ru","pt","zh","es","fr","de","it","ja"],"languages":{"en":{"title":true,"content":true,"excerpt":false},"ru":{"title":true,"content":true,"excerpt":false},"pt":{"title":true,"content":true,"excerpt":false},"zh":{"title":true,"content":true,"excerpt":false},"es":{"title":true,"content":true,"excerpt":false},"fr":{"title":true,"content":true,"excerpt":false},"de":{"title":true,"content":true,"excerpt":false},"it":{"title":true,"content":true,"excerpt":false},"ja":{"title":true,"content":true,"excerpt":false}}},"yoast_head":"<!-- This site is optimized with the Yoast SEO plugin v27.0 - https:\/\/yoast.com\/product\/yoast-seo-wordpress\/ -->\n<title>Configuraci\u00f3n de Hand2Note 3: Instalaci\u00f3n, Licencia, Iniciar HUD<\/title>\n<meta name=\"description\" content=\"Configura todo para comenzar a usar el mejor software de seguimiento de p\u00f3ker. Manual paso a paso sobre c\u00f3mo instalar Hand2Note, obtener una licencia gratuita y el mejor HUD.\" \/>\n<meta name=\"robots\" content=\"index, follow, max-snippet:-1, max-image-preview:large, max-video-preview:-1\" \/>\n<link rel=\"canonical\" href=\"https:\/\/hand2noteguide.com\/ja\/basic-setup\/\" \/>\n<meta property=\"og:locale\" content=\"es_ES\" \/>\n<meta property=\"og:type\" content=\"article\" \/>\n<meta property=\"og:title\" content=\"Configuraci\u00f3n de Hand2Note 3: Instalaci\u00f3n, Licencia, Iniciar HUD\" \/>\n<meta property=\"og:description\" content=\"Configura todo para comenzar a usar el mejor software de seguimiento de p\u00f3ker. Manual paso a paso sobre c\u00f3mo instalar Hand2Note, obtener una licencia gratuita y el mejor HUD.\" \/>\n<meta property=\"og:url\" content=\"https:\/\/hand2noteguide.com\/ja\/basic-setup\/\" \/>\n<meta property=\"og:site_name\" content=\"Hand2Note Guide\" \/>\n<meta property=\"article:modified_time\" content=\"2025-06-04T14:36:38+00:00\" \/>\n<meta property=\"og:image\" content=\"https:\/\/hand2noteguide.com\/wp-content\/uploads\/2020\/04\/install-hand2note.png\" \/>\n<meta name=\"twitter:card\" content=\"summary_large_image\" \/>\n<meta name=\"twitter:label1\" content=\"Est. reading time\" \/>\n\t<meta name=\"twitter:data1\" content=\"17 minutes\" \/>\n<!-- \/ Yoast SEO plugin. -->","yoast_head_json":{"title":"Configuraci\u00f3n de Hand2Note 3: Instalaci\u00f3n, Licencia, Iniciar HUD","description":"Configura todo para comenzar a usar el mejor software de seguimiento de p\u00f3ker. Manual paso a paso sobre c\u00f3mo instalar Hand2Note, obtener una licencia gratuita y el mejor HUD.","robots":{"index":"index","follow":"follow","max-snippet":"max-snippet:-1","max-image-preview":"max-image-preview:large","max-video-preview":"max-video-preview:-1"},"canonical":"https:\/\/hand2noteguide.com\/ja\/basic-setup\/","og_locale":"es_ES","og_type":"article","og_title":"Configuraci\u00f3n de Hand2Note 3: Instalaci\u00f3n, Licencia, Iniciar HUD","og_description":"Configura todo para comenzar a usar el mejor software de seguimiento de p\u00f3ker. Manual paso a paso sobre c\u00f3mo instalar Hand2Note, obtener una licencia gratuita y el mejor HUD.","og_url":"https:\/\/hand2noteguide.com\/ja\/basic-setup\/","og_site_name":"Hand2Note Guide","article_modified_time":"2025-06-04T14:36:38+00:00","og_image":[{"url":"https:\/\/hand2noteguide.com\/wp-content\/uploads\/2020\/04\/install-hand2note.png","type":"","width":"","height":""}],"twitter_card":"summary_large_image","twitter_misc":{"Est. reading time":"17 minutes"},"schema":{"@context":"https:\/\/schema.org","@graph":[]}},"jetpack_sharing_enabled":true,"_links":{"self":[{"href":"https:\/\/hand2noteguide.com\/es\/wp-json\/wp\/v2\/pages\/2253","targetHints":{"allow":["GET"]}}],"collection":[{"href":"https:\/\/hand2noteguide.com\/es\/wp-json\/wp\/v2\/pages"}],"about":[{"href":"https:\/\/hand2noteguide.com\/es\/wp-json\/wp\/v2\/types\/page"}],"author":[{"embeddable":true,"href":"https:\/\/hand2noteguide.com\/es\/wp-json\/wp\/v2\/users\/1"}],"replies":[{"embeddable":true,"href":"https:\/\/hand2noteguide.com\/es\/wp-json\/wp\/v2\/comments?post=2253"}],"version-history":[{"count":85,"href":"https:\/\/hand2noteguide.com\/es\/wp-json\/wp\/v2\/pages\/2253\/revisions"}],"predecessor-version":[{"id":13505,"href":"https:\/\/hand2noteguide.com\/es\/wp-json\/wp\/v2\/pages\/2253\/revisions\/13505"}],"wp:attachment":[{"href":"https:\/\/hand2noteguide.com\/es\/wp-json\/wp\/v2\/media?parent=2253"}],"curies":[{"name":"wp","href":"https:\/\/api.w.org\/{rel}","templated":true}]}}