{"id":2285,"date":"2020-05-25T17:49:54","date_gmt":"2020-05-25T14:49:54","guid":{"rendered":"http:\/\/hand2noteguide.com\/?page_id=2285"},"modified":"2025-06-04T17:34:25","modified_gmt":"2025-06-04T14:34:25","slug":"why-purchase-hand2note","status":"publish","type":"page","link":"https:\/\/hand2noteguide.com\/es\/why-purchase-hand2note\/","title":{"rendered":"\u00bfPor qu\u00e9 comprar Hand2Note?"},"content":{"rendered":"\n<p>Ya hemos determinado por qu\u00e9 <a href=\"https:\/\/hand2noteguide.com\/es\/why-hand2note\/\">vale la pena comenzar a usar el software Hand2Note<\/a>. Y como ya sabr\u00e1s, puedes <a href=\"https:\/\/hand2noteguide.com\/es\/hand2note-for-free\/\">usar Hand2Note gratis<\/a> e incluso <a href=\"https:\/\/hand2noteguide.com\/es\/free-hud\/\">obtener un HUD gratuito<\/a>. Entonces, \u00bfpor qu\u00e9 comprar algo? En este art\u00edculo, te mostraremos las posibilidades excepcionales que puedes obtener con una suscripci\u00f3n paga de Hand2Note PRO.<\/p>\n\n\n\n<h2 class=\"wp-block-heading\">1. Informes inteligentes (Nuevo en <a href=\"https:\/\/hand2noteguide.com\/es\/hand2note-4-getting-started\/\">Hand2Note 4<\/a>)<\/h2>\n\n\n\n<p>Hand2Note te proporciona una gran cantidad de informes predefinidos donde puedes estudiar a fondo tu juego y el de tus oponentes. Explora el juego desde todos los \u00e1ngulos posibles. Desglose detallado por todas las l\u00edneas de juego, posiciones, tama\u00f1os de apuestas, texturas de tablero y mucho m\u00e1s.<\/p>\n\n\n\n<figure class=\"wp-block-gallery has-nested-images columns-default is-cropped wp-block-gallery-1 is-layout-flex wp-block-gallery-is-layout-flex\">\n<figure class=\"wp-block-image size-large\"><img loading=\"lazy\" decoding=\"async\" width=\"1024\" height=\"671\" data-id=\"9210\" src=\"https:\/\/hand2noteguide.com\/wp-content\/uploads\/2025\/03\/h2n4-1-min-1024x671.png\" alt=\"Hand2Note 4 Reports\" class=\"wp-image-9210\" srcset=\"https:\/\/hand2noteguide.com\/wp-content\/uploads\/2025\/03\/h2n4-1-min-1024x671.png 1024w, https:\/\/hand2noteguide.com\/wp-content\/uploads\/2025\/03\/h2n4-1-min-300x197.png 300w, https:\/\/hand2noteguide.com\/wp-content\/uploads\/2025\/03\/h2n4-1-min-768x503.png 768w, https:\/\/hand2noteguide.com\/wp-content\/uploads\/2025\/03\/h2n4-1-min-1536x1006.png 1536w, https:\/\/hand2noteguide.com\/wp-content\/uploads\/2025\/03\/h2n4-1-min-2048x1342.png 2048w, https:\/\/hand2noteguide.com\/wp-content\/uploads\/2025\/03\/h2n4-1-min-772x506.png 772w, https:\/\/hand2noteguide.com\/wp-content\/uploads\/2025\/03\/h2n4-1-min-624x409.png 624w\" sizes=\"auto, (max-width: 1024px) 100vw, 1024px\" \/><\/figure>\n\n\n\n<figure class=\"wp-block-image size-large\"><img loading=\"lazy\" decoding=\"async\" width=\"1024\" height=\"670\" data-id=\"9209\" src=\"https:\/\/hand2noteguide.com\/wp-content\/uploads\/2025\/03\/h2n4-2-min-1024x670.png\" alt=\"Hand2Note 4 Select Report\" class=\"wp-image-9209\" srcset=\"https:\/\/hand2noteguide.com\/wp-content\/uploads\/2025\/03\/h2n4-2-min-1024x670.png 1024w, https:\/\/hand2noteguide.com\/wp-content\/uploads\/2025\/03\/h2n4-2-min-300x196.png 300w, https:\/\/hand2noteguide.com\/wp-content\/uploads\/2025\/03\/h2n4-2-min-768x503.png 768w, https:\/\/hand2noteguide.com\/wp-content\/uploads\/2025\/03\/h2n4-2-min-1536x1005.png 1536w, https:\/\/hand2noteguide.com\/wp-content\/uploads\/2025\/03\/h2n4-2-min-2048x1340.png 2048w, https:\/\/hand2noteguide.com\/wp-content\/uploads\/2025\/03\/h2n4-2-min-772x505.png 772w, https:\/\/hand2noteguide.com\/wp-content\/uploads\/2025\/03\/h2n4-2-min-624x408.png 624w\" sizes=\"auto, (max-width: 1024px) 100vw, 1024px\" \/><\/figure>\n<\/figure>\n\n\n\n<h2 class=\"wp-block-heading\">2. HUD conveniente y efectivo<\/h2>\n\n\n\n<p>Con la versi\u00f3n gratuita de Hand2Note solo puedes usar un HUD est\u00e1tico. El HUD est\u00e1tico te muestra el mismo conjunto de estad\u00edsticas para cualquier oponente en cualquier etapa de una mano. Este es un HUD cl\u00e1sico que quiz\u00e1s ya hayas usado en otros rastreadores obsoletos.<\/p>\n\n\n\n<figure class=\"wp-block-image size-large is-resized\"><img loading=\"lazy\" decoding=\"async\" src=\"https:\/\/hand2noteguide.com\/wp-content\/uploads\/2020\/05\/pro-cash-hud.png\" alt=\"\" class=\"wp-image-2348\" width=\"587\" height=\"482\" srcset=\"https:\/\/hand2noteguide.com\/wp-content\/uploads\/2020\/05\/pro-cash-hud.png 783w, https:\/\/hand2noteguide.com\/wp-content\/uploads\/2020\/05\/pro-cash-hud-300x246.png 300w, https:\/\/hand2noteguide.com\/wp-content\/uploads\/2020\/05\/pro-cash-hud-768x631.png 768w, https:\/\/hand2noteguide.com\/wp-content\/uploads\/2020\/05\/pro-cash-hud-772x634.png 772w, https:\/\/hand2noteguide.com\/wp-content\/uploads\/2020\/05\/pro-cash-hud-624x512.png 624w\" sizes=\"auto, (max-width: 587px) 100vw, 587px\" \/><\/figure>\n\n\n\n<p>Hand2Note te permite usar un HUD posicional y din\u00e1mico. Este tipo de HUD puede mostrarte diferentes estad\u00edsticas para:<\/p>\n\n\n\n<ul class=\"wp-block-list\">\n<li>regs y fishes;<\/li>\n\n\n\n<li>jugadores en diferentes posiciones;<\/li>\n\n\n\n<li>jugadores con diferentes tama\u00f1os de stack;<\/li>\n\n\n\n<li>jugadores que act\u00faan antes o despu\u00e9s del Hero en preflop;<\/li>\n\n\n\n<li>jugadores que est\u00e1n IP o OOP respecto al Hero;<\/li>\n\n\n\n<li>etc.<\/li>\n<\/ul>\n\n\n\n<p>Puedes tener muchas estad\u00edsticas en tu HUD, pero solo se mostrar\u00e1n las estad\u00edsticas relevantes para la situaci\u00f3n y el jugador actuales.<\/p>\n\n\n\n<p>Puedes encontrar <a href=\"https:\/\/hand2noteguide.com\/es\/hud-store\/\">los mejores perfiles de HUD para Hand2Note<\/a> en nuestra tienda.<\/p>\n\n\n\n<h2 class=\"wp-block-heading\">3. Popups autom\u00e1ticos en modo Dios para cada estad\u00edstica<\/h2>\n\n\n\n<p>Hand2Note genera autom\u00e1ticamente un popup extendido para cada estad\u00edstica en tu HUD. Este popup contiene datos extremadamente \u00fatiles en m\u00faltiples formatos. Puedes obtener mucha informaci\u00f3n crucial sobre tus oponentes en segundos durante el juego. Te permite encontrar r\u00e1pidamente debilidades y explotar agresivamente a tus rivales en la mesa.<\/p>\n\n\n\n<figure class=\"wp-block-gallery has-nested-images columns-default is-cropped wp-block-gallery-2 is-layout-flex wp-block-gallery-is-layout-flex\">\n<figure class=\"wp-block-image size-full\"><img loading=\"lazy\" decoding=\"async\" width=\"816\" height=\"1327\" data-id=\"9211\" src=\"https:\/\/hand2noteguide.com\/wp-content\/uploads\/2025\/03\/popup0-min.png\" alt=\"\" class=\"wp-image-9211\" srcset=\"https:\/\/hand2noteguide.com\/wp-content\/uploads\/2025\/03\/popup0-min.png 816w, https:\/\/hand2noteguide.com\/wp-content\/uploads\/2025\/03\/popup0-min-184x300.png 184w, https:\/\/hand2noteguide.com\/wp-content\/uploads\/2025\/03\/popup0-min-630x1024.png 630w, https:\/\/hand2noteguide.com\/wp-content\/uploads\/2025\/03\/popup0-min-768x1249.png 768w, https:\/\/hand2noteguide.com\/wp-content\/uploads\/2025\/03\/popup0-min-772x1255.png 772w, https:\/\/hand2noteguide.com\/wp-content\/uploads\/2025\/03\/popup0-min-384x624.png 384w\" sizes=\"auto, (max-width: 816px) 100vw, 816px\" \/><figcaption class=\"wp-element-caption\">Preflop<\/figcaption><\/figure>\n\n\n\n<figure class=\"wp-block-image size-full\"><img loading=\"lazy\" decoding=\"async\" width=\"934\" height=\"1635\" data-id=\"9215\" src=\"https:\/\/hand2noteguide.com\/wp-content\/uploads\/2025\/03\/postflop-min.png\" alt=\"\" class=\"wp-image-9215\" srcset=\"https:\/\/hand2noteguide.com\/wp-content\/uploads\/2025\/03\/postflop-min.png 934w, https:\/\/hand2noteguide.com\/wp-content\/uploads\/2025\/03\/postflop-min-171x300.png 171w, https:\/\/hand2noteguide.com\/wp-content\/uploads\/2025\/03\/postflop-min-585x1024.png 585w, https:\/\/hand2noteguide.com\/wp-content\/uploads\/2025\/03\/postflop-min-768x1344.png 768w, https:\/\/hand2noteguide.com\/wp-content\/uploads\/2025\/03\/postflop-min-877x1536.png 877w, https:\/\/hand2noteguide.com\/wp-content\/uploads\/2025\/03\/postflop-min-772x1351.png 772w, https:\/\/hand2noteguide.com\/wp-content\/uploads\/2025\/03\/postflop-min-356x624.png 356w\" sizes=\"auto, (max-width: 934px) 100vw, 934px\" \/><figcaption class=\"wp-element-caption\">Postflop<\/figcaption><\/figure>\n<\/figure>\n\n\n\n<h2 class=\"wp-block-heading\">4. Exploraci\u00f3n de tendencias de oponentes (MDA)<\/h2>\n\n\n\n<p>Puedes explorar a fondo todo el grupo de jugadores con los que juegas. Descubrir\u00e1s c\u00f3mo act\u00faan los diferentes tipos de jugadores en diferentes situaciones. Conocer\u00e1s sus rangos y frecuencias en cualquier escenario de juego posible. Por ejemplo:<\/p>\n\n\n\n<ul class=\"wp-block-list\">\n<li>\u00bfQu\u00e9 rango usan los fishes para hacer 4bet preflop?<\/li>\n\n\n\n<li>\u00bfCon qu\u00e9 frecuencia los regs hacen la segunda apuesta en un bote de 3bet en una carta que completa el color?<\/li>\n\n\n\n<li>\u00bfCon qu\u00e9 rango y con qu\u00e9 frecuencia los fishes hacen overbet en el river?<\/li>\n\n\n\n<li>etc.<\/li>\n<\/ul>\n\n\n\n<p>Este conocimiento mejorar\u00e1 significativamente tu comprensi\u00f3n de c\u00f3mo extraer el m\u00e1ximo valor de tus oponentes.<\/p>\n\n\n\n<figure class=\"wp-block-image size-large\"><img loading=\"lazy\" decoding=\"async\" width=\"1024\" height=\"643\" src=\"https:\/\/hand2noteguide.com\/wp-content\/uploads\/2025\/03\/RANGE_RESEARCH-NEW-m-1024x643.png\" alt=\"Hand2Note 4 Range Research\" class=\"wp-image-9217\" srcset=\"https:\/\/hand2noteguide.com\/wp-content\/uploads\/2025\/03\/RANGE_RESEARCH-NEW-m-1024x643.png 1024w, https:\/\/hand2noteguide.com\/wp-content\/uploads\/2025\/03\/RANGE_RESEARCH-NEW-m-300x188.png 300w, https:\/\/hand2noteguide.com\/wp-content\/uploads\/2025\/03\/RANGE_RESEARCH-NEW-m-768x482.png 768w, https:\/\/hand2noteguide.com\/wp-content\/uploads\/2025\/03\/RANGE_RESEARCH-NEW-m-1536x965.png 1536w, https:\/\/hand2noteguide.com\/wp-content\/uploads\/2025\/03\/RANGE_RESEARCH-NEW-m-2048x1287.png 2048w, https:\/\/hand2noteguide.com\/wp-content\/uploads\/2025\/03\/RANGE_RESEARCH-NEW-m-772x485.png 772w, https:\/\/hand2noteguide.com\/wp-content\/uploads\/2025\/03\/RANGE_RESEARCH-NEW-m-624x392.png 624w\" sizes=\"auto, (max-width: 1024px) 100vw, 1024px\" \/><\/figure>\n\n\n\n<h2 class=\"wp-block-heading\">5. An\u00e1lisis de rentabilidad de todas tus l\u00edneas<\/h2>\n\n\n\n<p>Investigar la rentabilidad de todas tus decisiones se vuelve muy f\u00e1cil y efectivo con Hand2Note. Puedes verificar todas tus acciones en cada posible situaci\u00f3n de juego. Puedes encontrar respuestas a las siguientes preguntas:<\/p>\n\n\n\n<ul class=\"wp-block-list\">\n<li>\u00bfqu\u00e9 es mejor, hacer call o 3bet con Ases suited contra un open raise del CO?<\/li>\n\n\n\n<li>\u00bfvale la pena abrir conectores medios desde UTG o no?<\/li>\n\n\n\n<li>\u00bfc\u00f3mo construir mi rango de apuestas y checks en postflop?<\/li>\n\n\n\n<li>etc.<\/li>\n<\/ul>\n\n\n\n<figure class=\"wp-block-image size-large\"><img loading=\"lazy\" decoding=\"async\" width=\"1024\" height=\"306\" src=\"https:\/\/hand2noteguide.com\/wp-content\/uploads\/2025\/03\/image-1-1024x306.png\" alt=\"\" class=\"wp-image-9227\" srcset=\"https:\/\/hand2noteguide.com\/wp-content\/uploads\/2025\/03\/image-1-1024x306.png 1024w, https:\/\/hand2noteguide.com\/wp-content\/uploads\/2025\/03\/image-1-300x90.png 300w, https:\/\/hand2noteguide.com\/wp-content\/uploads\/2025\/03\/image-1-768x230.png 768w, https:\/\/hand2noteguide.com\/wp-content\/uploads\/2025\/03\/image-1-1536x460.png 1536w, https:\/\/hand2noteguide.com\/wp-content\/uploads\/2025\/03\/image-1-2048x613.png 2048w, https:\/\/hand2noteguide.com\/wp-content\/uploads\/2025\/03\/image-1-772x231.png 772w, https:\/\/hand2noteguide.com\/wp-content\/uploads\/2025\/03\/image-1-624x187.png 624w\" sizes=\"auto, (max-width: 1024px) 100vw, 1024px\" \/><\/figure>\n\n\n\n<div class=\"green-block\">\n<p style=\"margin-bottom:0\">Aprende a usar todas las funciones paso a paso con nuestro <a href=\"\/es\/video-course\/\">\ud83d\udc68\u200d\ud83c\udfeb <b>curso en video de Hand2Note<\/b><\/a>.<\/p>\n<\/div>\n\n\n\n<h2 class=\"wp-block-heading\">6. Amplia cobertura de sitios de p\u00f3ker compatibles<\/h2>\n\n\n\n<p>Hand2Note es compatible con casi todas las salas de p\u00f3ker. Adem\u00e1s, ya no necesitar\u00e1s ning\u00fan software adicional como convertidores de manos. Hand2Note contiene m\u00f3dulos integrados para procesar manos de todos los formatos posibles. Adem\u00e1s, los desarrolladores siempre actualizan r\u00e1pidamente estos m\u00f3dulos en caso de cualquier cambio por parte de las salas.<\/p>\n\n\n\n<figure class=\"wp-block-image size-large\"><img loading=\"lazy\" decoding=\"async\" width=\"1024\" height=\"767\" src=\"http:\/\/hand2noteguide.com\/wp-content\/uploads\/2025\/04\/coinpoker-hud-min-1024x767.png\" alt=\"\" class=\"wp-image-10568\" srcset=\"https:\/\/hand2noteguide.com\/wp-content\/uploads\/2025\/04\/coinpoker-hud-min-1024x767.png 1024w, https:\/\/hand2noteguide.com\/wp-content\/uploads\/2025\/04\/coinpoker-hud-min-300x225.png 300w, https:\/\/hand2noteguide.com\/wp-content\/uploads\/2025\/04\/coinpoker-hud-min-768x575.png 768w, https:\/\/hand2noteguide.com\/wp-content\/uploads\/2025\/04\/coinpoker-hud-min-1536x1150.png 1536w, https:\/\/hand2noteguide.com\/wp-content\/uploads\/2025\/04\/coinpoker-hud-min-2048x1533.png 2048w, https:\/\/hand2noteguide.com\/wp-content\/uploads\/2025\/04\/coinpoker-hud-min-772x578.png 772w, https:\/\/hand2noteguide.com\/wp-content\/uploads\/2025\/04\/coinpoker-hud-min-624x467.png 624w\" sizes=\"auto, (max-width: 1024px) 100vw, 1024px\" \/><\/figure>\n\n\n\n<p>Donde sea que juegues &#8211; <a href=\"https:\/\/hand2noteguide.com\/es\/pokerstars-hud\/\">PokerStars<\/a>, <a href=\"https:\/\/hand2noteguide.com\/es\/pokerbros-hud\/\">PokerBros<\/a>, <a href=\"https:\/\/hand2noteguide.com\/es\/coinpoker-hud\/\">CoinPoker<\/a>, o cualquier otro sitio poco conocido &#8211; Hand2Note es adecuado para ti.<\/p>\n\n\n\n<h2 class=\"wp-block-heading\">7. Soporte premium<\/h2>\n\n\n\n<p><a href=\"https:\/\/hand2noteguide.com\/es\/hand2note-official-support\/\">Soporte 24\/7<\/a> est\u00e1 incluido en el precio de la suscripci\u00f3n. Cualquier problema t\u00e9cnico o pregunta general sobre el programa ser\u00e1 resuelto r\u00e1pidamente por agentes de soporte que conocen a fondo la funcionalidad de la aplicaci\u00f3n y tienen experiencia jugando al p\u00f3ker profesional.<\/p>\n\n\n\n<p>Al comprar una suscripci\u00f3n de Hand2Note, te conviertes en miembro de un club \u00e9lite de los jugadores m\u00e1s fuertes.<\/p>\n\n\n\n<p style=\"margin-top:24px\"><a style=\"font-weight:bold !important\" class=\"article-action-link\" href=\"https:\/\/hand2noteguide.com\/es\/hand2note-4-getting-started\/\">Comienza a usar Hand2Note &rarr;<\/a><\/p>\n","protected":false},"excerpt":{"rendered":"<p>Ya hemos determinado por qu\u00e9 vale la pena comenzar a usar el software Hand2Note. Y como ya sabr\u00e1s, puedes usar Hand2Note gratis e incluso obtener un HUD gratuito. Entonces, \u00bfpor qu\u00e9 comprar algo? En este art\u00edculo, te mostraremos las posibilidades excepcionales que puedes obtener con una suscripci\u00f3n paga de Hand2Note PRO. 1. Informes inteligentes (Nuevo &hellip; <a href=\"https:\/\/hand2noteguide.com\/es\/why-purchase-hand2note\/\" class=\"more-link\">Continue reading <span class=\"screen-reader-text\">\u00bfPor qu\u00e9 comprar Hand2Note?<\/span><\/a><\/p>\n","protected":false},"author":1,"featured_media":10164,"parent":0,"menu_order":0,"comment_status":"closed","ping_status":"closed","template":"page-templates\/full-width-page.php","meta":{"footnotes":""},"class_list":["post-2285","page","type-page","status-publish","has-post-thumbnail","hentry"],"translation":{"provider":"WPGlobus","version":"3.0.2","language":"es","enabled_languages":["en","ru","pt","zh","es","fr","de","it","ja"],"languages":{"en":{"title":true,"content":true,"excerpt":false},"ru":{"title":true,"content":true,"excerpt":false},"pt":{"title":true,"content":true,"excerpt":false},"zh":{"title":true,"content":true,"excerpt":false},"es":{"title":true,"content":true,"excerpt":false},"fr":{"title":true,"content":true,"excerpt":false},"de":{"title":true,"content":true,"excerpt":false},"it":{"title":true,"content":true,"excerpt":false},"ja":{"title":true,"content":true,"excerpt":false}}},"yoast_head":"<!-- This site is optimized with the Yoast SEO plugin v27.0 - https:\/\/yoast.com\/product\/yoast-seo-wordpress\/ -->\n<title>\u00bfPor qu\u00e9 comprar Hand2Note? 7 razones indiscutibles<\/title>\n<meta name=\"description\" content=\"\u00bfTodav\u00eda te preguntas si necesitas Hand2Note? Aqu\u00ed tienes un resumen de 7 razones indiscutibles para usar Hand2Note PRO y llevar tu carrera de p\u00f3ker al siguiente nivel.\" \/>\n<meta name=\"robots\" content=\"index, follow, max-snippet:-1, max-image-preview:large, max-video-preview:-1\" \/>\n<link rel=\"canonical\" href=\"https:\/\/hand2noteguide.com\/ru\/why-purchase-hand2note\/\" \/>\n<meta property=\"og:locale\" content=\"es_ES\" \/>\n<meta property=\"og:type\" content=\"article\" \/>\n<meta property=\"og:title\" content=\"\u00bfPor qu\u00e9 comprar Hand2Note? 7 razones indiscutibles\" \/>\n<meta property=\"og:description\" content=\"\u00bfTodav\u00eda te preguntas si necesitas Hand2Note? Aqu\u00ed tienes un resumen de 7 razones indiscutibles para usar Hand2Note PRO y llevar tu carrera de p\u00f3ker al siguiente nivel.\" \/>\n<meta property=\"og:url\" content=\"https:\/\/hand2noteguide.com\/ru\/why-purchase-hand2note\/\" \/>\n<meta property=\"og:site_name\" content=\"Hand2Note Guide\" \/>\n<meta property=\"article:modified_time\" content=\"2025-06-04T14:34:25+00:00\" \/>\n<meta property=\"og:image\" content=\"https:\/\/hand2noteguide.com\/wp-content\/uploads\/2025\/04\/h2n4-1-min-2048x1342-1.png\" \/>\n\t<meta property=\"og:image:width\" content=\"700\" \/>\n\t<meta property=\"og:image:height\" content=\"458\" \/>\n\t<meta property=\"og:image:type\" content=\"image\/png\" \/>\n<meta name=\"twitter:card\" content=\"summary_large_image\" \/>\n<meta name=\"twitter:label1\" content=\"Est. reading time\" \/>\n\t<meta name=\"twitter:data1\" content=\"21 minutes\" \/>\n<!-- \/ Yoast SEO plugin. -->","yoast_head_json":{"title":"\u00bfPor qu\u00e9 comprar Hand2Note? 7 razones indiscutibles","description":"\u00bfTodav\u00eda te preguntas si necesitas Hand2Note? Aqu\u00ed tienes un resumen de 7 razones indiscutibles para usar Hand2Note PRO y llevar tu carrera de p\u00f3ker al siguiente nivel.","robots":{"index":"index","follow":"follow","max-snippet":"max-snippet:-1","max-image-preview":"max-image-preview:large","max-video-preview":"max-video-preview:-1"},"canonical":"https:\/\/hand2noteguide.com\/ru\/why-purchase-hand2note\/","og_locale":"es_ES","og_type":"article","og_title":"\u00bfPor qu\u00e9 comprar Hand2Note? 7 razones indiscutibles","og_description":"\u00bfTodav\u00eda te preguntas si necesitas Hand2Note? Aqu\u00ed tienes un resumen de 7 razones indiscutibles para usar Hand2Note PRO y llevar tu carrera de p\u00f3ker al siguiente nivel.","og_url":"https:\/\/hand2noteguide.com\/ru\/why-purchase-hand2note\/","og_site_name":"Hand2Note Guide","article_modified_time":"2025-06-04T14:34:25+00:00","og_image":[{"width":700,"height":458,"url":"https:\/\/hand2noteguide.com\/wp-content\/uploads\/2025\/04\/h2n4-1-min-2048x1342-1.png","type":"image\/png"}],"twitter_card":"summary_large_image","twitter_misc":{"Est. reading time":"21 minutes"},"schema":{"@context":"https:\/\/schema.org","@graph":[]}},"jetpack_sharing_enabled":true,"_links":{"self":[{"href":"https:\/\/hand2noteguide.com\/es\/wp-json\/wp\/v2\/pages\/2285","targetHints":{"allow":["GET"]}}],"collection":[{"href":"https:\/\/hand2noteguide.com\/es\/wp-json\/wp\/v2\/pages"}],"about":[{"href":"https:\/\/hand2noteguide.com\/es\/wp-json\/wp\/v2\/types\/page"}],"author":[{"embeddable":true,"href":"https:\/\/hand2noteguide.com\/es\/wp-json\/wp\/v2\/users\/1"}],"replies":[{"embeddable":true,"href":"https:\/\/hand2noteguide.com\/es\/wp-json\/wp\/v2\/comments?post=2285"}],"version-history":[{"count":136,"href":"https:\/\/hand2noteguide.com\/es\/wp-json\/wp\/v2\/pages\/2285\/revisions"}],"predecessor-version":[{"id":13503,"href":"https:\/\/hand2noteguide.com\/es\/wp-json\/wp\/v2\/pages\/2285\/revisions\/13503"}],"wp:featuredmedia":[{"embeddable":true,"href":"https:\/\/hand2noteguide.com\/es\/wp-json\/wp\/v2\/media\/10164"}],"wp:attachment":[{"href":"https:\/\/hand2noteguide.com\/es\/wp-json\/wp\/v2\/media?parent=2285"}],"curies":[{"name":"wp","href":"https:\/\/api.w.org\/{rel}","templated":true}]}}