{"id":236,"date":"2018-08-02T13:05:22","date_gmt":"2018-08-02T10:05:22","guid":{"rendered":"https:\/\/h2n312.wordpress.com\/?page_id=236"},"modified":"2025-06-04T19:06:58","modified_gmt":"2025-06-04T16:06:58","slug":"issues-resolving","status":"publish","type":"page","link":"https:\/\/hand2noteguide.com\/es\/issues-resolving\/","title":{"rendered":"Soluci\u00f3n de problemas"},"content":{"rendered":"\n<p>En esta secci\u00f3n, encontrar\u00e1s instrucciones para resolver los problemas m\u00e1s comunes que se presentan al usar Hand2Note.<\/p>\n\n\n\n<p>En la mayor\u00eda de los casos, Hand2Note funciona sin problemas, pero a veces pueden surgir problemas con cualquier software de p\u00f3ker. En el caso de Hand2Note, podr\u00edan ser problemas con el HUD o la base de datos, o errores cr\u00edticos que aparecen al usar el programa. En la lista a continuaci\u00f3n, tenemos soluciones para la mayor\u00eda de estos problemas.<\/p>\n\n\n\n<h2 class=\"wp-block-heading\">Soluciones para problemas t\u00edpicos de Hand2Note<\/h2>\n\n\n\n<ul class=\"page-list subpages-page-list \">\n<li><a href=\"https:\/\/hand2noteguide.com\/es\/issues-resolving\/hud-not-showing\/\"><strong>El HUD no funciona<\/strong><\/a><\/li>\n<li><a href=\"https:\/\/hand2noteguide.com\/es\/issues-resolving\/dashes-instead-of-stats\/\">Guiones en lugar de estad\u00edsticas o 0 manos en jugadores en el HUD<\/a><\/li>\n<li><a href=\"https:\/\/hand2noteguide.com\/es\/issues-resolving\/asia-loss-of-hands\/\">P\u00e9rdida de manos en salas asi\u00e1ticas<\/a><\/li>\n<li class=\"page_item page-item-137\"><a href=\"https:\/\/hand2noteguide.com\/es\/issues-resolving\/connecting-to-server\/\">Hand2Note se queda en &#8220;Conectando al servidor&#8221;<\/a><\/li>\n<li><a href=\"https:\/\/hand2noteguide.com\/es\/issues-resolving\/failed-to-open-database-connection\/\">Error al abrir la conexi\u00f3n de la base de datos<\/a><\/li>\n<li><a href=\"https:\/\/hand2noteguide.com\/es\/issues-resolving\/h2n-takes-much-space\/\">Hand2Note ocupa demasiado espacio<\/a><\/li>\n<li><a href=\"https:\/\/hand2noteguide.com\/es\/issues-resolving\/hand2note-lags\/\">Hand2Note se congela o funciona lentamente<\/a><\/li>\n<li><a href=\"https:\/\/hand2noteguide.com\/es\/issues-resolving\/crash-when-entering-reports\/\">Hand2Note se bloquea al entrar en Sessions\/Reports<\/a><\/li>\n<li><a href=\"https:\/\/hand2noteguide.com\/es\/issues-resolving\/reinstall\/\">Reinstalaci\u00f3n de Hand2Note<\/a><\/li>\n\n<\/ul>\n\n\n\n<p>Si tu caso no est\u00e1 en la lista, o despu\u00e9s de realizar las acciones recomendadas el problema persiste, contacta con <a href=\"https:\/\/hand2noteguide.com\/es\/hand2note-official-support\/\">el soporte de Hand2Note<\/a>. El equipo te ayudar\u00e1 a resolver tus problemas r\u00e1pidamente.<\/p>\n","protected":false},"excerpt":{"rendered":"<p>Solving the most common problems when using Hand2Note<\/p>\n","protected":false},"author":1,"featured_media":0,"parent":0,"menu_order":6,"comment_status":"closed","ping_status":"closed","template":"page-templates\/full-width-page.php","meta":{"footnotes":""},"class_list":["post-236","page","type-page","status-publish","hentry"],"translation":{"provider":"WPGlobus","version":"3.0.2","language":"es","enabled_languages":["en","ru","pt","zh","es","fr","de","it","ja"],"languages":{"en":{"title":true,"content":true,"excerpt":true},"ru":{"title":true,"content":true,"excerpt":true},"pt":{"title":true,"content":true,"excerpt":false},"zh":{"title":true,"content":true,"excerpt":true},"es":{"title":true,"content":true,"excerpt":false},"fr":{"title":true,"content":true,"excerpt":false},"de":{"title":true,"content":true,"excerpt":false},"it":{"title":true,"content":true,"excerpt":false},"ja":{"title":true,"content":true,"excerpt":false}}},"yoast_head":"<!-- This site is optimized with the Yoast SEO plugin v27.0 - https:\/\/yoast.com\/product\/yoast-seo-wordpress\/ -->\n<title>Soluci\u00f3n de problemas. Sin HUD, errores de base de datos - Gu\u00eda de Hand2Note<\/title>\n<meta name=\"description\" content=\"Encuentra soluciones a problemas comunes de Hand2Note, como errores de HUD y problemas de base de datos. Obt\u00e9n soluciones r\u00e1pidas y soporte para asegurar sesiones de p\u00f3ker sin contratiempos.\" \/>\n<meta name=\"robots\" content=\"index, follow, max-snippet:-1, max-image-preview:large, max-video-preview:-1\" \/>\n<link rel=\"canonical\" href=\"https:\/\/hand2noteguide.com\/issues-resolving\/\" \/>\n<meta property=\"og:locale\" content=\"es_ES\" \/>\n<meta property=\"og:type\" content=\"article\" \/>\n<meta property=\"og:title\" content=\"Soluci\u00f3n de problemas. Sin HUD, errores de base de datos - Gu\u00eda de Hand2Note\" \/>\n<meta property=\"og:description\" content=\"Encuentra soluciones a problemas comunes de Hand2Note, como errores de HUD y problemas de base de datos. Obt\u00e9n soluciones r\u00e1pidas y soporte para asegurar sesiones de p\u00f3ker sin contratiempos.\" \/>\n<meta property=\"og:url\" content=\"https:\/\/hand2noteguide.com\/issues-resolving\/\" \/>\n<meta property=\"og:site_name\" content=\"Hand2Note Guide\" \/>\n<meta property=\"article:modified_time\" content=\"2025-06-04T16:06:58+00:00\" \/>\n<meta name=\"twitter:card\" content=\"summary_large_image\" \/>\n<meta name=\"twitter:label1\" content=\"Est. reading time\" \/>\n\t<meta name=\"twitter:data1\" content=\"6 minutes\" \/>\n<!-- \/ Yoast SEO plugin. -->","yoast_head_json":{"title":"Soluci\u00f3n de problemas. Sin HUD, errores de base de datos - Gu\u00eda de Hand2Note","description":"Encuentra soluciones a problemas comunes de Hand2Note, como errores de HUD y problemas de base de datos. Obt\u00e9n soluciones r\u00e1pidas y soporte para asegurar sesiones de p\u00f3ker sin contratiempos.","robots":{"index":"index","follow":"follow","max-snippet":"max-snippet:-1","max-image-preview":"max-image-preview:large","max-video-preview":"max-video-preview:-1"},"canonical":"https:\/\/hand2noteguide.com\/issues-resolving\/","og_locale":"es_ES","og_type":"article","og_title":"Soluci\u00f3n de problemas. Sin HUD, errores de base de datos - Gu\u00eda de Hand2Note","og_description":"Encuentra soluciones a problemas comunes de Hand2Note, como errores de HUD y problemas de base de datos. Obt\u00e9n soluciones r\u00e1pidas y soporte para asegurar sesiones de p\u00f3ker sin contratiempos.","og_url":"https:\/\/hand2noteguide.com\/issues-resolving\/","og_site_name":"Hand2Note Guide","article_modified_time":"2025-06-04T16:06:58+00:00","twitter_card":"summary_large_image","twitter_misc":{"Est. reading time":"6 minutes"},"schema":{"@context":"https:\/\/schema.org","@graph":[]}},"jetpack_sharing_enabled":false,"_links":{"self":[{"href":"https:\/\/hand2noteguide.com\/es\/wp-json\/wp\/v2\/pages\/236","targetHints":{"allow":["GET"]}}],"collection":[{"href":"https:\/\/hand2noteguide.com\/es\/wp-json\/wp\/v2\/pages"}],"about":[{"href":"https:\/\/hand2noteguide.com\/es\/wp-json\/wp\/v2\/types\/page"}],"author":[{"embeddable":true,"href":"https:\/\/hand2noteguide.com\/es\/wp-json\/wp\/v2\/users\/1"}],"replies":[{"embeddable":true,"href":"https:\/\/hand2noteguide.com\/es\/wp-json\/wp\/v2\/comments?post=236"}],"version-history":[{"count":36,"href":"https:\/\/hand2noteguide.com\/es\/wp-json\/wp\/v2\/pages\/236\/revisions"}],"predecessor-version":[{"id":13544,"href":"https:\/\/hand2noteguide.com\/es\/wp-json\/wp\/v2\/pages\/236\/revisions\/13544"}],"wp:attachment":[{"href":"https:\/\/hand2noteguide.com\/es\/wp-json\/wp\/v2\/media?parent=236"}],"curies":[{"name":"wp","href":"https:\/\/api.w.org\/{rel}","templated":true}]}}