{"id":2465,"date":"2020-07-04T14:51:40","date_gmt":"2020-07-04T11:51:40","guid":{"rendered":"http:\/\/hand2noteguide.com\/?page_id=2465"},"modified":"2026-03-10T13:42:42","modified_gmt":"2026-03-10T13:42:42","slug":"pokerstars-hud","status":"publish","type":"page","link":"https:\/\/hand2noteguide.com\/es\/pokerstars-hud\/","title":{"rendered":"Mejores Opciones de HUD para PokerStars &#8211; Comienza a Usar HUD Ahora"},"content":{"rendered":"\n<p>PokerStars es una de las salas de poker online lideres del mundo, y tiene:<\/p>\n\n\n\n<ul class=\"wp-block-list\">\n<li>uno de los fields de jugadores mas exigentes del mundo;<\/li>\n\n\n\n<li>la politica mas estricta respecto al software de terceros.<\/li>\n<\/ul>\n\n\n\n<p>Por eso debes tener cuidado al elegir un software de HUD de poker para esta sala. Idealmente, el software debe ofrecer funciones avanzadas para darte ventaja, y al mismo tiempo cumplir todas las reglas de la sala.<\/p>\n\n\n\n<h2 class=\"wp-block-heading\">PokerStars permite HUD?<\/h2>\n\n\n\n<p><strong>Si, con algunas restricciones<\/strong>. Segun la politica de la sala, puedes usar un HUD en las mesas. Sin embargo, hay reglas que no se pueden romper. Por ejemplo:<\/p>\n\n\n\n<ul class=\"wp-block-list\">\n<li>El HUD no puede cambiar segun las acciones de la mano (el llamado <strong><a href=\"https:\/\/hand2noteguide.com\/es\/user-manual\/hud-editor-creating-a-dynamic-hud\/\" type=\"page\" id=\"13718\">Dynamic HUD esta prohibido<\/a><\/strong>)<\/li>\n\n\n\n<li>La couleur du texte des stats ne doit pas changer selon les valeurs de ces stats.<\/li>\n\n\n\n<li>Esta prohibido marcar automaticamente jugadores por tipo reg\/fish.<\/li>\n\n\n\n<li>Y mas.<\/li>\n<\/ul>\n\n\n\n<p><strong>El software que recomendamos cumple todos los requisitos de la sala<\/strong>. Los desarrolladores siguen los cambios en la politica de PokerStars y publican actualizaciones cuando hace falta. Solo usa la version mas reciente de los programas.<\/p>\n\n\n\n<h2 class=\"wp-block-heading\">Cual es el mejor HUD para PokerStars?<\/h2>\n\n\n\n<p>En este articulo respondemos las preguntas clave sobre HUD en PokerStars y revisamos las 2 mejores opciones de software HUD para esta sala: <strong>Hand2Note<\/strong> y <strong>StarsCaption<\/strong>. Lo mejor es que no tienes que elegir entre los dos: se complementan.<\/p>\n\n\n\n<h2 class=\"wp-block-heading\">Hand2Note<\/h2>\n\n\n\n<p>Hand2Note es un tracker de poker de nueva generacion. Te ofrece HUD y popups potentes y faciles de usar para PokerStars, teniendo en cuenta las reglas mencionadas.<\/p>\n\n\n<div class=\"wp-block-h2n-cta-button\" style=\"text-align: left;\"><a href=\"https:\/\/hand2noteguide.com\/es\/go\/hand2note\/\" class=\"btn btn-primary\" target=\"_blank\" rel=\"noopener noreferrer nofollow sponsored\">Ir al sitio de Hand2Note<\/a><\/div>\n\n\n<figure class=\"wp-block-image size-large\"><img loading=\"lazy\" decoding=\"async\" width=\"1024\" height=\"641\" src=\"https:\/\/hand2noteguide.com\/wp-content\/uploads\/2024\/05\/hand2note-robot-new-min-1024x641.webp\" alt=\"\" class=\"wp-image-6802\" srcset=\"https:\/\/hand2noteguide.com\/wp-content\/uploads\/2024\/05\/hand2note-robot-new-min-1024x641.webp 1024w, https:\/\/hand2noteguide.com\/wp-content\/uploads\/2024\/05\/hand2note-robot-new-min-300x188.webp 300w, https:\/\/hand2noteguide.com\/wp-content\/uploads\/2024\/05\/hand2note-robot-new-min-768x481.webp 768w, https:\/\/hand2noteguide.com\/wp-content\/uploads\/2024\/05\/hand2note-robot-new-min-1536x962.webp 1536w, https:\/\/hand2noteguide.com\/wp-content\/uploads\/2024\/05\/hand2note-robot-new-min-772x483.webp 772w, https:\/\/hand2noteguide.com\/wp-content\/uploads\/2024\/05\/hand2note-robot-new-min-624x391.webp 624w, https:\/\/hand2noteguide.com\/wp-content\/uploads\/2024\/05\/hand2note-robot-new-min.webp 1584w\" sizes=\"auto, (max-width: 1024px) 100vw, 1024px\" \/><\/figure>\n\n\n\n<p>Un HUD simple con datos basicos y stats listas para usar esta disponible justo despues de instalar. Tambien puedes crear tu propio HUD, popup y stats con editores intuitivos. Otra opcion es usar nuestro <a href=\"https:\/\/hand2noteguide.com\/es\/free-hud\/\">HUD gratis<\/a>. Si quieres un HUD mas avanzado, mira nuestra <a href=\"\/es\/hud-store\/\">HUD Store<\/a> con paquetes listos de desarrolladores profesionales.<\/p>\n\n\n\n<figure class=\"wp-block-image size-full\"><img loading=\"lazy\" decoding=\"async\" width=\"907\" height=\"627\" src=\"https:\/\/hand2noteguide.com\/wp-content\/uploads\/2024\/05\/hud-2-min.png\" alt=\"\" class=\"wp-image-6823\" srcset=\"https:\/\/hand2noteguide.com\/wp-content\/uploads\/2024\/05\/hud-2-min.png 907w, https:\/\/hand2noteguide.com\/wp-content\/uploads\/2024\/05\/hud-2-min-300x207.png 300w, https:\/\/hand2noteguide.com\/wp-content\/uploads\/2024\/05\/hud-2-min-768x531.png 768w, https:\/\/hand2noteguide.com\/wp-content\/uploads\/2024\/05\/hud-2-min-772x534.png 772w, https:\/\/hand2noteguide.com\/wp-content\/uploads\/2024\/05\/hud-2-min-624x431.png 624w\" sizes=\"auto, (max-width: 907px) 100vw, 907px\" \/><figcaption class=\"wp-element-caption\">HUD de Hand2Note en una mesa de PokerStars<\/figcaption><\/figure>\n\n\n\n<h3 class=\"wp-block-heading\">Hand2Note esta permitido en PokerStars?<\/h3>\n\n\n\n<p>Si, Hand2Note esta permitido en PokerStars. Todas las restricciones de HUD de la sala se aplican automaticamente.<\/p>\n\n\n\n<figure class=\"wp-block-image size-large\"><img loading=\"lazy\" decoding=\"async\" width=\"1024\" height=\"578\" src=\"https:\/\/hand2noteguide.com\/wp-content\/uploads\/2024\/05\/hand2note-pokerstars-permitted-min-1024x578.png\" alt=\"\" class=\"wp-image-6803\" srcset=\"https:\/\/hand2noteguide.com\/wp-content\/uploads\/2024\/05\/hand2note-pokerstars-permitted-min-1024x578.png 1024w, https:\/\/hand2noteguide.com\/wp-content\/uploads\/2024\/05\/hand2note-pokerstars-permitted-min-300x169.png 300w, https:\/\/hand2noteguide.com\/wp-content\/uploads\/2024\/05\/hand2note-pokerstars-permitted-min-768x433.png 768w, https:\/\/hand2noteguide.com\/wp-content\/uploads\/2024\/05\/hand2note-pokerstars-permitted-min-1536x867.png 1536w, https:\/\/hand2noteguide.com\/wp-content\/uploads\/2024\/05\/hand2note-pokerstars-permitted-min-772x436.png 772w, https:\/\/hand2noteguide.com\/wp-content\/uploads\/2024\/05\/hand2note-pokerstars-permitted-min-624x352.png 624w, https:\/\/hand2noteguide.com\/wp-content\/uploads\/2024\/05\/hand2note-pokerstars-permitted-min.png 1870w\" sizes=\"auto, (max-width: 1024px) 100vw, 1024px\" \/><figcaption class=\"wp-element-caption\">Lista de herramientas permitidas en PokerStars<\/figcaption><\/figure>\n\n\n\n<h3 class=\"wp-block-heading\">Ci sono vari HUD per Hand2Note. Quale usare su PS?<\/h3>\n\n\n\n<p>Realmente hay una gran seleccion de <a href=\"https:\/\/hand2noteguide.com\/es\/hud-store\/\">paquetes de HUD y popups<\/a>. Como saber cual se adapta a ti y esta permitido en PokerStars?<\/p>\n\n\n\n<p>Puedes elegir con seguridad cualquier paquete de nuestra <a href=\"https:\/\/hand2noteguide.com\/es\/hud-store\/\">Store<\/a>. <strong>Cada producto incluye HUDs compatibles con las reglas de PokerStars<\/strong>. Ademas, puedes probar cada paquete gratis durante unos dias. Solo <a href=\"https:\/\/hand2noteguide.com\/es\/contact-us\/\">contactanos<\/a> y te enviamos los archivos e instrucciones.<\/p>\n\n\n\n<p><a href=\"https:\/\/www.hudstore.poker\/products\/simple-cash\" target=\"_blank\" rel=\"noreferrer noopener\">Simple Cash<\/a> e un buon set HUD + Popups per giocatori beginner\/intermediate su PokerStars in termini di rapporto qualita\/prezzo.<\/p>\n\n\n\n<figure class=\"wp-block-gallery has-nested-images columns-default is-cropped wp-block-gallery-1 is-layout-flex wp-block-gallery-is-layout-flex\">\n<figure class=\"wp-block-image size-large\"><img loading=\"lazy\" decoding=\"async\" width=\"1024\" height=\"675\" data-id=\"6806\" src=\"https:\/\/hand2noteguide.com\/wp-content\/uploads\/2024\/05\/simple-cash-1.png\" alt=\"Simpe Cash HUD #1\" class=\"wp-image-6806\" srcset=\"https:\/\/hand2noteguide.com\/wp-content\/uploads\/2024\/05\/simple-cash-1.png 1024w, https:\/\/hand2noteguide.com\/wp-content\/uploads\/2024\/05\/simple-cash-1-300x198.png 300w, https:\/\/hand2noteguide.com\/wp-content\/uploads\/2024\/05\/simple-cash-1-768x506.png 768w, https:\/\/hand2noteguide.com\/wp-content\/uploads\/2024\/05\/simple-cash-1-772x509.png 772w, https:\/\/hand2noteguide.com\/wp-content\/uploads\/2024\/05\/simple-cash-1-624x411.png 624w\" sizes=\"auto, (max-width: 1024px) 100vw, 1024px\" \/><figcaption class=\"wp-element-caption\">Simple Cash HUD #1<\/figcaption><\/figure>\n\n\n\n<figure class=\"wp-block-image size-full\"><img loading=\"lazy\" decoding=\"async\" width=\"1024\" height=\"666\" data-id=\"6807\" src=\"https:\/\/hand2noteguide.com\/wp-content\/uploads\/2024\/05\/simple-cash-4.png\" alt=\"Simple Cash HUD #2\" class=\"wp-image-6807\" srcset=\"https:\/\/hand2noteguide.com\/wp-content\/uploads\/2024\/05\/simple-cash-4.png 1024w, https:\/\/hand2noteguide.com\/wp-content\/uploads\/2024\/05\/simple-cash-4-300x195.png 300w, https:\/\/hand2noteguide.com\/wp-content\/uploads\/2024\/05\/simple-cash-4-768x500.png 768w, https:\/\/hand2noteguide.com\/wp-content\/uploads\/2024\/05\/simple-cash-4-772x502.png 772w, https:\/\/hand2noteguide.com\/wp-content\/uploads\/2024\/05\/simple-cash-4-624x406.png 624w\" sizes=\"auto, (max-width: 1024px) 100vw, 1024px\" \/><figcaption class=\"wp-element-caption\">Simple Cash HUD #2<\/figcaption><\/figure>\n\n\n\n<figure class=\"wp-block-image size-large\"><img loading=\"lazy\" decoding=\"async\" width=\"893\" height=\"609\" data-id=\"6805\" src=\"https:\/\/hand2noteguide.com\/wp-content\/uploads\/2024\/05\/simple-cash-2.png\" alt=\"Simple Cash Popup\" class=\"wp-image-6805\" srcset=\"https:\/\/hand2noteguide.com\/wp-content\/uploads\/2024\/05\/simple-cash-2.png 893w, https:\/\/hand2noteguide.com\/wp-content\/uploads\/2024\/05\/simple-cash-2-300x205.png 300w, https:\/\/hand2noteguide.com\/wp-content\/uploads\/2024\/05\/simple-cash-2-768x524.png 768w, https:\/\/hand2noteguide.com\/wp-content\/uploads\/2024\/05\/simple-cash-2-772x526.png 772w, https:\/\/hand2noteguide.com\/wp-content\/uploads\/2024\/05\/simple-cash-2-624x426.png 624w\" sizes=\"auto, (max-width: 893px) 100vw, 893px\" \/><figcaption class=\"wp-element-caption\">Simple Cash Popup<\/figcaption><\/figure>\n<\/figure>\n\n\n\n<h3 class=\"wp-block-heading\">Come avviare l&#8217;HUD Hand2Note su PokerStars?<\/h3>\n\n\n\n<p>Iniziare con Hand2Note su PokerStars e molto facile. Avvia entrambi i programmi contemporaneamente e l&#8217;HUD comparira automaticamente ai tavoli PS.<\/p>\n\n\n\n<figure class=\"wp-block-image size-full\"><img loading=\"lazy\" decoding=\"async\" width=\"902\" height=\"623\" src=\"https:\/\/hand2noteguide.com\/wp-content\/uploads\/2024\/05\/hud-1-min.png\" alt=\"\" class=\"wp-image-6824\" srcset=\"https:\/\/hand2noteguide.com\/wp-content\/uploads\/2024\/05\/hud-1-min.png 902w, https:\/\/hand2noteguide.com\/wp-content\/uploads\/2024\/05\/hud-1-min-300x207.png 300w, https:\/\/hand2noteguide.com\/wp-content\/uploads\/2024\/05\/hud-1-min-768x530.png 768w, https:\/\/hand2noteguide.com\/wp-content\/uploads\/2024\/05\/hud-1-min-772x533.png 772w, https:\/\/hand2noteguide.com\/wp-content\/uploads\/2024\/05\/hud-1-min-624x431.png 624w\" sizes=\"auto, (max-width: 902px) 100vw, 902px\" \/><\/figure>\n\n\n\n<p>Para mejorar la precision de la recopilacion de manos, se recomienda configurar Auto Import. Debes activar el guardado de historiales en el cliente de PokerStars y agregar la carpeta (ruta de guardado) en la seccion <strong>Auto Import<\/strong> de Hand2Note. Lee nuestra <strong><a href=\"https:\/\/hand2noteguide.com\/es\/user-manual\/setting-up-an-auto-import-in-hand2note\/\" type=\"page\" id=\"9299\">guia de configuracion de Auto Import<\/a><\/strong>.<\/p>\n\n\n<div class=\"wp-block-h2n-alert h2n-alert h2n-alert--warning\"><div class=\"h2n-alert__icon\" aria-hidden=\"true\"><svg width=\"22\" height=\"22\" viewBox=\"0 0 24 24\" fill=\"none\" stroke=\"currentColor\" stroke-width=\"2\" stroke-linecap=\"round\" stroke-linejoin=\"round\"><path d=\"M10.29 3.86L1.82 18a2 2 0 001.71 3h16.94a2 2 0 001.71-3L13.71 3.86a2 2 0 00-3.42 0z\"\/><line x1=\"12\" y1=\"9\" x2=\"12\" y2=\"13\"\/><circle cx=\"12\" cy=\"17\" r=\"1\" fill=\"currentColor\" stroke=\"none\"\/><\/svg><\/div><div class=\"h2n-alert__content\">Asegurate de que los historiales de manos se guarden en <strong>ingles<\/strong>; de lo contrario, la importacion en Hand2Note no funcionara.<\/div><\/div>\n\n\n<p>Ademas del HUD, Hand2Note te da muchas funciones para mejorar tu juego (analisis de manos, reportes, Pool Research y mas). Mira nuestro articulo: <a href=\"https:\/\/hand2noteguide.com\/es\/why-purchase-hand2note\/\" type=\"page\" id=\"2285\">por que vale la pena comprar una licencia de Hand2Note<\/a>. Ten en cuenta que el HUD posicional y dinamico estan prohibidos por PokerStars, pero puedes usar el resto de funciones mencionadas. Y todas las funciones estan disponibles fuera de las mesas.<\/p>\n\n\n\n<h2 class=\"wp-block-heading\">StarsCaption \u2b50<\/h2>\n\n\n\n<p style=\"margin-top:24px\"><a class=\"article-action-link\" target=\"_blank\" href=\"https:\/\/hand2noteguide.com\/es\/starscaption\/\" rel=\"noopener\">Ir a la p\u00e1gina de StarsCaption<\/a><\/p>\n\n\n\n<p><a href=\"https:\/\/hand2noteguide.com\/es\/starscaption\/\">StarsCaption<\/a> es un software asistente para jugar mas comodo en PokerStars. Con su HUD, tienes toda la informacion importante de la mano actual, como:<\/p>\n\n\n\n<ul class=\"wp-block-list\">\n<li><a href=\"https:\/\/hand2noteguide.com\/es\/poker\/poker-positions\/\">Nombres de posicion de los jugadores<\/a><\/li>\n\n\n\n<li>El historial de la mano (la secuencia de <a href=\"https:\/\/hand2noteguide.com\/es\/poker\/poker-actions\/\">acciones<\/a> de tus rivales en todas las calles)<\/li>\n\n\n\n<li>Your <a href=\"https:\/\/hand2noteguide.com\/es\/poker\/free-poker-tools\/pot-odds-calculator\/\">Pot Odds<\/a><\/li>\n\n\n\n<li>El numero de jugadores que siguen en la mano<\/li>\n\n\n\n<li>Tu <a href=\"https:\/\/hand2noteguide.com\/es\/poker\/poker-bluff\/\">Bluff<\/a> Equity<\/li>\n\n\n\n<li>And much more.<\/li>\n<\/ul>\n\n\n\n<figure class=\"wp-block-image size-full\"><img loading=\"lazy\" decoding=\"async\" width=\"808\" height=\"557\" src=\"http:\/\/hand2noteguide.com\/wp-content\/uploads\/2024\/05\/starscaption-0-table-min.png\" alt=\"Starscaption Real Table Example\" class=\"wp-image-6685\" srcset=\"https:\/\/hand2noteguide.com\/wp-content\/uploads\/2024\/05\/starscaption-0-table-min.png 808w, https:\/\/hand2noteguide.com\/wp-content\/uploads\/2024\/05\/starscaption-0-table-min-300x207.png 300w, https:\/\/hand2noteguide.com\/wp-content\/uploads\/2024\/05\/starscaption-0-table-min-768x529.png 768w, https:\/\/hand2noteguide.com\/wp-content\/uploads\/2024\/05\/starscaption-0-table-min-772x532.png 772w, https:\/\/hand2noteguide.com\/wp-content\/uploads\/2024\/05\/starscaption-0-table-min-624x430.png 624w\" sizes=\"auto, (max-width: 808px) 100vw, 808px\" \/><figcaption class=\"wp-element-caption\">Uso de StarsCaption en PokerStars. Ve stacks en BB, nombres de posicion e informacion adicional en mesa.<\/figcaption><\/figure>\n\n\n\n<p>Asi, mientras Hand2Note muestra estadisticas de tus oponentes, StarsCaption te ayuda con todo lo demas. No necesitas calcular a mano tus odds para pagar ni recordar que acciones hubo en la <a href=\"https:\/\/hand2noteguide.com\/es\/poker\/poker-streets\/\">calle<\/a> anterior (muy util al multitablear). Toda esta info esta en mesa con el HUD de StarsCaption.<\/p>\n\n\n\n<p>Ademas del HUD, StarsCaption ofrece muchas otras funciones para mejorar tu experiencia en PokerStars. Revisa la <a href=\"https:\/\/hand2noteguide.com\/es\/starscaption\/\">pagina de StarsCaption<\/a> para mas informacion.<\/p>\n\n\n\n<h3 class=\"wp-block-heading\">StarsCaption esta permitido en PokerStars?<\/h3>\n\n\n\n<p>Si, StarsCaption esta incluido en la lista oficial de software aprobado.<\/p>\n\n\n\n<figure class=\"wp-block-image size-large\"><img loading=\"lazy\" decoding=\"async\" width=\"1024\" height=\"513\" src=\"https:\/\/hand2noteguide.com\/wp-content\/uploads\/2024\/05\/starscaption-ps-approved-min-1024x513.png\" alt=\"StarsCaption esta permitido en PokerStars\" class=\"wp-image-6808\" srcset=\"https:\/\/hand2noteguide.com\/wp-content\/uploads\/2024\/05\/starscaption-ps-approved-min-1024x513.png 1024w, https:\/\/hand2noteguide.com\/wp-content\/uploads\/2024\/05\/starscaption-ps-approved-min-300x150.png 300w, https:\/\/hand2noteguide.com\/wp-content\/uploads\/2024\/05\/starscaption-ps-approved-min-768x385.png 768w, https:\/\/hand2noteguide.com\/wp-content\/uploads\/2024\/05\/starscaption-ps-approved-min-1536x769.png 1536w, https:\/\/hand2noteguide.com\/wp-content\/uploads\/2024\/05\/starscaption-ps-approved-min-772x387.png 772w, https:\/\/hand2noteguide.com\/wp-content\/uploads\/2024\/05\/starscaption-ps-approved-min-624x313.png 624w, https:\/\/hand2noteguide.com\/wp-content\/uploads\/2024\/05\/starscaption-ps-approved-min.png 1841w\" sizes=\"auto, (max-width: 1024px) 100vw, 1024px\" \/><figcaption class=\"wp-element-caption\">StarsCaption esta permitido en PokerStars<\/figcaption><\/figure>\n\n\n\n<h2 class=\"wp-block-heading\">Conclusion<\/h2>\n\n\n\n<p>Elegir el HUD correcto puede mejorar mucho tu juego en PokerStars. El software ideal debe ser fluido, potente y cumplir la politica de la sala. Nuestras dos mejores opciones son Hand2Note y <a href=\"https:\/\/hand2noteguide.com\/es\/starscaption\/\">StarsCaption<\/a>. Hand2Note es tu herramienta principal para trackear manos y stats de rivales. StarsCaption funciona como copiloto y muestra toda la info importante de la mano en mesa. Usando ambos juntos, obtienes una de las mejores soluciones HUD para PokerStars.<\/p>\n","protected":false},"excerpt":{"rendered":"<p>PokerStars es una de las salas de poker online lideres del mundo, y tiene: Por eso debes tener cuidado al elegir un software de HUD de poker para esta sala. Idealmente, el software debe ofrecer funciones avanzadas para darte ventaja, y al mismo tiempo cumplir todas las reglas de la sala. PokerStars permite HUD? Si, &hellip; <a href=\"https:\/\/hand2noteguide.com\/es\/pokerstars-hud\/\" class=\"more-link\">Continue reading <span class=\"screen-reader-text\">Mejores Opciones de HUD para PokerStars &#8211; Comienza a Usar HUD Ahora<\/span><\/a><\/p>\n","protected":false},"author":1,"featured_media":6826,"parent":0,"menu_order":0,"comment_status":"closed","ping_status":"closed","template":"","meta":{"footnotes":""},"class_list":["post-2465","page","type-page","status-publish","has-post-thumbnail","hentry"],"translation":{"provider":"WPGlobus","version":"3.0.2","language":"es","enabled_languages":["en","ru","pt","zh","es","fr","de","it","ja"],"languages":{"en":{"title":true,"content":true,"excerpt":false},"ru":{"title":true,"content":true,"excerpt":false},"pt":{"title":true,"content":true,"excerpt":false},"zh":{"title":true,"content":true,"excerpt":false},"es":{"title":true,"content":true,"excerpt":false},"fr":{"title":true,"content":true,"excerpt":false},"de":{"title":true,"content":true,"excerpt":false},"it":{"title":true,"content":true,"excerpt":false},"ja":{"title":true,"content":true,"excerpt":false}}},"yoast_head":"<!-- This site is optimized with the Yoast SEO plugin v27.0 - https:\/\/yoast.com\/product\/yoast-seo-wordpress\/ -->\n<title>2 Mejores Opciones de HUD para PokerStars: Comienza a Usar HUD<\/title>\n<meta name=\"description\" content=\"Hand2Note y StarsCaption son las opciones \u00f3ptimas de HUD para PokerStars. Aprende las caracter\u00edsticas principales y los pasos sencillos para la instalaci\u00f3n en nuestro art\u00edculo.\" \/>\n<meta name=\"robots\" content=\"index, follow, max-snippet:-1, max-image-preview:large, max-video-preview:-1\" \/>\n<link rel=\"canonical\" href=\"https:\/\/hand2noteguide.com\/pokerstars-hud\/\" \/>\n<meta property=\"og:locale\" content=\"es_ES\" \/>\n<meta property=\"og:type\" content=\"article\" \/>\n<meta property=\"og:title\" content=\"2 Mejores Opciones de HUD para PokerStars: Comienza a Usar HUD\" \/>\n<meta property=\"og:description\" content=\"Hand2Note y StarsCaption son las opciones \u00f3ptimas de HUD para PokerStars. Aprende las caracter\u00edsticas principales y los pasos sencillos para la instalaci\u00f3n en nuestro art\u00edculo.\" \/>\n<meta property=\"og:url\" content=\"https:\/\/hand2noteguide.com\/pokerstars-hud\/\" \/>\n<meta property=\"og:site_name\" content=\"Hand2Note Guide\" \/>\n<meta property=\"article:modified_time\" content=\"2026-03-10T13:42:42+00:00\" \/>\n<meta property=\"og:image\" content=\"https:\/\/hand2noteguide.com\/wp-content\/uploads\/2024\/05\/pokerstars-hud-min.png\" \/>\n\t<meta property=\"og:image:width\" content=\"905\" \/>\n\t<meta property=\"og:image:height\" content=\"623\" \/>\n\t<meta property=\"og:image:type\" content=\"image\/png\" \/>\n<meta name=\"twitter:card\" content=\"summary_large_image\" \/>\n<meta name=\"twitter:label1\" content=\"Est. reading time\" \/>\n\t<meta name=\"twitter:data1\" content=\"8 minutes\" \/>\n<!-- \/ Yoast SEO plugin. -->","yoast_head_json":{"title":"2 Mejores Opciones de HUD para PokerStars: Comienza a Usar HUD","description":"Hand2Note y StarsCaption son las opciones \u00f3ptimas de HUD para PokerStars. Aprende las caracter\u00edsticas principales y los pasos sencillos para la instalaci\u00f3n en nuestro art\u00edculo.","robots":{"index":"index","follow":"follow","max-snippet":"max-snippet:-1","max-image-preview":"max-image-preview:large","max-video-preview":"max-video-preview:-1"},"canonical":"https:\/\/hand2noteguide.com\/pokerstars-hud\/","og_locale":"es_ES","og_type":"article","og_title":"2 Mejores Opciones de HUD para PokerStars: Comienza a Usar HUD","og_description":"Hand2Note y StarsCaption son las opciones \u00f3ptimas de HUD para PokerStars. Aprende las caracter\u00edsticas principales y los pasos sencillos para la instalaci\u00f3n en nuestro art\u00edculo.","og_url":"https:\/\/hand2noteguide.com\/pokerstars-hud\/","og_site_name":"Hand2Note Guide","article_modified_time":"2026-03-10T13:42:42+00:00","og_image":[{"width":905,"height":623,"url":"https:\/\/hand2noteguide.com\/wp-content\/uploads\/2024\/05\/pokerstars-hud-min.png","type":"image\/png"}],"twitter_card":"summary_large_image","twitter_misc":{"Est. reading time":"8 minutes"},"schema":{"@context":"https:\/\/schema.org","@graph":[]}},"jetpack_sharing_enabled":true,"_links":{"self":[{"href":"https:\/\/hand2noteguide.com\/es\/wp-json\/wp\/v2\/pages\/2465","targetHints":{"allow":["GET"]}}],"collection":[{"href":"https:\/\/hand2noteguide.com\/es\/wp-json\/wp\/v2\/pages"}],"about":[{"href":"https:\/\/hand2noteguide.com\/es\/wp-json\/wp\/v2\/types\/page"}],"author":[{"embeddable":true,"href":"https:\/\/hand2noteguide.com\/es\/wp-json\/wp\/v2\/users\/1"}],"replies":[{"embeddable":true,"href":"https:\/\/hand2noteguide.com\/es\/wp-json\/wp\/v2\/comments?post=2465"}],"version-history":[{"count":78,"href":"https:\/\/hand2noteguide.com\/es\/wp-json\/wp\/v2\/pages\/2465\/revisions"}],"predecessor-version":[{"id":15551,"href":"https:\/\/hand2noteguide.com\/es\/wp-json\/wp\/v2\/pages\/2465\/revisions\/15551"}],"wp:featuredmedia":[{"embeddable":true,"href":"https:\/\/hand2noteguide.com\/es\/wp-json\/wp\/v2\/media\/6826"}],"wp:attachment":[{"href":"https:\/\/hand2noteguide.com\/es\/wp-json\/wp\/v2\/media?parent=2465"}],"curies":[{"name":"wp","href":"https:\/\/api.w.org\/{rel}","templated":true}]}}