{"id":256,"date":"2018-08-02T17:08:05","date_gmt":"2018-08-02T14:08:05","guid":{"rendered":"https:\/\/h2n312.wordpress.com\/?page_id=256"},"modified":"2025-06-04T19:04:30","modified_gmt":"2025-06-04T16:04:30","slug":"moving-hud-and-settings","status":"publish","type":"page","link":"https:\/\/hand2noteguide.com\/es\/guide\/moving-hud-and-settings\/","title":{"rendered":"Moviendo el HUD y configuraciones"},"content":{"rendered":"<p>Todos los <a href=\"https:\/\/hand2noteguide.com\/es\/guide\/hud\/\">HUDs y popups<\/a> utilizados, as\u00ed como las configuraciones del usuario, se almacenan en la carpeta <em>Config<\/em> en el directorio de instalaci\u00f3n de Hand2Note (<em>C:\/Program Files\/Hand2Note\/<\/em> por defecto).<\/p>\n<p><img loading=\"lazy\" decoding=\"async\" class=\"alignnone size-full wp-image-939\" src=\"https:\/\/hand2noteguide.com\/wp-content\/uploads\/2019\/05\/hand2note-config-folder.png\" alt=\"hand2note config folder\" width=\"1037\" height=\"735\" srcset=\"https:\/\/hand2noteguide.com\/wp-content\/uploads\/2019\/05\/hand2note-config-folder.png 1037w, https:\/\/hand2noteguide.com\/wp-content\/uploads\/2019\/05\/hand2note-config-folder-300x213.png 300w, https:\/\/hand2noteguide.com\/wp-content\/uploads\/2019\/05\/hand2note-config-folder-768x544.png 768w, https:\/\/hand2noteguide.com\/wp-content\/uploads\/2019\/05\/hand2note-config-folder-1024x726.png 1024w, https:\/\/hand2noteguide.com\/wp-content\/uploads\/2019\/05\/hand2note-config-folder-772x547.png 772w, https:\/\/hand2noteguide.com\/wp-content\/uploads\/2019\/05\/hand2note-config-folder-624x442.png 624w\" sizes=\"auto, (max-width: 1037px) 100vw, 1037px\" \/><\/p>\n<p>Si necesitas guardar las configuraciones antes de <a href=\"https:\/\/hand2noteguide.com\/es\/issues-resolving\/reinstall\/\">desinstalar Hand2Note<\/a>, simplemente haz una copia de la carpeta <em>Config<\/em> y gu\u00e1rdala en un lugar seguro.<\/p>\n<p>Si deseas compartir tus HUDs o configuraciones con un amigo o transferirlos a otro dispositivo, tambi\u00e9n es suficiente con hacer una copia de la carpeta <em>Config<\/em> y colocarla en el directorio de instalaci\u00f3n de Hand2Note en otro ordenador.<\/p>\n<p>Ver tambi\u00e9n:<\/p>\n<ul>\n<li><a href=\"https:\/\/hand2noteguide.com\/es\/guide\/database\/move-database-to-another-pc\/\">Mover base de datos<\/a><\/li>\n<li><a href=\"https:\/\/hand2noteguide.com\/es\/guide\/where-are-notes-stored\/\">Mover notas<\/a><\/li>\n<li><a href=\"https:\/\/hand2noteguide.com\/es\/guide\/moving-marked-hands\/\">Mover manos marcadas<\/a><\/li>\n<\/ul>\n","protected":false},"excerpt":{"rendered":"<p>Todos los HUDs y popups utilizados, as\u00ed como las configuraciones del usuario, se almacenan en la carpeta Config en el directorio de instalaci\u00f3n de Hand2Note (C:\/Program Files\/Hand2Note\/ por defecto). Si necesitas guardar las configuraciones antes de desinstalar Hand2Note, simplemente haz una copia de la carpeta Config y gu\u00e1rdala en un lugar seguro. Si deseas compartir &hellip; <a href=\"https:\/\/hand2noteguide.com\/es\/guide\/moving-hud-and-settings\/\" class=\"more-link\">Continue reading <span class=\"screen-reader-text\">Moviendo el HUD y configuraciones<\/span><\/a><\/p>\n","protected":false},"author":1,"featured_media":0,"parent":74,"menu_order":0,"comment_status":"closed","ping_status":"closed","template":"page-templates\/full-width-page.php","meta":{"footnotes":""},"class_list":["post-256","page","type-page","status-publish","hentry"],"translation":{"provider":"WPGlobus","version":"3.0.2","language":"es","enabled_languages":["en","ru","pt","zh","es","fr","de","it","ja"],"languages":{"en":{"title":true,"content":true,"excerpt":false},"ru":{"title":true,"content":true,"excerpt":false},"pt":{"title":true,"content":true,"excerpt":false},"zh":{"title":true,"content":true,"excerpt":false},"es":{"title":true,"content":true,"excerpt":false},"fr":{"title":true,"content":true,"excerpt":false},"de":{"title":true,"content":true,"excerpt":false},"it":{"title":true,"content":true,"excerpt":false},"ja":{"title":true,"content":true,"excerpt":false}}},"yoast_head":"<!-- This site is optimized with the Yoast SEO plugin v27.0 - https:\/\/yoast.com\/product\/yoast-seo-wordpress\/ -->\n<title>C\u00f3mo mover el HUD y configuraciones en Hand2Note f\u00e1cilmente<\/title>\n<meta name=\"description\" content=\"Aprende c\u00f3mo mover f\u00e1cilmente tu HUD y configuraciones en Hand2Note. Sigue nuestra gu\u00eda paso a paso para guardar, compartir o transferir tus configuraciones de manera segura.\" \/>\n<meta name=\"robots\" content=\"index, follow, max-snippet:-1, max-image-preview:large, max-video-preview:-1\" \/>\n<link rel=\"canonical\" href=\"https:\/\/hand2noteguide.com\/guide\/moving-hud-and-settings\/\" \/>\n<meta property=\"og:locale\" content=\"es_ES\" \/>\n<meta property=\"og:type\" content=\"article\" \/>\n<meta property=\"og:title\" content=\"C\u00f3mo mover el HUD y configuraciones en Hand2Note f\u00e1cilmente\" \/>\n<meta property=\"og:description\" content=\"Aprende c\u00f3mo mover f\u00e1cilmente tu HUD y configuraciones en Hand2Note. Sigue nuestra gu\u00eda paso a paso para guardar, compartir o transferir tus configuraciones de manera segura.\" \/>\n<meta property=\"og:url\" content=\"https:\/\/hand2noteguide.com\/guide\/moving-hud-and-settings\/\" \/>\n<meta property=\"og:site_name\" content=\"Hand2Note Guide\" \/>\n<meta property=\"article:modified_time\" content=\"2025-06-04T16:04:30+00:00\" \/>\n<meta property=\"og:image\" content=\"https:\/\/hand2noteguide.com\/wp-content\/uploads\/2018\/08\/hand2note-d0bfd0b0d0bfd0bad0b0-config.png\" \/>\n<meta name=\"twitter:card\" content=\"summary_large_image\" \/>\n<meta name=\"twitter:label1\" content=\"Est. reading time\" \/>\n\t<meta name=\"twitter:data1\" content=\"4 minutes\" \/>\n<!-- \/ Yoast SEO plugin. -->","yoast_head_json":{"title":"C\u00f3mo mover el HUD y configuraciones en Hand2Note f\u00e1cilmente","description":"Aprende c\u00f3mo mover f\u00e1cilmente tu HUD y configuraciones en Hand2Note. Sigue nuestra gu\u00eda paso a paso para guardar, compartir o transferir tus configuraciones de manera segura.","robots":{"index":"index","follow":"follow","max-snippet":"max-snippet:-1","max-image-preview":"max-image-preview:large","max-video-preview":"max-video-preview:-1"},"canonical":"https:\/\/hand2noteguide.com\/guide\/moving-hud-and-settings\/","og_locale":"es_ES","og_type":"article","og_title":"C\u00f3mo mover el HUD y configuraciones en Hand2Note f\u00e1cilmente","og_description":"Aprende c\u00f3mo mover f\u00e1cilmente tu HUD y configuraciones en Hand2Note. Sigue nuestra gu\u00eda paso a paso para guardar, compartir o transferir tus configuraciones de manera segura.","og_url":"https:\/\/hand2noteguide.com\/guide\/moving-hud-and-settings\/","og_site_name":"Hand2Note Guide","article_modified_time":"2025-06-04T16:04:30+00:00","og_image":[{"url":"https:\/\/hand2noteguide.com\/wp-content\/uploads\/2018\/08\/hand2note-d0bfd0b0d0bfd0bad0b0-config.png","type":"","width":"","height":""}],"twitter_card":"summary_large_image","twitter_misc":{"Est. reading time":"4 minutes"},"schema":{"@context":"https:\/\/schema.org","@graph":[]}},"jetpack_sharing_enabled":false,"_links":{"self":[{"href":"https:\/\/hand2noteguide.com\/es\/wp-json\/wp\/v2\/pages\/256","targetHints":{"allow":["GET"]}}],"collection":[{"href":"https:\/\/hand2noteguide.com\/es\/wp-json\/wp\/v2\/pages"}],"about":[{"href":"https:\/\/hand2noteguide.com\/es\/wp-json\/wp\/v2\/types\/page"}],"author":[{"embeddable":true,"href":"https:\/\/hand2noteguide.com\/es\/wp-json\/wp\/v2\/users\/1"}],"replies":[{"embeddable":true,"href":"https:\/\/hand2noteguide.com\/es\/wp-json\/wp\/v2\/comments?post=256"}],"version-history":[{"count":12,"href":"https:\/\/hand2noteguide.com\/es\/wp-json\/wp\/v2\/pages\/256\/revisions"}],"predecessor-version":[{"id":13541,"href":"https:\/\/hand2noteguide.com\/es\/wp-json\/wp\/v2\/pages\/256\/revisions\/13541"}],"up":[{"embeddable":true,"href":"https:\/\/hand2noteguide.com\/es\/wp-json\/wp\/v2\/pages\/74"}],"wp:attachment":[{"href":"https:\/\/hand2noteguide.com\/es\/wp-json\/wp\/v2\/media?parent=256"}],"curies":[{"name":"wp","href":"https:\/\/api.w.org\/{rel}","templated":true}]}}