{"id":269,"date":"2018-08-02T19:08:51","date_gmt":"2018-08-02T16:08:51","guid":{"rendered":"https:\/\/h2n312.wordpress.com\/?page_id=269"},"modified":"2025-06-04T19:03:08","modified_gmt":"2025-06-04T16:03:08","slug":"how-to-mark-hands","status":"publish","type":"page","link":"https:\/\/hand2noteguide.com\/es\/guide\/how-to-mark-hands\/","title":{"rendered":"C\u00f3mo marcar manos mientras juegas"},"content":{"rendered":"\n<p>Haz clic en el icono &#8220;H&#8221; en la mesa y selecciona &#8220;<em>Last Hands<\/em>&#8220;:<\/p>\n\n\n\n<figure class=\"wp-block-image\"><img loading=\"lazy\" decoding=\"async\" width=\"285\" height=\"244\" src=\"https:\/\/hand2noteguide.com\/wp-content\/uploads\/2019\/05\/hand2note-last-hands-menu.png\" alt=\"hand2note last hands menu\" class=\"wp-image-946\" \/><\/figure>\n\n\n\n<p>Aparecer\u00e1 una lista de las \u00faltimas manos jugadas en la mesa actual. Haz clic derecho en una de las manos, luego haz clic en &#8220;<em>Mark<\/em>&#8220;:<\/p>\n\n\n\n<figure class=\"wp-block-image\"><img loading=\"lazy\" decoding=\"async\" width=\"728\" height=\"454\" src=\"https:\/\/hand2noteguide.com\/wp-content\/uploads\/2019\/05\/hand2note-mark-hand.png\" alt=\"hand2note mark hand\" class=\"wp-image-947\" srcset=\"https:\/\/hand2noteguide.com\/wp-content\/uploads\/2019\/05\/hand2note-mark-hand.png 728w, https:\/\/hand2noteguide.com\/wp-content\/uploads\/2019\/05\/hand2note-mark-hand-300x187.png 300w, https:\/\/hand2noteguide.com\/wp-content\/uploads\/2019\/05\/hand2note-mark-hand-624x389.png 624w\" sizes=\"auto, (max-width: 728px) 100vw, 728px\" \/><\/figure>\n\n\n\n<p>Puedes encontrar todas las manos marcadas en la secci\u00f3n correspondiente:<\/p>\n\n\n\n<figure class=\"wp-block-image\"><img loading=\"lazy\" decoding=\"async\" width=\"309\" height=\"536\" src=\"https:\/\/hand2noteguide.com\/wp-content\/uploads\/2019\/05\/hand2note-marked-hands-section-menu.png\" alt=\"hand2note marked hands section menu\" class=\"wp-image-945\" srcset=\"https:\/\/hand2noteguide.com\/wp-content\/uploads\/2019\/05\/hand2note-marked-hands-section-menu.png 309w, https:\/\/hand2noteguide.com\/wp-content\/uploads\/2019\/05\/hand2note-marked-hands-section-menu-173x300.png 173w\" sizes=\"auto, (max-width: 309px) 100vw, 309px\" \/><\/figure>\n\n\n\n<p>Ten en cuenta que las manos marcadas se almacenan <a href=\"https:\/\/hand2noteguide.com\/es\/guide\/moving-marked-hands\/\">por separado de la base de datos<\/a>, puedes guardarlas f\u00e1cilmente, moverlas a otro ordenador o transferirlas a un amigo.<\/p>\n","protected":false},"excerpt":{"rendered":"<p>Haz clic en el icono &#8220;H&#8221; en la mesa y selecciona &#8220;Last Hands&#8220;: Aparecer\u00e1 una lista de las \u00faltimas manos jugadas en la mesa actual. Haz clic derecho en una de las manos, luego haz clic en &#8220;Mark&#8220;: Puedes encontrar todas las manos marcadas en la secci\u00f3n correspondiente: Ten en cuenta que las manos marcadas &hellip; <a href=\"https:\/\/hand2noteguide.com\/es\/guide\/how-to-mark-hands\/\" class=\"more-link\">Continue reading <span class=\"screen-reader-text\">C\u00f3mo marcar manos mientras juegas<\/span><\/a><\/p>\n","protected":false},"author":1,"featured_media":0,"parent":74,"menu_order":0,"comment_status":"closed","ping_status":"closed","template":"page-templates\/full-width-page.php","meta":{"footnotes":""},"class_list":["post-269","page","type-page","status-publish","hentry"],"translation":{"provider":"WPGlobus","version":"3.0.2","language":"es","enabled_languages":["en","ru","pt","zh","es","fr","de","it","ja"],"languages":{"en":{"title":true,"content":true,"excerpt":false},"ru":{"title":true,"content":true,"excerpt":false},"pt":{"title":true,"content":true,"excerpt":false},"zh":{"title":true,"content":true,"excerpt":false},"es":{"title":true,"content":true,"excerpt":false},"fr":{"title":true,"content":true,"excerpt":false},"de":{"title":true,"content":true,"excerpt":false},"it":{"title":true,"content":true,"excerpt":false},"ja":{"title":true,"content":true,"excerpt":false}}},"yoast_head":"<!-- This site is optimized with the Yoast SEO plugin v27.0 - https:\/\/yoast.com\/product\/yoast-seo-wordpress\/ -->\n<title>C\u00f3mo marcar f\u00e1cilmente manos de p\u00f3ker durante tu juego<\/title>\n<meta name=\"description\" content=\"Aprende c\u00f3mo marcar r\u00e1pidamente manos de p\u00f3ker mientras juegas. Guarda, mueve o comparte manos marcadas f\u00e1cilmente con amigos o en diferentes dispositivos.\" \/>\n<meta name=\"robots\" content=\"index, follow, max-snippet:-1, max-image-preview:large, max-video-preview:-1\" \/>\n<link rel=\"canonical\" href=\"https:\/\/hand2noteguide.com\/guide\/how-to-mark-hands\/\" \/>\n<meta property=\"og:locale\" content=\"es_ES\" \/>\n<meta property=\"og:type\" content=\"article\" \/>\n<meta property=\"og:title\" content=\"C\u00f3mo marcar f\u00e1cilmente manos de p\u00f3ker durante tu juego\" \/>\n<meta property=\"og:description\" content=\"Aprende c\u00f3mo marcar r\u00e1pidamente manos de p\u00f3ker mientras juegas. Guarda, mueve o comparte manos marcadas f\u00e1cilmente con amigos o en diferentes dispositivos.\" \/>\n<meta property=\"og:url\" content=\"https:\/\/hand2noteguide.com\/guide\/how-to-mark-hands\/\" \/>\n<meta property=\"og:site_name\" content=\"Hand2Note Guide\" \/>\n<meta property=\"article:modified_time\" content=\"2025-06-04T16:03:08+00:00\" \/>\n<meta property=\"og:image\" content=\"https:\/\/hand2noteguide.com\/wp-content\/uploads\/2018\/08\/hand2note-d0bfd0bed181d0bbd0b5d0b4d0bdd0b8d0b5-d180d183d0bad0b8-d0bcd0b5d0bdd18e.png\" \/>\n<meta name=\"twitter:card\" content=\"summary_large_image\" \/>\n<meta name=\"twitter:label1\" content=\"Est. reading time\" \/>\n\t<meta name=\"twitter:data1\" content=\"2 minutes\" \/>\n<!-- \/ Yoast SEO plugin. -->","yoast_head_json":{"title":"C\u00f3mo marcar f\u00e1cilmente manos de p\u00f3ker durante tu juego","description":"Aprende c\u00f3mo marcar r\u00e1pidamente manos de p\u00f3ker mientras juegas. Guarda, mueve o comparte manos marcadas f\u00e1cilmente con amigos o en diferentes dispositivos.","robots":{"index":"index","follow":"follow","max-snippet":"max-snippet:-1","max-image-preview":"max-image-preview:large","max-video-preview":"max-video-preview:-1"},"canonical":"https:\/\/hand2noteguide.com\/guide\/how-to-mark-hands\/","og_locale":"es_ES","og_type":"article","og_title":"C\u00f3mo marcar f\u00e1cilmente manos de p\u00f3ker durante tu juego","og_description":"Aprende c\u00f3mo marcar r\u00e1pidamente manos de p\u00f3ker mientras juegas. Guarda, mueve o comparte manos marcadas f\u00e1cilmente con amigos o en diferentes dispositivos.","og_url":"https:\/\/hand2noteguide.com\/guide\/how-to-mark-hands\/","og_site_name":"Hand2Note Guide","article_modified_time":"2025-06-04T16:03:08+00:00","og_image":[{"url":"https:\/\/hand2noteguide.com\/wp-content\/uploads\/2018\/08\/hand2note-d0bfd0bed181d0bbd0b5d0b4d0bdd0b8d0b5-d180d183d0bad0b8-d0bcd0b5d0bdd18e.png","type":"","width":"","height":""}],"twitter_card":"summary_large_image","twitter_misc":{"Est. reading time":"2 minutes"},"schema":{"@context":"https:\/\/schema.org","@graph":[]}},"jetpack_sharing_enabled":false,"_links":{"self":[{"href":"https:\/\/hand2noteguide.com\/es\/wp-json\/wp\/v2\/pages\/269","targetHints":{"allow":["GET"]}}],"collection":[{"href":"https:\/\/hand2noteguide.com\/es\/wp-json\/wp\/v2\/pages"}],"about":[{"href":"https:\/\/hand2noteguide.com\/es\/wp-json\/wp\/v2\/types\/page"}],"author":[{"embeddable":true,"href":"https:\/\/hand2noteguide.com\/es\/wp-json\/wp\/v2\/users\/1"}],"replies":[{"embeddable":true,"href":"https:\/\/hand2noteguide.com\/es\/wp-json\/wp\/v2\/comments?post=269"}],"version-history":[{"count":15,"href":"https:\/\/hand2noteguide.com\/es\/wp-json\/wp\/v2\/pages\/269\/revisions"}],"predecessor-version":[{"id":13539,"href":"https:\/\/hand2noteguide.com\/es\/wp-json\/wp\/v2\/pages\/269\/revisions\/13539"}],"up":[{"embeddable":true,"href":"https:\/\/hand2noteguide.com\/es\/wp-json\/wp\/v2\/pages\/74"}],"wp:attachment":[{"href":"https:\/\/hand2noteguide.com\/es\/wp-json\/wp\/v2\/media?parent=269"}],"curies":[{"name":"wp","href":"https:\/\/api.w.org\/{rel}","templated":true}]}}