{"id":2853,"date":"2020-07-07T20:51:39","date_gmt":"2020-07-07T17:51:39","guid":{"rendered":"http:\/\/hand2noteguide.com\/?page_id=2853"},"modified":"2026-02-22T15:24:12","modified_gmt":"2026-02-22T12:24:12","slug":"best-poker-tracker-software","status":"publish","type":"page","link":"https:\/\/hand2noteguide.com\/es\/best-poker-tracker-software\/","title":{"rendered":"El mejor software de seguimiento de poker: Hand2Note vs HM3 y PT4"},"content":{"rendered":"\n<p><a href=\"https:\/\/hand2note.com\/\" target=\"_blank\" aria-label=\"undefined (opens in a new tab)\" rel=\"noreferrer noopener\">Hand2Note<\/a> es el l\u00edder indiscutible entre todos los trackers de poker del mercado. Con el lanzamiento de <strong>Hand2Note 4<\/strong>, la brecha entre H2N y alternativas m\u00e1s antiguas como Holdem Manager 3 o PokerTracker 4 se ha ampliado a\u00fan m\u00e1s. No es solo una actualizaci\u00f3n incremental \u2014 es un producto completamente reconstruido con reportes avanzados, an\u00e1lisis interactivo y un rendimiento dr\u00e1sticamente mejorado. Tambi\u00e9n encontrar\u00e1 H2N en casi cualquier <a href=\"https:\/\/hand2noteguide.com\/es\/poker\/5-best-online-poker-software\/\">ranking del mejor software de poker<\/a>.<\/p>\n\n\n\n<p>Analicemos exactamente por qu\u00e9 Hand2Note es el mejor tracker de poker que puede usar ahora mismo \u2014 y qu\u00e9 hace que la versi\u00f3n 4 sea un cambio revolucionario.<\/p>\n\n\n\n<h2 class=\"wp-block-heading\">1. Novedades en Hand2Note 4<\/h2>\n\n\n\n<p>Hand2Note 4 fue reconstruido desde cero durante tres a\u00f1os de desarrollo \u2014 y el resultado es una herramienta considerablemente m\u00e1s potente.<\/p>\n\n\n\n<figure class=\"wp-block-image size-large\"><img loading=\"lazy\" decoding=\"async\" width=\"1024\" height=\"705\" src=\"https:\/\/hand2noteguide.com\/wp-content\/uploads\/2025\/04\/hand2note4-new-min-1024x705.png\" alt=\"Hand2Note 4 software tracker de poker\" class=\"wp-image-9780\" srcset=\"https:\/\/hand2noteguide.com\/wp-content\/uploads\/2025\/04\/hand2note4-new-min-1024x705.png 1024w, https:\/\/hand2noteguide.com\/wp-content\/uploads\/2025\/04\/hand2note4-new-min-300x207.png 300w, https:\/\/hand2noteguide.com\/wp-content\/uploads\/2025\/04\/hand2note4-new-min-768x529.png 768w, https:\/\/hand2noteguide.com\/wp-content\/uploads\/2025\/04\/hand2note4-new-min-1536x1058.png 1536w, https:\/\/hand2noteguide.com\/wp-content\/uploads\/2025\/04\/hand2note4-new-min-2048x1411.png 2048w, https:\/\/hand2noteguide.com\/wp-content\/uploads\/2025\/04\/hand2note4-new-min-772x532.png 772w, https:\/\/hand2noteguide.com\/wp-content\/uploads\/2025\/04\/hand2note4-new-min-624x430.png 624w\" sizes=\"auto, (max-width: 1024px) 100vw, 1024px\" \/><figcaption class=\"wp-element-caption\">Hand2Note 4 \u2014 el mejor software tracker de poker<\/figcaption><\/figure>\n\n\n\n<p>Estas son las mejoras m\u00e1s importantes en comparaci\u00f3n con la versi\u00f3n anterior:<\/p>\n\n\n\n<ul class=\"wp-block-list\">\n<li><strong><a href=\"https:\/\/hand2noteguide.com\/es\/user-manual\/hand2note-report-menu\/\">Smart Reports<\/a><\/strong> \u2014 el software muestra autom\u00e1ticamente las estad\u00edsticas m\u00e1s relevantes para cualquier filtro que aplique. Seleccione un filtro de Continuation Bet Flop, y H2N4 mostrar\u00e1 al instante las reacciones de los oponentes, frecuencias de barrel y m\u00e1s.<\/li>\n\n\n\n<li><strong>Interactive Reports<\/strong> \u2014 haga clic en cualquier estad\u00edstica para profundizar en un sub-reporte detallado. Esto le permite encadenar reportes y explorar las tendencias de los oponentes en tiempo real.<\/li>\n\n\n\n<li><strong><a href=\"https:\/\/hand2noteguide.com\/es\/user-manual\/creating-a-simple-stat-continued-bet-on-the-river-in-a-3bet-pot-position\/\">Custom Filters<\/a><\/strong> \u2014 cree sus propios filtros para cualquier escenario que desee estudiar (por ejemplo, todos los spots donde un oponente hace c-bet de medio pot).<\/li>\n\n\n\n<li><strong>Base de datos 50% m\u00e1s peque\u00f1a<\/strong> \u2014 las actualizaciones recientes han reducido el tama\u00f1o de la base de datos a la mitad, con opciones para excluir archivos de historial de manos o reportes del almacenamiento, acelerando la construcci\u00f3n de estad\u00edsticas 2\u20133 veces.<\/li>\n\n\n\n<li><strong>Replayer de manos redise\u00f1ado<\/strong> \u2014 interfaz m\u00e1s limpia con opci\u00f3n de modo para smartphone.<\/li>\n\n\n\n<li><strong><a href=\"https:\/\/hand2noteguide.com\/es\/user-manual\/the-multiple-players-tool-in-hand2note-range-research\/\">Multi-Player Reports<\/a><\/strong> \u2014 la herramienta Range Research ha sido renombrada y mejorada, haciendo el an\u00e1lisis del pool de jugadores m\u00e1s r\u00e1pido e intuitivo.<\/li>\n\n\n\n<li><strong>Soporte para Omaha de 6 cartas y bomb pot<\/strong> \u2014 cobertura ampliada de tipos de juego.<\/li>\n\n\n\n<li><strong>Seguimiento en mesas an\u00f3nimas<\/strong> \u2014 IDs \u00fanicos de jugadores para el seguimiento de estad\u00edsticas en mesas an\u00f3nimas\/inc\u00f3gnito.<\/li>\n<\/ul>\n\n\n\n<p>Hand2Note 4 cumple completamente con los t\u00e9rminos y condiciones de PokerStars y est\u00e1 disponible en m\u00faltiples idiomas, incluyendo ingl\u00e9s, ruso, chino, espa\u00f1ol y portugu\u00e9s.<\/p>\n\n\n\n<h2 class=\"wp-block-heading\">2. HUD avanzado<\/h2>\n\n\n\n<p>La funci\u00f3n principal de cualquier tracker de poker es el <a href=\"https:\/\/hand2noteguide.com\/es\/poker\/poker-hud\/\">HUD de poker<\/a> \u2014 le permite ver estad\u00edsticas en tiempo real de sus oponentes directamente en la mesa. Todo jugador serio de poker utiliza un HUD durante sus sesiones.<\/p>\n\n\n\n<figure class=\"wp-block-image size-large\"><img decoding=\"async\" src=\"https:\/\/hand2noteguide.com\/wp-content\/uploads\/2026\/02\/pppoker-hud-with-hand2note.webp\" alt=\"HUD de Hand2Note en PPPoker\" \/><figcaption class=\"wp-element-caption\">HUD de Hand2Note en PPPoker<\/figcaption><\/figure>\n\n\n\n<p>Si ha usado trackers m\u00e1s antiguos, conoce la experiencia t\u00edpica del HUD: un conjunto est\u00e1tico de n\u00fameros mostrados para cada jugador en todo momento. Hand2Note lleva esto a un nivel completamente diferente con opciones de HUD posicional y din\u00e1mico. Esto significa que el HUD se adapta y le muestra los datos m\u00e1s relevantes para cada oponente dependiendo de:<\/p>\n\n\n\n<ul class=\"wp-block-list\">\n<li><a href=\"https:\/\/hand2noteguide.com\/es\/poker\/poker-positions\/\">posici\u00f3n del jugador<\/a>;<\/li>\n\n\n\n<li>tama\u00f1o efectivo del stack;<\/li>\n\n\n\n<li>tama\u00f1o de la muestra de manos;<\/li>\n\n\n\n<li><a href=\"https:\/\/hand2noteguide.com\/es\/poker\/poker-actions\/\">acci\u00f3n en la mano<\/a>;<\/li>\n\n\n\n<li>y m\u00e1s.<\/li>\n<\/ul>\n\n\n\n<p>Adem\u00e1s, Hand2Note ofrece funciones exclusivas de HUD que ning\u00fan otro tracker tiene:<\/p>\n\n\n\n<ul class=\"wp-block-list\">\n<li><strong>HUD desde la primera mano<\/strong> \u2014 obtiene datos de inmediato, sin esperar a que se acumule una muestra;<\/li>\n\n\n\n<li><strong>Last Showdown Indicator<\/strong> \u2014 vea al instante el showdown m\u00e1s reciente de cualquier oponente;<\/li>\n\n\n\n<li><strong>Ocultaci\u00f3n autom\u00e1tica al foldear<\/strong> \u2014 el HUD desaparece cuando usted foldea, manteniendo la mesa limpia;<\/li>\n\n\n\n<li><strong>Pesta\u00f1as y atajos de teclado del HUD<\/strong> \u2014 cambie entre paneles de estad\u00edsticas sin abrir popups.<\/li>\n<\/ul>\n\n\n\n<p>Puede tener miles de estad\u00edsticas en su HUD pero ver solo los datos m\u00e1s relevantes para el spot actual y el tipo de oponente. Visite nuestra <a href=\"https:\/\/hand2noteguide.com\/es\/hud-store\/\">tienda de HUDs<\/a> para obtener la mejor opci\u00f3n de HUD para Hand2Note.<\/p>\n\n\n\n<h2 class=\"wp-block-heading\">3. An\u00e1lisis de base de datos y reportes<\/h2>\n\n\n\n<p>Hand2Note es mucho m\u00e1s que una simple herramienta de visualizaci\u00f3n de HUD. Proporciona instrumentos sobresalientes para el an\u00e1lisis profundo de su propio juego y las tendencias de sus oponentes.<\/p>\n\n\n\n<figure class=\"wp-block-image size-large\"><img decoding=\"async\" src=\"https:\/\/hand2noteguide.com\/wp-content\/uploads\/2026\/02\/multi-player-report-h2n-scaled.webp\" alt=\"Funci\u00f3n Multi-Player Reports de Hand2Note\" \/><figcaption class=\"wp-element-caption\">Multi-Player Reports en Hand2Note 4<\/figcaption><\/figure>\n\n\n\n<p>Con Smart Reports, Interactive Reports y Custom Filters de Hand2Note 4, la profundidad de an\u00e1lisis es inigualable. Puede encontrar respuestas a preguntas cr\u00edticas sobre sus oponentes:<\/p>\n\n\n\n<ul class=\"wp-block-list\">\n<li>\u00bfC\u00f3mo construyen sus <a href=\"https:\/\/blog.freebetrange.com\/article\/poker-preflop-ranges-a-comprehensive-guide\" target=\"_blank\" aria-label=\"undefined (opens in a new tab)\" rel=\"noreferrer noopener\">rangos<\/a>?<\/li>\n\n\n\n<li>\u00bfEn qu\u00e9 spots hacen <a href=\"https:\/\/hand2noteguide.com\/es\/poker\/poker-bluff\/\">bluff<\/a> con demasiada frecuencia o muy poca?<\/li>\n\n\n\n<li>\u00bfCu\u00e1les son las frecuencias de acciones espec\u00edficas en diferentes texturas de board contra diferentes sizings de apuesta?<\/li>\n<\/ul>\n\n\n\n<p>Para aprender todas las capacidades de Hand2Note de forma r\u00e1pida y efectiva, consulte nuestra <a href=\"https:\/\/hand2noteguide.com\/es\/training\/\">oferta de coaching<\/a> o nuestro <a href=\"https:\/\/hand2noteguide.com\/es\/video-course\/\">curso completo en video de Hand2Note<\/a>.<\/p>\n\n\n\n<h2 class=\"wp-block-heading\">4. Velocidad y rendimiento<\/h2>\n\n\n\n<p>Hand2Note 4 est\u00e1 construido sobre un motor optimizado que aprovecha al m\u00e1ximo los procesadores multin\u00facleo modernos y la RAM. La diferencia de velocidad en comparaci\u00f3n con PokerTracker 4 o Holdem Manager 3 es dr\u00e1stica:<\/p>\n\n\n\n<ul class=\"wp-block-list\">\n<li><strong>Velocidad de importaci\u00f3n<\/strong> \u2014 calificada como &#8220;muy alta&#8221; en benchmarks, mientras que PT4 es &#8220;baja&#8221; y HM3 es &#8220;media&#8221;.<\/li>\n\n\n\n<li><strong>Optimizaci\u00f3n de base de datos<\/strong> \u2014 las actualizaciones recientes redujeron el tama\u00f1o de la base de datos en un 50%, y la construcci\u00f3n de estad\u00edsticas es 2\u20133 veces m\u00e1s r\u00e1pida con opciones para excluir datos innecesarios del almacenamiento.<\/li>\n\n\n\n<li><strong>Bases de datos masivas<\/strong> \u2014 Hand2Note maneja m\u00e1s de 240 millones de manos sin problemas, mientras que los trackers m\u00e1s antiguos a menudo se ralentizan significativamente con grandes conjuntos de datos.<\/li>\n\n\n\n<li><strong>Velocidad de reportes y popups<\/strong> \u2014 los reportes se cargan r\u00e1pidamente incluso en bases de datos grandes, y los popups se abren sin retraso perceptible.<\/li>\n<\/ul>\n\n\n\n<p>Al mismo tiempo, el software est\u00e1 bien optimizado y funciona sin problemas incluso en hardware modesto.<\/p>\n\n\n\n<figure class=\"wp-block-image size-large\"><img decoding=\"async\" src=\"https:\/\/hand2noteguide.com\/wp-content\/uploads\/2026\/01\/hand2note-import-speed.webp\" alt=\"Benchmark de velocidad de importaci\u00f3n de Hand2Note\" \/><figcaption class=\"wp-element-caption\">Velocidad de importaci\u00f3n de Hand2Note<\/figcaption><\/figure>\n\n\n\n<h2 class=\"wp-block-heading\">5. M\u00e1s de 50 salas de poker compatibles<\/h2>\n\n\n\n<p>Hand2Note es compatible con m\u00e1s de 50 sitios y aplicaciones de poker, incluyendo todas las redes principales y muchas plataformas menos conocidas. Las salas principales con integraci\u00f3n nativa completa incluyen PokerStars, PartyPoker, Winamax, iPoker, Winning Network y 888.<\/p>\n\n\n\n<p>Adem\u00e1s, Hand2Note proporciona HUD y seguimiento para una amplia gama de salas adicionales: <a href=\"https:\/\/hand2noteguide.com\/es\/pokerstars-hud\/\">PokerStars<\/a>, <a href=\"https:\/\/hand2noteguide.com\/es\/pokerbros-hud\/\">PokerBros<\/a>, Ignition, BetOnline, Chico, CoinPoker y docenas m\u00e1s.<\/p>\n\n\n\n<p>Los tipos de juego compatibles incluyen No Limit Hold&#8217;em, PLO, PLO5, Omaha de 6 cartas, Short Deck (6+), Limit, y formatos de Cash y MTT incluyendo variantes de Zoom\/fast-fold.<\/p>\n\n\n\n<h2 class=\"wp-block-heading\">6. Hand2Note vs PokerTracker 4 vs Holdem Manager 3<\/h2>\n\n\n\n<p>As\u00ed es como Hand2Note se compara con los otros dos trackers de poker populares (basado en la <a href=\"https:\/\/hand2note.com\/Help\/hand2note-vs-other-tools\" target=\"_blank\" rel=\"noreferrer noopener\">comparaci\u00f3n oficial<\/a>):<\/p>\n\n\n\n<figure class=\"wp-block-table is-style-stripes\"><table><thead><tr><th>Caracter\u00edstica<\/th><th>Hand2Note 4<\/th><th>PokerTracker 4<\/th><th>Holdem Manager 3<\/th><\/tr><\/thead><tbody><tr><td><strong>HUD<\/strong><\/td><td>Posicional, din\u00e1mico, ocultaci\u00f3n autom\u00e1tica, pesta\u00f1as, atajos<\/td><td>Solo est\u00e1tico<\/td><td>Solo est\u00e1tico<\/td><\/tr><tr><td><strong>HUD desde la primera mano<\/strong><\/td><td>S\u00ed<\/td><td>No<\/td><td>No<\/td><\/tr><tr><td><strong>Smart Reports<\/strong><\/td><td>S\u00ed<\/td><td>No<\/td><td>No<\/td><\/tr><tr><td><strong>Interactive Reports<\/strong><\/td><td>S\u00ed<\/td><td>No<\/td><td>No<\/td><\/tr><tr><td><strong>Custom Filters<\/strong><\/td><td>S\u00ed<\/td><td>No<\/td><td>No<\/td><\/tr><tr><td><strong>Visualizaci\u00f3n de rangos<\/strong><\/td><td>Preflop + postflop + mixing<\/td><td>No<\/td><td>Preflop + postflop v\u00eda NoteCaddy (sin mixing)<\/td><\/tr><tr><td><strong>Distribuci\u00f3n de sizing de apuesta<\/strong><\/td><td>En cada estad\u00edstica<\/td><td>No<\/td><td>No<\/td><\/tr><tr><td><strong>Action Profit<\/strong><\/td><td>S\u00ed<\/td><td>No<\/td><td>V\u00eda NoteCaddy<\/td><\/tr><tr><td><strong>Notas con manos<\/strong><\/td><td>S\u00ed \u2014 plantillas, manos dentro de notas, notas sobre estad\u00edsticas<\/td><td>Texto + autonotas<\/td><td>Texto + autonotas (v\u00eda NoteCaddy)<\/td><\/tr><tr><td><strong>Velocidad de importaci\u00f3n<\/strong><\/td><td>Muy alta<\/td><td>Baja<\/td><td>Media<\/td><\/tr><tr><td><strong>Rendimiento de reportes<\/strong><\/td><td>Muy alto<\/td><td>Bajo<\/td><td>Medio<\/td><\/tr><tr><td><strong>Salas compatibles<\/strong><\/td><td>50+<\/td><td>15+<\/td><td>15+<\/td><\/tr><tr><td><strong>Precio<\/strong><\/td><td>$49\/mes (anual) o $62.50\/mes<\/td><td>$99.99 + ~$40\/a\u00f1o por actualizaciones<\/td><td>$100 + ~$60\/a\u00f1o por actualizaciones<\/td><\/tr><\/tbody><\/table><figcaption class=\"wp-element-caption\">Comparaci\u00f3n Hand2Note vs PokerTracker 4 vs Holdem Manager 3<\/figcaption><\/figure>\n\n\n\n<p>Como muestra la comparaci\u00f3n, Hand2Note ofrece un nivel de funcionalidad fundamentalmente diferente \u2014 desde Smart Reports e Interactive Reports hasta HUD posicional y visualizaci\u00f3n de rangos en tiempo real. Si te tomas el poker en serio, Hand2Note es la elecci\u00f3n clara.<\/p>\n\n","protected":false},"excerpt":{"rendered":"<p>Hand2Note es el l\u00edder indiscutible entre todos los trackers de poker del mercado. Con el lanzamiento de Hand2Note 4, la brecha entre H2N y alternativas m\u00e1s antiguas como Holdem Manager 3 o PokerTracker 4 se ha ampliado a\u00fan m\u00e1s. No es solo una actualizaci\u00f3n incremental \u2014 es un producto completamente reconstruido con reportes avanzados, an\u00e1lisis &hellip; <a href=\"https:\/\/hand2noteguide.com\/es\/best-poker-tracker-software\/\" class=\"more-link\">Continue reading <span class=\"screen-reader-text\">El mejor software de seguimiento de poker: Hand2Note vs HM3 y PT4<\/span><\/a><\/p>\n","protected":false},"author":1,"featured_media":15286,"parent":0,"menu_order":0,"comment_status":"closed","ping_status":"closed","template":"","meta":{"footnotes":""},"class_list":["post-2853","page","type-page","status-publish","has-post-thumbnail","hentry"],"translation":{"provider":"WPGlobus","version":"3.0.2","language":"es","enabled_languages":["en","ru","pt","zh","es","fr","de","it","ja"],"languages":{"en":{"title":true,"content":true,"excerpt":false},"ru":{"title":true,"content":true,"excerpt":false},"pt":{"title":true,"content":true,"excerpt":false},"zh":{"title":true,"content":true,"excerpt":false},"es":{"title":true,"content":true,"excerpt":false},"fr":{"title":true,"content":true,"excerpt":false},"de":{"title":true,"content":true,"excerpt":false},"it":{"title":true,"content":true,"excerpt":false},"ja":{"title":true,"content":true,"excerpt":false}}},"yoast_head":"<!-- This site is optimized with the Yoast SEO plugin v27.0 - https:\/\/yoast.com\/product\/yoast-seo-wordpress\/ -->\n<title>El mejor software de seguimiento de poker: Hand2Note vs HM3 y PT4<\/title>\n<meta name=\"description\" content=\"Hand2Note 4 es el mejor software de seguimiento de poker de 2026. Obt\u00e9n herramientas avanzadas de HUD y an\u00e1lisis. Comparaci\u00f3n r\u00e1pida con HM3 y PT4.\" \/>\n<meta name=\"robots\" content=\"index, follow, max-snippet:-1, max-image-preview:large, max-video-preview:-1\" \/>\n<link rel=\"canonical\" href=\"https:\/\/hand2noteguide.com\/best-poker-tracker-software\/\" \/>\n<meta property=\"og:locale\" content=\"es_ES\" \/>\n<meta property=\"og:type\" content=\"article\" \/>\n<meta property=\"og:title\" content=\"El mejor software de seguimiento de poker: Hand2Note vs HM3 y PT4\" \/>\n<meta property=\"og:description\" content=\"Hand2Note 4 es el mejor software de seguimiento de poker de 2026. Obt\u00e9n herramientas avanzadas de HUD y an\u00e1lisis. Comparaci\u00f3n r\u00e1pida con HM3 y PT4.\" \/>\n<meta property=\"og:url\" content=\"https:\/\/hand2noteguide.com\/best-poker-tracker-software\/\" \/>\n<meta property=\"og:site_name\" content=\"Hand2Note Guide\" \/>\n<meta property=\"article:modified_time\" content=\"2026-02-22T12:24:12+00:00\" \/>\n<meta property=\"og:image\" content=\"https:\/\/hand2noteguide.com\/wp-content\/uploads\/2026\/02\/best-poker-hud.jpg\" \/>\n\t<meta property=\"og:image:width\" content=\"1024\" \/>\n\t<meta property=\"og:image:height\" content=\"559\" \/>\n\t<meta property=\"og:image:type\" content=\"image\/jpeg\" \/>\n<meta name=\"twitter:card\" content=\"summary_large_image\" \/>\n<meta name=\"twitter:label1\" content=\"Est. reading time\" \/>\n\t<meta name=\"twitter:data1\" content=\"7 minutes\" \/>\n<!-- \/ Yoast SEO plugin. -->","yoast_head_json":{"title":"El mejor software de seguimiento de poker: Hand2Note vs HM3 y PT4","description":"Hand2Note 4 es el mejor software de seguimiento de poker de 2026. Obt\u00e9n herramientas avanzadas de HUD y an\u00e1lisis. Comparaci\u00f3n r\u00e1pida con HM3 y PT4.","robots":{"index":"index","follow":"follow","max-snippet":"max-snippet:-1","max-image-preview":"max-image-preview:large","max-video-preview":"max-video-preview:-1"},"canonical":"https:\/\/hand2noteguide.com\/best-poker-tracker-software\/","og_locale":"es_ES","og_type":"article","og_title":"El mejor software de seguimiento de poker: Hand2Note vs HM3 y PT4","og_description":"Hand2Note 4 es el mejor software de seguimiento de poker de 2026. Obt\u00e9n herramientas avanzadas de HUD y an\u00e1lisis. Comparaci\u00f3n r\u00e1pida con HM3 y PT4.","og_url":"https:\/\/hand2noteguide.com\/best-poker-tracker-software\/","og_site_name":"Hand2Note Guide","article_modified_time":"2026-02-22T12:24:12+00:00","og_image":[{"width":1024,"height":559,"url":"https:\/\/hand2noteguide.com\/wp-content\/uploads\/2026\/02\/best-poker-hud.jpg","type":"image\/jpeg"}],"twitter_card":"summary_large_image","twitter_misc":{"Est. reading time":"7 minutes"},"schema":{"@context":"https:\/\/schema.org","@graph":[]}},"jetpack_sharing_enabled":true,"_links":{"self":[{"href":"https:\/\/hand2noteguide.com\/es\/wp-json\/wp\/v2\/pages\/2853","targetHints":{"allow":["GET"]}}],"collection":[{"href":"https:\/\/hand2noteguide.com\/es\/wp-json\/wp\/v2\/pages"}],"about":[{"href":"https:\/\/hand2noteguide.com\/es\/wp-json\/wp\/v2\/types\/page"}],"author":[{"embeddable":true,"href":"https:\/\/hand2noteguide.com\/es\/wp-json\/wp\/v2\/users\/1"}],"replies":[{"embeddable":true,"href":"https:\/\/hand2noteguide.com\/es\/wp-json\/wp\/v2\/comments?post=2853"}],"version-history":[{"count":87,"href":"https:\/\/hand2noteguide.com\/es\/wp-json\/wp\/v2\/pages\/2853\/revisions"}],"predecessor-version":[{"id":15304,"href":"https:\/\/hand2noteguide.com\/es\/wp-json\/wp\/v2\/pages\/2853\/revisions\/15304"}],"wp:featuredmedia":[{"embeddable":true,"href":"https:\/\/hand2noteguide.com\/es\/wp-json\/wp\/v2\/media\/15286"}],"wp:attachment":[{"href":"https:\/\/hand2noteguide.com\/es\/wp-json\/wp\/v2\/media?parent=2853"}],"curies":[{"name":"wp","href":"https:\/\/api.w.org\/{rel}","templated":true}]}}