{"id":2898,"date":"2020-07-08T06:43:42","date_gmt":"2020-07-08T03:43:42","guid":{"rendered":"http:\/\/hand2noteguide.com\/?page_id=2898"},"modified":"2026-02-21T21:21:02","modified_gmt":"2026-02-21T18:21:02","slug":"pokerbros-hud","status":"publish","type":"page","link":"https:\/\/hand2noteguide.com\/es\/pokerbros-hud\/","title":{"rendered":"PokerBros HUD"},"content":{"rendered":"\n<p>PokerBros es una de las aplicaciones de p\u00f3ker m\u00f3vil chinas m\u00e1s populares. Esta sala tiene muchos juegos diferentes con un grupo de jugadores muy d\u00e9bil. Usar HUD en PokerBros te ayudar\u00e1 a mejorar la calidad de tus decisiones y a explotar eficazmente a tus oponentes.<\/p>\n\n\n\n<h2 class=\"wp-block-heading\">Obt\u00e9n un PokerBros HUD fluido y preciso con Hand2Note<\/h2>\n\n\n\n<p><strong>Hand2Note<\/strong> es el mejor software de seguimiento de p\u00f3ker para mostrar HUD en aplicaciones asi\u00e1ticas. Y tambi\u00e9n admite completamente la sala de PokerBros. Puedes comenzar a usar PokerBros HUD con Hand2Note de forma gratuita con un <strong>per\u00edodo de prueba de 14 d\u00edas<\/strong>. Despu\u00e9s de que termine tu prueba, puedes obtener la <strong>licencia PRO de Hand2Note con un 10% de descuento<\/strong> con nuestro <a href=\"https:\/\/hand2noteguide.com\/es\/promo\/\">c\u00f3digo promocional GUIDE10<\/a>.<\/p>\n\n\n<div class=\"wp-block-h2n-cta-button\" style=\"text-align: left;\"><a href=\"https:\/\/hand2noteguide.com\/es\/go\/hand2note\/\" class=\"btn btn-primary\" target=\"_blank\" rel=\"noopener noreferrer nofollow sponsored\">Descargar Hand2Note HUD<\/a><\/div>\n\n\n<p>Hand2Note HUD es <strong>r\u00e1pido, compacto y preciso<\/strong>. Por lo tanto, es perfecto para aplicaciones asi\u00e1ticas donde el juego es muy din\u00e1mico, no tienes suficiente muestra de los oponentes ni mucho espacio para los paneles de HUD en las mesas.<\/p>\n\n\n\n<figure class=\"wp-block-image size-large\"><img loading=\"lazy\" decoding=\"async\" width=\"416\" height=\"765\" src=\"https:\/\/hand2noteguide.com\/wp-content\/uploads\/2020\/07\/pokerbros-hud.png\" alt=\"PokerBros HUD\" class=\"wp-image-2927\" srcset=\"https:\/\/hand2noteguide.com\/wp-content\/uploads\/2020\/07\/pokerbros-hud.png 416w, https:\/\/hand2noteguide.com\/wp-content\/uploads\/2020\/07\/pokerbros-hud-163x300.png 163w, https:\/\/hand2noteguide.com\/wp-content\/uploads\/2020\/07\/pokerbros-hud-339x624.png 339w\" sizes=\"auto, (max-width: 416px) 100vw, 416px\" \/><figcaption class=\"wp-element-caption\">PokerBros HUD con Hand2Note<\/figcaption><\/figure>\n\n\n\n<p>Por defecto, se muestra un HUD simple con las estad\u00edsticas m\u00e1s comunes en las mesas. Tambi\u00e9n puedes <a href=\"https:\/\/hand2noteguide.com\/es\/hud-store\/\">obtener HUDs m\u00e1s complejos y efectivos<\/a> en nuestra tienda.<\/p>\n\n\n\n<h2 class=\"wp-block-heading\">\u00bfC\u00f3mo configurarlo?<\/h2>\n\n\n\n<p>Es muy f\u00e1cil. <strong>Simplemente ejecuta Hand2Note y la mesa de PokerBros al mismo tiempo<\/strong>. El HUD aparecer\u00e1 autom\u00e1ticamente justo en la mesa. Echa un vistazo a nuestro <a href=\"https:\/\/hand2noteguide.com\/es\/hand2note-4-getting-started\/\">manual de inicio<\/a>.<\/p>\n\n\n<div class=\"wp-block-h2n-alert h2n-alert h2n-alert--info\"><div class=\"h2n-alert__icon\" aria-hidden=\"true\"><svg width=\"22\" height=\"22\" viewBox=\"0 0 24 24\" fill=\"none\" stroke=\"currentColor\" stroke-width=\"2\" stroke-linecap=\"round\" stroke-linejoin=\"round\"><circle cx=\"12\" cy=\"12\" r=\"10\"\/><line x1=\"12\" y1=\"16\" x2=\"12\" y2=\"12\"\/><circle cx=\"12\" cy=\"8\" r=\"1\" fill=\"currentColor\" stroke=\"none\"\/><\/svg><\/div><div class=\"h2n-alert__content\">Recomendamos encarecidamente seguir nuestra <a href=\"https:\/\/hand2noteguide.com\/es\/user-manual\/configuring-hand2note-to-play-in-applications-via-an-emulator-using-the-example-of-pokerbros\/\">gu\u00eda de configuraci\u00f3n de Hand2Note para jugar en apps a trav\u00e9s de un emulador<\/a>, respaldada por la experiencia del equipo de soporte de Hand2Note, para garantizar un funcionamiento estable y a largo plazo del HUD en tus mesas.<\/div><\/div>\n\n\n<p>Tambi\u00e9n se admite el multi-tabling, por lo que puedes abrir tantas mesas como desees. Hand2Note capturar\u00e1 manos de cada una de ellas.<\/p>\n\n\n\n<figure class=\"wp-block-image size-large\"><img loading=\"lazy\" decoding=\"async\" width=\"1024\" height=\"609\" src=\"https:\/\/hand2noteguide.com\/wp-content\/uploads\/2020\/07\/hand2note-asian-1024x609.png\" alt=\"\" class=\"wp-image-2976\" srcset=\"https:\/\/hand2noteguide.com\/wp-content\/uploads\/2020\/07\/hand2note-asian-1024x609.png 1024w, https:\/\/hand2noteguide.com\/wp-content\/uploads\/2020\/07\/hand2note-asian-300x179.png 300w, https:\/\/hand2noteguide.com\/wp-content\/uploads\/2020\/07\/hand2note-asian-768x457.png 768w, https:\/\/hand2noteguide.com\/wp-content\/uploads\/2020\/07\/hand2note-asian-772x459.png 772w, https:\/\/hand2noteguide.com\/wp-content\/uploads\/2020\/07\/hand2note-asian-624x371.png 624w, https:\/\/hand2noteguide.com\/wp-content\/uploads\/2020\/07\/hand2note-asian.png 1531w\" sizes=\"auto, (max-width: 1024px) 100vw, 1024px\" \/><figcaption class=\"wp-element-caption\">Ejecuta el HUD de p\u00f3ker en varios emuladores a la vez<\/figcaption><\/figure>\n\n\n\n<p>Si el HUD no funciona despu\u00e9s de ejecutar Hand2Note y la aplicaci\u00f3n PokerBros, sigue nuestra <a href=\"https:\/\/hand2noteguide.com\/es\/user-manual\/hand2note4-hud-problem\/\">gu\u00eda de soluci\u00f3n de problemas paso a paso<\/a> para resolver el problema. Si no ayuda, puedes contactar al <a href=\"https:\/\/hand2noteguide.com\/es\/hand2note-official-support\/\">equipo de soporte<\/a>.<\/p>\n\n\n\n<p>Ten en cuenta que Hand2Note tambi\u00e9n funciona con otras aplicaciones como <a href=\"https:\/\/hand2noteguide.com\/es\/pppoker-hud\/\">PPPoker<\/a> o <a href=\"https:\/\/hand2noteguide.com\/es\/coinpoker-hud\/\">CoinPoker<\/a>.<\/p>\n\n\n\n<h2 class=\"wp-block-heading\">\u00bfQu\u00e9 hay de otras caracter\u00edsticas de Hand2Note?<\/h2>\n\n\n\n<p>Adem\u00e1s del HUD, Hand2Note te ofrece muchas otras herramientas profesionales para el juego y el an\u00e1lisis. Consulta nuestro <a href=\"\/es\/why-purchase-hand2note\/\">resumen de las destacadas posibilidades de Hand2Note<\/a> que obtendr\u00e1s con una suscripci\u00f3n PRO. Definitivamente deber\u00edas considerar comenzar a usarlas. Con las capacidades de Hand2Note, puedes llevar tu rutina de p\u00f3ker al siguiente nivel. Esto se aplica tanto a los juegos como al an\u00e1lisis fuera de la mesa. Hand2Note te permite desarrollar tu habilidad en todas las direcciones.<\/p>\n\n\n\n<p>En 2026, la \u00faltima versi\u00f3n de <strong>Hand2Note 4<\/strong> se ha vuelto a\u00fan m\u00e1s orientada al rendimiento y rica en funciones. Ahora Hand2Note es una opci\u00f3n a\u00fan m\u00e1s adecuada para mostrar tu HUD en PokerBros. El software est\u00e1 perfectamente optimizado para manejar las altas demandas de recursos de los emuladores Android modernos.<\/p>\n\n\n\n<figure class=\"wp-block-image size-large\"><img loading=\"lazy\" decoding=\"async\" width=\"1024\" height=\"594\" src=\"http:\/\/hand2noteguide.com\/wp-content\/uploads\/2026\/02\/hand2note4-sessions-1-1024x594.png\" alt=\"Interfaz de Hand2Note 4\" class=\"wp-image-15256\" srcset=\"https:\/\/hand2noteguide.com\/wp-content\/uploads\/2026\/02\/hand2note4-sessions-1-1024x594.png 1024w, https:\/\/hand2noteguide.com\/wp-content\/uploads\/2026\/02\/hand2note4-sessions-1-300x174.png 300w, https:\/\/hand2noteguide.com\/wp-content\/uploads\/2026\/02\/hand2note4-sessions-1-768x445.png 768w, https:\/\/hand2noteguide.com\/wp-content\/uploads\/2026\/02\/hand2note4-sessions-1-1536x890.png 1536w, https:\/\/hand2noteguide.com\/wp-content\/uploads\/2026\/02\/hand2note4-sessions-1-2048x1187.png 2048w, https:\/\/hand2noteguide.com\/wp-content\/uploads\/2026\/02\/hand2note4-sessions-1-772x447.png 772w\" sizes=\"auto, (max-width: 1024px) 100vw, 1024px\" \/><figcaption class=\"wp-element-caption\">Interfaz de Hand2Note 4<\/figcaption><\/figure>\n","protected":false},"excerpt":{"rendered":"<p>PokerBros es una de las aplicaciones de p\u00f3ker m\u00f3vil chinas m\u00e1s populares. Esta sala tiene muchos juegos diferentes con un grupo de jugadores muy d\u00e9bil. Usar HUD en PokerBros te ayudar\u00e1 a mejorar la calidad de tus decisiones y a explotar eficazmente a tus oponentes. Obt\u00e9n un PokerBros HUD fluido y preciso con Hand2Note Hand2Note &hellip; <a href=\"https:\/\/hand2noteguide.com\/es\/pokerbros-hud\/\" class=\"more-link\">Continue reading <span class=\"screen-reader-text\">PokerBros HUD<\/span><\/a><\/p>\n","protected":false},"author":1,"featured_media":0,"parent":0,"menu_order":0,"comment_status":"closed","ping_status":"closed","template":"","meta":{"footnotes":""},"class_list":["post-2898","page","type-page","status-publish","hentry"],"translation":{"provider":"WPGlobus","version":"3.0.2","language":"es","enabled_languages":["en","ru","pt","zh","es","fr","de","it","ja"],"languages":{"en":{"title":true,"content":true,"excerpt":false},"ru":{"title":true,"content":true,"excerpt":false},"pt":{"title":true,"content":true,"excerpt":false},"zh":{"title":true,"content":true,"excerpt":false},"es":{"title":true,"content":true,"excerpt":false},"fr":{"title":true,"content":true,"excerpt":false},"de":{"title":true,"content":true,"excerpt":false},"it":{"title":true,"content":true,"excerpt":false},"ja":{"title":true,"content":true,"excerpt":false}}},"yoast_head":"<!-- This site is optimized with the Yoast SEO plugin v27.0 - https:\/\/yoast.com\/product\/yoast-seo-wordpress\/ -->\n<title>HUD de PokerBros r\u00e1pido y preciso - Gu\u00eda de Hand2Note<\/title>\n<meta name=\"description\" content=\"Utiliza un HUD r\u00e1pido, efectivo y preciso en PokerBros y otras aplicaciones asi\u00e1ticas. Hand2Note te ofrece el mejor HUD y popups para salas chinas.\" \/>\n<meta name=\"robots\" content=\"index, follow, max-snippet:-1, max-image-preview:large, max-video-preview:-1\" \/>\n<link rel=\"canonical\" href=\"https:\/\/hand2noteguide.com\/zh\/pokerbros-hud\/\" \/>\n<meta property=\"og:locale\" content=\"es_ES\" \/>\n<meta property=\"og:type\" content=\"article\" \/>\n<meta property=\"og:title\" content=\"HUD de PokerBros r\u00e1pido y preciso - Gu\u00eda de Hand2Note\" \/>\n<meta property=\"og:description\" content=\"Utiliza un HUD r\u00e1pido, efectivo y preciso en PokerBros y otras aplicaciones asi\u00e1ticas. Hand2Note te ofrece el mejor HUD y popups para salas chinas.\" \/>\n<meta property=\"og:url\" content=\"https:\/\/hand2noteguide.com\/zh\/pokerbros-hud\/\" \/>\n<meta property=\"og:site_name\" content=\"Hand2Note Guide\" \/>\n<meta property=\"article:modified_time\" content=\"2026-02-21T18:21:02+00:00\" \/>\n<meta property=\"og:image\" content=\"https:\/\/hand2noteguide.com\/wp-content\/uploads\/2020\/07\/pokerbros-hud.png\" \/>\n<meta name=\"twitter:card\" content=\"summary_large_image\" \/>\n<meta name=\"twitter:label1\" content=\"Est. reading time\" \/>\n\t<meta name=\"twitter:data1\" content=\"3 minutes\" \/>\n<!-- \/ Yoast SEO plugin. -->","yoast_head_json":{"title":"HUD de PokerBros r\u00e1pido y preciso - Gu\u00eda de Hand2Note","description":"Utiliza un HUD r\u00e1pido, efectivo y preciso en PokerBros y otras aplicaciones asi\u00e1ticas. Hand2Note te ofrece el mejor HUD y popups para salas chinas.","robots":{"index":"index","follow":"follow","max-snippet":"max-snippet:-1","max-image-preview":"max-image-preview:large","max-video-preview":"max-video-preview:-1"},"canonical":"https:\/\/hand2noteguide.com\/zh\/pokerbros-hud\/","og_locale":"es_ES","og_type":"article","og_title":"HUD de PokerBros r\u00e1pido y preciso - Gu\u00eda de Hand2Note","og_description":"Utiliza un HUD r\u00e1pido, efectivo y preciso en PokerBros y otras aplicaciones asi\u00e1ticas. Hand2Note te ofrece el mejor HUD y popups para salas chinas.","og_url":"https:\/\/hand2noteguide.com\/zh\/pokerbros-hud\/","og_site_name":"Hand2Note Guide","article_modified_time":"2026-02-21T18:21:02+00:00","og_image":[{"url":"https:\/\/hand2noteguide.com\/wp-content\/uploads\/2020\/07\/pokerbros-hud.png","type":"","width":"","height":""}],"twitter_card":"summary_large_image","twitter_misc":{"Est. reading time":"3 minutes"},"schema":{"@context":"https:\/\/schema.org","@graph":[]}},"jetpack_sharing_enabled":true,"_links":{"self":[{"href":"https:\/\/hand2noteguide.com\/es\/wp-json\/wp\/v2\/pages\/2898","targetHints":{"allow":["GET"]}}],"collection":[{"href":"https:\/\/hand2noteguide.com\/es\/wp-json\/wp\/v2\/pages"}],"about":[{"href":"https:\/\/hand2noteguide.com\/es\/wp-json\/wp\/v2\/types\/page"}],"author":[{"embeddable":true,"href":"https:\/\/hand2noteguide.com\/es\/wp-json\/wp\/v2\/users\/1"}],"replies":[{"embeddable":true,"href":"https:\/\/hand2noteguide.com\/es\/wp-json\/wp\/v2\/comments?post=2898"}],"version-history":[{"count":88,"href":"https:\/\/hand2noteguide.com\/es\/wp-json\/wp\/v2\/pages\/2898\/revisions"}],"predecessor-version":[{"id":15260,"href":"https:\/\/hand2noteguide.com\/es\/wp-json\/wp\/v2\/pages\/2898\/revisions\/15260"}],"wp:attachment":[{"href":"https:\/\/hand2noteguide.com\/es\/wp-json\/wp\/v2\/media?parent=2898"}],"curies":[{"name":"wp","href":"https:\/\/api.w.org\/{rel}","templated":true}]}}