{"id":296,"date":"2018-08-03T14:54:27","date_gmt":"2018-08-03T11:54:27","guid":{"rendered":"https:\/\/h2n312.wordpress.com\/?page_id=296"},"modified":"2025-06-04T19:02:21","modified_gmt":"2025-06-04T16:02:21","slug":"upgrade-subscription","status":"publish","type":"page","link":"https:\/\/hand2noteguide.com\/es\/guide\/upgrade-subscription\/","title":{"rendered":"C\u00f3mo actualizar\/degradar el plan de suscripci\u00f3n"},"content":{"rendered":"<p>Para cambiar tu <a href=\"https:\/\/hand2noteguide.com\/es\/guide\/choose-subscription\/\">plan de suscripci\u00f3n<\/a>, solo necesitas comprar al menos 1 mes de la suscripci\u00f3n deseada.<\/p>\n<p>Los d\u00edas restantes en el plan anterior no se perder\u00e1n, sino que se convertir\u00e1n autom\u00e1ticamente en una nueva suscripci\u00f3n.<\/p>\n<p>Por ejemplo:<\/p>\n<ol>\n<li>Tienes 12 d\u00edas restantes en la suscripci\u00f3n BEGINNER y decides actualizar a EDGE. Despu\u00e9s de comprar un mes de EDGE, tendr\u00e1s 34 d\u00edas de EDGE en tu cuenta (31 d\u00edas de la compra + 3 d\u00edas como recalculaci\u00f3n de 12 d\u00edas de BEGINNER)<\/li>\n<li>Tienes 20 d\u00edas restantes en HYPER para <a href=\"https:\/\/hand2noteguide.com\/es\/asian\/\">salas asi\u00e1ticas<\/a> y deseas degradarlo a la versi\u00f3n STANDARD. Solo compras 1 mes de STANDARD, y 71 d\u00edas de esta suscripci\u00f3n estar\u00e1n activos en tu cuenta (31 d\u00edas de la compra + 40 d\u00edas como recalculaci\u00f3n de 20 d\u00edas de HYPER)<\/li>\n<\/ol>\n","protected":false},"excerpt":{"rendered":"<p>Para cambiar tu plan de suscripci\u00f3n, solo necesitas comprar al menos 1 mes de la suscripci\u00f3n deseada. Los d\u00edas restantes en el plan anterior no se perder\u00e1n, sino que se convertir\u00e1n autom\u00e1ticamente en una nueva suscripci\u00f3n. Por ejemplo: Tienes 12 d\u00edas restantes en la suscripci\u00f3n BEGINNER y decides actualizar a EDGE. Despu\u00e9s de comprar un &hellip; <a href=\"https:\/\/hand2noteguide.com\/es\/guide\/upgrade-subscription\/\" class=\"more-link\">Continue reading <span class=\"screen-reader-text\">C\u00f3mo actualizar\/degradar el plan de suscripci\u00f3n<\/span><\/a><\/p>\n","protected":false},"author":1,"featured_media":0,"parent":74,"menu_order":0,"comment_status":"closed","ping_status":"closed","template":"page-templates\/full-width-page.php","meta":{"footnotes":""},"class_list":["post-296","page","type-page","status-publish","hentry"],"translation":{"provider":"WPGlobus","version":"3.0.2","language":"es","enabled_languages":["en","ru","pt","zh","es","fr","de","it","ja"],"languages":{"en":{"title":true,"content":true,"excerpt":false},"ru":{"title":true,"content":true,"excerpt":false},"pt":{"title":true,"content":true,"excerpt":false},"zh":{"title":true,"content":true,"excerpt":false},"es":{"title":true,"content":true,"excerpt":false},"fr":{"title":true,"content":true,"excerpt":false},"de":{"title":true,"content":true,"excerpt":false},"it":{"title":true,"content":true,"excerpt":false},"ja":{"title":true,"content":true,"excerpt":false}}},"yoast_head":"<!-- This site is optimized with the Yoast SEO plugin v27.0 - https:\/\/yoast.com\/product\/yoast-seo-wordpress\/ -->\n<title>Actualiza o Degrada Tu Plan de Suscripci\u00f3n F\u00e1cilmente<\/title>\n<meta name=\"description\" content=\"Aprende c\u00f3mo cambiar f\u00e1cilmente tu plan de suscripci\u00f3n. Actualiza o degrada sin perder los d\u00edas restantes. Sigue nuestra gu\u00eda paso a paso para una transici\u00f3n sin problemas.\" \/>\n<meta name=\"robots\" content=\"index, follow, max-snippet:-1, max-image-preview:large, max-video-preview:-1\" \/>\n<link rel=\"canonical\" href=\"https:\/\/hand2noteguide.com\/guide\/upgrade-subscription\/\" \/>\n<meta property=\"og:locale\" content=\"es_ES\" \/>\n<meta property=\"og:type\" content=\"article\" \/>\n<meta property=\"og:title\" content=\"Actualiza o Degrada Tu Plan de Suscripci\u00f3n F\u00e1cilmente\" \/>\n<meta property=\"og:description\" content=\"Aprende c\u00f3mo cambiar f\u00e1cilmente tu plan de suscripci\u00f3n. Actualiza o degrada sin perder los d\u00edas restantes. Sigue nuestra gu\u00eda paso a paso para una transici\u00f3n sin problemas.\" \/>\n<meta property=\"og:url\" content=\"https:\/\/hand2noteguide.com\/guide\/upgrade-subscription\/\" \/>\n<meta property=\"og:site_name\" content=\"Hand2Note Guide\" \/>\n<meta property=\"article:modified_time\" content=\"2025-06-04T16:02:21+00:00\" \/>\n<meta name=\"twitter:card\" content=\"summary_large_image\" \/>\n<meta name=\"twitter:label1\" content=\"Est. reading time\" \/>\n\t<meta name=\"twitter:data1\" content=\"4 minutes\" \/>\n<!-- \/ Yoast SEO plugin. -->","yoast_head_json":{"title":"Actualiza o Degrada Tu Plan de Suscripci\u00f3n F\u00e1cilmente","description":"Aprende c\u00f3mo cambiar f\u00e1cilmente tu plan de suscripci\u00f3n. Actualiza o degrada sin perder los d\u00edas restantes. Sigue nuestra gu\u00eda paso a paso para una transici\u00f3n sin problemas.","robots":{"index":"index","follow":"follow","max-snippet":"max-snippet:-1","max-image-preview":"max-image-preview:large","max-video-preview":"max-video-preview:-1"},"canonical":"https:\/\/hand2noteguide.com\/guide\/upgrade-subscription\/","og_locale":"es_ES","og_type":"article","og_title":"Actualiza o Degrada Tu Plan de Suscripci\u00f3n F\u00e1cilmente","og_description":"Aprende c\u00f3mo cambiar f\u00e1cilmente tu plan de suscripci\u00f3n. Actualiza o degrada sin perder los d\u00edas restantes. Sigue nuestra gu\u00eda paso a paso para una transici\u00f3n sin problemas.","og_url":"https:\/\/hand2noteguide.com\/guide\/upgrade-subscription\/","og_site_name":"Hand2Note Guide","article_modified_time":"2025-06-04T16:02:21+00:00","twitter_card":"summary_large_image","twitter_misc":{"Est. reading time":"4 minutes"},"schema":{"@context":"https:\/\/schema.org","@graph":[]}},"jetpack_sharing_enabled":false,"_links":{"self":[{"href":"https:\/\/hand2noteguide.com\/es\/wp-json\/wp\/v2\/pages\/296","targetHints":{"allow":["GET"]}}],"collection":[{"href":"https:\/\/hand2noteguide.com\/es\/wp-json\/wp\/v2\/pages"}],"about":[{"href":"https:\/\/hand2noteguide.com\/es\/wp-json\/wp\/v2\/types\/page"}],"author":[{"embeddable":true,"href":"https:\/\/hand2noteguide.com\/es\/wp-json\/wp\/v2\/users\/1"}],"replies":[{"embeddable":true,"href":"https:\/\/hand2noteguide.com\/es\/wp-json\/wp\/v2\/comments?post=296"}],"version-history":[{"count":12,"href":"https:\/\/hand2noteguide.com\/es\/wp-json\/wp\/v2\/pages\/296\/revisions"}],"predecessor-version":[{"id":13538,"href":"https:\/\/hand2noteguide.com\/es\/wp-json\/wp\/v2\/pages\/296\/revisions\/13538"}],"up":[{"embeddable":true,"href":"https:\/\/hand2noteguide.com\/es\/wp-json\/wp\/v2\/pages\/74"}],"wp:attachment":[{"href":"https:\/\/hand2noteguide.com\/es\/wp-json\/wp\/v2\/media?parent=296"}],"curies":[{"name":"wp","href":"https:\/\/api.w.org\/{rel}","templated":true}]}}