{"id":306,"date":"2018-08-03T16:35:38","date_gmt":"2018-08-03T13:35:38","guid":{"rendered":"https:\/\/h2n312.wordpress.com\/?page_id=306"},"modified":"2025-06-04T19:01:34","modified_gmt":"2025-06-04T16:01:34","slug":"import-database-from-hm2","status":"publish","type":"page","link":"https:\/\/hand2noteguide.com\/es\/switch-from-hm2\/import-database-from-hm2\/","title":{"rendered":"\u00bfC\u00f3mo importar la base de datos de HM2 a Hand2Note?"},"content":{"rendered":"<p>Para importar manos desde Holdem Manager 2 a la <a href=\"https:\/\/hand2noteguide.com\/es\/guide\/database\/\">base de datos de Hand2Note<\/a>, haz lo siguiente:<\/p>\n<ol>\n<li>Selecciona <em>Import from database<\/em> en la ventana principal de Hand2Note<\/li>\n<li>Ingresa los par\u00e1metros de conexi\u00f3n a la base de datos de HM2<img loading=\"lazy\" decoding=\"async\" class=\"alignnone size-full wp-image-678\" src=\"https:\/\/hand2noteguide.com\/wp-content\/uploads\/2018\/11\/hand2note-connect-to-the-database.png\" alt=\"Hand2Note connect to the database\" width=\"332\" height=\"465\" srcset=\"https:\/\/hand2noteguide.com\/wp-content\/uploads\/2018\/11\/hand2note-connect-to-the-database.png 332w, https:\/\/hand2noteguide.com\/wp-content\/uploads\/2018\/11\/hand2note-connect-to-the-database-214x300.png 214w\" sizes=\"auto, (max-width: 332px) 100vw, 332px\" \/>El host, puerto, nombre de usuario y contrase\u00f1a se establecen cuando se crea la base de datos en HM2. Si no cambiaste nada, los par\u00e1metros predeterminados son los siguientes:&nbsp;\n<ul style=\"margin: 0 0 15px 50px\">\n<li>host: <strong>127.0.0.1<\/strong><\/li>\n<li>puerto: <strong>5432<\/strong><\/li>\n<li>nombre de usuario: <strong>postgres<\/strong><\/li>\n<li>contrase\u00f1a: <strong>postgrespass<\/strong><\/li>\n<\/ul>\n<\/li>\n<li>Selecciona una base de datos de la lista y haz clic en<em> OK<br \/>\n<img loading=\"lazy\" decoding=\"async\" class=\"alignnone size-full wp-image-677\" src=\"https:\/\/hand2noteguide.com\/wp-content\/uploads\/2018\/11\/hand2note-connect-select-database.png\" alt=\"Hand2Note connect select database\" width=\"331\" height=\"462\" srcset=\"https:\/\/hand2noteguide.com\/wp-content\/uploads\/2018\/11\/hand2note-connect-select-database.png 331w, https:\/\/hand2noteguide.com\/wp-content\/uploads\/2018\/11\/hand2note-connect-select-database-215x300.png 215w\" sizes=\"auto, (max-width: 331px) 100vw, 331px\" \/><\/em><\/li>\n<li>Espera a que finalice la importaci\u00f3n<\/li>\n<\/ol>\n","protected":false},"excerpt":{"rendered":"<p>Para importar manos desde Holdem Manager 2 a la base de datos de Hand2Note, haz lo siguiente: Selecciona Import from database en la ventana principal de Hand2Note Ingresa los par\u00e1metros de conexi\u00f3n a la base de datos de HM2El host, puerto, nombre de usuario y contrase\u00f1a se establecen cuando se crea la base de datos &hellip; <a href=\"https:\/\/hand2noteguide.com\/es\/switch-from-hm2\/import-database-from-hm2\/\" class=\"more-link\">Continue reading <span class=\"screen-reader-text\">\u00bfC\u00f3mo importar la base de datos de HM2 a Hand2Note?<\/span><\/a><\/p>\n","protected":false},"author":1,"featured_media":0,"parent":65,"menu_order":0,"comment_status":"closed","ping_status":"closed","template":"page-templates\/full-width-page.php","meta":{"footnotes":""},"class_list":["post-306","page","type-page","status-publish","hentry"],"translation":{"provider":"WPGlobus","version":"3.0.2","language":"es","enabled_languages":["en","ru","pt","zh","es","fr","de","it","ja"],"languages":{"en":{"title":true,"content":true,"excerpt":false},"ru":{"title":true,"content":true,"excerpt":false},"pt":{"title":true,"content":true,"excerpt":false},"zh":{"title":true,"content":true,"excerpt":false},"es":{"title":true,"content":true,"excerpt":false},"fr":{"title":true,"content":true,"excerpt":false},"de":{"title":true,"content":true,"excerpt":false},"it":{"title":true,"content":true,"excerpt":false},"ja":{"title":true,"content":true,"excerpt":false}}},"yoast_head":"<!-- This site is optimized with the Yoast SEO plugin v27.0 - https:\/\/yoast.com\/product\/yoast-seo-wordpress\/ -->\n<title>Importa Tu Base de Datos de HM2 a Hand2Note F\u00e1cilmente<\/title>\n<meta name=\"description\" content=\"Aprende c\u00f3mo importar sin esfuerzo tu base de datos de Holdem Manager 2 a Hand2Note. Sigue nuestra gu\u00eda paso a paso para asegurar una transici\u00f3n sin problemas.\" \/>\n<meta name=\"robots\" content=\"index, follow, max-snippet:-1, max-image-preview:large, max-video-preview:-1\" \/>\n<link rel=\"canonical\" href=\"https:\/\/hand2noteguide.com\/switch-from-hm2\/import-database-from-hm2\/\" \/>\n<meta property=\"og:locale\" content=\"es_ES\" \/>\n<meta property=\"og:type\" content=\"article\" \/>\n<meta property=\"og:title\" content=\"Importa Tu Base de Datos de HM2 a Hand2Note F\u00e1cilmente\" \/>\n<meta property=\"og:description\" content=\"Aprende c\u00f3mo importar sin esfuerzo tu base de datos de Holdem Manager 2 a Hand2Note. Sigue nuestra gu\u00eda paso a paso para asegurar una transici\u00f3n sin problemas.\" \/>\n<meta property=\"og:url\" content=\"https:\/\/hand2noteguide.com\/switch-from-hm2\/import-database-from-hm2\/\" \/>\n<meta property=\"og:site_name\" content=\"Hand2Note Guide\" \/>\n<meta property=\"article:modified_time\" content=\"2025-06-04T16:01:34+00:00\" \/>\n<meta property=\"og:image\" content=\"https:\/\/hand2noteguide.com\/wp-content\/uploads\/2018\/08\/hand2note-connect-to-database.png\" \/>\n<meta name=\"twitter:card\" content=\"summary_large_image\" \/>\n<meta name=\"twitter:label1\" content=\"Est. reading time\" \/>\n\t<meta name=\"twitter:data1\" content=\"3 minutes\" \/>\n<!-- \/ Yoast SEO plugin. -->","yoast_head_json":{"title":"Importa Tu Base de Datos de HM2 a Hand2Note F\u00e1cilmente","description":"Aprende c\u00f3mo importar sin esfuerzo tu base de datos de Holdem Manager 2 a Hand2Note. Sigue nuestra gu\u00eda paso a paso para asegurar una transici\u00f3n sin problemas.","robots":{"index":"index","follow":"follow","max-snippet":"max-snippet:-1","max-image-preview":"max-image-preview:large","max-video-preview":"max-video-preview:-1"},"canonical":"https:\/\/hand2noteguide.com\/switch-from-hm2\/import-database-from-hm2\/","og_locale":"es_ES","og_type":"article","og_title":"Importa Tu Base de Datos de HM2 a Hand2Note F\u00e1cilmente","og_description":"Aprende c\u00f3mo importar sin esfuerzo tu base de datos de Holdem Manager 2 a Hand2Note. Sigue nuestra gu\u00eda paso a paso para asegurar una transici\u00f3n sin problemas.","og_url":"https:\/\/hand2noteguide.com\/switch-from-hm2\/import-database-from-hm2\/","og_site_name":"Hand2Note Guide","article_modified_time":"2025-06-04T16:01:34+00:00","og_image":[{"url":"https:\/\/hand2noteguide.com\/wp-content\/uploads\/2018\/08\/hand2note-connect-to-database.png","type":"","width":"","height":""}],"twitter_card":"summary_large_image","twitter_misc":{"Est. reading time":"3 minutes"},"schema":{"@context":"https:\/\/schema.org","@graph":[]}},"jetpack_sharing_enabled":false,"_links":{"self":[{"href":"https:\/\/hand2noteguide.com\/es\/wp-json\/wp\/v2\/pages\/306","targetHints":{"allow":["GET"]}}],"collection":[{"href":"https:\/\/hand2noteguide.com\/es\/wp-json\/wp\/v2\/pages"}],"about":[{"href":"https:\/\/hand2noteguide.com\/es\/wp-json\/wp\/v2\/types\/page"}],"author":[{"embeddable":true,"href":"https:\/\/hand2noteguide.com\/es\/wp-json\/wp\/v2\/users\/1"}],"replies":[{"embeddable":true,"href":"https:\/\/hand2noteguide.com\/es\/wp-json\/wp\/v2\/comments?post=306"}],"version-history":[{"count":18,"href":"https:\/\/hand2noteguide.com\/es\/wp-json\/wp\/v2\/pages\/306\/revisions"}],"predecessor-version":[{"id":13537,"href":"https:\/\/hand2noteguide.com\/es\/wp-json\/wp\/v2\/pages\/306\/revisions\/13537"}],"up":[{"embeddable":true,"href":"https:\/\/hand2noteguide.com\/es\/wp-json\/wp\/v2\/pages\/65"}],"wp:attachment":[{"href":"https:\/\/hand2noteguide.com\/es\/wp-json\/wp\/v2\/media?parent=306"}],"curies":[{"name":"wp","href":"https:\/\/api.w.org\/{rel}","templated":true}]}}