{"id":3334,"date":"2020-07-14T07:17:17","date_gmt":"2020-07-14T04:17:17","guid":{"rendered":"http:\/\/hand2noteguide.com\/?page_id=3334"},"modified":"2026-02-21T21:01:32","modified_gmt":"2026-02-21T18:01:32","slug":"hud-not-showing","status":"publish","type":"page","link":"https:\/\/hand2noteguide.com\/es\/issues-resolving\/hud-not-showing\/","title":{"rendered":"El HUD no aparece. \u00bfQu\u00e9 hacer?"},"content":{"rendered":"<div class=\"wp-block-h2n-alert h2n-alert h2n-alert--danger\"><div class=\"h2n-alert__icon\" aria-hidden=\"true\"><svg width=\"22\" height=\"22\" viewBox=\"0 0 24 24\" fill=\"none\" stroke=\"currentColor\" stroke-width=\"2\" stroke-linecap=\"round\" stroke-linejoin=\"round\"><polygon points=\"7.86 2 16.14 2 22 7.86 22 16.14 16.14 22 7.86 22 2 16.14 2 7.86 7.86 2\"\/><line x1=\"12\" y1=\"8\" x2=\"12\" y2=\"12\"\/><circle cx=\"12\" cy=\"16\" r=\"1\" fill=\"currentColor\" stroke=\"none\"\/><\/svg><\/div><div class=\"h2n-alert__content\">Esta es una gu\u00eda de soluci\u00f3n de problemas para Hand2Note 3, que ahora est\u00e1 desactualizado. Para las instrucciones m\u00e1s recientes sobre problemas de HUD en <strong>Hand2Note 4<\/strong>, consulta nuestra <a href=\"https:\/\/hand2noteguide.com\/es\/user-manual\/hand2note4-hud-problem\/\">gu\u00eda de soluci\u00f3n de problemas de HUD en Hand2Note 4<\/a>.<\/div><\/div>\n\n\n<p>Normalmente, el HUD aparece autom\u00e1ticamente cuando ejecutas Hand2Note y la aplicaci\u00f3n de la sala de p\u00f3ker simult\u00e1neamente. Pero, \u00bfqu\u00e9 hacer si el HUD de Hand2Note no aparece por alguna raz\u00f3n? Te proporcionaremos una gu\u00eda paso a paso para resolver el problema de no tener HUD en este art\u00edculo.<\/p>\n\n\n\n<figure class=\"wp-block-image size-large\"><img loading=\"lazy\" decoding=\"async\" width=\"913\" height=\"608\" src=\"https:\/\/hand2noteguide.com\/wp-content\/uploads\/2020\/07\/hand2note-hud-not-showing.png\" alt=\"hand2note hud not showing\" class=\"wp-image-3365\" srcset=\"https:\/\/hand2noteguide.com\/wp-content\/uploads\/2020\/07\/hand2note-hud-not-showing.png 913w, https:\/\/hand2noteguide.com\/wp-content\/uploads\/2020\/07\/hand2note-hud-not-showing-300x200.png 300w, https:\/\/hand2noteguide.com\/wp-content\/uploads\/2020\/07\/hand2note-hud-not-showing-768x511.png 768w, https:\/\/hand2noteguide.com\/wp-content\/uploads\/2020\/07\/hand2note-hud-not-showing-772x514.png 772w, https:\/\/hand2noteguide.com\/wp-content\/uploads\/2020\/07\/hand2note-hud-not-showing-624x416.png 624w\" sizes=\"auto, (max-width: 913px) 100vw, 913px\" \/><figcaption class=\"wp-element-caption\">Hand2Note y la sala de p\u00f3ker est\u00e1n abiertas, pero el HUD no funciona<\/figcaption><\/figure>\n\n\n\n<p>Bien, resolv\u00e1moslo. Nuestra gu\u00eda incluir\u00e1 pasos simples (no los omitas, \u00a1pueden ayudar!), y tambi\u00e9n algunos m\u00e1s espec\u00edficos.<\/p>\n\n\n\n<h2 class=\"wp-block-heading\">1. Aseg\u00farate de ejecutar una aplicaci\u00f3n compatible<\/h2>\n\n\n\n<p>Si est\u00e1s intentando obtener el HUD en los sitios m\u00e1s populares como <a href=\"https:\/\/hand2noteguide.com\/es\/pokerstars-hud\/\">PokerStars<\/a>, puedes proceder al siguiente paso con seguridad. Pero si es una sala menos popular, necesitas asegurarte de que sea compatible con Hand2Note. Echa un vistazo a la lista de <a href=\"https:\/\/hand2note.com\/Help\/pages\/SupportedRooms\/\">aplicaciones compatibles<\/a> y verifica. (Hay una lista separada de <a href=\"https:\/\/hand2noteguide.com\/es\/asian\/\">salas asi\u00e1ticas compatibles<\/a>). Si tu aplicaci\u00f3n no est\u00e1 en la lista, obviamente el HUD de Hand2Note no funcionar\u00e1 all\u00ed.<\/p>\n\n\n\n<h2 class=\"wp-block-heading\">2. Actualiza Hand2Note a la \u00faltima versi\u00f3n<\/h2>\n\n\n\n<p>Es mejor mantener el software de Hand2Note actualizado, ya que la \u00faltima versi\u00f3n puede contener correcciones para los problemas con tu sala. As\u00ed que si ves la inscripci\u00f3n de Actualizaciones en rojo, haz clic en ella e instala todas las actualizaciones disponibles.<\/p>\n\n\n\n<figure class=\"wp-block-image size-large\"><img loading=\"lazy\" decoding=\"async\" width=\"514\" height=\"248\" src=\"https:\/\/hand2noteguide.com\/wp-content\/uploads\/2020\/07\/hand2note-update.png\" alt=\"\" class=\"wp-image-3368\" srcset=\"https:\/\/hand2noteguide.com\/wp-content\/uploads\/2020\/07\/hand2note-update.png 514w, https:\/\/hand2noteguide.com\/wp-content\/uploads\/2020\/07\/hand2note-update-300x145.png 300w\" sizes=\"auto, (max-width: 514px) 100vw, 514px\" \/><figcaption class=\"wp-element-caption\">Actualiza Hand2Note para que el HUD funcione<\/figcaption><\/figure>\n\n\n\n<h2 class=\"wp-block-heading\">3. Instala las actualizaciones del sistema operativo Windows<\/h2>\n\n\n\n<p>Recomendamos instalar todas las actualizaciones disponibles de Windows tambi\u00e9n. En algunos casos, puede ayudar a resolver el problema del HUD de Hand2Note. Pero incluso si no ayuda con ese problema en tu caso, sigue siendo \u00fatil para un funcionamiento m\u00e1s estable del software Hand2Note.<\/p>\n\n\n\n<figure class=\"wp-block-image size-large\"><img loading=\"lazy\" decoding=\"async\" width=\"700\" height=\"278\" src=\"https:\/\/hand2noteguide.com\/wp-content\/uploads\/2020\/07\/windows-update.png\" alt=\"\" class=\"wp-image-3370\" srcset=\"https:\/\/hand2noteguide.com\/wp-content\/uploads\/2020\/07\/windows-update.png 700w, https:\/\/hand2noteguide.com\/wp-content\/uploads\/2020\/07\/windows-update-300x119.png 300w, https:\/\/hand2noteguide.com\/wp-content\/uploads\/2020\/07\/windows-update-624x248.png 624w\" sizes=\"auto, (max-width: 700px) 100vw, 700px\" \/><figcaption class=\"wp-element-caption\">Actualizar Windows tambi\u00e9n puede ser \u00fatil<\/figcaption><\/figure>\n\n\n\n<h2 class=\"wp-block-heading\">4. Ejecuta todas las aplicaciones como administrador<\/h2>\n\n\n\n<p>Hand2Note se ejecuta como administrador por defecto. Pero tu aplicaci\u00f3n de la sala de p\u00f3ker puede no hacer lo mismo. As\u00ed que cuando abras tu sala, haz clic derecho en su acceso directo y selecciona &#8220;Ejecutar como administrador&#8221;. Si juegas en aplicaciones asi\u00e1ticas a trav\u00e9s del emulador de Android, puedes omitir este paso.<\/p>\n\n\n\n<figure class=\"wp-block-image size-large\"><img loading=\"lazy\" decoding=\"async\" width=\"393\" height=\"273\" src=\"https:\/\/hand2noteguide.com\/wp-content\/uploads\/2020\/07\/pokerstars-admin.png\" alt=\"\" class=\"wp-image-3372\" srcset=\"https:\/\/hand2noteguide.com\/wp-content\/uploads\/2020\/07\/pokerstars-admin.png 393w, https:\/\/hand2noteguide.com\/wp-content\/uploads\/2020\/07\/pokerstars-admin-300x208.png 300w\" sizes=\"auto, (max-width: 393px) 100vw, 393px\" \/><figcaption class=\"wp-element-caption\">Ejecuta la aplicaci\u00f3n de la sala de p\u00f3ker como administrador<\/figcaption><\/figure>\n\n\n\n<h2 class=\"wp-block-heading\">5. Verifica si tu licencia de Hand2Note est\u00e1 activa<\/h2>\n\n\n\n<p>Si deseas mostrar el HUD en una de las salas europeas o americanas, la <a href=\"https:\/\/hand2noteguide.com\/es\/hand2note-for-free\/\">versi\u00f3n gratuita de Hand2Note<\/a> es adecuada para ti. As\u00ed que puedes omitir ese paso. Pero si est\u00e1s intentando usar el HUD en <a href=\"https:\/\/hand2noteguide.com\/es\/pokerbros-hud\/\">PokerBros<\/a>, <a href=\"https:\/\/hand2noteguide.com\/es\/pppoker-hud\/\">PPPoker<\/a>, o alguna otra aplicaci\u00f3n asi\u00e1tica, necesitas tener una licencia activa. Puede ser un per\u00edodo de prueba gratuito para salas asi\u00e1ticas, o una suscripci\u00f3n ASIA o PRO. Si no la tienes, puedes <a href=\"https:\/\/hand2noteguide.com\/es\/promo\/\">comprarla con descuento<\/a> con nuestro c\u00f3digo promocional. Recomendamos elegir la versi\u00f3n PRO, ya que contiene <a href=\"https:\/\/hand2noteguide.com\/es\/why-purchase-hand2note\/\">todas las funciones avanzadas<\/a> del software.<\/p>\n\n\n\n<figure class=\"wp-block-image size-large\"><img loading=\"lazy\" decoding=\"async\" width=\"445\" height=\"445\" src=\"https:\/\/hand2noteguide.com\/wp-content\/uploads\/2020\/07\/hand2note-range-pro.png\" alt=\"\" class=\"wp-image-3376\" srcset=\"https:\/\/hand2noteguide.com\/wp-content\/uploads\/2020\/07\/hand2note-range-pro.png 445w, https:\/\/hand2noteguide.com\/wp-content\/uploads\/2020\/07\/hand2note-range-pro-300x300.png 300w, https:\/\/hand2noteguide.com\/wp-content\/uploads\/2020\/07\/hand2note-range-pro-150x150.png 150w, https:\/\/hand2noteguide.com\/wp-content\/uploads\/2020\/07\/hand2note-range-pro-96x96.png 96w\" sizes=\"auto, (max-width: 445px) 100vw, 445px\" \/><figcaption class=\"wp-element-caption\">Los diagramas de rangos de manos de p\u00f3ker son parte de la versi\u00f3n PRO de Hand2Note<\/figcaption><\/figure>\n\n\n\n<h2 class=\"wp-block-heading\">6. Solo espera<\/h2>\n\n\n\n<p>El HUD puede no aparecer instant\u00e1neamente si comienzas a usar Hand2Note en la sala por primera vez. As\u00ed que intenta esperar unos minutos. Ten en cuenta que no tienes que sentarte en la mesa para obtener el HUD. Hand2Note deber\u00eda mostrar el HUD sobre los oponentes incluso si solo est\u00e1s observando el juego.<\/p>\n\n\n\n<figure class=\"wp-block-image size-large\"><img loading=\"lazy\" decoding=\"async\" width=\"650\" height=\"476\" src=\"https:\/\/hand2noteguide.com\/wp-content\/uploads\/2020\/07\/hand2note-pokerstars-hud.png\" alt=\"\" class=\"wp-image-3374\" srcset=\"https:\/\/hand2noteguide.com\/wp-content\/uploads\/2020\/07\/hand2note-pokerstars-hud.png 650w, https:\/\/hand2noteguide.com\/wp-content\/uploads\/2020\/07\/hand2note-pokerstars-hud-300x220.png 300w, https:\/\/hand2noteguide.com\/wp-content\/uploads\/2020\/07\/hand2note-pokerstars-hud-624x457.png 624w\" sizes=\"auto, (max-width: 650px) 100vw, 650px\" \/><figcaption class=\"wp-element-caption\">El HUD de Hand2Note se muestra en modo observador en PokerStars<\/figcaption><\/figure>\n\n\n\n<h2 class=\"wp-block-heading\">7. Reinicia todo dos veces<\/h2>\n\n\n\n<p>Es obvio, pero en un n\u00famero bastante grande de casos, esto puede ayudar. As\u00ed que intenta reiniciar:<\/p>\n\n\n\n<ul class=\"wp-block-list\">\n<li>tu PC;<\/li>\n\n\n\n<li>el router WiFi;<\/li>\n\n\n\n<li>Hand2Note;<\/li>\n\n\n\n<li>la aplicaci\u00f3n de la sala de p\u00f3ker.<\/li>\n<\/ul>\n\n\n\n<p>No tendr\u00e1s que hacer esto cada vez. Solo se necesita una vez para que Hand2Note capture el tr\u00e1fico de tu aplicaci\u00f3n.<\/p>\n\n\n\n<h2 class=\"wp-block-heading\">8. \u00bfQu\u00e9 hacer si nada ayud\u00f3?<\/h2>\n\n\n\n<p>Si completaste todos los pasos, pero a\u00fan no hay HUD en las mesas, tal vez haya un problema espec\u00edfico en tu configuraci\u00f3n. O tambi\u00e9n puede ser un problema general de Hand2Note despu\u00e9s de la actualizaci\u00f3n de una aplicaci\u00f3n de sala en particular. Por favor, contacta al <a href=\"https:\/\/hand2noteguide.com\/es\/hand2note-official-support\/\">equipo de soporte de Hand2Note<\/a>. Ellos te proporcionar\u00e1n la informaci\u00f3n m\u00e1s reciente sobre ciertas salas y te ayudar\u00e1n a obtener el HUD si todo est\u00e1 bien del lado de Hand2Note.<\/p>\n\n\n\n<p style=\"margin-top:24px\"><a style=\"font-weight:bold !important\" href=\"\/es\/hand2note-official-support\/\" class=\"article-action-link\">Contactar al equipo de soporte de Hand2Note \u2192<\/a><\/p>\n","protected":false},"excerpt":{"rendered":"<p>Normalmente, el HUD aparece autom\u00e1ticamente cuando ejecutas Hand2Note y la aplicaci\u00f3n de la sala de p\u00f3ker simult\u00e1neamente. Pero, \u00bfqu\u00e9 hacer si el HUD de Hand2Note no aparece por alguna raz\u00f3n? Te proporcionaremos una gu\u00eda paso a paso para resolver el problema de no tener HUD en este art\u00edculo. Bien, resolv\u00e1moslo. Nuestra gu\u00eda incluir\u00e1 pasos simples &hellip; <a href=\"https:\/\/hand2noteguide.com\/es\/issues-resolving\/hud-not-showing\/\" class=\"more-link\">Continue reading <span class=\"screen-reader-text\">El HUD no aparece. \u00bfQu\u00e9 hacer?<\/span><\/a><\/p>\n","protected":false},"author":1,"featured_media":0,"parent":236,"menu_order":0,"comment_status":"closed","ping_status":"closed","template":"","meta":{"footnotes":""},"class_list":["post-3334","page","type-page","status-publish","hentry"],"translation":{"provider":"WPGlobus","version":"3.0.2","language":"es","enabled_languages":["en","ru","pt","zh","es","fr","de","it","ja"],"languages":{"en":{"title":true,"content":true,"excerpt":false},"ru":{"title":true,"content":true,"excerpt":false},"pt":{"title":true,"content":true,"excerpt":false},"zh":{"title":true,"content":true,"excerpt":false},"es":{"title":true,"content":true,"excerpt":false},"fr":{"title":true,"content":true,"excerpt":false},"de":{"title":true,"content":true,"excerpt":false},"it":{"title":true,"content":true,"excerpt":false},"ja":{"title":true,"content":true,"excerpt":false}}},"yoast_head":"<!-- This site is optimized with the Yoast SEO plugin v27.0 - https:\/\/yoast.com\/product\/yoast-seo-wordpress\/ -->\n<title>\u00bfEl HUD de Hand2Note no funciona? 7 pasos para resolver el problema de &quot;No HUD&quot;<\/title>\n<meta name=\"description\" content=\"Si el HUD de Hand2Note no funciona por alguna raz\u00f3n, no te preocupes. Proporcionamos una gu\u00eda paso a paso sobre c\u00f3mo resolver el problema de no tener HUD. Obtendr\u00e1s el HUD en tu sala de p\u00f3ker.\" \/>\n<meta name=\"robots\" content=\"index, follow, max-snippet:-1, max-image-preview:large, max-video-preview:-1\" \/>\n<link rel=\"canonical\" href=\"https:\/\/hand2noteguide.com\/issues-resolving\/hud-not-showing\/\" \/>\n<meta property=\"og:locale\" content=\"es_ES\" \/>\n<meta property=\"og:type\" content=\"article\" \/>\n<meta property=\"og:title\" content=\"\u00bfEl HUD de Hand2Note no funciona? 7 pasos para resolver el problema de &quot;No HUD&quot;\" \/>\n<meta property=\"og:description\" content=\"Si el HUD de Hand2Note no funciona por alguna raz\u00f3n, no te preocupes. Proporcionamos una gu\u00eda paso a paso sobre c\u00f3mo resolver el problema de no tener HUD. Obtendr\u00e1s el HUD en tu sala de p\u00f3ker.\" \/>\n<meta property=\"og:url\" content=\"https:\/\/hand2noteguide.com\/issues-resolving\/hud-not-showing\/\" \/>\n<meta property=\"og:site_name\" content=\"Hand2Note Guide\" \/>\n<meta property=\"article:modified_time\" content=\"2026-02-21T18:01:32+00:00\" \/>\n<meta property=\"og:image\" content=\"https:\/\/hand2noteguide.com\/wp-content\/uploads\/2020\/07\/hand2note-hud-not-showing.png\" \/>\n<meta name=\"twitter:card\" content=\"summary_large_image\" \/>\n<meta name=\"twitter:label1\" content=\"Est. reading time\" \/>\n\t<meta name=\"twitter:data1\" content=\"23 minutes\" \/>\n<!-- \/ Yoast SEO plugin. -->","yoast_head_json":{"title":"\u00bfEl HUD de Hand2Note no funciona? 7 pasos para resolver el problema de \"No HUD\"","description":"Si el HUD de Hand2Note no funciona por alguna raz\u00f3n, no te preocupes. Proporcionamos una gu\u00eda paso a paso sobre c\u00f3mo resolver el problema de no tener HUD. Obtendr\u00e1s el HUD en tu sala de p\u00f3ker.","robots":{"index":"index","follow":"follow","max-snippet":"max-snippet:-1","max-image-preview":"max-image-preview:large","max-video-preview":"max-video-preview:-1"},"canonical":"https:\/\/hand2noteguide.com\/issues-resolving\/hud-not-showing\/","og_locale":"es_ES","og_type":"article","og_title":"\u00bfEl HUD de Hand2Note no funciona? 7 pasos para resolver el problema de \"No HUD\"","og_description":"Si el HUD de Hand2Note no funciona por alguna raz\u00f3n, no te preocupes. Proporcionamos una gu\u00eda paso a paso sobre c\u00f3mo resolver el problema de no tener HUD. Obtendr\u00e1s el HUD en tu sala de p\u00f3ker.","og_url":"https:\/\/hand2noteguide.com\/issues-resolving\/hud-not-showing\/","og_site_name":"Hand2Note Guide","article_modified_time":"2026-02-21T18:01:32+00:00","og_image":[{"url":"https:\/\/hand2noteguide.com\/wp-content\/uploads\/2020\/07\/hand2note-hud-not-showing.png","type":"","width":"","height":""}],"twitter_card":"summary_large_image","twitter_misc":{"Est. reading time":"23 minutes"},"schema":{"@context":"https:\/\/schema.org","@graph":[]}},"jetpack_sharing_enabled":true,"_links":{"self":[{"href":"https:\/\/hand2noteguide.com\/es\/wp-json\/wp\/v2\/pages\/3334","targetHints":{"allow":["GET"]}}],"collection":[{"href":"https:\/\/hand2noteguide.com\/es\/wp-json\/wp\/v2\/pages"}],"about":[{"href":"https:\/\/hand2noteguide.com\/es\/wp-json\/wp\/v2\/types\/page"}],"author":[{"embeddable":true,"href":"https:\/\/hand2noteguide.com\/es\/wp-json\/wp\/v2\/users\/1"}],"replies":[{"embeddable":true,"href":"https:\/\/hand2noteguide.com\/es\/wp-json\/wp\/v2\/comments?post=3334"}],"version-history":[{"count":60,"href":"https:\/\/hand2noteguide.com\/es\/wp-json\/wp\/v2\/pages\/3334\/revisions"}],"predecessor-version":[{"id":13498,"href":"https:\/\/hand2noteguide.com\/es\/wp-json\/wp\/v2\/pages\/3334\/revisions\/13498"}],"up":[{"embeddable":true,"href":"https:\/\/hand2noteguide.com\/es\/wp-json\/wp\/v2\/pages\/236"}],"wp:attachment":[{"href":"https:\/\/hand2noteguide.com\/es\/wp-json\/wp\/v2\/media?parent=3334"}],"curies":[{"name":"wp","href":"https:\/\/api.w.org\/{rel}","templated":true}]}}