{"id":3424,"date":"2020-07-15T21:57:55","date_gmt":"2020-07-15T18:57:55","guid":{"rendered":"http:\/\/hand2noteguide.com\/?page_id=3424"},"modified":"2026-02-21T20:59:35","modified_gmt":"2026-02-21T17:59:35","slug":"range-research","status":"publish","type":"page","link":"https:\/\/hand2noteguide.com\/es\/guide\/range-research\/","title":{"rendered":"Range Research (Poker MDA)"},"content":{"rendered":"<div class=\"wp-block-h2n-alert h2n-alert h2n-alert--danger\"><div class=\"h2n-alert__icon\" aria-hidden=\"true\"><svg width=\"22\" height=\"22\" viewBox=\"0 0 24 24\" fill=\"none\" stroke=\"currentColor\" stroke-width=\"2\" stroke-linecap=\"round\" stroke-linejoin=\"round\"><polygon points=\"7.86 2 16.14 2 22 7.86 22 16.14 16.14 22 7.86 22 2 16.14 2 7.86 7.86 2\"\/><line x1=\"12\" y1=\"8\" x2=\"12\" y2=\"12\"\/><circle cx=\"12\" cy=\"16\" r=\"1\" fill=\"currentColor\" stroke=\"none\"\/><\/svg><\/div><div class=\"h2n-alert__content\">Range Research es una funci\u00f3n heredada de Hand2Note 3, que ahora est\u00e1 desactualizado. En la versi\u00f3n m\u00e1s reciente, Hand2Note 4, Range Research ha sido reemplazado por <strong>Multiple Player Reports<\/strong>. Consulta nuestra <a href=\"https:\/\/hand2noteguide.com\/es\/user-manual\/the-multiple-players-tool-in-hand2note-range-research\/\">gu\u00eda sobre la herramienta Multiple Player Reports<\/a>.<\/div><\/div>\n\n\n<p>Range Research es una herramienta de poker de <a href=\"https:\/\/hand2note.com\/es\/\" target=\"_blank\" aria-label=\"undefined (opens in a new tab)\" rel=\"noreferrer noopener\">Hand2Note<\/a> que te permite explorar las tendencias del grupo de jugadores. Es una de las funciones m\u00e1s poderosas de Hand2Note. Range Research est\u00e1 disponible solo en los planes de suscripci\u00f3n PRO o EDGE. Si a\u00fan no tienes una licencia, puedes <a href=\"https:\/\/hand2noteguide.com\/es\/promo\/\">comprarla con descuento con nuestro cup\u00f3n de Hand2Note<\/a>.<\/p>\n\n\n\n<p>La funci\u00f3n de Range Research te ofrece incre\u00edbles posibilidades para investigar a fondo el juego de tu oponente. Puedes descubrir:<\/p>\n\n\n\n<ul class=\"wp-block-list\">\n<li>qu\u00e9 frecuencias y rangos usan los mejores regulares;<\/li>\n\n\n\n<li>c\u00f3mo los fishes agresivos hacen overbet en el <a href=\"https:\/\/hand2noteguide.com\/es\/poker\/poker-streets\/\">river<\/a> en una textura de tablero espec\u00edfica;<\/li>\n\n\n\n<li>cu\u00e1n ajustados son los regulares al hacer 4bet en preflop en <a href=\"https:\/\/hand2noteguide.com\/es\/poker\/poker-positions\/\">posiciones<\/a> espec\u00edficas;<\/li>\n\n\n\n<li>y muchos otros.<\/li>\n<\/ul>\n\n\n\n<figure class=\"wp-block-image size-large\"><img loading=\"lazy\" decoding=\"async\" width=\"1024\" height=\"566\" src=\"https:\/\/hand2noteguide.com\/wp-content\/uploads\/2020\/07\/Hand2Note-Range-Research-1024x566.png\" alt=\"Hand2Note Range Research\" class=\"wp-image-3459\" srcset=\"https:\/\/hand2noteguide.com\/wp-content\/uploads\/2020\/07\/Hand2Note-Range-Research-1024x566.png 1024w, https:\/\/hand2noteguide.com\/wp-content\/uploads\/2020\/07\/Hand2Note-Range-Research-300x166.png 300w, https:\/\/hand2noteguide.com\/wp-content\/uploads\/2020\/07\/Hand2Note-Range-Research-768x424.png 768w, https:\/\/hand2noteguide.com\/wp-content\/uploads\/2020\/07\/Hand2Note-Range-Research-772x426.png 772w, https:\/\/hand2noteguide.com\/wp-content\/uploads\/2020\/07\/Hand2Note-Range-Research-624x345.png 624w, https:\/\/hand2noteguide.com\/wp-content\/uploads\/2020\/07\/Hand2Note-Range-Research.png 1249w\" sizes=\"auto, (max-width: 1024px) 100vw, 1024px\" \/><figcaption class=\"wp-element-caption\">Ventana de inicio de Range Research<\/figcaption><\/figure>\n\n\n\n<p>As\u00ed, puedes obtener conocimiento sobre c\u00f3mo juegan los jugadores de poker con criterios espec\u00edficos en todos los posibles escenarios de juego.<\/p>\n\n\n\n<h2 class=\"wp-block-heading\">\u00bfC\u00f3mo usar Range Research?<\/h2>\n\n\n\n<p>El principio b\u00e1sico de trabajo con esta herramienta es el siguiente:<\/p>\n\n\n\n<ol class=\"wp-block-list\">\n<li>Configuras los par\u00e1metros del informe y criterios espec\u00edficos para filtrar jugadores.<\/li>\n\n\n\n<li>Hand2Note escanea tu base de datos y encuentra a todos los jugadores cuyas estad\u00edsticas se ajustan a los par\u00e1metros especificados.<\/li>\n\n\n\n<li>Ves el popup con una muestra combinada de todos los jugadores encontrados.<\/li>\n<\/ol>\n\n\n\n<p>Por ejemplo, vamos a crear un informe simple para jugadores regulares. Abre Range Research, crea un nuevo informe y n\u00f3mbralo &#8220;Todos los regs&#8221;. Selecciona tu tipo de juego y establece el filtro &#8220;Es reg&#8221; en el bloque de Base Stats. Luego haz clic en &#8220;Build&#8221;.<\/p>\n\n\n\n<figure class=\"wp-block-image size-large\"><img loading=\"lazy\" decoding=\"async\" width=\"1024\" height=\"594\" src=\"https:\/\/hand2noteguide.com\/wp-content\/uploads\/2020\/07\/range-research-regs-report-1024x594.png\" alt=\"Range Research report for regular players\" class=\"wp-image-3473\" srcset=\"https:\/\/hand2noteguide.com\/wp-content\/uploads\/2020\/07\/range-research-regs-report-1024x594.png 1024w, https:\/\/hand2noteguide.com\/wp-content\/uploads\/2020\/07\/range-research-regs-report-300x174.png 300w, https:\/\/hand2noteguide.com\/wp-content\/uploads\/2020\/07\/range-research-regs-report-768x446.png 768w, https:\/\/hand2noteguide.com\/wp-content\/uploads\/2020\/07\/range-research-regs-report-772x448.png 772w, https:\/\/hand2noteguide.com\/wp-content\/uploads\/2020\/07\/range-research-regs-report-624x362.png 624w, https:\/\/hand2noteguide.com\/wp-content\/uploads\/2020\/07\/range-research-regs-report.png 1125w\" sizes=\"auto, (max-width: 1024px) 100vw, 1024px\" \/><figcaption class=\"wp-element-caption\">Configuraci\u00f3n del informe de Range Research para jugadores regulares<\/figcaption><\/figure>\n\n\n\n<p>Como resultado, obtuvimos el popup general con estad\u00edsticas resumidas para todos los regs de la base de datos. Podemos investigar sus frecuencias y composiciones de rangos en diferentes situaciones de juego.<\/p>\n\n\n\n<figure class=\"wp-block-image size-large\"><img loading=\"lazy\" decoding=\"async\" width=\"1024\" height=\"639\" src=\"https:\/\/hand2noteguide.com\/wp-content\/uploads\/2020\/07\/range-research-result-1024x639.png\" alt=\"Range Research results\" class=\"wp-image-3475\" srcset=\"https:\/\/hand2noteguide.com\/wp-content\/uploads\/2020\/07\/range-research-result-1024x639.png 1024w, https:\/\/hand2noteguide.com\/wp-content\/uploads\/2020\/07\/range-research-result-300x187.png 300w, https:\/\/hand2noteguide.com\/wp-content\/uploads\/2020\/07\/range-research-result-768x479.png 768w, https:\/\/hand2noteguide.com\/wp-content\/uploads\/2020\/07\/range-research-result-772x482.png 772w, https:\/\/hand2noteguide.com\/wp-content\/uploads\/2020\/07\/range-research-result-624x389.png 624w, https:\/\/hand2noteguide.com\/wp-content\/uploads\/2020\/07\/range-research-result.png 1154w\" sizes=\"auto, (max-width: 1024px) 100vw, 1024px\" \/><figcaption class=\"wp-element-caption\">Popup resultante con muestra combinada de todos los regulares<\/figcaption><\/figure>\n\n\n\n<p>En nuestro ejemplo usamos la configuraci\u00f3n predeterminada, por lo que obtuvimos el popup general est\u00e1ndar como resultado de nuestro informe. Pero tambi\u00e9n puedes usar popups m\u00e1s avanzados para investigar a fondo todas las posibles l\u00edneas, tama\u00f1os y texturas de tablero.<\/p>\n\n\n\n<p>Echa un vistazo a los paquetes especiales de <a aria-label=\"undefined (opens in a new tab)\" href=\"https:\/\/hand2noteguide.com\/es\/hud-store\/#package_tank_mda\" target=\"_blank\" rel=\"noreferrer noopener\">popups de Range Research<\/a> en nuestra tienda.<\/p>\n\n\n\n<figure class=\"wp-block-image size-large\"><img loading=\"lazy\" decoding=\"async\" width=\"1024\" height=\"951\" src=\"http:\/\/hand2noteguide.com\/wp-content\/uploads\/2020\/08\/3a-preflop-Overall-1024x951.png\" alt=\"\" class=\"wp-image-3636\" srcset=\"https:\/\/hand2noteguide.com\/wp-content\/uploads\/2020\/08\/3a-preflop-Overall-1024x951.png 1024w, https:\/\/hand2noteguide.com\/wp-content\/uploads\/2020\/08\/3a-preflop-Overall-300x279.png 300w, https:\/\/hand2noteguide.com\/wp-content\/uploads\/2020\/08\/3a-preflop-Overall-768x714.png 768w, https:\/\/hand2noteguide.com\/wp-content\/uploads\/2020\/08\/3a-preflop-Overall-772x717.png 772w, https:\/\/hand2noteguide.com\/wp-content\/uploads\/2020\/08\/3a-preflop-Overall-624x580.png 624w, https:\/\/hand2noteguide.com\/wp-content\/uploads\/2020\/08\/3a-preflop-Overall.png 1158w\" sizes=\"auto, (max-width: 1024px) 100vw, 1024px\" \/><figcaption class=\"wp-element-caption\">Este popup es parte del paquete <a href=\"https:\/\/hand2noteguide.com\/es\/hud-store\/tank-mda\/\" target=\"_blank\" aria-label=\"undefined (opens in a new tab)\" rel=\"noreferrer noopener\">TANK MDA<\/a><\/figcaption><\/figure>\n\n\n\n<h2 class=\"wp-block-heading\">Quiero aprender m\u00e1s<\/h2>\n\n\n\n<p>Si deseas estudiar todas las capacidades de Hand2Note y Range Research, presta atenci\u00f3n a mi <a href=\"https:\/\/hand2noteguide.com\/es\/video-course\/\">curso en video<\/a>.<\/p>\n\n\n\n<figure class=\"wp-block-image size-large\"><a href=\"https:\/\/nickjames.teachable.com\/courses\/hand2note-professional-usage\/lectures\/14423550?utm_source=hand2noteguide.com&amp;utm_medium=referral&amp;utm_campaign=hand2noteguide.com\" target=\"_blank\" rel=\"noopener noreferrer\"><img loading=\"lazy\" decoding=\"async\" width=\"954\" height=\"652\" src=\"http:\/\/hand2noteguide.com\/wp-content\/uploads\/2020\/09\/hand2note-video-course-2.png\" alt=\"\" class=\"wp-image-4040\" srcset=\"https:\/\/hand2noteguide.com\/wp-content\/uploads\/2020\/09\/hand2note-video-course-2.png 954w, https:\/\/hand2noteguide.com\/wp-content\/uploads\/2020\/09\/hand2note-video-course-2-300x205.png 300w, https:\/\/hand2noteguide.com\/wp-content\/uploads\/2020\/09\/hand2note-video-course-2-768x525.png 768w, https:\/\/hand2noteguide.com\/wp-content\/uploads\/2020\/09\/hand2note-video-course-2-772x528.png 772w, https:\/\/hand2noteguide.com\/wp-content\/uploads\/2020\/09\/hand2note-video-course-2-624x426.png 624w\" sizes=\"auto, (max-width: 954px) 100vw, 954px\" \/><\/a><figcaption class=\"wp-element-caption\">Una parte del <a href=\"https:\/\/hand2noteguide.com\/es\/video-course\/\">curso en video de Hand2Note<\/a><\/figcaption><\/figure>\n\n\n\n<p>Es un curso completo que cubre todas las funciones de Hand2Note. Pero incluso si solo quieres aprender sobre Range Research, te recomiendo que completes todo el curso. Hay muchos temas secundarios que pueden mejorar significativamente tu trabajo con Range Research y la eficiencia de tu an\u00e1lisis en general:<\/p>\n\n\n\n<ul class=\"wp-block-list\">\n<li>Sistema de reconocimiento de Reg\/Fish<\/li>\n\n\n\n<li>Estad\u00edsticas Plain y Expression en Hand2Note<\/li>\n\n\n\n<li>Popup extendido sobre estad\u00edsticas (incluyendo diagramas preflop y postflop)<\/li>\n\n\n\n<li>Personalizaci\u00f3n de texturas de tablero<\/li>\n\n\n\n<li>etc.<\/li>\n<\/ul>\n\n\n\n<p>Despu\u00e9s de completar el curso tendr\u00e1s todo el conocimiento necesario para trabajar profesionalmente con Range Research y Hand2Note en general.<\/p>\n\n\n\n<p>Como alternativa, puedes usar <a href=\"https:\/\/hand2noteguide.com\/es\/training\/\">sesiones de coaching<\/a>. Podr\u00eda ser una opci\u00f3n decente si tienes un conjunto de preguntas espec\u00edficas y buscas un enfoque m\u00e1s personalizado.<\/p>\n","protected":false},"excerpt":{"rendered":"<p>Range Research es una herramienta de poker de Hand2Note que te permite explorar las tendencias del grupo de jugadores. Es una de las funciones m\u00e1s poderosas de Hand2Note. Range Research est\u00e1 disponible solo en los planes de suscripci\u00f3n PRO o EDGE. Si a\u00fan no tienes una licencia, puedes comprarla con descuento con nuestro cup\u00f3n de &hellip; <a href=\"https:\/\/hand2noteguide.com\/es\/guide\/range-research\/\" class=\"more-link\">Continue reading <span class=\"screen-reader-text\">Range Research (Poker MDA)<\/span><\/a><\/p>\n","protected":false},"author":1,"featured_media":0,"parent":74,"menu_order":0,"comment_status":"closed","ping_status":"closed","template":"","meta":{"footnotes":""},"class_list":["post-3424","page","type-page","status-publish","hentry"],"translation":{"provider":"WPGlobus","version":"3.0.2","language":"es","enabled_languages":["en","ru","pt","zh","es","fr","de","it","ja"],"languages":{"en":{"title":true,"content":true,"excerpt":false},"ru":{"title":true,"content":true,"excerpt":false},"pt":{"title":true,"content":true,"excerpt":false},"zh":{"title":true,"content":true,"excerpt":false},"es":{"title":true,"content":true,"excerpt":false},"fr":{"title":true,"content":true,"excerpt":false},"de":{"title":true,"content":true,"excerpt":false},"it":{"title":true,"content":true,"excerpt":false},"ja":{"title":true,"content":true,"excerpt":false}}},"yoast_head":"<!-- This site is optimized with the Yoast SEO plugin v27.0 - https:\/\/yoast.com\/product\/yoast-seo-wordpress\/ -->\n<title>Range Research en Hand2Note: Explora las Estad\u00edsticas del Grupo de Jugadores con MDA<\/title>\n<meta name=\"description\" content=\"Aprende a usar Range Research en Hand2Note para analizar las tendencias y frecuencias del grupo de jugadores. Crea informes personalizados y mejora tu estrategia con MDA.\" \/>\n<meta name=\"robots\" content=\"index, follow, max-snippet:-1, max-image-preview:large, max-video-preview:-1\" \/>\n<link rel=\"canonical\" href=\"https:\/\/hand2noteguide.com\/guide\/range-research\/\" \/>\n<meta property=\"og:locale\" content=\"es_ES\" \/>\n<meta property=\"og:type\" content=\"article\" \/>\n<meta property=\"og:title\" content=\"Range Research en Hand2Note: Explora las Estad\u00edsticas del Grupo de Jugadores con MDA\" \/>\n<meta property=\"og:description\" content=\"Aprende a usar Range Research en Hand2Note para analizar las tendencias y frecuencias del grupo de jugadores. Crea informes personalizados y mejora tu estrategia con MDA.\" \/>\n<meta property=\"og:url\" content=\"https:\/\/hand2noteguide.com\/guide\/range-research\/\" \/>\n<meta property=\"og:site_name\" content=\"Hand2Note Guide\" \/>\n<meta property=\"article:modified_time\" content=\"2026-02-21T17:59:35+00:00\" \/>\n<meta property=\"og:image\" content=\"https:\/\/hand2noteguide.com\/wp-content\/uploads\/2020\/07\/Hand2Note-Range-Research-1024x566.png\" \/>\n<meta name=\"twitter:card\" content=\"summary_large_image\" \/>\n<meta name=\"twitter:label1\" content=\"Est. reading time\" \/>\n\t<meta name=\"twitter:data1\" content=\"17 minutes\" \/>\n<!-- \/ Yoast SEO plugin. -->","yoast_head_json":{"title":"Range Research en Hand2Note: Explora las Estad\u00edsticas del Grupo de Jugadores con MDA","description":"Aprende a usar Range Research en Hand2Note para analizar las tendencias y frecuencias del grupo de jugadores. Crea informes personalizados y mejora tu estrategia con MDA.","robots":{"index":"index","follow":"follow","max-snippet":"max-snippet:-1","max-image-preview":"max-image-preview:large","max-video-preview":"max-video-preview:-1"},"canonical":"https:\/\/hand2noteguide.com\/guide\/range-research\/","og_locale":"es_ES","og_type":"article","og_title":"Range Research en Hand2Note: Explora las Estad\u00edsticas del Grupo de Jugadores con MDA","og_description":"Aprende a usar Range Research en Hand2Note para analizar las tendencias y frecuencias del grupo de jugadores. Crea informes personalizados y mejora tu estrategia con MDA.","og_url":"https:\/\/hand2noteguide.com\/guide\/range-research\/","og_site_name":"Hand2Note Guide","article_modified_time":"2026-02-21T17:59:35+00:00","og_image":[{"url":"https:\/\/hand2noteguide.com\/wp-content\/uploads\/2020\/07\/Hand2Note-Range-Research-1024x566.png","type":"","width":"","height":""}],"twitter_card":"summary_large_image","twitter_misc":{"Est. reading time":"17 minutes"},"schema":{"@context":"https:\/\/schema.org","@graph":[]}},"jetpack_sharing_enabled":true,"_links":{"self":[{"href":"https:\/\/hand2noteguide.com\/es\/wp-json\/wp\/v2\/pages\/3424","targetHints":{"allow":["GET"]}}],"collection":[{"href":"https:\/\/hand2noteguide.com\/es\/wp-json\/wp\/v2\/pages"}],"about":[{"href":"https:\/\/hand2noteguide.com\/es\/wp-json\/wp\/v2\/types\/page"}],"author":[{"embeddable":true,"href":"https:\/\/hand2noteguide.com\/es\/wp-json\/wp\/v2\/users\/1"}],"replies":[{"embeddable":true,"href":"https:\/\/hand2noteguide.com\/es\/wp-json\/wp\/v2\/comments?post=3424"}],"version-history":[{"count":51,"href":"https:\/\/hand2noteguide.com\/es\/wp-json\/wp\/v2\/pages\/3424\/revisions"}],"predecessor-version":[{"id":15254,"href":"https:\/\/hand2noteguide.com\/es\/wp-json\/wp\/v2\/pages\/3424\/revisions\/15254"}],"up":[{"embeddable":true,"href":"https:\/\/hand2noteguide.com\/es\/wp-json\/wp\/v2\/pages\/74"}],"wp:attachment":[{"href":"https:\/\/hand2noteguide.com\/es\/wp-json\/wp\/v2\/media?parent=3424"}],"curies":[{"name":"wp","href":"https:\/\/api.w.org\/{rel}","templated":true}]}}