{"id":372,"date":"2018-08-10T15:08:01","date_gmt":"2018-08-10T12:08:01","guid":{"rendered":"https:\/\/h2n312.wordpress.com\/?page_id=372"},"modified":"2025-06-04T18:58:31","modified_gmt":"2025-06-04T15:58:31","slug":"hud","status":"publish","type":"page","link":"https:\/\/hand2noteguide.com\/es\/guide\/hud\/","title":{"rendered":"HUD"},"content":{"rendered":"\n<h2 class=\"wp-block-heading\">Perfiles predeterminados<\/h2>\n\n\n\n<p>Hand2Note viene con dos perfiles est\u00e1ndar de HUDs y popups &#8211; <em>default<\/em> y <em>PokerMaster default<\/em>. Contienen un conjunto b\u00e1sico de stats, suficiente para un juego confiado a nivel inicial. Sin embargo, estos HUDs tambi\u00e9n pueden ser utilizados por regulares experimentados, por ejemplo, en <a href=\"https:\/\/hand2noteguide.com\/es\/asian\/\">salas asi\u00e1ticas<\/a>, donde la muestra de jugadores a menudo es insuficiente para el uso productivo de HUDs complejos.<\/p>\n\n\n\n<h2 class=\"wp-block-heading\">Creaci\u00f3n de HUD<\/h2>\n\n\n\n<p>Hand2Note tiene herramientas muy flexibles para dise\u00f1ar tu HUD. Si vas a crear un HUD por ti mismo, primero lee las instrucciones para <a rel=\"noreferrer noopener\" href=\"http:\/\/www.hand2note.com\/Help\/Index\/HUDCustomization\" target=\"_blank\">crear HUD<\/a> y <a href=\"https:\/\/hand2noteguide.com\/es\/guide\/creating-stats\/\">crear stats<\/a>. Tambi\u00e9n puedes tomar&nbsp;<a href=\"https:\/\/hand2noteguide.com\/es\/training\/\">lecciones personales<\/a> sobre la creaci\u00f3n de un HUD de cualquier complejidad.<\/p>\n\n\n\n\n<!-- Page-list plugin v.5.2 wordpress.org\/plugins\/page-list\/ -->\n<ul class=\"page-list \">\n<li class=\"page_item page-item-367\"><a href=\"https:\/\/hand2noteguide.com\/es\/guide\/hud\/add-aggression-wtsd\/\">C\u00f3mo insertar estad\u00edsticas de agresi\u00f3n y showdown en el HUD<\/a><\/li>\n<li class=\"page_item page-item-402\"><a href=\"https:\/\/hand2noteguide.com\/es\/guide\/hud\/add-hands-counter\/\">\u00bfC\u00f3mo insertar el contador de manos?<\/a><\/li>\n<li class=\"page_item page-item-396\"><a href=\"https:\/\/hand2noteguide.com\/es\/guide\/hud\/add-abbreviations\/\">\u00bfC\u00f3mo agregar abreviaturas a las stats?<\/a><\/li>\n<li class=\"page_item page-item-375\"><a href=\"https:\/\/hand2noteguide.com\/es\/guide\/hud\/add-nickname-winrate-stacksize\/\">C\u00f3mo insertar apodo, winrate y tama\u00f1o de stack en el HUD<\/a><\/li>\n\n<\/ul>\n\n\n\n<h2 class=\"wp-block-heading\">Importaci\u00f3n desde HM2\/PT4<\/h2>\n\n\n\n<p>La importaci\u00f3n autom\u00e1tica de HUD desde otros trackers no es compatible. As\u00ed que si deseas importar tu HUD y popups desde otro tracker, utiliza el <a rel=\"noreferrer noopener\" href=\"http:\/\/www.hand2note.com\/Help\/Index\/OrderCustomHUD\" target=\"_blank\">servicio de pedido de HUD privado<\/a>. Ten en cuenta que este servicio es de pago. Lee cuidadosamente la informaci\u00f3n en el enlace. Si est\u00e1s satisfecho con las condiciones, env\u00eda una solicitud al <a href=\"https:\/\/hand2noteguide.com\/es\/hand2note-official-support\/\">servicio de soporte<\/a>.<\/p>\n\n\n\n<h2 class=\"wp-block-heading\">Paquetes ya hechos<\/h2>\n\n\n\n<p>Puedes elegir uno de los paquetes comerciales ya hechos en la <a rel=\"noreferrer noopener\" href=\"http:\/\/www.hand2note.com\/Shop\" target=\"_blank\">tienda oficial<\/a>. Los desarrolladores de paquetes suelen ofrecer per\u00edodos de prueba gratuitos para sus productos. Por lo tanto, puedes contactar a los autores y probar varias opciones, y luego elegir la m\u00e1s adecuada para ti. Puedes encontrar los contactos de los desarrolladores en la descripci\u00f3n de cada producto en la tienda. Ten en cuenta que para usar paquetes comerciales, debes tener una <a href=\"https:\/\/hand2noteguide.com\/es\/guide\/serial-key\/\">clave de licencia de Hand2Note<\/a>. Es decir, necesitas al menos una vez comprar alguna <a href=\"https:\/\/hand2noteguide.com\/es\/guide\/choose-subscription\/\">suscripci\u00f3n<\/a>. Adem\u00e1s, si juegas en micro stakes, no es necesario renovar la suscripci\u00f3n.<\/p>\n\n\n\n<h2 class=\"wp-block-heading\">Preguntas frecuentes sobre HUD<\/h2>\n\n\n\n\n<!-- Page-list plugin v.5.2 wordpress.org\/plugins\/page-list\/ -->\n<ul class=\"page-list \">\n<li class=\"page_item page-item-1556\"><a href=\"https:\/\/hand2noteguide.com\/es\/guide\/hud\/different-huds-in-different-rooms\/\">Usar diferentes HUDs en diferentes salas<\/a><\/li>\n<li class=\"page_item page-item-379\"><a href=\"https:\/\/hand2noteguide.com\/es\/guide\/hud\/activate-session-hud\/\">C\u00f3mo activar el HUD de sesi\u00f3n<\/a><\/li>\n<li class=\"page_item page-item-409\"><a href=\"https:\/\/hand2noteguide.com\/es\/guide\/hud\/hero-hud\/\">\u00bfC\u00f3mo obtener HUD en Hero?<\/a><\/li>\n<li class=\"page_item page-item-472\"><a href=\"https:\/\/hand2noteguide.com\/es\/guide\/hud\/disable-hud\/\">C\u00f3mo desactivar el HUD<\/a><\/li>\n<li class=\"page_item page-item-452\"><a href=\"https:\/\/hand2noteguide.com\/es\/guide\/hud\/divide-stats-sh-fr\/\">C\u00f3mo dividir las estad\u00edsticas seg\u00fan el n\u00famero de jugadores (SH\/FR)?<\/a><\/li>\n<li class=\"page_item page-item-1527\"><a href=\"https:\/\/hand2noteguide.com\/es\/guide\/hud\/switch-profile\/\">C\u00f3mo cambiar el perfil del HUD<\/a><\/li>\n\n<\/ul>\n\n\n\n<h2 class=\"wp-block-heading\">HUD gratuito<\/h2>\n\n\n\n<p>No pierdas la oportunidad de aprovechar nuestra oferta para obtener un <a href=\"https:\/\/hand2noteguide.com\/es\/free-hud\/\">HUD profesional gratuito<\/a>.<\/p>\n","protected":false},"excerpt":{"rendered":"<p>Perfiles predeterminados Hand2Note viene con dos perfiles est\u00e1ndar de HUDs y popups &#8211; default y PokerMaster default. Contienen un conjunto b\u00e1sico de stats, suficiente para un juego confiado a nivel inicial. Sin embargo, estos HUDs tambi\u00e9n pueden ser utilizados por regulares experimentados, por ejemplo, en salas asi\u00e1ticas, donde la muestra de jugadores a menudo es &hellip; <a href=\"https:\/\/hand2noteguide.com\/es\/guide\/hud\/\" class=\"more-link\">Continue reading <span class=\"screen-reader-text\">HUD<\/span><\/a><\/p>\n","protected":false},"author":1,"featured_media":0,"parent":74,"menu_order":0,"comment_status":"closed","ping_status":"closed","template":"page-templates\/full-width-page.php","meta":{"footnotes":""},"class_list":["post-372","page","type-page","status-publish","hentry"],"translation":{"provider":"WPGlobus","version":"3.0.2","language":"es","enabled_languages":["en","ru","pt","zh","es","fr","de","it","ja"],"languages":{"en":{"title":true,"content":true,"excerpt":false},"ru":{"title":true,"content":true,"excerpt":false},"pt":{"title":true,"content":true,"excerpt":false},"zh":{"title":true,"content":true,"excerpt":false},"es":{"title":true,"content":true,"excerpt":false},"fr":{"title":true,"content":true,"excerpt":false},"de":{"title":true,"content":true,"excerpt":false},"it":{"title":true,"content":true,"excerpt":false},"ja":{"title":true,"content":true,"excerpt":false}}},"yoast_head":"<!-- This site is optimized with the Yoast SEO plugin v27.0 - https:\/\/yoast.com\/product\/yoast-seo-wordpress\/ -->\n<title>Tus Opciones de HUD en Hand2Note 3<\/title>\n<meta name=\"description\" content=\"Crea tu propio HUD, compra uno de los paquetes ya hechos o importa un HUD desde otro tracker. Obt\u00e9n un HUD posicional gratis o toma entrenamiento personal para la creaci\u00f3n de HUD.\" \/>\n<meta name=\"robots\" content=\"index, follow, max-snippet:-1, max-image-preview:large, max-video-preview:-1\" \/>\n<link rel=\"canonical\" href=\"https:\/\/hand2noteguide.com\/guide\/hud\/\" \/>\n<meta property=\"og:locale\" content=\"es_ES\" \/>\n<meta property=\"og:type\" content=\"article\" \/>\n<meta property=\"og:title\" content=\"Tus Opciones de HUD en Hand2Note 3\" \/>\n<meta property=\"og:description\" content=\"Crea tu propio HUD, compra uno de los paquetes ya hechos o importa un HUD desde otro tracker. Obt\u00e9n un HUD posicional gratis o toma entrenamiento personal para la creaci\u00f3n de HUD.\" \/>\n<meta property=\"og:url\" content=\"https:\/\/hand2noteguide.com\/guide\/hud\/\" \/>\n<meta property=\"og:site_name\" content=\"Hand2Note Guide\" \/>\n<meta property=\"article:modified_time\" content=\"2025-06-04T15:58:31+00:00\" \/>\n<meta name=\"twitter:card\" content=\"summary_large_image\" \/>\n<meta name=\"twitter:label1\" content=\"Est. reading time\" \/>\n\t<meta name=\"twitter:data1\" content=\"10 minutes\" \/>\n<!-- \/ Yoast SEO plugin. -->","yoast_head_json":{"title":"Tus Opciones de HUD en Hand2Note 3","description":"Crea tu propio HUD, compra uno de los paquetes ya hechos o importa un HUD desde otro tracker. Obt\u00e9n un HUD posicional gratis o toma entrenamiento personal para la creaci\u00f3n de HUD.","robots":{"index":"index","follow":"follow","max-snippet":"max-snippet:-1","max-image-preview":"max-image-preview:large","max-video-preview":"max-video-preview:-1"},"canonical":"https:\/\/hand2noteguide.com\/guide\/hud\/","og_locale":"es_ES","og_type":"article","og_title":"Tus Opciones de HUD en Hand2Note 3","og_description":"Crea tu propio HUD, compra uno de los paquetes ya hechos o importa un HUD desde otro tracker. Obt\u00e9n un HUD posicional gratis o toma entrenamiento personal para la creaci\u00f3n de HUD.","og_url":"https:\/\/hand2noteguide.com\/guide\/hud\/","og_site_name":"Hand2Note Guide","article_modified_time":"2025-06-04T15:58:31+00:00","twitter_card":"summary_large_image","twitter_misc":{"Est. reading time":"10 minutes"},"schema":{"@context":"https:\/\/schema.org","@graph":[]}},"jetpack_sharing_enabled":false,"_links":{"self":[{"href":"https:\/\/hand2noteguide.com\/es\/wp-json\/wp\/v2\/pages\/372","targetHints":{"allow":["GET"]}}],"collection":[{"href":"https:\/\/hand2noteguide.com\/es\/wp-json\/wp\/v2\/pages"}],"about":[{"href":"https:\/\/hand2noteguide.com\/es\/wp-json\/wp\/v2\/types\/page"}],"author":[{"embeddable":true,"href":"https:\/\/hand2noteguide.com\/es\/wp-json\/wp\/v2\/users\/1"}],"replies":[{"embeddable":true,"href":"https:\/\/hand2noteguide.com\/es\/wp-json\/wp\/v2\/comments?post=372"}],"version-history":[{"count":44,"href":"https:\/\/hand2noteguide.com\/es\/wp-json\/wp\/v2\/pages\/372\/revisions"}],"predecessor-version":[{"id":13533,"href":"https:\/\/hand2noteguide.com\/es\/wp-json\/wp\/v2\/pages\/372\/revisions\/13533"}],"up":[{"embeddable":true,"href":"https:\/\/hand2noteguide.com\/es\/wp-json\/wp\/v2\/pages\/74"}],"wp:attachment":[{"href":"https:\/\/hand2noteguide.com\/es\/wp-json\/wp\/v2\/media?parent=372"}],"curies":[{"name":"wp","href":"https:\/\/api.w.org\/{rel}","templated":true}]}}