{"id":375,"date":"2018-08-11T16:36:05","date_gmt":"2018-08-11T13:36:05","guid":{"rendered":"https:\/\/h2n312.wordpress.com\/?page_id=375"},"modified":"2025-06-04T18:57:34","modified_gmt":"2025-06-04T15:57:34","slug":"add-nickname-winrate-stacksize","status":"publish","type":"page","link":"https:\/\/hand2noteguide.com\/es\/guide\/hud\/add-nickname-winrate-stacksize\/","title":{"rendered":"C\u00f3mo insertar apodo, winrate y tama\u00f1o de stack en el HUD"},"content":{"rendered":"<p>Para insertar esta informaci\u00f3n en tu HUD, abre el editor (F5), haz clic derecho en la celda deseada y selecciona el elemento del men\u00fa requerido:<\/p>\n<p><img loading=\"lazy\" decoding=\"async\" class=\"alignnone size-full wp-image-827\" src=\"https:\/\/hand2noteguide.com\/wp-content\/uploads\/2019\/05\/hand2note-insert-nickname-winrate-stacksize-into-hud.png\" alt=\"hand2note insert nickname winrate stacksize into HUD\" width=\"566\" height=\"443\" srcset=\"https:\/\/hand2noteguide.com\/wp-content\/uploads\/2019\/05\/hand2note-insert-nickname-winrate-stacksize-into-hud.png 566w, https:\/\/hand2noteguide.com\/wp-content\/uploads\/2019\/05\/hand2note-insert-nickname-winrate-stacksize-into-hud-300x235.png 300w\" sizes=\"auto, (max-width: 566px) 100vw, 566px\" \/><\/p>\n\n\n<p>Si no deseas que los apodos de los jugadores aparezcan completamente y ocupen mucho espacio en el HUD, puedes establecer la longitud m\u00e1xima permitida. Para hacer esto, resalta la celda con el apodo y establece el par\u00e1metro de longitud m\u00e1xima en la parte derecha de la pantalla. En el ejemplo a continuaci\u00f3n, el apodo del jugador se cortar\u00e1 si su longitud excede los 5 caracteres.<\/p>\n\n\n\n<figure class=\"wp-block-image\"><img loading=\"lazy\" decoding=\"async\" width=\"612\" height=\"309\" src=\"https:\/\/hand2noteguide.com\/wp-content\/uploads\/2019\/07\/hand2note-hud-nickname-max-length.png\" alt=\"hand2note hud nickname set max length\" class=\"wp-image-1451\" srcset=\"https:\/\/hand2noteguide.com\/wp-content\/uploads\/2019\/07\/hand2note-hud-nickname-max-length.png 612w, https:\/\/hand2noteguide.com\/wp-content\/uploads\/2019\/07\/hand2note-hud-nickname-max-length-300x151.png 300w\" sizes=\"auto, (max-width: 612px) 100vw, 612px\" \/><\/figure>\n\n\n\n<p>Al agregar el tama\u00f1o del stack, puedes elegir una de tres opciones.<\/p>\n\n\n\n<figure class=\"wp-block-image\"><img loading=\"lazy\" decoding=\"async\" width=\"581\" height=\"399\" src=\"https:\/\/hand2noteguide.com\/wp-content\/uploads\/2019\/07\/hand2note-hud-stacksize-options.png\" alt=\"hand2note hud stacksize options\" class=\"wp-image-1453\" srcset=\"https:\/\/hand2noteguide.com\/wp-content\/uploads\/2019\/07\/hand2note-hud-stacksize-options.png 581w, https:\/\/hand2noteguide.com\/wp-content\/uploads\/2019\/07\/hand2note-hud-stacksize-options-300x206.png 300w\" sizes=\"auto, (max-width: 581px) 100vw, 581px\" \/><\/figure>\n\n\n\n<ol class=\"wp-block-list\"><li><strong>Tama\u00f1o del stack en big blinds<\/strong> es simplemente el tama\u00f1o actual del stack del jugador, sin importar la cantidad de fichas en los stacks de otros jugadores.<\/li><li><strong>Tama\u00f1o efectivo del stack<\/strong> es el tama\u00f1o m\u00e1ximo del stack entre los oponentes, que no excede el tama\u00f1o del stack del jugador. En otras palabras, es la cantidad m\u00e1xima de fichas que el jugador puede ganar o perder en una mano.<\/li><li><strong>Tama\u00f1o efectivo del stack vs el stack del Hero<\/strong> es el mismo stack efectivo, pero no contra todos los oponentes, sino solo contra el hero.<\/li><\/ol>\n\n\n\n<p>Todos los tama\u00f1os de stack se muestran en big blinds.<\/p>\n","protected":false},"excerpt":{"rendered":"<p>Para insertar esta informaci\u00f3n en tu HUD, abre el editor (F5), haz clic derecho en la celda deseada y selecciona el elemento del men\u00fa requerido: Si no deseas que los apodos de los jugadores aparezcan completamente y ocupen mucho espacio en el HUD, puedes establecer la longitud m\u00e1xima permitida. Para hacer esto, resalta la celda &hellip; <a href=\"https:\/\/hand2noteguide.com\/es\/guide\/hud\/add-nickname-winrate-stacksize\/\" class=\"more-link\">Continue reading <span class=\"screen-reader-text\">C\u00f3mo insertar apodo, winrate y tama\u00f1o de stack en el HUD<\/span><\/a><\/p>\n","protected":false},"author":1,"featured_media":0,"parent":372,"menu_order":0,"comment_status":"closed","ping_status":"closed","template":"page-templates\/full-width-page.php","meta":{"footnotes":""},"class_list":["post-375","page","type-page","status-publish","hentry"],"translation":{"provider":"WPGlobus","version":"3.0.2","language":"es","enabled_languages":["en","ru","pt","zh","es","fr","de","it","ja"],"languages":{"en":{"title":true,"content":true,"excerpt":false},"ru":{"title":true,"content":true,"excerpt":false},"pt":{"title":true,"content":true,"excerpt":false},"zh":{"title":true,"content":true,"excerpt":false},"es":{"title":true,"content":true,"excerpt":false},"fr":{"title":true,"content":true,"excerpt":false},"de":{"title":true,"content":true,"excerpt":false},"it":{"title":true,"content":true,"excerpt":false},"ja":{"title":true,"content":true,"excerpt":false}}},"yoast_head":"<!-- This site is optimized with the Yoast SEO plugin v27.0 - https:\/\/yoast.com\/product\/yoast-seo-wordpress\/ -->\n<title>A\u00f1adir Apodo, Winrate y Tama\u00f1o de Stack al HUD de Poker<\/title>\n<meta name=\"description\" content=\"Aprende c\u00f3mo personalizar tu HUD de poker a\u00f1adiendo los apodos de los jugadores, winrate y tama\u00f1o de stack. Sigue nuestra gu\u00eda paso a paso para obtener mejores perspectivas del juego.\" \/>\n<meta name=\"robots\" content=\"index, follow, max-snippet:-1, max-image-preview:large, max-video-preview:-1\" \/>\n<link rel=\"canonical\" href=\"https:\/\/hand2noteguide.com\/guide\/hud\/add-nickname-winrate-stacksize\/\" \/>\n<meta property=\"og:locale\" content=\"es_ES\" \/>\n<meta property=\"og:type\" content=\"article\" \/>\n<meta property=\"og:title\" content=\"A\u00f1adir Apodo, Winrate y Tama\u00f1o de Stack al HUD de Poker\" \/>\n<meta property=\"og:description\" content=\"Aprende c\u00f3mo personalizar tu HUD de poker a\u00f1adiendo los apodos de los jugadores, winrate y tama\u00f1o de stack. Sigue nuestra gu\u00eda paso a paso para obtener mejores perspectivas del juego.\" \/>\n<meta property=\"og:url\" content=\"https:\/\/hand2noteguide.com\/guide\/hud\/add-nickname-winrate-stacksize\/\" \/>\n<meta property=\"og:site_name\" content=\"Hand2Note Guide\" \/>\n<meta property=\"article:modified_time\" content=\"2025-06-04T15:57:34+00:00\" \/>\n<meta property=\"og:image\" content=\"https:\/\/hand2noteguide.com\/wp-content\/uploads\/2018\/08\/hand2note-d0b2d181d182d0b0d0b2d0b8d182d18c-d0bdd0b8d0bad0bdd0b5d0b9d0bc-d0b2d0b8d0bdd180d0b5d0b9d182-d180d0b0d0b7d0bcd0b5d180-d181d1821.png\" \/>\n<meta name=\"twitter:card\" content=\"summary_large_image\" \/>\n<meta name=\"twitter:label1\" content=\"Est. reading time\" \/>\n\t<meta name=\"twitter:data1\" content=\"6 minutes\" \/>\n<!-- \/ Yoast SEO plugin. -->","yoast_head_json":{"title":"A\u00f1adir Apodo, Winrate y Tama\u00f1o de Stack al HUD de Poker","description":"Aprende c\u00f3mo personalizar tu HUD de poker a\u00f1adiendo los apodos de los jugadores, winrate y tama\u00f1o de stack. Sigue nuestra gu\u00eda paso a paso para obtener mejores perspectivas del juego.","robots":{"index":"index","follow":"follow","max-snippet":"max-snippet:-1","max-image-preview":"max-image-preview:large","max-video-preview":"max-video-preview:-1"},"canonical":"https:\/\/hand2noteguide.com\/guide\/hud\/add-nickname-winrate-stacksize\/","og_locale":"es_ES","og_type":"article","og_title":"A\u00f1adir Apodo, Winrate y Tama\u00f1o de Stack al HUD de Poker","og_description":"Aprende c\u00f3mo personalizar tu HUD de poker a\u00f1adiendo los apodos de los jugadores, winrate y tama\u00f1o de stack. Sigue nuestra gu\u00eda paso a paso para obtener mejores perspectivas del juego.","og_url":"https:\/\/hand2noteguide.com\/guide\/hud\/add-nickname-winrate-stacksize\/","og_site_name":"Hand2Note Guide","article_modified_time":"2025-06-04T15:57:34+00:00","og_image":[{"url":"https:\/\/hand2noteguide.com\/wp-content\/uploads\/2018\/08\/hand2note-d0b2d181d182d0b0d0b2d0b8d182d18c-d0bdd0b8d0bad0bdd0b5d0b9d0bc-d0b2d0b8d0bdd180d0b5d0b9d182-d180d0b0d0b7d0bcd0b5d180-d181d1821.png","type":"","width":"","height":""}],"twitter_card":"summary_large_image","twitter_misc":{"Est. reading time":"6 minutes"},"schema":{"@context":"https:\/\/schema.org","@graph":[]}},"jetpack_sharing_enabled":false,"_links":{"self":[{"href":"https:\/\/hand2noteguide.com\/es\/wp-json\/wp\/v2\/pages\/375","targetHints":{"allow":["GET"]}}],"collection":[{"href":"https:\/\/hand2noteguide.com\/es\/wp-json\/wp\/v2\/pages"}],"about":[{"href":"https:\/\/hand2noteguide.com\/es\/wp-json\/wp\/v2\/types\/page"}],"author":[{"embeddable":true,"href":"https:\/\/hand2noteguide.com\/es\/wp-json\/wp\/v2\/users\/1"}],"replies":[{"embeddable":true,"href":"https:\/\/hand2noteguide.com\/es\/wp-json\/wp\/v2\/comments?post=375"}],"version-history":[{"count":16,"href":"https:\/\/hand2noteguide.com\/es\/wp-json\/wp\/v2\/pages\/375\/revisions"}],"predecessor-version":[{"id":13532,"href":"https:\/\/hand2noteguide.com\/es\/wp-json\/wp\/v2\/pages\/375\/revisions\/13532"}],"up":[{"embeddable":true,"href":"https:\/\/hand2noteguide.com\/es\/wp-json\/wp\/v2\/pages\/372"}],"wp:attachment":[{"href":"https:\/\/hand2noteguide.com\/es\/wp-json\/wp\/v2\/media?parent=375"}],"curies":[{"name":"wp","href":"https:\/\/api.w.org\/{rel}","templated":true}]}}