{"id":379,"date":"2018-08-11T16:42:57","date_gmt":"2018-08-11T13:42:57","guid":{"rendered":"https:\/\/h2n312.wordpress.com\/?page_id=379"},"modified":"2025-06-04T18:56:46","modified_gmt":"2025-06-04T15:56:46","slug":"activate-session-hud","status":"publish","type":"page","link":"https:\/\/hand2noteguide.com\/es\/guide\/hud\/activate-session-hud\/","title":{"rendered":"C\u00f3mo activar el HUD de sesi\u00f3n"},"content":{"rendered":"<p>Durante el juego, para habilitar la visualizaci\u00f3n de estad\u00edsticas solo para las manos jugadas en la mesa actual, haz doble clic derecho en el bloque del HUD de un cierto jugador. Para devolver las estad\u00edsticas a su estado original, haz doble clic derecho nuevamente.<\/p>\n<p>Por favor, ten en cuenta que esta funci\u00f3n no funciona en las mesas Zoom.<\/p>\n","protected":false},"excerpt":{"rendered":"<p>Durante el juego, para habilitar la visualizaci\u00f3n de estad\u00edsticas solo para las manos jugadas en la mesa actual, haz doble clic derecho en el bloque del HUD de un cierto jugador. Para devolver las estad\u00edsticas a su estado original, haz doble clic derecho nuevamente. Por favor, ten en cuenta que esta funci\u00f3n no funciona en &hellip; <a href=\"https:\/\/hand2noteguide.com\/es\/guide\/hud\/activate-session-hud\/\" class=\"more-link\">Continue reading <span class=\"screen-reader-text\">C\u00f3mo activar el HUD de sesi\u00f3n<\/span><\/a><\/p>\n","protected":false},"author":1,"featured_media":0,"parent":372,"menu_order":0,"comment_status":"closed","ping_status":"closed","template":"page-templates\/full-width-page.php","meta":{"footnotes":""},"class_list":["post-379","page","type-page","status-publish","hentry"],"translation":{"provider":"WPGlobus","version":"3.0.2","language":"es","enabled_languages":["en","ru","pt","zh","es","fr","de","it","ja"],"languages":{"en":{"title":true,"content":true,"excerpt":false},"ru":{"title":true,"content":true,"excerpt":false},"pt":{"title":true,"content":true,"excerpt":false},"zh":{"title":true,"content":true,"excerpt":false},"es":{"title":true,"content":true,"excerpt":false},"fr":{"title":true,"content":true,"excerpt":false},"de":{"title":true,"content":true,"excerpt":false},"it":{"title":true,"content":true,"excerpt":false},"ja":{"title":true,"content":true,"excerpt":false}}},"yoast_head":"<!-- This site is optimized with the Yoast SEO plugin v27.0 - https:\/\/yoast.com\/product\/yoast-seo-wordpress\/ -->\n<title>Activa el HUD de Sesi\u00f3n: Gu\u00eda R\u00e1pida para Jugadores de Poker<\/title>\n<meta name=\"description\" content=\"Aprende c\u00f3mo activar r\u00e1pidamente el HUD de sesi\u00f3n para ver estad\u00edsticas en tiempo real de las manos jugadas en tu mesa actual. Nota: No disponible para mesas Zoom.\" \/>\n<meta name=\"robots\" content=\"index, follow, max-snippet:-1, max-image-preview:large, max-video-preview:-1\" \/>\n<link rel=\"canonical\" href=\"https:\/\/hand2noteguide.com\/ru\/guide\/hud\/activate-session-hud\/\" \/>\n<meta property=\"og:locale\" content=\"es_ES\" \/>\n<meta property=\"og:type\" content=\"article\" \/>\n<meta property=\"og:title\" content=\"Activa el HUD de Sesi\u00f3n: Gu\u00eda R\u00e1pida para Jugadores de Poker\" \/>\n<meta property=\"og:description\" content=\"Aprende c\u00f3mo activar r\u00e1pidamente el HUD de sesi\u00f3n para ver estad\u00edsticas en tiempo real de las manos jugadas en tu mesa actual. Nota: No disponible para mesas Zoom.\" \/>\n<meta property=\"og:url\" content=\"https:\/\/hand2noteguide.com\/ru\/guide\/hud\/activate-session-hud\/\" \/>\n<meta property=\"og:site_name\" content=\"Hand2Note Guide\" \/>\n<meta property=\"article:modified_time\" content=\"2025-06-04T15:56:46+00:00\" \/>\n<meta name=\"twitter:card\" content=\"summary_large_image\" \/>\n<meta name=\"twitter:label1\" content=\"Est. reading time\" \/>\n\t<meta name=\"twitter:data1\" content=\"2 minutes\" \/>\n<!-- \/ Yoast SEO plugin. -->","yoast_head_json":{"title":"Activa el HUD de Sesi\u00f3n: Gu\u00eda R\u00e1pida para Jugadores de Poker","description":"Aprende c\u00f3mo activar r\u00e1pidamente el HUD de sesi\u00f3n para ver estad\u00edsticas en tiempo real de las manos jugadas en tu mesa actual. Nota: No disponible para mesas Zoom.","robots":{"index":"index","follow":"follow","max-snippet":"max-snippet:-1","max-image-preview":"max-image-preview:large","max-video-preview":"max-video-preview:-1"},"canonical":"https:\/\/hand2noteguide.com\/ru\/guide\/hud\/activate-session-hud\/","og_locale":"es_ES","og_type":"article","og_title":"Activa el HUD de Sesi\u00f3n: Gu\u00eda R\u00e1pida para Jugadores de Poker","og_description":"Aprende c\u00f3mo activar r\u00e1pidamente el HUD de sesi\u00f3n para ver estad\u00edsticas en tiempo real de las manos jugadas en tu mesa actual. Nota: No disponible para mesas Zoom.","og_url":"https:\/\/hand2noteguide.com\/ru\/guide\/hud\/activate-session-hud\/","og_site_name":"Hand2Note Guide","article_modified_time":"2025-06-04T15:56:46+00:00","twitter_card":"summary_large_image","twitter_misc":{"Est. reading time":"2 minutes"},"schema":{"@context":"https:\/\/schema.org","@graph":[]}},"jetpack_sharing_enabled":false,"_links":{"self":[{"href":"https:\/\/hand2noteguide.com\/es\/wp-json\/wp\/v2\/pages\/379","targetHints":{"allow":["GET"]}}],"collection":[{"href":"https:\/\/hand2noteguide.com\/es\/wp-json\/wp\/v2\/pages"}],"about":[{"href":"https:\/\/hand2noteguide.com\/es\/wp-json\/wp\/v2\/types\/page"}],"author":[{"embeddable":true,"href":"https:\/\/hand2noteguide.com\/es\/wp-json\/wp\/v2\/users\/1"}],"replies":[{"embeddable":true,"href":"https:\/\/hand2noteguide.com\/es\/wp-json\/wp\/v2\/comments?post=379"}],"version-history":[{"count":16,"href":"https:\/\/hand2noteguide.com\/es\/wp-json\/wp\/v2\/pages\/379\/revisions"}],"predecessor-version":[{"id":13531,"href":"https:\/\/hand2noteguide.com\/es\/wp-json\/wp\/v2\/pages\/379\/revisions\/13531"}],"up":[{"embeddable":true,"href":"https:\/\/hand2noteguide.com\/es\/wp-json\/wp\/v2\/pages\/372"}],"wp:attachment":[{"href":"https:\/\/hand2noteguide.com\/es\/wp-json\/wp\/v2\/media?parent=379"}],"curies":[{"name":"wp","href":"https:\/\/api.w.org\/{rel}","templated":true}]}}