{"id":402,"date":"2018-08-13T18:47:29","date_gmt":"2018-08-13T15:47:29","guid":{"rendered":"https:\/\/h2n312.wordpress.com\/?page_id=402"},"modified":"2025-06-04T18:55:22","modified_gmt":"2025-06-04T15:55:22","slug":"add-hands-counter","status":"publish","type":"page","link":"https:\/\/hand2noteguide.com\/es\/guide\/hud\/add-hands-counter\/","title":{"rendered":"\u00bfC\u00f3mo insertar el contador de manos?"},"content":{"rendered":"<p>El n\u00famero de manos para el jugador es una <a href=\"https:\/\/hand2noteguide.com\/es\/guide\/creating-stats\/expression\/\">estad\u00edstica de expresi\u00f3n<\/a>. Por defecto, se llama <em><strong>hands<\/strong><\/em>. Para a\u00f1adir el conteo de manos de un jugador en tu HUD, sigue las mismas instrucciones que al a\u00f1adir cualquier otra estad\u00edstica de expresi\u00f3n:<\/p>\n<ol>\n<li>Haz clic derecho en la celda, selecciona <em>Insertar \u2192 Estad\u00edstica de expresi\u00f3n<\/em>: <img loading=\"lazy\" decoding=\"async\" class=\"alignnone size-full wp-image-633\" src=\"https:\/\/hand2noteguide.com\/wp-content\/uploads\/2018\/11\/hand2note-hud-insert-expression-stat.png\" alt=\"hand2note hud insert expression stat\" width=\"489\" height=\"375\" srcset=\"https:\/\/hand2noteguide.com\/wp-content\/uploads\/2018\/11\/hand2note-hud-insert-expression-stat.png 489w, https:\/\/hand2noteguide.com\/wp-content\/uploads\/2018\/11\/hand2note-hud-insert-expression-stat-300x230.png 300w\" sizes=\"auto, (max-width: 489px) 100vw, 489px\" \/><\/li>\n<li>En la barra de b\u00fasqueda que aparece, comienza a ingresar el nombre de la estad\u00edstica, selecci\u00f3nala y haz clic en <em>OK<\/em>:<br \/>\n<img loading=\"lazy\" decoding=\"async\" class=\"alignnone size-full wp-image-635\" src=\"https:\/\/hand2noteguide.com\/wp-content\/uploads\/2018\/11\/hand2note-hands-stat-search.png\" alt=\"Hand2Note hands stat search\" width=\"164\" height=\"287\" \/><\/li>\n<\/ol>\n","protected":false},"excerpt":{"rendered":"<p>El n\u00famero de manos para el jugador es una estad\u00edstica de expresi\u00f3n. Por defecto, se llama hands. Para a\u00f1adir el conteo de manos de un jugador en tu HUD, sigue las mismas instrucciones que al a\u00f1adir cualquier otra estad\u00edstica de expresi\u00f3n: Haz clic derecho en la celda, selecciona Insertar \u2192 Estad\u00edstica de expresi\u00f3n: En la &hellip; <a href=\"https:\/\/hand2noteguide.com\/es\/guide\/hud\/add-hands-counter\/\" class=\"more-link\">Continue reading <span class=\"screen-reader-text\">\u00bfC\u00f3mo insertar el contador de manos?<\/span><\/a><\/p>\n","protected":false},"author":1,"featured_media":0,"parent":372,"menu_order":0,"comment_status":"closed","ping_status":"closed","template":"page-templates\/full-width-page.php","meta":{"footnotes":""},"class_list":["post-402","page","type-page","status-publish","hentry"],"translation":{"provider":"WPGlobus","version":"3.0.2","language":"es","enabled_languages":["en","ru","pt","zh","es","fr","de","it","ja"],"languages":{"en":{"title":true,"content":true,"excerpt":false},"ru":{"title":true,"content":true,"excerpt":false},"pt":{"title":true,"content":true,"excerpt":false},"zh":{"title":true,"content":true,"excerpt":false},"es":{"title":true,"content":true,"excerpt":false},"fr":{"title":true,"content":true,"excerpt":false},"de":{"title":true,"content":true,"excerpt":false},"it":{"title":true,"content":true,"excerpt":false},"ja":{"title":true,"content":true,"excerpt":false}}},"yoast_head":"<!-- This site is optimized with the Yoast SEO plugin v27.0 - https:\/\/yoast.com\/product\/yoast-seo-wordpress\/ -->\n<title>C\u00f3mo a\u00f1adir un contador de manos a tu HUD de p\u00f3ker<\/title>\n<meta name=\"description\" content=\"Aprende c\u00f3mo a\u00f1adir f\u00e1cilmente un contador de manos a tu HUD de p\u00f3ker. Sigue nuestra gu\u00eda paso a paso para mejorar el seguimiento de tu juego y optimizar tu estrategia.\" \/>\n<meta name=\"robots\" content=\"index, follow, max-snippet:-1, max-image-preview:large, max-video-preview:-1\" \/>\n<link rel=\"canonical\" href=\"https:\/\/hand2noteguide.com\/guide\/hud\/add-hands-counter\/\" \/>\n<meta property=\"og:locale\" content=\"es_ES\" \/>\n<meta property=\"og:type\" content=\"article\" \/>\n<meta property=\"og:title\" content=\"C\u00f3mo a\u00f1adir un contador de manos a tu HUD de p\u00f3ker\" \/>\n<meta property=\"og:description\" content=\"Aprende c\u00f3mo a\u00f1adir f\u00e1cilmente un contador de manos a tu HUD de p\u00f3ker. Sigue nuestra gu\u00eda paso a paso para mejorar el seguimiento de tu juego y optimizar tu estrategia.\" \/>\n<meta property=\"og:url\" content=\"https:\/\/hand2noteguide.com\/guide\/hud\/add-hands-counter\/\" \/>\n<meta property=\"og:site_name\" content=\"Hand2Note Guide\" \/>\n<meta property=\"article:modified_time\" content=\"2025-06-04T15:55:22+00:00\" \/>\n<meta property=\"og:image\" content=\"https:\/\/hand2noteguide.com\/wp-content\/uploads\/2018\/11\/hand2note-hud-insert-expression-stat.png\" \/>\n<meta name=\"twitter:card\" content=\"summary_large_image\" \/>\n<meta name=\"twitter:label1\" content=\"Est. reading time\" \/>\n\t<meta name=\"twitter:data1\" content=\"2 minutes\" \/>\n<!-- \/ Yoast SEO plugin. -->","yoast_head_json":{"title":"C\u00f3mo a\u00f1adir un contador de manos a tu HUD de p\u00f3ker","description":"Aprende c\u00f3mo a\u00f1adir f\u00e1cilmente un contador de manos a tu HUD de p\u00f3ker. Sigue nuestra gu\u00eda paso a paso para mejorar el seguimiento de tu juego y optimizar tu estrategia.","robots":{"index":"index","follow":"follow","max-snippet":"max-snippet:-1","max-image-preview":"max-image-preview:large","max-video-preview":"max-video-preview:-1"},"canonical":"https:\/\/hand2noteguide.com\/guide\/hud\/add-hands-counter\/","og_locale":"es_ES","og_type":"article","og_title":"C\u00f3mo a\u00f1adir un contador de manos a tu HUD de p\u00f3ker","og_description":"Aprende c\u00f3mo a\u00f1adir f\u00e1cilmente un contador de manos a tu HUD de p\u00f3ker. Sigue nuestra gu\u00eda paso a paso para mejorar el seguimiento de tu juego y optimizar tu estrategia.","og_url":"https:\/\/hand2noteguide.com\/guide\/hud\/add-hands-counter\/","og_site_name":"Hand2Note Guide","article_modified_time":"2025-06-04T15:55:22+00:00","og_image":[{"url":"https:\/\/hand2noteguide.com\/wp-content\/uploads\/2018\/11\/hand2note-hud-insert-expression-stat.png","type":"","width":"","height":""}],"twitter_card":"summary_large_image","twitter_misc":{"Est. reading time":"2 minutes"},"schema":{"@context":"https:\/\/schema.org","@graph":[]}},"jetpack_sharing_enabled":false,"_links":{"self":[{"href":"https:\/\/hand2noteguide.com\/es\/wp-json\/wp\/v2\/pages\/402","targetHints":{"allow":["GET"]}}],"collection":[{"href":"https:\/\/hand2noteguide.com\/es\/wp-json\/wp\/v2\/pages"}],"about":[{"href":"https:\/\/hand2noteguide.com\/es\/wp-json\/wp\/v2\/types\/page"}],"author":[{"embeddable":true,"href":"https:\/\/hand2noteguide.com\/es\/wp-json\/wp\/v2\/users\/1"}],"replies":[{"embeddable":true,"href":"https:\/\/hand2noteguide.com\/es\/wp-json\/wp\/v2\/comments?post=402"}],"version-history":[{"count":13,"href":"https:\/\/hand2noteguide.com\/es\/wp-json\/wp\/v2\/pages\/402\/revisions"}],"predecessor-version":[{"id":13529,"href":"https:\/\/hand2noteguide.com\/es\/wp-json\/wp\/v2\/pages\/402\/revisions\/13529"}],"up":[{"embeddable":true,"href":"https:\/\/hand2noteguide.com\/es\/wp-json\/wp\/v2\/pages\/372"}],"wp:attachment":[{"href":"https:\/\/hand2noteguide.com\/es\/wp-json\/wp\/v2\/media?parent=402"}],"curies":[{"name":"wp","href":"https:\/\/api.w.org\/{rel}","templated":true}]}}