{"id":409,"date":"2018-08-14T19:41:21","date_gmt":"2018-08-14T16:41:21","guid":{"rendered":"https:\/\/h2n312.wordpress.com\/?page_id=409"},"modified":"2025-06-04T18:54:42","modified_gmt":"2025-06-04T15:54:42","slug":"hero-hud","status":"publish","type":"page","link":"https:\/\/hand2noteguide.com\/es\/guide\/hud\/hero-hud\/","title":{"rendered":"\u00bfC\u00f3mo obtener HUD en Hero?"},"content":{"rendered":"<p>Hand2Note muestra el HUD solo para los oponentes por defecto. Si tambi\u00e9n deseas ver el HUD de Hero en las mesas, necesitas crear un bloque separado de <a href=\"https:\/\/hand2noteguide.com\/es\/guide\/creating-stats\/\">stats<\/a> en el editor de HUD y aplicar el siguiente filtro a sus celdas:<\/p>\n<p><img loading=\"lazy\" decoding=\"async\" class=\"alignnone size-full wp-image-655\" src=\"https:\/\/hand2noteguide.com\/wp-content\/uploads\/2018\/11\/hand2note-hero-hud.png\" alt=\"Hand2Note hero hud\" width=\"534\" height=\"322\" srcset=\"https:\/\/hand2noteguide.com\/wp-content\/uploads\/2018\/11\/hand2note-hero-hud.png 534w, https:\/\/hand2noteguide.com\/wp-content\/uploads\/2018\/11\/hand2note-hero-hud-300x181.png 300w\" sizes=\"auto, (max-width: 534px) 100vw, 534px\" \/><\/p>\n","protected":false},"excerpt":{"rendered":"<p>Hand2Note muestra el HUD solo para los oponentes por defecto. Si tambi\u00e9n deseas ver el HUD de Hero en las mesas, necesitas crear un bloque separado de stats en el editor de HUD y aplicar el siguiente filtro a sus celdas:<\/p>\n","protected":false},"author":1,"featured_media":0,"parent":372,"menu_order":0,"comment_status":"closed","ping_status":"closed","template":"page-templates\/full-width-page.php","meta":{"footnotes":""},"class_list":["post-409","page","type-page","status-publish","hentry"],"translation":{"provider":"WPGlobus","version":"3.0.2","language":"es","enabled_languages":["en","ru","pt","zh","es","fr","de","it","ja"],"languages":{"en":{"title":true,"content":true,"excerpt":false},"ru":{"title":true,"content":true,"excerpt":false},"pt":{"title":true,"content":true,"excerpt":false},"zh":{"title":true,"content":true,"excerpt":false},"es":{"title":true,"content":true,"excerpt":false},"fr":{"title":true,"content":true,"excerpt":false},"de":{"title":true,"content":true,"excerpt":false},"it":{"title":true,"content":true,"excerpt":false},"ja":{"title":true,"content":true,"excerpt":false}}},"yoast_head":"<!-- This site is optimized with the Yoast SEO plugin v27.0 - https:\/\/yoast.com\/product\/yoast-seo-wordpress\/ -->\n<title>C\u00f3mo Mostrar el HUD de Hero en Hand2Note F\u00e1cilmente<\/title>\n<meta name=\"description\" content=\"Aprende c\u00f3mo configurar y mostrar el HUD de Hero en Hand2Note. Sigue nuestra gu\u00eda paso a paso para mejorar tu estrategia de poker y experiencia de juego.\" \/>\n<meta name=\"robots\" content=\"index, follow, max-snippet:-1, max-image-preview:large, max-video-preview:-1\" \/>\n<link rel=\"canonical\" href=\"https:\/\/hand2noteguide.com\/guide\/hud\/hero-hud\/\" \/>\n<meta property=\"og:locale\" content=\"es_ES\" \/>\n<meta property=\"og:type\" content=\"article\" \/>\n<meta property=\"og:title\" content=\"C\u00f3mo Mostrar el HUD de Hero en Hand2Note F\u00e1cilmente\" \/>\n<meta property=\"og:description\" content=\"Aprende c\u00f3mo configurar y mostrar el HUD de Hero en Hand2Note. Sigue nuestra gu\u00eda paso a paso para mejorar tu estrategia de poker y experiencia de juego.\" \/>\n<meta property=\"og:url\" content=\"https:\/\/hand2noteguide.com\/guide\/hud\/hero-hud\/\" \/>\n<meta property=\"og:site_name\" content=\"Hand2Note Guide\" \/>\n<meta property=\"article:modified_time\" content=\"2025-06-04T15:54:42+00:00\" \/>\n<meta property=\"og:image\" content=\"https:\/\/hand2noteguide.com\/wp-content\/uploads\/2018\/08\/hand2note-hud-d0bdd0b0-d181d0b5d0b1d18f.png\" \/>\n<meta name=\"twitter:card\" content=\"summary_large_image\" \/>\n<meta name=\"twitter:label1\" content=\"Est. reading time\" \/>\n\t<meta name=\"twitter:data1\" content=\"1 minute\" \/>\n<!-- \/ Yoast SEO plugin. -->","yoast_head_json":{"title":"C\u00f3mo Mostrar el HUD de Hero en Hand2Note F\u00e1cilmente","description":"Aprende c\u00f3mo configurar y mostrar el HUD de Hero en Hand2Note. Sigue nuestra gu\u00eda paso a paso para mejorar tu estrategia de poker y experiencia de juego.","robots":{"index":"index","follow":"follow","max-snippet":"max-snippet:-1","max-image-preview":"max-image-preview:large","max-video-preview":"max-video-preview:-1"},"canonical":"https:\/\/hand2noteguide.com\/guide\/hud\/hero-hud\/","og_locale":"es_ES","og_type":"article","og_title":"C\u00f3mo Mostrar el HUD de Hero en Hand2Note F\u00e1cilmente","og_description":"Aprende c\u00f3mo configurar y mostrar el HUD de Hero en Hand2Note. Sigue nuestra gu\u00eda paso a paso para mejorar tu estrategia de poker y experiencia de juego.","og_url":"https:\/\/hand2noteguide.com\/guide\/hud\/hero-hud\/","og_site_name":"Hand2Note Guide","article_modified_time":"2025-06-04T15:54:42+00:00","og_image":[{"url":"https:\/\/hand2noteguide.com\/wp-content\/uploads\/2018\/08\/hand2note-hud-d0bdd0b0-d181d0b5d0b1d18f.png","type":"","width":"","height":""}],"twitter_card":"summary_large_image","twitter_misc":{"Est. reading time":"1 minute"},"schema":{"@context":"https:\/\/schema.org","@graph":[]}},"jetpack_sharing_enabled":false,"_links":{"self":[{"href":"https:\/\/hand2noteguide.com\/es\/wp-json\/wp\/v2\/pages\/409","targetHints":{"allow":["GET"]}}],"collection":[{"href":"https:\/\/hand2noteguide.com\/es\/wp-json\/wp\/v2\/pages"}],"about":[{"href":"https:\/\/hand2noteguide.com\/es\/wp-json\/wp\/v2\/types\/page"}],"author":[{"embeddable":true,"href":"https:\/\/hand2noteguide.com\/es\/wp-json\/wp\/v2\/users\/1"}],"replies":[{"embeddable":true,"href":"https:\/\/hand2noteguide.com\/es\/wp-json\/wp\/v2\/comments?post=409"}],"version-history":[{"count":13,"href":"https:\/\/hand2noteguide.com\/es\/wp-json\/wp\/v2\/pages\/409\/revisions"}],"predecessor-version":[{"id":13528,"href":"https:\/\/hand2noteguide.com\/es\/wp-json\/wp\/v2\/pages\/409\/revisions\/13528"}],"up":[{"embeddable":true,"href":"https:\/\/hand2noteguide.com\/es\/wp-json\/wp\/v2\/pages\/372"}],"wp:attachment":[{"href":"https:\/\/hand2noteguide.com\/es\/wp-json\/wp\/v2\/media?parent=409"}],"curies":[{"name":"wp","href":"https:\/\/api.w.org\/{rel}","templated":true}]}}