{"id":420,"date":"2018-08-15T18:03:35","date_gmt":"2018-08-15T15:03:35","guid":{"rendered":"https:\/\/h2n312.wordpress.com\/?page_id=420"},"modified":"2025-06-04T18:53:18","modified_gmt":"2025-06-04T15:53:18","slug":"notes-on-players","status":"publish","type":"page","link":"https:\/\/hand2noteguide.com\/es\/guide\/notes-on-players\/","title":{"rendered":"Escribiendo notas sobre los jugadores"},"content":{"rendered":"<p>Si est\u00e1s utilizando el perfil por defecto de HUD y popup, haz clic en el apodo del jugador en el HUD y cambia a la pesta\u00f1a &#8220;Notes&#8221;.<\/p>\n<p><img loading=\"lazy\" decoding=\"async\" class=\"alignnone size-full wp-image-432\" src=\"https:\/\/hand2noteguide.com\/wp-content\/uploads\/2018\/08\/hand2note-d0bfd0bed0bfd0b0d0bf-d0bdd0bed182d181d18b.png\" alt=\"Hand2Note \u043f\u043e\u043f\u0430\u043f \u043d\u043e\u0442\u0441\u044b\" width=\"300\" height=\"130\" \/><\/p>\n<p>Aqu\u00ed puedes escribir notas sobre el jugador. Aparecer\u00e1 un peque\u00f1o cuadrado adicional en la esquina inferior izquierda del icono del jugador en el HUD, indicando que hay algunas notas guardadas sobre este jugador. Cuando pases el cursor sobre \u00e9l, ver\u00e1s una lista de notas guardadas.<\/p>\n<p><img loading=\"lazy\" decoding=\"async\" class=\"alignnone size-full wp-image-433\" src=\"https:\/\/hand2noteguide.com\/wp-content\/uploads\/2018\/08\/hand2note-d0bcd0b5d182d0bad0b0-d0bdd0bed181d182d0bed0b2-d0b2-hud.png\" alt=\"Hand2Note \u043c\u0435\u0442\u043a\u0430 \u043d\u043e\u0441\u0442\u043e\u0432 \u0432 HUD\" width=\"282\" height=\"140\" \/><\/p>\n<p>Ten en cuenta que puedes insertar manos en las notas. Para hacerlo, utiliza el bot\u00f3n &#8220;N&#8221; a la izquierda de la mano:<\/p>\n<p><img loading=\"lazy\" decoding=\"async\" class=\"alignnone size-full wp-image-448\" src=\"https:\/\/hand2noteguide.com\/wp-content\/uploads\/2018\/08\/hand2note-d0b1d18bd181d182d180d0b0d18f-d0b2d181d182d0b0d0b2d0bad0b0-d180d0b0d0b7d0b4d0b0d187d0b8-d0b2-d0bdd0bed182d181.png\" alt=\"Hand2Note \u0431\u044b\u0441\u0442\u0440\u0430\u044f \u0432\u0441\u0442\u0430\u0432\u043a\u0430 \u0440\u0430\u0437\u0434\u0430\u0447\u0438 \u0432 \u043d\u043e\u0442\u0441\" width=\"660\" height=\"171\" srcset=\"https:\/\/hand2noteguide.com\/wp-content\/uploads\/2018\/08\/hand2note-d0b1d18bd181d182d180d0b0d18f-d0b2d181d182d0b0d0b2d0bad0b0-d180d0b0d0b7d0b4d0b0d187d0b8-d0b2-d0bdd0bed182d181.png 660w, https:\/\/hand2noteguide.com\/wp-content\/uploads\/2018\/08\/hand2note-d0b1d18bd181d182d180d0b0d18f-d0b2d181d182d0b0d0b2d0bad0b0-d180d0b0d0b7d0b4d0b0d187d0b8-d0b2-d0bdd0bed182d181-300x78.png 300w, https:\/\/hand2noteguide.com\/wp-content\/uploads\/2018\/08\/hand2note-d0b1d18bd181d182d180d0b0d18f-d0b2d181d182d0b0d0b2d0bad0b0-d180d0b0d0b7d0b4d0b0d187d0b8-d0b2-d0bdd0bed182d181-624x162.png 624w\" sizes=\"auto, (max-width: 660px) 100vw, 660px\" \/><\/p>\n<p>Si no hay tal bot\u00f3n, simplemente arrastra la mano a la nota manteniendo presionado el bot\u00f3n derecho del rat\u00f3n (<a href=\"https:\/\/hand2noteguide.com\/wp-content\/uploads\/2018\/08\/hand2note-d0b4d0bed0b1d0b0d0b2d0bbd0b5d0bdd0b8d0b5-d180d0b0d0b7d0b4d0b0d187d0b8-d0b2-d0bdd0bed182d181.gif\" target=\"_blank\" rel=\"noopener noreferrer\">\u00bfc\u00f3mo?<\/a>).<\/p>\n<p>Si est\u00e1s utilizando un <a href=\"http:\/\/www.hand2note.com\/Shop\" target=\"_blank\" rel=\"noopener noreferrer\">paquete comercial<\/a>, consulta con los desarrolladores en qu\u00e9 celda del HUD debes hacer clic para abrir el popup con el contenedor de notas. La mayor\u00eda de las veces, tambi\u00e9n es el apodo del jugador.<\/p>\n<p>Si est\u00e1s dise\u00f1ando el HUD y los popups t\u00fa mismo, y deseas tener la capacidad de escribir notas sobre los jugadores, haz lo siguiente:<\/p>\n<ol>\n<li>Ve al editor de Popup, crea una nueva pesta\u00f1a, n\u00f3mbrala &#8220;Notes&#8221; y a\u00f1ade el Notes Container a ella:<br \/>\n<img loading=\"lazy\" decoding=\"async\" class=\"alignnone size-full wp-image-439\" src=\"https:\/\/hand2noteguide.com\/wp-content\/uploads\/2018\/08\/hand2note-add-notes-container.png\" alt=\"Hand2Note add notes container\" width=\"546\" height=\"464\" srcset=\"https:\/\/hand2noteguide.com\/wp-content\/uploads\/2018\/08\/hand2note-add-notes-container.png 546w, https:\/\/hand2noteguide.com\/wp-content\/uploads\/2018\/08\/hand2note-add-notes-container-300x255.png 300w\" sizes=\"auto, (max-width: 546px) 100vw, 546px\" \/><\/li>\n<li>Ve al editor de HUD, resalta la celda con el apodo del jugador (<a href=\"https:\/\/hand2noteguide.com\/guide\/hud\/add-nickname-winrate-stacksize\/\">\u00bfc\u00f3mo insertar un apodo en el HUD?<\/a>) y asigna el popup reci\u00e9n creado a ella:<br \/>\n<img loading=\"lazy\" decoding=\"async\" class=\"alignnone size-full wp-image-440\" src=\"https:\/\/hand2noteguide.com\/wp-content\/uploads\/2018\/08\/hand2note-assign-notes-popup-to-nickname.png\" alt=\"Hand2Note assign notes popup to nickname\" width=\"709\" height=\"320\" srcset=\"https:\/\/hand2noteguide.com\/wp-content\/uploads\/2018\/08\/hand2note-assign-notes-popup-to-nickname.png 709w, https:\/\/hand2noteguide.com\/wp-content\/uploads\/2018\/08\/hand2note-assign-notes-popup-to-nickname-300x135.png 300w, https:\/\/hand2noteguide.com\/wp-content\/uploads\/2018\/08\/hand2note-assign-notes-popup-to-nickname-624x282.png 624w\" sizes=\"auto, (max-width: 709px) 100vw, 709px\" \/><\/li>\n<li>Si a\u00fan no tienes el icono de notas en el HUD, ins\u00e9rtalo haciendo clic derecho en la celda en el editor de HUD:<br \/>\n<img loading=\"lazy\" decoding=\"async\" class=\"alignnone size-full wp-image-832\" src=\"https:\/\/hand2noteguide.com\/wp-content\/uploads\/2019\/05\/hand2note-insert-notes-icon-into-hud.png\" alt=\"hand2note insert notes icon into HUD\" width=\"547\" height=\"456\" srcset=\"https:\/\/hand2noteguide.com\/wp-content\/uploads\/2019\/05\/hand2note-insert-notes-icon-into-hud.png 547w, https:\/\/hand2noteguide.com\/wp-content\/uploads\/2019\/05\/hand2note-insert-notes-icon-into-hud-300x250.png 300w\" sizes=\"auto, (max-width: 547px) 100vw, 547px\" \/><\/li>\n<li>Ahora puedes gestionar las notas sobre los jugadores como se describi\u00f3 anteriormente.<\/li>\n<\/ol>\n<p>Ten en cuenta que <a href=\"https:\/\/hand2noteguide.com\/guide\/where-are-notes-stored\/\">las notas se almacenan por separado de la base de datos<\/a>, y puedes guardarlas f\u00e1cilmente y transferirlas a otro ordenador.<\/p>\n","protected":false},"excerpt":{"rendered":"<p>Si est\u00e1s utilizando el perfil por defecto de HUD y popup, haz clic en el apodo del jugador en el HUD y cambia a la pesta\u00f1a &#8220;Notes&#8221;. Aqu\u00ed puedes escribir notas sobre el jugador. Aparecer\u00e1 un peque\u00f1o cuadrado adicional en la esquina inferior izquierda del icono del jugador en el HUD, indicando que hay algunas &hellip; <a href=\"https:\/\/hand2noteguide.com\/es\/guide\/notes-on-players\/\" class=\"more-link\">Continue reading <span class=\"screen-reader-text\">Escribiendo notas sobre los jugadores<\/span><\/a><\/p>\n","protected":false},"author":1,"featured_media":0,"parent":74,"menu_order":0,"comment_status":"closed","ping_status":"closed","template":"page-templates\/full-width-page.php","meta":{"footnotes":""},"class_list":["post-420","page","type-page","status-publish","hentry"],"translation":{"provider":"WPGlobus","version":"3.0.2","language":"es","enabled_languages":["en","ru","pt","zh","es","fr","de","it","ja"],"languages":{"en":{"title":true,"content":true,"excerpt":false},"ru":{"title":true,"content":true,"excerpt":false},"pt":{"title":true,"content":true,"excerpt":false},"zh":{"title":true,"content":true,"excerpt":false},"es":{"title":true,"content":true,"excerpt":false},"fr":{"title":true,"content":true,"excerpt":false},"de":{"title":true,"content":true,"excerpt":false},"it":{"title":true,"content":true,"excerpt":false},"ja":{"title":true,"content":true,"excerpt":false}}},"yoast_head":"<!-- This site is optimized with the Yoast SEO plugin v27.0 - https:\/\/yoast.com\/product\/yoast-seo-wordpress\/ -->\n<title>C\u00f3mo Escribir Notas Efectivas sobre Jugadores en Poker HUD<\/title>\n<meta name=\"description\" content=\"Aprende a escribir y gestionar eficientemente notas sobre jugadores en tu poker HUD. Mejora tu estrategia de juego con informaci\u00f3n organizada y accesible.\" \/>\n<meta name=\"robots\" content=\"index, follow, max-snippet:-1, max-image-preview:large, max-video-preview:-1\" \/>\n<link rel=\"canonical\" href=\"https:\/\/hand2noteguide.com\/guide\/notes-on-players\/\" \/>\n<meta property=\"og:locale\" content=\"es_ES\" \/>\n<meta property=\"og:type\" content=\"article\" \/>\n<meta property=\"og:title\" content=\"C\u00f3mo Escribir Notas Efectivas sobre Jugadores en Poker HUD\" \/>\n<meta property=\"og:description\" content=\"Aprende a escribir y gestionar eficientemente notas sobre jugadores en tu poker HUD. Mejora tu estrategia de juego con informaci\u00f3n organizada y accesible.\" \/>\n<meta property=\"og:url\" content=\"https:\/\/hand2noteguide.com\/guide\/notes-on-players\/\" \/>\n<meta property=\"og:site_name\" content=\"Hand2Note Guide\" \/>\n<meta property=\"article:modified_time\" content=\"2025-06-04T15:53:18+00:00\" \/>\n<meta property=\"og:image\" content=\"https:\/\/hand2noteguide.com\/wp-content\/uploads\/2018\/08\/hand2note-d0bfd0bed0bfd0b0d0bf-d0bdd0bed182d181d18b.png\" \/>\n<meta name=\"twitter:card\" content=\"summary_large_image\" \/>\n<meta name=\"twitter:label1\" content=\"Est. reading time\" \/>\n\t<meta name=\"twitter:data1\" content=\"9 minutes\" \/>\n<!-- \/ Yoast SEO plugin. -->","yoast_head_json":{"title":"C\u00f3mo Escribir Notas Efectivas sobre Jugadores en Poker HUD","description":"Aprende a escribir y gestionar eficientemente notas sobre jugadores en tu poker HUD. Mejora tu estrategia de juego con informaci\u00f3n organizada y accesible.","robots":{"index":"index","follow":"follow","max-snippet":"max-snippet:-1","max-image-preview":"max-image-preview:large","max-video-preview":"max-video-preview:-1"},"canonical":"https:\/\/hand2noteguide.com\/guide\/notes-on-players\/","og_locale":"es_ES","og_type":"article","og_title":"C\u00f3mo Escribir Notas Efectivas sobre Jugadores en Poker HUD","og_description":"Aprende a escribir y gestionar eficientemente notas sobre jugadores en tu poker HUD. Mejora tu estrategia de juego con informaci\u00f3n organizada y accesible.","og_url":"https:\/\/hand2noteguide.com\/guide\/notes-on-players\/","og_site_name":"Hand2Note Guide","article_modified_time":"2025-06-04T15:53:18+00:00","og_image":[{"url":"https:\/\/hand2noteguide.com\/wp-content\/uploads\/2018\/08\/hand2note-d0bfd0bed0bfd0b0d0bf-d0bdd0bed182d181d18b.png","type":"","width":"","height":""}],"twitter_card":"summary_large_image","twitter_misc":{"Est. reading time":"9 minutes"},"schema":{"@context":"https:\/\/schema.org","@graph":[]}},"jetpack_sharing_enabled":false,"_links":{"self":[{"href":"https:\/\/hand2noteguide.com\/es\/wp-json\/wp\/v2\/pages\/420","targetHints":{"allow":["GET"]}}],"collection":[{"href":"https:\/\/hand2noteguide.com\/es\/wp-json\/wp\/v2\/pages"}],"about":[{"href":"https:\/\/hand2noteguide.com\/es\/wp-json\/wp\/v2\/types\/page"}],"author":[{"embeddable":true,"href":"https:\/\/hand2noteguide.com\/es\/wp-json\/wp\/v2\/users\/1"}],"replies":[{"embeddable":true,"href":"https:\/\/hand2noteguide.com\/es\/wp-json\/wp\/v2\/comments?post=420"}],"version-history":[{"count":13,"href":"https:\/\/hand2noteguide.com\/es\/wp-json\/wp\/v2\/pages\/420\/revisions"}],"predecessor-version":[{"id":13526,"href":"https:\/\/hand2noteguide.com\/es\/wp-json\/wp\/v2\/pages\/420\/revisions\/13526"}],"up":[{"embeddable":true,"href":"https:\/\/hand2noteguide.com\/es\/wp-json\/wp\/v2\/pages\/74"}],"wp:attachment":[{"href":"https:\/\/hand2noteguide.com\/es\/wp-json\/wp\/v2\/media?parent=420"}],"curies":[{"name":"wp","href":"https:\/\/api.w.org\/{rel}","templated":true}]}}