{"id":422,"date":"2018-08-15T18:32:33","date_gmt":"2018-08-15T15:32:33","guid":{"rendered":"https:\/\/h2n312.wordpress.com\/?page_id=422"},"modified":"2025-06-04T17:54:52","modified_gmt":"2025-06-04T14:54:52","slug":"dashes-instead-of-stats","status":"publish","type":"page","link":"https:\/\/hand2noteguide.com\/es\/issues-resolving\/dashes-instead-of-stats\/","title":{"rendered":"Guiones en lugar de estad\u00edsticas o 0 manos de jugadores en el HUD"},"content":{"rendered":"<p>En primer lugar, verifica que <a href=\"https:\/\/hand2noteguide.com\/es\/guide\/choose-subscription\/\">tu suscripci\u00f3n sea adecuada para los l\u00edmites jugados<\/a>, y que <a href=\"https:\/\/hand2noteguide.com\/es\/guide\/serial-key\/\">la clave de licencia est\u00e9 ingresada en el programa<\/a>. Si est\u00e1s utilizando la versi\u00f3n gratuita para micro l\u00edmites o <a href=\"https:\/\/hand2noteguide.com\/es\/trial\/\">de prueba<\/a>, entonces omite este paso.<\/p>\n<p>En caso de que est\u00e9s usando un perfil comercial de <a href=\"https:\/\/hand2noteguide.com\/es\/guide\/hud\/\">HUD<\/a>, necesitas contactar al desarrollador y aclarar que tu licencia est\u00e1 activa y es adecuada para tu tipo de juego, y que el paquete est\u00e1 instalado correctamente.<\/p>\n<p>Si las licencias est\u00e1n bien, pero ves guiones en lugar de valores de estad\u00edsticas en el HUD y popups, o siempre hay 0 manos en los jugadores, haz lo siguiente:<\/p>\n\n\n<ol>\t \t \n <li>Ve a <em>Configuration<\/em> \u2192 <em>Game Types<\/em>, haz clic en <em>Reset to default<\/em>, luego <em>Save<\/em>\t \t \n<img loading=\"lazy\" decoding=\"async\" class=\"alignnone size-full wp-image-460\" src=\"https:\/\/hand2noteguide.com\/wp-content\/uploads\/2018\/08\/hand2note-game-types-reset-to-default.png\" alt=\"Hand2Note Game Types reset to default\" width=\"929\" height=\"650\" srcset=\"https:\/\/hand2noteguide.com\/wp-content\/uploads\/2018\/08\/hand2note-game-types-reset-to-default.png 929w, https:\/\/hand2noteguide.com\/wp-content\/uploads\/2018\/08\/hand2note-game-types-reset-to-default-300x210.png 300w, https:\/\/hand2noteguide.com\/wp-content\/uploads\/2018\/08\/hand2note-game-types-reset-to-default-768x537.png 768w, https:\/\/hand2noteguide.com\/wp-content\/uploads\/2018\/08\/hand2note-game-types-reset-to-default-772x540.png 772w, https:\/\/hand2noteguide.com\/wp-content\/uploads\/2018\/08\/hand2note-game-types-reset-to-default-624x437.png 624w\" sizes=\"auto, (max-width: 929px) 100vw, 929px\" \/><\/li>\t \t \n <li>Selecciona el perfil de HUD y popup deseado en tu tipo de juego\t \t \n<img loading=\"lazy\" decoding=\"async\" class=\"alignnone size-full wp-image-461\" src=\"https:\/\/hand2noteguide.com\/wp-content\/uploads\/2018\/08\/hand2note-game-types-choose-profile.png\" alt=\"Hand2Note Game Types choose profile\" width=\"1366\" height=\"870\" srcset=\"https:\/\/hand2noteguide.com\/wp-content\/uploads\/2018\/08\/hand2note-game-types-choose-profile.png 1366w, https:\/\/hand2noteguide.com\/wp-content\/uploads\/2018\/08\/hand2note-game-types-choose-profile-300x191.png 300w, https:\/\/hand2noteguide.com\/wp-content\/uploads\/2018\/08\/hand2note-game-types-choose-profile-768x489.png 768w, https:\/\/hand2noteguide.com\/wp-content\/uploads\/2018\/08\/hand2note-game-types-choose-profile-1024x652.png 1024w, https:\/\/hand2noteguide.com\/wp-content\/uploads\/2018\/08\/hand2note-game-types-choose-profile-772x492.png 772w, https:\/\/hand2noteguide.com\/wp-content\/uploads\/2018\/08\/hand2note-game-types-choose-profile-624x397.png 624w\" sizes=\"auto, (max-width: 1366px) 100vw, 1366px\" \/><\/li>\t \t \n <li><a href=\"\/es\/guide\/rebuild-stats\/\">Reconstruye las estad\u00edsticas<\/a> en la ventana principal del programa\t \t \n<img loading=\"lazy\" decoding=\"async\" class=\"alignnone size-full wp-image-325\" src=\"https:\/\/hand2noteguide.com\/wp-content\/uploads\/2018\/08\/hand2note-d0bfd0b5d180d0b5d181d182d180d0bed0b8d182d18c-d181d182d0b0d182d0b8d181d182d0b8d0bad183.png\" alt=\"Hand2Note \u043f\u0435\u0440\u0435\u0441\u0442\u0440\u043e\u0438\u0442\u044c \u0441\u0442\u0430\u0442\u0438\u0441\u0442\u0438\u043a\u0443\" width=\"662\" height=\"121\" srcset=\"https:\/\/hand2noteguide.com\/wp-content\/uploads\/2018\/08\/hand2note-d0bfd0b5d180d0b5d181d182d180d0bed0b8d182d18c-d181d182d0b0d182d0b8d181d182d0b8d0bad183.png 662w, https:\/\/hand2noteguide.com\/wp-content\/uploads\/2018\/08\/hand2note-d0bfd0b5d180d0b5d181d182d180d0bed0b8d182d18c-d181d182d0b0d182d0b8d181d182d0b8d0bad183-300x55.png 300w, https:\/\/hand2noteguide.com\/wp-content\/uploads\/2018\/08\/hand2note-d0bfd0b5d180d0b5d181d182d180d0bed0b8d182d18c-d181d182d0b0d182d0b8d181d182d0b8d0bad183-624x114.png 624w\" sizes=\"auto, (max-width: 662px) 100vw, 662px\" \/><\/li>\t \t \n<\/ol>\n\n\n\n<p>Si los pasos anteriores no ayudaron, contacta al <a href=\"https:\/\/hand2noteguide.com\/es\/hand2note-official-support\/\">servicio de soporte<\/a>.<\/p>\n","protected":false},"excerpt":{"rendered":"<p>En primer lugar, verifica que tu suscripci\u00f3n sea adecuada para los l\u00edmites jugados, y que la clave de licencia est\u00e9 ingresada en el programa. Si est\u00e1s utilizando la versi\u00f3n gratuita para micro l\u00edmites o de prueba, entonces omite este paso. En caso de que est\u00e9s usando un perfil comercial de HUD, necesitas contactar al desarrollador &hellip; <a href=\"https:\/\/hand2noteguide.com\/es\/issues-resolving\/dashes-instead-of-stats\/\" class=\"more-link\">Continue reading <span class=\"screen-reader-text\">Guiones en lugar de estad\u00edsticas o 0 manos de jugadores en el HUD<\/span><\/a><\/p>\n","protected":false},"author":1,"featured_media":0,"parent":236,"menu_order":0,"comment_status":"closed","ping_status":"closed","template":"page-templates\/full-width-page.php","meta":{"footnotes":""},"class_list":["post-422","page","type-page","status-publish","hentry"],"translation":{"provider":"WPGlobus","version":"3.0.2","language":"es","enabled_languages":["en","ru","pt","zh","es","fr","de","it","ja"],"languages":{"en":{"title":true,"content":true,"excerpt":false},"ru":{"title":true,"content":true,"excerpt":false},"pt":{"title":true,"content":true,"excerpt":false},"zh":{"title":true,"content":true,"excerpt":false},"es":{"title":true,"content":true,"excerpt":false},"fr":{"title":true,"content":true,"excerpt":false},"de":{"title":true,"content":true,"excerpt":false},"it":{"title":true,"content":true,"excerpt":false},"ja":{"title":true,"content":true,"excerpt":false}}},"yoast_head":"<!-- This site is optimized with the Yoast SEO plugin v27.0 - https:\/\/yoast.com\/product\/yoast-seo-wordpress\/ -->\n<title>Soluci\u00f3n de Problemas del HUD: Guiones o Cero Manos Mostradas<\/title>\n<meta name=\"description\" content=\"Aprende c\u00f3mo resolver problemas de visualizaci\u00f3n del HUD en Hand2Note. Sigue nuestra gu\u00eda paso a paso para solucionar los guiones o cero manos que se muestran en lugar de estad\u00edsticas en tu HUD.\" \/>\n<meta name=\"robots\" content=\"index, follow, max-snippet:-1, max-image-preview:large, max-video-preview:-1\" \/>\n<link rel=\"canonical\" href=\"https:\/\/hand2noteguide.com\/issues-resolving\/dashes-instead-of-stats\/\" \/>\n<meta property=\"og:locale\" content=\"es_ES\" \/>\n<meta property=\"og:type\" content=\"article\" \/>\n<meta property=\"og:title\" content=\"Soluci\u00f3n de Problemas del HUD: Guiones o Cero Manos Mostradas\" \/>\n<meta property=\"og:description\" content=\"Aprende c\u00f3mo resolver problemas de visualizaci\u00f3n del HUD en Hand2Note. Sigue nuestra gu\u00eda paso a paso para solucionar los guiones o cero manos que se muestran en lugar de estad\u00edsticas en tu HUD.\" \/>\n<meta property=\"og:url\" content=\"https:\/\/hand2noteguide.com\/issues-resolving\/dashes-instead-of-stats\/\" \/>\n<meta property=\"og:site_name\" content=\"Hand2Note Guide\" \/>\n<meta property=\"article:modified_time\" content=\"2025-06-04T14:54:52+00:00\" \/>\n<meta property=\"og:image\" content=\"https:\/\/hand2noteguide.com\/wp-content\/uploads\/2018\/08\/hand2note-game-types-reset-to-default.png\" \/>\n<meta name=\"twitter:card\" content=\"summary_large_image\" \/>\n<meta name=\"twitter:label1\" content=\"Est. reading time\" \/>\n\t<meta name=\"twitter:data1\" content=\"5 minutes\" \/>\n<!-- \/ Yoast SEO plugin. -->","yoast_head_json":{"title":"Soluci\u00f3n de Problemas del HUD: Guiones o Cero Manos Mostradas","description":"Aprende c\u00f3mo resolver problemas de visualizaci\u00f3n del HUD en Hand2Note. Sigue nuestra gu\u00eda paso a paso para solucionar los guiones o cero manos que se muestran en lugar de estad\u00edsticas en tu HUD.","robots":{"index":"index","follow":"follow","max-snippet":"max-snippet:-1","max-image-preview":"max-image-preview:large","max-video-preview":"max-video-preview:-1"},"canonical":"https:\/\/hand2noteguide.com\/issues-resolving\/dashes-instead-of-stats\/","og_locale":"es_ES","og_type":"article","og_title":"Soluci\u00f3n de Problemas del HUD: Guiones o Cero Manos Mostradas","og_description":"Aprende c\u00f3mo resolver problemas de visualizaci\u00f3n del HUD en Hand2Note. Sigue nuestra gu\u00eda paso a paso para solucionar los guiones o cero manos que se muestran en lugar de estad\u00edsticas en tu HUD.","og_url":"https:\/\/hand2noteguide.com\/issues-resolving\/dashes-instead-of-stats\/","og_site_name":"Hand2Note Guide","article_modified_time":"2025-06-04T14:54:52+00:00","og_image":[{"url":"https:\/\/hand2noteguide.com\/wp-content\/uploads\/2018\/08\/hand2note-game-types-reset-to-default.png","type":"","width":"","height":""}],"twitter_card":"summary_large_image","twitter_misc":{"Est. reading time":"5 minutes"},"schema":{"@context":"https:\/\/schema.org","@graph":[]}},"jetpack_sharing_enabled":false,"_links":{"self":[{"href":"https:\/\/hand2noteguide.com\/es\/wp-json\/wp\/v2\/pages\/422","targetHints":{"allow":["GET"]}}],"collection":[{"href":"https:\/\/hand2noteguide.com\/es\/wp-json\/wp\/v2\/pages"}],"about":[{"href":"https:\/\/hand2noteguide.com\/es\/wp-json\/wp\/v2\/types\/page"}],"author":[{"embeddable":true,"href":"https:\/\/hand2noteguide.com\/es\/wp-json\/wp\/v2\/users\/1"}],"replies":[{"embeddable":true,"href":"https:\/\/hand2noteguide.com\/es\/wp-json\/wp\/v2\/comments?post=422"}],"version-history":[{"count":17,"href":"https:\/\/hand2noteguide.com\/es\/wp-json\/wp\/v2\/pages\/422\/revisions"}],"predecessor-version":[{"id":13525,"href":"https:\/\/hand2noteguide.com\/es\/wp-json\/wp\/v2\/pages\/422\/revisions\/13525"}],"up":[{"embeddable":true,"href":"https:\/\/hand2noteguide.com\/es\/wp-json\/wp\/v2\/pages\/236"}],"wp:attachment":[{"href":"https:\/\/hand2noteguide.com\/es\/wp-json\/wp\/v2\/media?parent=422"}],"curies":[{"name":"wp","href":"https:\/\/api.w.org\/{rel}","templated":true}]}}