{"id":43,"date":"2018-07-30T00:05:49","date_gmt":"2018-07-29T21:05:49","guid":{"rendered":"https:\/\/h2n312.wordpress.com\/?page_id=43"},"modified":"2026-02-10T12:20:33","modified_gmt":"2026-02-10T09:20:33","slug":"why-hand2note","status":"publish","type":"page","link":"https:\/\/hand2noteguide.com\/es\/why-hand2note\/","title":{"rendered":"\u00bfPor qu\u00e9 Hand2Note?"},"content":{"rendered":"\n<p>\ud83d\udcdd <em>\u00daltima actualizaci\u00f3n: 13 de septiembre de 2024.<\/em><\/p>\n\n\n\n<p>Hand2Note es un software de poker que te proporciona <a href=\"https:\/\/hand2noteguide.com\/es\/poker\/poker-hud\/\">HUD<\/a>, <a href=\"https:\/\/hand2noteguide.com\/es\/poker\/poker-hud-stats\/\">estad\u00edsticas<\/a> y muchas otras herramientas para analizar tu propio juego y el de tus oponentes. Hand2Note no es la \u00fanica herramienta en esa categor\u00eda. Entonces, \u00bfpor qu\u00e9 deber\u00edas elegir Hand2Note?<\/p>\n\n\n\n<p>Hand2Note es m\u00e1s r\u00e1pido que Holdem Manager 3 y Poker Tracker 4 (o cualquier otro software) y ofrece una gama mucho m\u00e1s amplia de funciones para usar durante el juego y an\u00e1lisis fuera de las mesas. Muchos de los regulares top ya han cambiado a este software y han aumentado significativamente su EV.<\/p>\n\n\n\n<p>La mayor\u00eda de las <a href=\"https:\/\/hand2noteguide.com\/es\/poker\/5-best-online-poker-training-sites\/\">plataformas de entrenamiento de poker m\u00e1s populares<\/a> tambi\u00e9n utilizan Hand2Note como su principal software de seguimiento de poker. Adem\u00e1s, Hand2Note est\u00e1 presente en la <a href=\"https:\/\/hand2noteguide.com\/es\/poker\/5-best-online-poker-software\/\">lista de las mejores herramientas de poker<\/a> que utilizan los jugadores profesionales.<\/p>\n\n\n\n<p>Consulta las <a href=\"https:\/\/hand2noteguide.com\/es\/best-poker-tracker-software\/\">caracter\u00edsticas de Hand2Note<\/a> y la <a aria-label=\"undefined (se abrir\u00e1 en una nueva pesta\u00f1a)\" href=\"https:\/\/hand2note.com\/Help\/pages\/ComparisionTable\/\" target=\"_blank\" rel=\"noreferrer noopener\">comparaci\u00f3n con otros trackers<\/a> en el sitio web oficial. Notar\u00e1s que este software de seguimiento de poker est\u00e1 muy por delante de sus competidores.<\/p>\n\n\n\n<figure class=\"wp-block-image\"><img loading=\"lazy\" decoding=\"async\" width=\"1000\" height=\"752\" src=\"https:\/\/hand2noteguide.com\/wp-content\/uploads\/2020\/03\/why-hand2note.png\" alt=\"\" class=\"wp-image-2004\" srcset=\"https:\/\/hand2noteguide.com\/wp-content\/uploads\/2020\/03\/why-hand2note.png 1000w, https:\/\/hand2noteguide.com\/wp-content\/uploads\/2020\/03\/why-hand2note-300x226.png 300w, https:\/\/hand2noteguide.com\/wp-content\/uploads\/2020\/03\/why-hand2note-768x578.png 768w, https:\/\/hand2noteguide.com\/wp-content\/uploads\/2020\/03\/why-hand2note-772x581.png 772w, https:\/\/hand2noteguide.com\/wp-content\/uploads\/2020\/03\/why-hand2note-624x469.png 624w\" sizes=\"auto, (max-width: 1000px) 100vw, 1000px\" \/><figcaption class=\"wp-element-caption\">Visualizaci\u00f3n de rangos de poker con Hand2Note<\/figcaption><\/figure>\n\n\n\n<p>Ten en cuenta que puedes empezar a usar <a href=\"https:\/\/hand2noteguide.com\/es\/hand2note-for-free\/\">Hand2Note de forma gratuita<\/a> y tambi\u00e9n obtener un <a href=\"https:\/\/hand2noteguide.com\/es\/free-hud\/\">HUD gratuito<\/a> al principio. As\u00ed que no necesitas pagar nada para comenzar a usar este software de siguiente nivel. Incluso con un HUD b\u00e1sico y una versi\u00f3n gratuita, te ofrece m\u00e1s beneficios que otros trackers antiguos.<\/p>\n\n\n\n<p>Despu\u00e9s de un tiempo, puedes <a href=\"\/es\/hud-store\/\">obtener un HUD m\u00e1s avanzado<\/a> en nuestra tienda y tambi\u00e9n una licencia profesional. Echa un vistazo a las <a href=\"https:\/\/hand2noteguide.com\/es\/why-purchase-hand2note\/\">posibilidades sobresalientes<\/a> que obtendr\u00e1s con una suscripci\u00f3n paga de Hand2Note.<\/p>\n\n\n\n<h2 class=\"wp-block-heading\">Uso HoldemManager \/ PokerTracker y soy un jugador ganador. \u00bfPor qu\u00e9 cambiar algo?<\/h2>\n\n\n\n<p>El poker online se est\u00e1 desarrollando muy r\u00e1pidamente, ahora de una forma f\u00e1cil de ganar, el juego se convierte en un entorno competitivo real, donde hay una dura batalla entre regs por el dinero de los fish. Las tasas de ganancia de aquellos que no trabajan en el juego y no estudian las tendencias del campo, caen gradualmente. En las condiciones modernas, necesitas trabajar duro y estar en tendencia para tener 5+ bb\/100 en juegos de cash a una distancia considerable. (La \u00fanica excepci\u00f3n son las <a href=\"https:\/\/hand2noteguide.com\/es\/asian\/\">salas asi\u00e1ticas<\/a>, donde las tasas de ganancia pueden ser mucho m\u00e1s altas.)<\/p>\n\n\n\n<p>Hand2Note te ayudar\u00e1 a estar un paso adelante. No esperes al momento en que <strong>tengas que<\/strong> cambiar algo. Hazlo con anticipaci\u00f3n, incluso si pierdes algo de tiempo y dinero para estudiarlo, de lo contrario, en el futuro, tendr\u00e1s que perder mucho m\u00e1s.<\/p>\n\n\n\n<h2 class=\"wp-block-heading\">\u00bfC\u00f3mo cambiar r\u00e1pidamente?<\/h2>\n\n\n\n<p>Hand2Note es un software bastante dif\u00edcil de dominar. Echa un vistazo a la secci\u00f3n de <a href=\"https:\/\/hand2noteguide.com\/es\/switch-from-hm2\/\">cambio desde otro tracker<\/a> primero. Tambi\u00e9n revisa el <a aria-label=\"undefined (se abrir\u00e1 en una nueva pesta\u00f1a)\" href=\"https:\/\/hand2note.com\/Help\/\" target=\"_blank\" rel=\"noreferrer noopener\">manual oficial<\/a>, contiene una descripci\u00f3n de todas las funciones.<\/p>\n\n\n\n<p>Si no quieres pasar mucho tiempo y hacer que el proceso de cambio sea suave y eficiente, echa un vistazo a las siguientes ofertas:<\/p>\n\n\n\n<ul class=\"wp-block-list\">\n<li><a href=\"https:\/\/hand2noteguide.com\/es\/video-course\/\">Curso de video de Hand2Note<\/a><\/li>\n\n\n\n<li><a href=\"https:\/\/hand2noteguide.com\/es\/training\/\">Entrenamiento privado<\/a><\/li>\n<\/ul>\n\n\n\n<p>Te ayudar\u00e1 a adaptarte al nuevo software en poco tiempo.<\/p>\n","protected":false},"excerpt":{"rendered":"<p>What is Hand2Note, and why it is so important to use modern software instead of outdated trackers<\/p>\n","protected":false},"author":1,"featured_media":0,"parent":0,"menu_order":1,"comment_status":"closed","ping_status":"closed","template":"","meta":{"footnotes":""},"class_list":["post-43","page","type-page","status-publish","hentry"],"translation":{"provider":"WPGlobus","version":"3.0.2","language":"es","enabled_languages":["en","ru","pt","zh","es","fr","de","it","ja"],"languages":{"en":{"title":true,"content":true,"excerpt":true},"ru":{"title":true,"content":true,"excerpt":true},"pt":{"title":true,"content":true,"excerpt":false},"zh":{"title":true,"content":true,"excerpt":true},"es":{"title":true,"content":true,"excerpt":false},"fr":{"title":true,"content":true,"excerpt":false},"de":{"title":true,"content":true,"excerpt":false},"it":{"title":true,"content":true,"excerpt":false},"ja":{"title":true,"content":true,"excerpt":false}}},"yoast_head":"<!-- This site is optimized with the Yoast SEO plugin v27.0 - https:\/\/yoast.com\/product\/yoast-seo-wordpress\/ -->\n<title>Por qu\u00e9 Hand2Note es mejor que Holdem Manager y Poker Tracker<\/title>\n<meta name=\"description\" content=\"Hand2Note es m\u00e1s r\u00e1pido y ofrece una gama m\u00e1s amplia de funciones. Es importante comenzar a usar Hand2Note hoy, incluso si est\u00e1s jugando con \u00e9xito con HM.\" \/>\n<meta name=\"robots\" content=\"index, follow, max-snippet:-1, max-image-preview:large, max-video-preview:-1\" \/>\n<link rel=\"canonical\" href=\"https:\/\/hand2noteguide.com\/why-hand2note\/\" \/>\n<meta property=\"og:locale\" content=\"es_ES\" \/>\n<meta property=\"og:type\" content=\"article\" \/>\n<meta property=\"og:title\" content=\"Por qu\u00e9 Hand2Note es mejor que Holdem Manager y Poker Tracker\" \/>\n<meta property=\"og:description\" content=\"Hand2Note es m\u00e1s r\u00e1pido y ofrece una gama m\u00e1s amplia de funciones. Es importante comenzar a usar Hand2Note hoy, incluso si est\u00e1s jugando con \u00e9xito con HM.\" \/>\n<meta property=\"og:url\" content=\"https:\/\/hand2noteguide.com\/why-hand2note\/\" \/>\n<meta property=\"og:site_name\" content=\"Hand2Note Guide\" \/>\n<meta property=\"article:modified_time\" content=\"2026-02-10T09:20:33+00:00\" \/>\n<meta property=\"og:image\" content=\"https:\/\/hand2noteguide.com\/wp-content\/uploads\/2020\/03\/why-hand2note.png\" \/>\n<meta name=\"twitter:card\" content=\"summary_large_image\" \/>\n<meta name=\"twitter:label1\" content=\"Est. reading time\" \/>\n\t<meta name=\"twitter:data1\" content=\"16 minutes\" \/>\n<!-- \/ Yoast SEO plugin. -->","yoast_head_json":{"title":"Por qu\u00e9 Hand2Note es mejor que Holdem Manager y Poker Tracker","description":"Hand2Note es m\u00e1s r\u00e1pido y ofrece una gama m\u00e1s amplia de funciones. Es importante comenzar a usar Hand2Note hoy, incluso si est\u00e1s jugando con \u00e9xito con HM.","robots":{"index":"index","follow":"follow","max-snippet":"max-snippet:-1","max-image-preview":"max-image-preview:large","max-video-preview":"max-video-preview:-1"},"canonical":"https:\/\/hand2noteguide.com\/why-hand2note\/","og_locale":"es_ES","og_type":"article","og_title":"Por qu\u00e9 Hand2Note es mejor que Holdem Manager y Poker Tracker","og_description":"Hand2Note es m\u00e1s r\u00e1pido y ofrece una gama m\u00e1s amplia de funciones. Es importante comenzar a usar Hand2Note hoy, incluso si est\u00e1s jugando con \u00e9xito con HM.","og_url":"https:\/\/hand2noteguide.com\/why-hand2note\/","og_site_name":"Hand2Note Guide","article_modified_time":"2026-02-10T09:20:33+00:00","og_image":[{"url":"https:\/\/hand2noteguide.com\/wp-content\/uploads\/2020\/03\/why-hand2note.png","type":"","width":"","height":""}],"twitter_card":"summary_large_image","twitter_misc":{"Est. reading time":"16 minutes"},"schema":{"@context":"https:\/\/schema.org","@graph":[]}},"jetpack_sharing_enabled":false,"_links":{"self":[{"href":"https:\/\/hand2noteguide.com\/es\/wp-json\/wp\/v2\/pages\/43","targetHints":{"allow":["GET"]}}],"collection":[{"href":"https:\/\/hand2noteguide.com\/es\/wp-json\/wp\/v2\/pages"}],"about":[{"href":"https:\/\/hand2noteguide.com\/es\/wp-json\/wp\/v2\/types\/page"}],"author":[{"embeddable":true,"href":"https:\/\/hand2noteguide.com\/es\/wp-json\/wp\/v2\/users\/1"}],"replies":[{"embeddable":true,"href":"https:\/\/hand2noteguide.com\/es\/wp-json\/wp\/v2\/comments?post=43"}],"version-history":[{"count":68,"href":"https:\/\/hand2noteguide.com\/es\/wp-json\/wp\/v2\/pages\/43\/revisions"}],"predecessor-version":[{"id":13564,"href":"https:\/\/hand2noteguide.com\/es\/wp-json\/wp\/v2\/pages\/43\/revisions\/13564"}],"wp:attachment":[{"href":"https:\/\/hand2noteguide.com\/es\/wp-json\/wp\/v2\/media?parent=43"}],"curies":[{"name":"wp","href":"https:\/\/api.w.org\/{rel}","templated":true}]}}