{"id":4405,"date":"2020-12-09T16:20:07","date_gmt":"2020-12-09T13:20:07","guid":{"rendered":"http:\/\/hand2noteguide.com\/?page_id=4405"},"modified":"2025-06-04T17:17:26","modified_gmt":"2025-06-04T14:17:26","slug":"custom-hud-order","status":"publish","type":"page","link":"https:\/\/hand2noteguide.com\/es\/hud-store\/custom-hud-order\/","title":{"rendered":"Encargar HUD\/Popups Personalizados"},"content":{"rendered":"\n<p>Estaremos encantados de dise\u00f1ar un HUD personal y\/o popups para ti. Somos jugadores profesionales con amplia experiencia en la creaci\u00f3n de estad\u00edsticas. Ten en cuenta que podemos crear HUD\/popups completamente nuevos desde cero seg\u00fan tus muestras, o modificar perfiles existentes.<\/p>\n\n\n\n<p>Simplemente completa el formulario a continuaci\u00f3n y nos pondremos en contacto contigo en breve. Si el formulario no se carga a continuaci\u00f3n, puedes <a href=\"https:\/\/form.typeform.com\/to\/mg5sPNCh\" target=\"_blank\" aria-label=\"undefined (opens in a new tab)\" rel=\"noreferrer noopener\">abrir el formulario en una nueva pesta\u00f1a<\/a>.<\/p>\n\n\n\n<div data-tf-live=\"01HRKWMRED2YXHJDSQYV0KCKNY\"><\/div><script src=\"\/\/embed.typeform.com\/next\/embed.js\"><\/script>\n","protected":false},"excerpt":{"rendered":"<p>Estaremos encantados de dise\u00f1ar un HUD personal y\/o popups para ti. Somos jugadores profesionales con amplia experiencia en la creaci\u00f3n de estad\u00edsticas. Ten en cuenta que podemos crear HUD\/popups completamente nuevos desde cero seg\u00fan tus muestras, o modificar perfiles existentes. Simplemente completa el formulario a continuaci\u00f3n y nos pondremos en contacto contigo en breve. Si &hellip; <a href=\"https:\/\/hand2noteguide.com\/es\/hud-store\/custom-hud-order\/\" class=\"more-link\">Continue reading <span class=\"screen-reader-text\">Encargar HUD\/Popups Personalizados<\/span><\/a><\/p>\n","protected":false},"author":1,"featured_media":0,"parent":4640,"menu_order":0,"comment_status":"closed","ping_status":"closed","template":"page-templates\/full-width-page.php","meta":{"footnotes":""},"class_list":["post-4405","page","type-page","status-publish","hentry"],"translation":{"provider":"WPGlobus","version":"3.0.2","language":"es","enabled_languages":["en","ru","pt","zh","es","fr","de","it","ja"],"languages":{"en":{"title":true,"content":true,"excerpt":false},"ru":{"title":true,"content":true,"excerpt":false},"pt":{"title":true,"content":true,"excerpt":false},"zh":{"title":true,"content":true,"excerpt":false},"es":{"title":true,"content":true,"excerpt":false},"fr":{"title":true,"content":true,"excerpt":false},"de":{"title":true,"content":true,"excerpt":false},"it":{"title":true,"content":true,"excerpt":false},"ja":{"title":true,"content":true,"excerpt":false}}},"yoast_head":"<!-- This site is optimized with the Yoast SEO plugin v27.0 - https:\/\/yoast.com\/product\/yoast-seo-wordpress\/ -->\n<title>Servicio de Dise\u00f1o de HUD y Popups Personalizados para Poker<\/title>\n<meta name=\"description\" content=\"Obt\u00e9n un HUD y popups de poker dise\u00f1ados a medida por jugadores profesionales, adaptados a tus necesidades. Mejora tu juego con estad\u00edsticas y perfiles personalizados.\" \/>\n<meta name=\"robots\" content=\"index, follow, max-snippet:-1, max-image-preview:large, max-video-preview:-1\" \/>\n<link rel=\"canonical\" href=\"https:\/\/hand2noteguide.com\/ru\/hud-store\/custom-hud-order\/\" \/>\n<meta property=\"og:locale\" content=\"es_ES\" \/>\n<meta property=\"og:type\" content=\"article\" \/>\n<meta property=\"og:title\" content=\"Servicio de Dise\u00f1o de HUD y Popups Personalizados para Poker\" \/>\n<meta property=\"og:description\" content=\"Obt\u00e9n un HUD y popups de poker dise\u00f1ados a medida por jugadores profesionales, adaptados a tus necesidades. Mejora tu juego con estad\u00edsticas y perfiles personalizados.\" \/>\n<meta property=\"og:url\" content=\"https:\/\/hand2noteguide.com\/ru\/hud-store\/custom-hud-order\/\" \/>\n<meta property=\"og:site_name\" content=\"Hand2Note Guide\" \/>\n<meta property=\"article:modified_time\" content=\"2025-06-04T14:17:26+00:00\" \/>\n<meta name=\"twitter:card\" content=\"summary_large_image\" \/>\n<meta name=\"twitter:label1\" content=\"Est. reading time\" \/>\n\t<meta name=\"twitter:data1\" content=\"2 minutes\" \/>\n<!-- \/ Yoast SEO plugin. -->","yoast_head_json":{"title":"Servicio de Dise\u00f1o de HUD y Popups Personalizados para Poker","description":"Obt\u00e9n un HUD y popups de poker dise\u00f1ados a medida por jugadores profesionales, adaptados a tus necesidades. Mejora tu juego con estad\u00edsticas y perfiles personalizados.","robots":{"index":"index","follow":"follow","max-snippet":"max-snippet:-1","max-image-preview":"max-image-preview:large","max-video-preview":"max-video-preview:-1"},"canonical":"https:\/\/hand2noteguide.com\/ru\/hud-store\/custom-hud-order\/","og_locale":"es_ES","og_type":"article","og_title":"Servicio de Dise\u00f1o de HUD y Popups Personalizados para Poker","og_description":"Obt\u00e9n un HUD y popups de poker dise\u00f1ados a medida por jugadores profesionales, adaptados a tus necesidades. Mejora tu juego con estad\u00edsticas y perfiles personalizados.","og_url":"https:\/\/hand2noteguide.com\/ru\/hud-store\/custom-hud-order\/","og_site_name":"Hand2Note Guide","article_modified_time":"2025-06-04T14:17:26+00:00","twitter_card":"summary_large_image","twitter_misc":{"Est. reading time":"2 minutes"},"schema":{"@context":"https:\/\/schema.org","@graph":[]}},"jetpack_sharing_enabled":true,"_links":{"self":[{"href":"https:\/\/hand2noteguide.com\/es\/wp-json\/wp\/v2\/pages\/4405","targetHints":{"allow":["GET"]}}],"collection":[{"href":"https:\/\/hand2noteguide.com\/es\/wp-json\/wp\/v2\/pages"}],"about":[{"href":"https:\/\/hand2noteguide.com\/es\/wp-json\/wp\/v2\/types\/page"}],"author":[{"embeddable":true,"href":"https:\/\/hand2noteguide.com\/es\/wp-json\/wp\/v2\/users\/1"}],"replies":[{"embeddable":true,"href":"https:\/\/hand2noteguide.com\/es\/wp-json\/wp\/v2\/comments?post=4405"}],"version-history":[{"count":24,"href":"https:\/\/hand2noteguide.com\/es\/wp-json\/wp\/v2\/pages\/4405\/revisions"}],"predecessor-version":[{"id":13490,"href":"https:\/\/hand2noteguide.com\/es\/wp-json\/wp\/v2\/pages\/4405\/revisions\/13490"}],"up":[{"embeddable":true,"href":"https:\/\/hand2noteguide.com\/es\/wp-json\/wp\/v2\/pages\/4640"}],"wp:attachment":[{"href":"https:\/\/hand2noteguide.com\/es\/wp-json\/wp\/v2\/media?parent=4405"}],"curies":[{"name":"wp","href":"https:\/\/api.w.org\/{rel}","templated":true}]}}