{"id":4501,"date":"2020-12-11T23:04:43","date_gmt":"2020-12-11T20:04:43","guid":{"rendered":"http:\/\/hand2noteguide.com\/?page_id=4501"},"modified":"2026-03-14T05:28:31","modified_gmt":"2026-03-14T05:28:31","slug":"about-us","status":"publish","type":"page","link":"https:\/\/hand2noteguide.com\/es\/about-us\/","title":{"rendered":"Sobre nosotros"},"content":{"rendered":"\n<img decoding=\"async\" class=\"about-photo\" src=\"http:\/\/hand2noteguide.com\/wp-content\/uploads\/2021\/11\/nick-james-2021-1.png\" style=\"float:left; max-width:200px; margin-top:0px; margin-right:20px; margin-bottom:10px; border-radius:8px;\">\n\n\n\n<p>\u00a1Hola! Mi nombre es <a href=\"https:\/\/hand2noteguide.com\/es\/author\/admin\/\"><strong>Nick Korolev<\/strong><\/a>. Soy un jugador profesional de poker No-Limit Holdem. Tambi\u00e9n soy miembro del equipo de <a href=\"https:\/\/hand2note.com\/\" target=\"_blank\" aria-label=\"undefined (opens in a new tab)\" rel=\"noreferrer noopener\"><strong>Hand2Note<\/strong><\/a>, autor del <a aria-label=\"undefined (opens in a new tab)\" href=\"https:\/\/hand2note3.hand2note.com\/Help\/\" target=\"_blank\" rel=\"noreferrer noopener\">manual oficial de Hand2Note<\/a>, y propietario de este sitio web. Puedes encontrar m\u00e1s informaci\u00f3n sobre m\u00ed en <a aria-label=\"undefined (opens in a new tab)\" href=\"https:\/\/nickkorolev.poker\/\" target=\"_blank\" rel=\"noreferrer noopener\"><strong>nickkorolev.poker<\/strong><\/a>. Adem\u00e1s, echa un vistazo a mi <a href=\"https:\/\/hand2noteguide.com\/es\/video-course\/\">curso en video<\/a> creado basado en mi experiencia como entrenador. Todas las caracter\u00edsticas de Hand2Note se consideran en detalle con ejemplos pr\u00e1cticos y mis recomendaciones.<\/p>\n\n\n\n<p>Inicialmente, <a href=\"https:\/\/hand2noteguide.com\/es\/\">Hand2NoteGuide.com<\/a> fue creado como un complemento al manual oficial de Hand2Note. Pero gradualmente el proyecto ha crecido hasta convertirse en una completa <b>plataforma educativa<\/b> que cubre no solo Hand2Note, sino tambi\u00e9n otras herramientas modernas de entrenamiento de poker y gu\u00edas de estrategia de poker.<\/p>\n\n\n\n<p>El contenido de este sitio web es creado por m\u00ed y mi equipo &#8211; <b>jugadores de poker profesionales y expertos en software<\/b>. Para m\u00e1s detalles sobre c\u00f3mo producimos contenido, por favor consulta nuestra <a href=\"\/es\/editorial-policy\/\">Pol\u00edtica Editorial<\/a>.<\/p>\n\n\n\n<p><strong>Actualizaci\u00f3n 2024:<\/strong> Acabamos de abrir una nueva secci\u00f3n: <a href=\"https:\/\/hand2noteguide.com\/es\/poker\/\">Gu\u00eda General de Poker<\/a>. Esta secci\u00f3n es adecuada principalmente para principiantes. Presenta 9 pasos consecutivos sobre c\u00f3mo sumergirse en el mundo del poker y convertirse en un jugador ganador. Comenzando con la familiarizaci\u00f3n con las <a href=\"https:\/\/hand2noteguide.com\/es\/poker\/poker-rules\/\">reglas del poker<\/a>, <a href=\"https:\/\/hand2noteguide.com\/es\/poker\/poker-hand-rankings\/\">clasificaci\u00f3n de manos<\/a> y <a href=\"https:\/\/hand2noteguide.com\/es\/poker\/poker-terms\/\">t\u00e9rminos<\/a>, terminando con el estudio de la <a href=\"https:\/\/hand2noteguide.com\/es\/poker\/poker-gto\/\">teor\u00eda GTO<\/a>, utilizando <a href=\"https:\/\/hand2noteguide.com\/es\/poker\/poker-hud\/\">HUD<\/a> y otras herramientas y conceptos.<\/p>\n\n\n\n<p><strong>Actualizaci\u00f3n 2025:<\/strong> Hemos lanzado la secci\u00f3n <a href=\"https:\/\/hand2noteguide.com\/es\/user-manual\/\">Hand2Note 4: Centro de Gu\u00edas \u00datiles<\/a> donde puedes encontrar muchas gu\u00edas \u00fatiles sobre el uso de Hand2Note 4. Estas gu\u00edas est\u00e1n escritas por jugadores profesionales con a\u00f1os de experiencia en Hand2Note.<\/p>\n\n\n\n<p><strong>Actualizaci\u00f3n 2026:<\/strong> Redise\u00f1o completo del sitio web \u2014 dise\u00f1o moderno y rendimiento mejorado. Revisi\u00f3n y actualizaci\u00f3n de todo el contenido. Perfiles detallados de autores con descripci\u00f3n de expertise y experiencia. Continuamos expandiendo la secci\u00f3n <a href=\"https:\/\/hand2noteguide.com\/es\/user-manual\/\">Hand2Note 4: Centro de Gu\u00edas \u00datiles<\/a> con nuevas gu\u00edas pr\u00e1cticas para Hand2Note 4. En nuestro subproyecto <a href=\"https:\/\/hand2noteguide.com\/es\/poker\/\">Poker Guide<\/a>, hemos lanzado la secci\u00f3n <a href=\"https:\/\/hand2noteguide.com\/es\/poker\/free-poker-tools\/\">Herramientas Gratuitas de Poker<\/a> \u2014 ya con una <a href=\"https:\/\/hand2noteguide.com\/es\/poker\/free-poker-tools\/poker-odds-calculator\/\">Calculadora de Odds de Poker<\/a>, y pronto habr\u00e1 m\u00e1s herramientas y calculadoras gratuitas para ayudarte a mejorar tus habilidades de poker a diario.<\/p>\n\n\n\n<p><strong>Nuestra misi\u00f3n<\/strong> es brindar <strong>el m\u00e1ximo valor<\/strong> a los entusiastas del poker en todo el mundo revelando todo el potencial del software avanzado y explicando la teor\u00eda del poker de una manera simple y accesible.<\/p>\n\n\n\n<p style=\"clear:both\">No dudes en <a href=\"https:\/\/hand2noteguide.com\/es\/contact-us\/\">contactar a mi equipo<\/a>, si tienes alguna pregunta sobre los servicios proporcionados por este sitio web.<\/p>\n","protected":false},"excerpt":{"rendered":"<p>\u00a1Hola! Mi nombre es Nick Korolev. Soy un jugador profesional de poker No-Limit Holdem. Tambi\u00e9n soy miembro del equipo de Hand2Note, autor del manual oficial de Hand2Note, y propietario de este sitio web. Puedes encontrar m\u00e1s informaci\u00f3n sobre m\u00ed en nickkorolev.poker. Adem\u00e1s, echa un vistazo a mi curso en video creado basado en mi experiencia &hellip; <a href=\"https:\/\/hand2noteguide.com\/es\/about-us\/\" class=\"more-link\">Continue reading <span class=\"screen-reader-text\">Sobre nosotros<\/span><\/a><\/p>\n","protected":false},"author":1,"featured_media":0,"parent":0,"menu_order":0,"comment_status":"closed","ping_status":"closed","template":"page-templates\/full-width-page.php","meta":{"footnotes":""},"class_list":["post-4501","page","type-page","status-publish","hentry"],"translation":{"provider":"WPGlobus","version":"3.0.2","language":"es","enabled_languages":["en","ru","pt","zh","es","fr","de","it","ja"],"languages":{"en":{"title":true,"content":true,"excerpt":false},"ru":{"title":true,"content":true,"excerpt":false},"pt":{"title":true,"content":true,"excerpt":false},"zh":{"title":true,"content":true,"excerpt":false},"es":{"title":true,"content":true,"excerpt":false},"fr":{"title":true,"content":true,"excerpt":false},"de":{"title":true,"content":true,"excerpt":false},"it":{"title":true,"content":true,"excerpt":false},"ja":{"title":true,"content":true,"excerpt":false}}},"yoast_head":"<!-- This site is optimized with the Yoast SEO plugin v27.0 - https:\/\/yoast.com\/product\/yoast-seo-wordpress\/ -->\n<title>Sobre Nosotros | Hand2Note Guide<\/title>\n<meta name=\"description\" content=\"Recurso educativo de poker por Nick Korolev. Explora gu\u00edas sobre Hand2Note, HUDs, solvers, herramientas de entrenamiento y estrategia para mejorar tu juego de poker.\" \/>\n<meta name=\"robots\" content=\"index, follow, max-snippet:-1, max-image-preview:large, max-video-preview:-1\" \/>\n<link rel=\"canonical\" href=\"https:\/\/hand2noteguide.com\/about-us\/\" \/>\n<meta property=\"og:locale\" content=\"es_ES\" \/>\n<meta property=\"og:type\" content=\"article\" \/>\n<meta property=\"og:title\" content=\"Sobre Nosotros | Hand2Note Guide\" \/>\n<meta property=\"og:description\" content=\"Recurso educativo de poker por Nick Korolev. Explora gu\u00edas sobre Hand2Note, HUDs, solvers, herramientas de entrenamiento y estrategia para mejorar tu juego de poker.\" \/>\n<meta property=\"og:url\" content=\"https:\/\/hand2noteguide.com\/about-us\/\" \/>\n<meta property=\"og:site_name\" content=\"Hand2Note Guide\" \/>\n<meta property=\"article:modified_time\" content=\"2026-03-14T05:28:31+00:00\" \/>\n<meta property=\"og:image\" content=\"http:\/\/hand2noteguide.com\/wp-content\/uploads\/2021\/11\/nick-james-2021-1.png\" \/>\n<meta name=\"twitter:card\" content=\"summary_large_image\" \/>\n<meta name=\"twitter:label1\" content=\"Est. reading time\" \/>\n\t<meta name=\"twitter:data1\" content=\"13 minutes\" \/>\n<!-- \/ Yoast SEO plugin. -->","yoast_head_json":{"title":"Sobre Nosotros | Hand2Note Guide","description":"Recurso educativo de poker por Nick Korolev. Explora gu\u00edas sobre Hand2Note, HUDs, solvers, herramientas de entrenamiento y estrategia para mejorar tu juego de poker.","robots":{"index":"index","follow":"follow","max-snippet":"max-snippet:-1","max-image-preview":"max-image-preview:large","max-video-preview":"max-video-preview:-1"},"canonical":"https:\/\/hand2noteguide.com\/about-us\/","og_locale":"es_ES","og_type":"article","og_title":"Sobre Nosotros | Hand2Note Guide","og_description":"Recurso educativo de poker por Nick Korolev. Explora gu\u00edas sobre Hand2Note, HUDs, solvers, herramientas de entrenamiento y estrategia para mejorar tu juego de poker.","og_url":"https:\/\/hand2noteguide.com\/about-us\/","og_site_name":"Hand2Note Guide","article_modified_time":"2026-03-14T05:28:31+00:00","og_image":[{"url":"http:\/\/hand2noteguide.com\/wp-content\/uploads\/2021\/11\/nick-james-2021-1.png","type":"","width":"","height":""}],"twitter_card":"summary_large_image","twitter_misc":{"Est. reading time":"13 minutes"},"schema":{"@context":"https:\/\/schema.org","@graph":[]}},"jetpack_sharing_enabled":true,"_links":{"self":[{"href":"https:\/\/hand2noteguide.com\/es\/wp-json\/wp\/v2\/pages\/4501","targetHints":{"allow":["GET"]}}],"collection":[{"href":"https:\/\/hand2noteguide.com\/es\/wp-json\/wp\/v2\/pages"}],"about":[{"href":"https:\/\/hand2noteguide.com\/es\/wp-json\/wp\/v2\/types\/page"}],"author":[{"embeddable":true,"href":"https:\/\/hand2noteguide.com\/es\/wp-json\/wp\/v2\/users\/1"}],"replies":[{"embeddable":true,"href":"https:\/\/hand2noteguide.com\/es\/wp-json\/wp\/v2\/comments?post=4501"}],"version-history":[{"count":88,"href":"https:\/\/hand2noteguide.com\/es\/wp-json\/wp\/v2\/pages\/4501\/revisions"}],"predecessor-version":[{"id":14670,"href":"https:\/\/hand2noteguide.com\/es\/wp-json\/wp\/v2\/pages\/4501\/revisions\/14670"}],"wp:attachment":[{"href":"https:\/\/hand2noteguide.com\/es\/wp-json\/wp\/v2\/media?parent=4501"}],"curies":[{"name":"wp","href":"https:\/\/api.w.org\/{rel}","templated":true}]}}