{"id":452,"date":"2018-08-17T15:02:41","date_gmt":"2018-08-17T12:02:41","guid":{"rendered":"https:\/\/h2n312.wordpress.com\/?page_id=452"},"modified":"2025-06-04T17:53:50","modified_gmt":"2025-06-04T14:53:50","slug":"divide-stats-sh-fr","status":"publish","type":"page","link":"https:\/\/hand2noteguide.com\/es\/guide\/hud\/divide-stats-sh-fr\/","title":{"rendered":"C\u00f3mo dividir las estad\u00edsticas seg\u00fan el n\u00famero de jugadores (SH\/FR)?"},"content":{"rendered":"<p>Ve a <em>Configuration<\/em> \u2192 <em>Game Types<\/em>, crea varios tipos de juego y establece el n\u00famero requerido de jugadores en la mano y el tama\u00f1o de la mesa en cada tipo:<\/p>\n<p><img loading=\"lazy\" decoding=\"async\" class=\"alignnone size-full wp-image-455\" src=\"https:\/\/hand2noteguide.com\/wp-content\/uploads\/2018\/08\/hand2note-game-types-managing.png\" alt=\"Gesti\u00f3n de tipos de juego en Hand2Note\" width=\"999\" height=\"744\" srcset=\"https:\/\/hand2noteguide.com\/wp-content\/uploads\/2018\/08\/hand2note-game-types-managing.png 999w, https:\/\/hand2noteguide.com\/wp-content\/uploads\/2018\/08\/hand2note-game-types-managing-300x223.png 300w, https:\/\/hand2noteguide.com\/wp-content\/uploads\/2018\/08\/hand2note-game-types-managing-768x572.png 768w, https:\/\/hand2noteguide.com\/wp-content\/uploads\/2018\/08\/hand2note-game-types-managing-772x575.png 772w, https:\/\/hand2noteguide.com\/wp-content\/uploads\/2018\/08\/hand2note-game-types-managing-624x465.png 624w\" sizes=\"auto, (max-width: 999px) 100vw, 999px\" \/><\/p>\n<p>Las estad\u00edsticas para cada tipo de juego se contar\u00e1n por separado.<\/p>\n<p>Ten en cuenta que tambi\u00e9n puedes dividir los tipos de juego por otros par\u00e1metros. No olvides seleccionar el perfil de <a href=\"https:\/\/hand2noteguide.com\/es\/guide\/hud\/\">HUD y popup<\/a> que deseas usar en cada tipo de juego.<\/p>\n<p>Despu\u00e9s de cambiar la configuraci\u00f3n de los tipos de juego, necesitas <a href=\"https:\/\/hand2noteguide.com\/es\/guide\/rebuild-stats\/\">reconstruir las estad\u00edsticas<\/a> para que los cambios surtan efecto en toda la <a href=\"https:\/\/hand2noteguide.com\/es\/guide\/database\/\">base de datos<\/a>. Haz clic en &#8220;<em>Clear stats<\/em>&#8220;, luego en &#8220;<em>Build stats<\/em>&#8221; en la ventana principal de Hand2Note.<\/p>\n","protected":false},"excerpt":{"rendered":"<p>Ve a Configuration \u2192 Game Types, crea varios tipos de juego y establece el n\u00famero requerido de jugadores en la mano y el tama\u00f1o de la mesa en cada tipo: Las estad\u00edsticas para cada tipo de juego se contar\u00e1n por separado. Ten en cuenta que tambi\u00e9n puedes dividir los tipos de juego por otros par\u00e1metros. &hellip; <a href=\"https:\/\/hand2noteguide.com\/es\/guide\/hud\/divide-stats-sh-fr\/\" class=\"more-link\">Continue reading <span class=\"screen-reader-text\">C\u00f3mo dividir las estad\u00edsticas seg\u00fan el n\u00famero de jugadores (SH\/FR)?<\/span><\/a><\/p>\n","protected":false},"author":1,"featured_media":0,"parent":372,"menu_order":0,"comment_status":"closed","ping_status":"closed","template":"page-templates\/full-width-page.php","meta":{"footnotes":""},"class_list":["post-452","page","type-page","status-publish","hentry"],"translation":{"provider":"WPGlobus","version":"3.0.2","language":"es","enabled_languages":["en","ru","pt","zh","es","fr","de","it","ja"],"languages":{"en":{"title":true,"content":true,"excerpt":false},"ru":{"title":true,"content":true,"excerpt":false},"pt":{"title":true,"content":true,"excerpt":false},"zh":{"title":true,"content":true,"excerpt":false},"es":{"title":true,"content":true,"excerpt":false},"fr":{"title":true,"content":true,"excerpt":false},"de":{"title":true,"content":true,"excerpt":false},"it":{"title":true,"content":true,"excerpt":false},"ja":{"title":true,"content":true,"excerpt":false}}},"yoast_head":"<!-- This site is optimized with the Yoast SEO plugin v27.0 - https:\/\/yoast.com\/product\/yoast-seo-wordpress\/ -->\n<title>C\u00f3mo Dividir las Estad\u00edsticas de Poker por Cantidad de Jugadores (SH\/FR)<\/title>\n<meta name=\"description\" content=\"Aprende c\u00f3mo organizar las estad\u00edsticas de poker seg\u00fan el n\u00famero de jugadores en cada tipo de juego. Personaliza la configuraci\u00f3n para mesas SH\/FR y optimiza tu estrategia.\" \/>\n<meta name=\"robots\" content=\"index, follow, max-snippet:-1, max-image-preview:large, max-video-preview:-1\" \/>\n<link rel=\"canonical\" href=\"https:\/\/hand2noteguide.com\/guide\/hud\/divide-stats-sh-fr\/\" \/>\n<meta property=\"og:locale\" content=\"es_ES\" \/>\n<meta property=\"og:type\" content=\"article\" \/>\n<meta property=\"og:title\" content=\"C\u00f3mo Dividir las Estad\u00edsticas de Poker por Cantidad de Jugadores (SH\/FR)\" \/>\n<meta property=\"og:description\" content=\"Aprende c\u00f3mo organizar las estad\u00edsticas de poker seg\u00fan el n\u00famero de jugadores en cada tipo de juego. Personaliza la configuraci\u00f3n para mesas SH\/FR y optimiza tu estrategia.\" \/>\n<meta property=\"og:url\" content=\"https:\/\/hand2noteguide.com\/guide\/hud\/divide-stats-sh-fr\/\" \/>\n<meta property=\"og:site_name\" content=\"Hand2Note Guide\" \/>\n<meta property=\"article:modified_time\" content=\"2025-06-04T14:53:50+00:00\" \/>\n<meta property=\"og:image\" content=\"https:\/\/hand2noteguide.com\/wp-content\/uploads\/2018\/08\/hand2note-game-types-managing.png\" \/>\n<meta name=\"twitter:card\" content=\"summary_large_image\" \/>\n<meta name=\"twitter:label1\" content=\"Est. reading time\" \/>\n\t<meta name=\"twitter:data1\" content=\"4 minutes\" \/>\n<!-- \/ Yoast SEO plugin. -->","yoast_head_json":{"title":"C\u00f3mo Dividir las Estad\u00edsticas de Poker por Cantidad de Jugadores (SH\/FR)","description":"Aprende c\u00f3mo organizar las estad\u00edsticas de poker seg\u00fan el n\u00famero de jugadores en cada tipo de juego. Personaliza la configuraci\u00f3n para mesas SH\/FR y optimiza tu estrategia.","robots":{"index":"index","follow":"follow","max-snippet":"max-snippet:-1","max-image-preview":"max-image-preview:large","max-video-preview":"max-video-preview:-1"},"canonical":"https:\/\/hand2noteguide.com\/guide\/hud\/divide-stats-sh-fr\/","og_locale":"es_ES","og_type":"article","og_title":"C\u00f3mo Dividir las Estad\u00edsticas de Poker por Cantidad de Jugadores (SH\/FR)","og_description":"Aprende c\u00f3mo organizar las estad\u00edsticas de poker seg\u00fan el n\u00famero de jugadores en cada tipo de juego. Personaliza la configuraci\u00f3n para mesas SH\/FR y optimiza tu estrategia.","og_url":"https:\/\/hand2noteguide.com\/guide\/hud\/divide-stats-sh-fr\/","og_site_name":"Hand2Note Guide","article_modified_time":"2025-06-04T14:53:50+00:00","og_image":[{"url":"https:\/\/hand2noteguide.com\/wp-content\/uploads\/2018\/08\/hand2note-game-types-managing.png","type":"","width":"","height":""}],"twitter_card":"summary_large_image","twitter_misc":{"Est. reading time":"4 minutes"},"schema":{"@context":"https:\/\/schema.org","@graph":[]}},"jetpack_sharing_enabled":false,"_links":{"self":[{"href":"https:\/\/hand2noteguide.com\/es\/wp-json\/wp\/v2\/pages\/452","targetHints":{"allow":["GET"]}}],"collection":[{"href":"https:\/\/hand2noteguide.com\/es\/wp-json\/wp\/v2\/pages"}],"about":[{"href":"https:\/\/hand2noteguide.com\/es\/wp-json\/wp\/v2\/types\/page"}],"author":[{"embeddable":true,"href":"https:\/\/hand2noteguide.com\/es\/wp-json\/wp\/v2\/users\/1"}],"replies":[{"embeddable":true,"href":"https:\/\/hand2noteguide.com\/es\/wp-json\/wp\/v2\/comments?post=452"}],"version-history":[{"count":12,"href":"https:\/\/hand2noteguide.com\/es\/wp-json\/wp\/v2\/pages\/452\/revisions"}],"predecessor-version":[{"id":13524,"href":"https:\/\/hand2noteguide.com\/es\/wp-json\/wp\/v2\/pages\/452\/revisions\/13524"}],"up":[{"embeddable":true,"href":"https:\/\/hand2noteguide.com\/es\/wp-json\/wp\/v2\/pages\/372"}],"wp:attachment":[{"href":"https:\/\/hand2noteguide.com\/es\/wp-json\/wp\/v2\/media?parent=452"}],"curies":[{"name":"wp","href":"https:\/\/api.w.org\/{rel}","templated":true}]}}