{"id":4666,"date":"2021-01-13T20:58:01","date_gmt":"2021-01-13T17:58:01","guid":{"rendered":"http:\/\/hand2noteguide.com\/?page_id=4666"},"modified":"2026-02-21T19:43:20","modified_gmt":"2026-02-21T16:43:20","slug":"pppoker-hud","status":"publish","type":"page","link":"https:\/\/hand2noteguide.com\/es\/pppoker-hud\/","title":{"rendered":"PPPoker HUD"},"content":{"rendered":"\n<h2 style=\"margin-top:14px\">Usa un HUD de PPPoker r\u00e1pido y confiable con Hand2Note<\/h2>\n\n\n\n<p><strong>Hand2Note<\/strong> es un rastreador de p\u00f3ker de nueva generaci\u00f3n. Te proporciona un <a href=\"https:\/\/hand2noteguide.com\/es\/poker\/poker-hud\/\">poker HUD<\/a> funcional y popups para varias salas. La aplicaci\u00f3n PPPoker tambi\u00e9n es compatible, por lo que puedes usar todo el poder de Hand2Note para vencer a tus oponentes en las mesas.<\/p>\n\n\n<div class=\"wp-block-h2n-cta-button\" style=\"text-align: left;\"><a href=\"https:\/\/hand2noteguide.com\/es\/go\/hand2note\/\" class=\"btn btn-primary\" target=\"_blank\" rel=\"noopener noreferrer nofollow sponsored\">Descargar Hand2Note HUD para PPPoker<\/a><\/div>\n\n\n<p>Puedes jugar tanto usando la aplicaci\u00f3n de Windows como a trav\u00e9s de un emulador de Android. El HUD de Hand2Note funcionar\u00e1 de todos modos.<\/p>\n\n\n\n<p>Ten en cuenta que Hand2Note es un software muy bien optimizado. Podr\u00e1s usar el HUD avanzado y los popups, pero sin sobrecargar tu sistema. Esto es a menudo relevante para los jugadores de aplicaciones asi\u00e1ticas, ya que el multi-tabling all\u00ed exige muchos recursos del ordenador.<\/p>\n\n\n\n<h2 class=\"wp-block-heading\">Hand2Note 4: Rendimiento HUD de Siguiente Nivel<\/h2>\n\n\n\n<p><a href=\"https:\/\/hand2noteguide.com\/es\/hand2note-4-getting-started\/\">Hand2Note 4<\/a> ha sido reconstruido desde cero con una arquitectura moderna. He aqu\u00ed por qu\u00e9 es importante para los jugadores de PPPoker:<\/p>\n\n\n\n<ul class=\"wp-block-list\">\n<li><strong>Rendimiento significativamente m\u00e1s r\u00e1pido.<\/strong> Hand2Note 4 utiliza completamente los procesadores multin\u00facleo y la RAM, haciendo que la visualizaci\u00f3n del HUD y la carga de popups sean notablemente m\u00e1s r\u00e1pidos, incluso al jugar en m\u00faltiples mesas.<\/li>\n\n\n\n<li><strong>Base de datos un 50% m\u00e1s peque\u00f1a.<\/strong> Tu base de datos de historial de manos ahora ocupa la mitad del espacio en disco en comparaci\u00f3n con la versi\u00f3n anterior, con opciones para reducirla a\u00fan m\u00e1s.<\/li>\n\n\n\n<li><strong>Optimizado para multi-tabling.<\/strong> Los jugadores de aplicaciones asi\u00e1ticas a menudo juegan en muchas mesas simult\u00e1neamente. Hand2Note 4 maneja esto con una carga m\u00ednima del sistema, para que tu emulador o cliente PPPoker siga siendo responsivo.<\/li>\n\n\n\n<li><strong>Interfaz redise\u00f1ada.<\/strong> Una interfaz m\u00e1s limpia e intuitiva facilita la navegaci\u00f3n por informes, la configuraci\u00f3n de HUDs y el an\u00e1lisis de tu juego.<\/li>\n<\/ul>\n\n\n\n<figure class=\"wp-block-image size-large\"><img decoding=\"async\" src=\"https:\/\/hand2noteguide.com\/wp-content\/uploads\/2026\/02\/hand2note-4-graph-1-scaled.png\" alt=\"Rendimiento de Hand2Note 4\" \/><figcaption class=\"wp-element-caption\">Interfaz de Hand2Note 4<\/figcaption><\/figure>\n\n\n\n<h2 class=\"wp-block-heading\">\u00bfC\u00f3mo empezar?<\/h2>\n\n\n\n<p>No se requieren configuraciones. Simplemente ejecuta Hand2Note junto con cualquier n\u00famero de mesas de PPPoker. El HUD aparecer\u00e1 autom\u00e1ticamente en todas ellas. Cuando ejecutes Hand2Note con aplicaciones asi\u00e1ticas por primera vez, se activar\u00e1 autom\u00e1ticamente una prueba gratuita especial de 14 d\u00edas. M\u00e1s tarde podr\u00e1s seleccionar una suscripci\u00f3n adecuada y <a href=\"https:\/\/hand2noteguide.com\/es\/promo\/\">obtenerla con descuento<\/a>.<\/p>\n\n\n<div class=\"wp-block-h2n-alert h2n-alert h2n-alert--info\"><div class=\"h2n-alert__icon\" aria-hidden=\"true\"><svg width=\"22\" height=\"22\" viewBox=\"0 0 24 24\" fill=\"none\" stroke=\"currentColor\" stroke-width=\"2\" stroke-linecap=\"round\" stroke-linejoin=\"round\"><circle cx=\"12\" cy=\"12\" r=\"10\"\/><line x1=\"12\" y1=\"16\" x2=\"12\" y2=\"12\"\/><circle cx=\"12\" cy=\"8\" r=\"1\" fill=\"currentColor\" stroke=\"none\"\/><\/svg><\/div><div class=\"h2n-alert__content\">Si est\u00e1s jugando a trav\u00e9s de un emulador Android, te recomendamos seguir las <a href=\"https:\/\/hand2noteguide.com\/es\/user-manual\/configuring-hand2note-to-play-in-applications-via-an-emulator-using-the-example-of-pokerbros\/\">instrucciones especiales de configuraci\u00f3n<\/a> para garantizar un rendimiento de HUD fluido e ininterrumpido.<\/div><\/div>\n\n\n<p>Ten en cuenta que el HUD de Hand2Note funcionar\u00e1 incluso si solo est\u00e1s viendo el juego.<\/p>\n\n\n\n<p>Si el HUD no aparece por alguna raz\u00f3n, intenta seguir <a href=\"https:\/\/hand2noteguide.com\/es\/issues-resolving\/hud-not-showing\/\">los pasos de soluci\u00f3n de problemas<\/a>. En caso de que el problema persista, por favor contacta con el <a href=\"https:\/\/hand2noteguide.com\/es\/hand2note-official-support\/\">soporte de chat en vivo<\/a>, te ayudar\u00e1n a resolverlo r\u00e1pidamente.<\/p>\n\n\n\n<h2 class=\"wp-block-heading\">\u00a1Ok, veo el HUD! \u00bfQu\u00e9 sigue?<\/h2>\n\n\n\n<p>Genial, has dado el primer paso. Ahora puedes comenzar a jugar y explorar las posibilidades de Hand2Note. Es un software de p\u00f3ker realmente completo, as\u00ed que hay algunos primeros pasos que puedes seguir:<\/p>\n\n\n\n<ol class=\"wp-block-list\">\n<li><a href=\"https:\/\/hand2noteguide.com\/es\/hand2note-hud\/\">Configura o elige el mejor HUD para ti<\/a>. Considera todas las opciones cuidadosamente, teniendo en cuenta las funciones avanzadas de Hand2Note. Recuerda que el HUD de H2N puede ser mucho m\u00e1s poderoso que otros rastreadores obsoletos como Holdem Manager.<\/li>\n\n\n\n<li><a href=\"https:\/\/hand2noteguide.com\/es\/video-course\/\">Toma nuestro curso completo de video de Hand2Note<\/a>. Comenzar\u00e1s a usar profesionalmente todas las funciones en el menor tiempo posible.<\/li>\n<\/ol>\n\n\n\n<h2 class=\"wp-block-heading\">\u00bfQu\u00e9 otras aplicaciones asi\u00e1ticas son compatibles?<\/h2>\n\n\n\n<p>Hand2Note tambi\u00e9n es compatible con <a href=\"https:\/\/hand2noteguide.com\/es\/pokerbros-hud\/\">PokerBros<\/a> y muchos <a href=\"https:\/\/hand2noteguide.com\/es\/asian\/\">otros sitios populares<\/a>.<\/p>\n","protected":false},"excerpt":{"rendered":"<p>Usa un HUD de PPPoker r\u00e1pido y confiable con Hand2Note Hand2Note es un rastreador de p\u00f3ker de nueva generaci\u00f3n. Te proporciona un poker HUD funcional y popups para varias salas. La aplicaci\u00f3n PPPoker tambi\u00e9n es compatible, por lo que puedes usar todo el poder de Hand2Note para vencer a tus oponentes en las mesas. Puedes &hellip; <a href=\"https:\/\/hand2noteguide.com\/es\/pppoker-hud\/\" class=\"more-link\">Continue reading <span class=\"screen-reader-text\">PPPoker HUD<\/span><\/a><\/p>\n","protected":false},"author":1,"featured_media":4711,"parent":0,"menu_order":0,"comment_status":"closed","ping_status":"closed","template":"","meta":{"footnotes":""},"class_list":["post-4666","page","type-page","status-publish","has-post-thumbnail","hentry"],"translation":{"provider":"WPGlobus","version":"3.0.2","language":"es","enabled_languages":["en","ru","pt","zh","es","fr","de","it","ja"],"languages":{"en":{"title":true,"content":true,"excerpt":false},"ru":{"title":true,"content":true,"excerpt":false},"pt":{"title":true,"content":true,"excerpt":false},"zh":{"title":true,"content":true,"excerpt":false},"es":{"title":true,"content":true,"excerpt":false},"fr":{"title":true,"content":true,"excerpt":false},"de":{"title":true,"content":true,"excerpt":false},"it":{"title":true,"content":true,"excerpt":false},"ja":{"title":true,"content":true,"excerpt":false}}},"yoast_head":"<!-- This site is optimized with the Yoast SEO plugin v27.0 - https:\/\/yoast.com\/product\/yoast-seo-wordpress\/ -->\n<title>HUD de PPPoker r\u00e1pido y confiable - Gu\u00eda de Hand2Note<\/title>\n<meta name=\"description\" content=\"El HUD de Hand2Note para PPPoker es moderno, fluido y preciso. Se admite tanto la aplicaci\u00f3n de Windows como el emulador de Android. \u00a1Aplasta a tus oponentes!\" \/>\n<meta name=\"robots\" content=\"index, follow, max-snippet:-1, max-image-preview:large, max-video-preview:-1\" \/>\n<link rel=\"canonical\" href=\"https:\/\/hand2noteguide.com\/zh\/pppoker-hud\/\" \/>\n<meta property=\"og:locale\" content=\"es_ES\" \/>\n<meta property=\"og:type\" content=\"article\" \/>\n<meta property=\"og:title\" content=\"HUD de PPPoker r\u00e1pido y confiable - Gu\u00eda de Hand2Note\" \/>\n<meta property=\"og:description\" content=\"El HUD de Hand2Note para PPPoker es moderno, fluido y preciso. Se admite tanto la aplicaci\u00f3n de Windows como el emulador de Android. \u00a1Aplasta a tus oponentes!\" \/>\n<meta property=\"og:url\" content=\"https:\/\/hand2noteguide.com\/zh\/pppoker-hud\/\" \/>\n<meta property=\"og:site_name\" content=\"Hand2Note Guide\" \/>\n<meta property=\"article:modified_time\" content=\"2026-02-21T16:43:20+00:00\" \/>\n<meta property=\"og:image\" content=\"https:\/\/hand2noteguide.com\/wp-content\/uploads\/2021\/01\/PPPoker-HUD.png\" \/>\n\t<meta property=\"og:image:width\" content=\"879\" \/>\n\t<meta property=\"og:image:height\" content=\"814\" \/>\n\t<meta property=\"og:image:type\" content=\"image\/png\" \/>\n<meta name=\"twitter:card\" content=\"summary_large_image\" \/>\n<meta name=\"twitter:label1\" content=\"Est. reading time\" \/>\n\t<meta name=\"twitter:data1\" content=\"2 minutes\" \/>\n<!-- \/ Yoast SEO plugin. -->","yoast_head_json":{"title":"HUD de PPPoker r\u00e1pido y confiable - Gu\u00eda de Hand2Note","description":"El HUD de Hand2Note para PPPoker es moderno, fluido y preciso. Se admite tanto la aplicaci\u00f3n de Windows como el emulador de Android. \u00a1Aplasta a tus oponentes!","robots":{"index":"index","follow":"follow","max-snippet":"max-snippet:-1","max-image-preview":"max-image-preview:large","max-video-preview":"max-video-preview:-1"},"canonical":"https:\/\/hand2noteguide.com\/zh\/pppoker-hud\/","og_locale":"es_ES","og_type":"article","og_title":"HUD de PPPoker r\u00e1pido y confiable - Gu\u00eda de Hand2Note","og_description":"El HUD de Hand2Note para PPPoker es moderno, fluido y preciso. Se admite tanto la aplicaci\u00f3n de Windows como el emulador de Android. \u00a1Aplasta a tus oponentes!","og_url":"https:\/\/hand2noteguide.com\/zh\/pppoker-hud\/","og_site_name":"Hand2Note Guide","article_modified_time":"2026-02-21T16:43:20+00:00","og_image":[{"width":879,"height":814,"url":"https:\/\/hand2noteguide.com\/wp-content\/uploads\/2021\/01\/PPPoker-HUD.png","type":"image\/png"}],"twitter_card":"summary_large_image","twitter_misc":{"Est. reading time":"2 minutes"},"schema":{"@context":"https:\/\/schema.org","@graph":[]}},"jetpack_sharing_enabled":true,"_links":{"self":[{"href":"https:\/\/hand2noteguide.com\/es\/wp-json\/wp\/v2\/pages\/4666","targetHints":{"allow":["GET"]}}],"collection":[{"href":"https:\/\/hand2noteguide.com\/es\/wp-json\/wp\/v2\/pages"}],"about":[{"href":"https:\/\/hand2noteguide.com\/es\/wp-json\/wp\/v2\/types\/page"}],"author":[{"embeddable":true,"href":"https:\/\/hand2noteguide.com\/es\/wp-json\/wp\/v2\/users\/1"}],"replies":[{"embeddable":true,"href":"https:\/\/hand2noteguide.com\/es\/wp-json\/wp\/v2\/comments?post=4666"}],"version-history":[{"count":35,"href":"https:\/\/hand2noteguide.com\/es\/wp-json\/wp\/v2\/pages\/4666\/revisions"}],"predecessor-version":[{"id":15252,"href":"https:\/\/hand2noteguide.com\/es\/wp-json\/wp\/v2\/pages\/4666\/revisions\/15252"}],"wp:featuredmedia":[{"embeddable":true,"href":"https:\/\/hand2noteguide.com\/es\/wp-json\/wp\/v2\/media\/4711"}],"wp:attachment":[{"href":"https:\/\/hand2noteguide.com\/es\/wp-json\/wp\/v2\/media?parent=4666"}],"curies":[{"name":"wp","href":"https:\/\/api.w.org\/{rel}","templated":true}]}}