{"id":472,"date":"2018-10-22T22:02:26","date_gmt":"2018-10-22T19:02:26","guid":{"rendered":"https:\/\/h2n312.wordpress.com\/?page_id=472"},"modified":"2025-06-04T17:52:19","modified_gmt":"2025-06-04T14:52:19","slug":"disable-hud","status":"publish","type":"page","link":"https:\/\/hand2noteguide.com\/es\/guide\/hud\/disable-hud\/","title":{"rendered":"C\u00f3mo desactivar el HUD"},"content":{"rendered":"\n<h2 class=\"wp-block-heading\">M\u00e9todo #1<\/h2>\n\n\n\n<p>Puedes desactivar el m\u00f3dulo responsable de recopilar el historial de manos de tu sala. Para hacer esto, termina el proceso correspondiente en el administrador de tareas. El proceso comienza despu\u00e9s de que abres una sala.<\/p>\n\n\n\n<figure class=\"wp-block-image\"><img loading=\"lazy\" decoding=\"async\" width=\"667\" height=\"337\" src=\"https:\/\/hand2noteguide.com\/wp-content\/uploads\/2019\/07\/hand2note-pokerstars-module-process.png\" alt=\"hand2note pokerstars module process\" class=\"wp-image-1609\" srcset=\"https:\/\/hand2noteguide.com\/wp-content\/uploads\/2019\/07\/hand2note-pokerstars-module-process.png 667w, https:\/\/hand2noteguide.com\/wp-content\/uploads\/2019\/07\/hand2note-pokerstars-module-process-300x152.png 300w, https:\/\/hand2noteguide.com\/wp-content\/uploads\/2019\/07\/hand2note-pokerstars-module-process-624x315.png 624w\" sizes=\"auto, (max-width: 667px) 100vw, 667px\" \/><\/figure>\n\n\n\n<p>Tambi\u00e9n necesitas eliminar las carpetas de historial de manos de la sala de la lista de importaci\u00f3n autom\u00e1tica en Hand2Note, si las has a\u00f1adido.<\/p>\n\n\n\n<p>Ten en cuenta que si utilizas este m\u00e9todo, Hand2Note no capturar\u00e1 manos de tu sala. Si deseas desactivar el HUD, pero recopilar historiales de manos, utiliza el segundo m\u00e9todo.<\/p>\n\n\n\n<h2 class=\"wp-block-heading\">M\u00e9todo #2<\/h2>\n\n\n<p>Hay un filtro en el editor de HUD que te permite personalizar la visualizaci\u00f3n del HUD solo en ciertas salas. Puedes resaltar toda la mesa y asignarle un filtro con solo las salas deseadas.<\/p>\n<p><img loading=\"lazy\" decoding=\"async\" class=\"alignnone size-full wp-image-473\" src=\"https:\/\/hand2noteguide.com\/wp-content\/uploads\/2018\/10\/hand2note-hud-choose-room.png\" alt=\"hand2note hud choose room\" width=\"640\" height=\"228\" srcset=\"https:\/\/hand2noteguide.com\/wp-content\/uploads\/2018\/10\/hand2note-hud-choose-room.png 640w, https:\/\/hand2noteguide.com\/wp-content\/uploads\/2018\/10\/hand2note-hud-choose-room-300x107.png 300w, https:\/\/hand2noteguide.com\/wp-content\/uploads\/2018\/10\/hand2note-hud-choose-room-624x222.png 624w\" sizes=\"auto, (max-width: 640px) 100vw, 640px\" \/><\/p>\n<p>Si deseas desactivar completamente el HUD, simplemente selecciona cualquier sala arbitraria en la que no est\u00e9s jugando.<\/p>","protected":false},"excerpt":{"rendered":"<p>M\u00e9todo #1 Puedes desactivar el m\u00f3dulo responsable de recopilar el historial de manos de tu sala. Para hacer esto, termina el proceso correspondiente en el administrador de tareas. El proceso comienza despu\u00e9s de que abres una sala. Tambi\u00e9n necesitas eliminar las carpetas de historial de manos de la sala de la lista de importaci\u00f3n autom\u00e1tica &hellip; <a href=\"https:\/\/hand2noteguide.com\/es\/guide\/hud\/disable-hud\/\" class=\"more-link\">Continue reading <span class=\"screen-reader-text\">C\u00f3mo desactivar el HUD<\/span><\/a><\/p>\n","protected":false},"author":1,"featured_media":0,"parent":372,"menu_order":0,"comment_status":"closed","ping_status":"closed","template":"page-templates\/full-width-page.php","meta":{"footnotes":""},"class_list":["post-472","page","type-page","status-publish","hentry"],"translation":{"provider":"WPGlobus","version":"3.0.2","language":"es","enabled_languages":["en","ru","pt","zh","es","fr","de","it","ja"],"languages":{"en":{"title":true,"content":true,"excerpt":false},"ru":{"title":true,"content":true,"excerpt":false},"pt":{"title":true,"content":true,"excerpt":false},"zh":{"title":true,"content":true,"excerpt":false},"es":{"title":true,"content":true,"excerpt":false},"fr":{"title":true,"content":true,"excerpt":false},"de":{"title":true,"content":true,"excerpt":false},"it":{"title":true,"content":true,"excerpt":false},"ja":{"title":true,"content":true,"excerpt":false}}},"yoast_head":"<!-- This site is optimized with the Yoast SEO plugin v27.0 - https:\/\/yoast.com\/product\/yoast-seo-wordpress\/ -->\n<title>C\u00f3mo Desactivar el HUD en Hand2Note 3: Dos M\u00e9todos Simples<\/title>\n<meta name=\"description\" content=\"Aprende c\u00f3mo desactivar el HUD de Hand2Note con dos m\u00e9todos simples. Sigue nuestra gu\u00eda paso a paso para tener un control total sobre tu HUD.\" \/>\n<meta name=\"robots\" content=\"index, follow, max-snippet:-1, max-image-preview:large, max-video-preview:-1\" \/>\n<link rel=\"canonical\" href=\"https:\/\/hand2noteguide.com\/guide\/hud\/disable-hud\/\" \/>\n<meta property=\"og:locale\" content=\"es_ES\" \/>\n<meta property=\"og:type\" content=\"article\" \/>\n<meta property=\"og:title\" content=\"C\u00f3mo Desactivar el HUD en Hand2Note 3: Dos M\u00e9todos Simples\" \/>\n<meta property=\"og:description\" content=\"Aprende c\u00f3mo desactivar el HUD de Hand2Note con dos m\u00e9todos simples. Sigue nuestra gu\u00eda paso a paso para tener un control total sobre tu HUD.\" \/>\n<meta property=\"og:url\" content=\"https:\/\/hand2noteguide.com\/guide\/hud\/disable-hud\/\" \/>\n<meta property=\"og:site_name\" content=\"Hand2Note Guide\" \/>\n<meta property=\"article:modified_time\" content=\"2025-06-04T14:52:19+00:00\" \/>\n<meta property=\"og:image\" content=\"https:\/\/hand2noteguide.com\/wp-content\/uploads\/2019\/07\/hand2note-pokerstars-module-process.png\" \/>\n<meta name=\"twitter:card\" content=\"summary_large_image\" \/>\n<meta name=\"twitter:label1\" content=\"Est. reading time\" \/>\n\t<meta name=\"twitter:data1\" content=\"5 minutes\" \/>\n<!-- \/ Yoast SEO plugin. -->","yoast_head_json":{"title":"C\u00f3mo Desactivar el HUD en Hand2Note 3: Dos M\u00e9todos Simples","description":"Aprende c\u00f3mo desactivar el HUD de Hand2Note con dos m\u00e9todos simples. Sigue nuestra gu\u00eda paso a paso para tener un control total sobre tu HUD.","robots":{"index":"index","follow":"follow","max-snippet":"max-snippet:-1","max-image-preview":"max-image-preview:large","max-video-preview":"max-video-preview:-1"},"canonical":"https:\/\/hand2noteguide.com\/guide\/hud\/disable-hud\/","og_locale":"es_ES","og_type":"article","og_title":"C\u00f3mo Desactivar el HUD en Hand2Note 3: Dos M\u00e9todos Simples","og_description":"Aprende c\u00f3mo desactivar el HUD de Hand2Note con dos m\u00e9todos simples. Sigue nuestra gu\u00eda paso a paso para tener un control total sobre tu HUD.","og_url":"https:\/\/hand2noteguide.com\/guide\/hud\/disable-hud\/","og_site_name":"Hand2Note Guide","article_modified_time":"2025-06-04T14:52:19+00:00","og_image":[{"url":"https:\/\/hand2noteguide.com\/wp-content\/uploads\/2019\/07\/hand2note-pokerstars-module-process.png","type":"","width":"","height":""}],"twitter_card":"summary_large_image","twitter_misc":{"Est. reading time":"5 minutes"},"schema":{"@context":"https:\/\/schema.org","@graph":[]}},"jetpack_sharing_enabled":false,"_links":{"self":[{"href":"https:\/\/hand2noteguide.com\/es\/wp-json\/wp\/v2\/pages\/472","targetHints":{"allow":["GET"]}}],"collection":[{"href":"https:\/\/hand2noteguide.com\/es\/wp-json\/wp\/v2\/pages"}],"about":[{"href":"https:\/\/hand2noteguide.com\/es\/wp-json\/wp\/v2\/types\/page"}],"author":[{"embeddable":true,"href":"https:\/\/hand2noteguide.com\/es\/wp-json\/wp\/v2\/users\/1"}],"replies":[{"embeddable":true,"href":"https:\/\/hand2noteguide.com\/es\/wp-json\/wp\/v2\/comments?post=472"}],"version-history":[{"count":20,"href":"https:\/\/hand2noteguide.com\/es\/wp-json\/wp\/v2\/pages\/472\/revisions"}],"predecessor-version":[{"id":13522,"href":"https:\/\/hand2noteguide.com\/es\/wp-json\/wp\/v2\/pages\/472\/revisions\/13522"}],"up":[{"embeddable":true,"href":"https:\/\/hand2noteguide.com\/es\/wp-json\/wp\/v2\/pages\/372"}],"wp:attachment":[{"href":"https:\/\/hand2noteguide.com\/es\/wp-json\/wp\/v2\/media?parent=472"}],"curies":[{"name":"wp","href":"https:\/\/api.w.org\/{rel}","templated":true}]}}