{"id":4760,"date":"2021-01-21T18:03:14","date_gmt":"2021-01-21T15:03:14","guid":{"rendered":"http:\/\/hand2noteguide.com\/?page_id=4760"},"modified":"2026-03-07T08:38:59","modified_gmt":"2026-03-07T08:38:59","slug":"privacy-policy","status":"publish","type":"page","link":"https:\/\/hand2noteguide.com\/es\/privacy-policy\/","title":{"rendered":"Pol\u00edtica de Privacidad"},"content":{"rendered":"\n<h2>1. Introducci\u00f3n<\/h2>\n<p>Esta Pol\u00edtica de Privacidad explica c\u00f3mo <strong>hand2noteguide.com<\/strong> recopila, utiliza y protege su informaci\u00f3n. Hand2Note Guide es un socio autorizado de <a href=\"https:\/\/hand2note.com\" target=\"_blank\" rel=\"noopener\">Hand2Note<\/a> y otros productos educativos de p\u00f3ker. Al usar este sitio web, usted acepta las pr\u00e1cticas descritas aqu\u00ed.<\/p>\n\n<h2>2. Datos Personales Recogidos a Trav\u00e9s de Formularios<\/h2>\n<p>Puede crear una cuenta en nuestro sitio web de forma opcional. Al registrarse, solo recopilamos su direcci\u00f3n de correo electr\u00f3nico. Estos datos se utilizan para gestionar su cuenta y proporcionar acceso a nuestros servicios.<\/p>\n<p>Cuando utiliza nuestros formularios de contacto (como el formulario de comentarios, el formulario de solicitud de HUD o el formulario de solicitud de descuento), podemos recopilar su direcci\u00f3n de correo electr\u00f3nico y la informaci\u00f3n que elija proporcionar en su mensaje.<\/p>\n<p>Sus datos personales no se vender\u00e1n ni compartir\u00e1n con terceros con fines de marketing.<\/p>\n\n<h2>3. Datos T\u00e9cnicos y Cookies<\/h2>\n<p>Utilizamos <strong>Google Analytics<\/strong> para entender el tr\u00e1fico del sitio web y mejorar la experiencia del usuario. Google Analytics utiliza cookies para proporcionar datos agregados y anonimizados sobre c\u00f3mo los visitantes interact\u00faan con nuestro sitio web. Para m\u00e1s detalles, consulte la <a href=\"https:\/\/policies.google.com\/privacy\" target=\"_blank\" rel=\"noopener\">Pol\u00edtica de Privacidad de Google<\/a>.<\/p>\n<p>Este sitio web tambi\u00e9n utiliza cookies necesarias para su funcionalidad b\u00e1sica como parte de la plataforma WordPress. Puede desactivar las cookies en la configuraci\u00f3n de su navegador, aunque esto puede afectar la funcionalidad del sitio.<\/p>\n\n<h2>4. Servicios de Terceros<\/h2>\n<p>Nuestro sitio web puede contener enlaces a sitios web de terceros, incluidos socios afiliados y proveedores de software de p\u00f3ker como Hand2Note. No controlamos las pr\u00e1cticas de privacidad de estos sitios web, y sus propias pol\u00edticas de privacidad se aplican.<\/p>\n<p>El contenido incrustado (como videos de YouTube o botones de redes sociales) puede comportarse como si visitara el sitio web externo directamente, y estos servicios pueden recopilar datos de acuerdo con sus propias pol\u00edticas.<\/p>\n\n<h2>5. Almacenamiento y Seguridad de Datos<\/h2>\n<p>La informaci\u00f3n enviada a trav\u00e9s de formularios se almacena de forma segura a trav\u00e9s de <strong>Gmail<\/strong> y en nuestro software de soporte al cliente <strong>Front<\/strong>, que permite a nuestro equipo de soporte revisar y responder. Los datos se conservan solo el tiempo necesario para atender su solicitud, despu\u00e9s de lo cual pueden ser eliminados o anonimizados.<\/p>\n<p>Tomamos medidas razonables para proteger su informaci\u00f3n y utilizamos solo servicios de confianza (WordPress, Gmail, Front). Sin embargo, ning\u00fan m\u00e9todo de transmisi\u00f3n a trav\u00e9s de Internet puede garantizarse como completamente seguro.<\/p>\n\n<h2>6. Sus Derechos<\/h2>\n<p>Usted tiene derecho a solicitar el acceso, la correcci\u00f3n o la eliminaci\u00f3n de sus datos personales. Para ejercer estos derechos, cont\u00e1ctenos en <a href=\"mailto:support@hand2noteguide.com\">support@hand2noteguide.com<\/a>.<\/p>\n\n<h2>7. Restricciones de Edad<\/h2>\n<p>Este sitio web est\u00e1 destinado a personas de <strong>18 a\u00f1os o m\u00e1s<\/strong>, y solo donde dicho uso sea legal conforme a la legislaci\u00f3n local aplicable.<\/p>\n\n<h2>8. Pol\u00edticas Relacionadas<\/h2>\n<p>Esta Pol\u00edtica de Privacidad debe leerse junto con nuestros <a href=\"https:\/\/hand2noteguide.com\/es\/terms-of-use\/\" target=\"_blank\" rel=\"noopener\">T\u00e9rminos de Uso<\/a>, <a href=\"https:\/\/hand2noteguide.com\/es\/refund-policy\/\" target=\"_blank\" rel=\"noopener\">Pol\u00edtica de Reembolso<\/a> y <a href=\"https:\/\/hand2noteguide.com\/es\/editorial-policy\/\" target=\"_blank\" rel=\"noopener\">Pol\u00edtica Editorial<\/a>, que forman parte integral de las pol\u00edticas de nuestro sitio web.<\/p>\n\n<h2>9. Prioridad de Idioma<\/h2>\n<p>Si esta Pol\u00edtica de Privacidad se traduce a otros idiomas y surge alguna discrepancia o inconsistencia, prevalecer\u00e1 la <strong>versi\u00f3n en ingl\u00e9s<\/strong>.<\/p>\n\n<h2>10. Actualizaciones de esta Pol\u00edtica<\/h2>\n<p>Podemos actualizar esta Pol\u00edtica de Privacidad de vez en cuando. Cualquier cambio entrar\u00e1 en vigor inmediatamente despu\u00e9s de su publicaci\u00f3n en esta p\u00e1gina. Al continuar utilizando el sitio web, usted acepta la \u00faltima versi\u00f3n de esta Pol\u00edtica de Privacidad.<\/p>\n\n<h2>11. Contacto<\/h2>\n<p>Para cualquier pregunta sobre esta Pol\u00edtica de Privacidad, por favor contacte: <a href=\"mailto:support@hand2noteguide.com\">support@hand2noteguide.com<\/a><\/p>\n","protected":false},"excerpt":{"rendered":"<p>1. Introducci\u00f3n Esta Pol\u00edtica de Privacidad explica c\u00f3mo hand2noteguide.com recopila, utiliza y protege su informaci\u00f3n. Hand2Note Guide es un socio autorizado de Hand2Note y otros productos educativos de p\u00f3ker. Al usar este sitio web, usted acepta las pr\u00e1cticas descritas aqu\u00ed. 2. Datos Personales Recogidos a Trav\u00e9s de Formularios Puede crear una cuenta en nuestro sitio &hellip; <a href=\"https:\/\/hand2noteguide.com\/es\/privacy-policy\/\" class=\"more-link\">Continue reading <span class=\"screen-reader-text\">Pol\u00edtica de Privacidad<\/span><\/a><\/p>\n","protected":false},"author":1,"featured_media":0,"parent":0,"menu_order":0,"comment_status":"closed","ping_status":"closed","template":"page-templates\/full-width-page.php","meta":{"footnotes":""},"class_list":["post-4760","page","type-page","status-publish","hentry"],"translation":{"provider":"WPGlobus","version":"3.0.2","language":"es","enabled_languages":["en","ru","pt","zh","es","fr","de","it","ja"],"languages":{"en":{"title":true,"content":true,"excerpt":false},"ru":{"title":true,"content":true,"excerpt":false},"pt":{"title":true,"content":true,"excerpt":false},"zh":{"title":true,"content":true,"excerpt":false},"es":{"title":true,"content":true,"excerpt":false},"fr":{"title":true,"content":true,"excerpt":false},"de":{"title":true,"content":true,"excerpt":false},"it":{"title":true,"content":true,"excerpt":false},"ja":{"title":true,"content":true,"excerpt":false}}},"yoast_head":"<!-- This site is optimized with the Yoast SEO plugin v27.0 - https:\/\/yoast.com\/product\/yoast-seo-wordpress\/ -->\n<title>Pol\u00edtica de Privacidad | Hand2Note Guide<\/title>\n<meta name=\"description\" content=\"Aprende c\u00f3mo Hand2Note Guide recopila, utiliza y protege tus datos. Conoce tus derechos de privacidad y c\u00f3mo nuestra pol\u00edtica resguarda tu informaci\u00f3n personal.\" \/>\n<meta name=\"robots\" content=\"index, follow, max-snippet:-1, max-image-preview:large, max-video-preview:-1\" \/>\n<link rel=\"canonical\" href=\"https:\/\/hand2noteguide.com\/privacy-policy\/\" \/>\n<meta property=\"og:locale\" content=\"es_ES\" \/>\n<meta property=\"og:type\" content=\"article\" \/>\n<meta property=\"og:title\" content=\"Pol\u00edtica de Privacidad | Hand2Note Guide\" \/>\n<meta property=\"og:description\" content=\"Aprende c\u00f3mo Hand2Note Guide recopila, utiliza y protege tus datos. Conoce tus derechos de privacidad y c\u00f3mo nuestra pol\u00edtica resguarda tu informaci\u00f3n personal.\" \/>\n<meta property=\"og:url\" content=\"https:\/\/hand2noteguide.com\/privacy-policy\/\" \/>\n<meta property=\"og:site_name\" content=\"Hand2Note Guide\" \/>\n<meta property=\"article:modified_time\" content=\"2026-03-07T08:38:59+00:00\" \/>\n<meta name=\"twitter:card\" content=\"summary_large_image\" \/>\n<meta name=\"twitter:label1\" content=\"Est. reading time\" \/>\n\t<meta name=\"twitter:data1\" content=\"3 minutes\" \/>\n<!-- \/ Yoast SEO plugin. -->","yoast_head_json":{"title":"Pol\u00edtica de Privacidad | Hand2Note Guide","description":"Aprende c\u00f3mo Hand2Note Guide recopila, utiliza y protege tus datos. Conoce tus derechos de privacidad y c\u00f3mo nuestra pol\u00edtica resguarda tu informaci\u00f3n personal.","robots":{"index":"index","follow":"follow","max-snippet":"max-snippet:-1","max-image-preview":"max-image-preview:large","max-video-preview":"max-video-preview:-1"},"canonical":"https:\/\/hand2noteguide.com\/privacy-policy\/","og_locale":"es_ES","og_type":"article","og_title":"Pol\u00edtica de Privacidad | Hand2Note Guide","og_description":"Aprende c\u00f3mo Hand2Note Guide recopila, utiliza y protege tus datos. Conoce tus derechos de privacidad y c\u00f3mo nuestra pol\u00edtica resguarda tu informaci\u00f3n personal.","og_url":"https:\/\/hand2noteguide.com\/privacy-policy\/","og_site_name":"Hand2Note Guide","article_modified_time":"2026-03-07T08:38:59+00:00","twitter_card":"summary_large_image","twitter_misc":{"Est. reading time":"3 minutes"},"schema":{"@context":"https:\/\/schema.org","@graph":[]}},"jetpack_sharing_enabled":true,"_links":{"self":[{"href":"https:\/\/hand2noteguide.com\/es\/wp-json\/wp\/v2\/pages\/4760","targetHints":{"allow":["GET"]}}],"collection":[{"href":"https:\/\/hand2noteguide.com\/es\/wp-json\/wp\/v2\/pages"}],"about":[{"href":"https:\/\/hand2noteguide.com\/es\/wp-json\/wp\/v2\/types\/page"}],"author":[{"embeddable":true,"href":"https:\/\/hand2noteguide.com\/es\/wp-json\/wp\/v2\/users\/1"}],"replies":[{"embeddable":true,"href":"https:\/\/hand2noteguide.com\/es\/wp-json\/wp\/v2\/comments?post=4760"}],"version-history":[{"count":39,"href":"https:\/\/hand2noteguide.com\/es\/wp-json\/wp\/v2\/pages\/4760\/revisions"}],"predecessor-version":[{"id":15249,"href":"https:\/\/hand2noteguide.com\/es\/wp-json\/wp\/v2\/pages\/4760\/revisions\/15249"}],"wp:attachment":[{"href":"https:\/\/hand2noteguide.com\/es\/wp-json\/wp\/v2\/media?parent=4760"}],"curies":[{"name":"wp","href":"https:\/\/api.w.org\/{rel}","templated":true}]}}