{"id":4773,"date":"2021-01-22T14:11:19","date_gmt":"2021-01-22T11:11:19","guid":{"rendered":"http:\/\/hand2noteguide.com\/?page_id=4773"},"modified":"2026-03-07T08:29:42","modified_gmt":"2026-03-07T08:29:42","slug":"terms-of-use","status":"publish","type":"page","link":"https:\/\/hand2noteguide.com\/es\/terms-of-use\/","title":{"rendered":"T\u00e9rminos de Uso"},"content":{"rendered":"\n<h2>1. Uso del Contenido<\/h2>\n<p>El contenido de este sitio se proporciona \u00fanicamente con fines <strong>educativos e informativos<\/strong>. No garantizamos ning\u00fan resultado espec\u00edfico en el p\u00f3ker en l\u00ednea o actividades relacionadas.<\/p>\n<p>Los usuarios son los \u00fanicos responsables de asegurarse de que el uso de HUDs o cualquier software de terceros cumpla con las reglas de sus respectivas salas de p\u00f3ker. Hand2Note Guide no asume ninguna responsabilidad por violaciones de las reglas de plataformas de terceros.<\/p>\n<p>Todos los materiales de este sitio est\u00e1n destinados \u00fanicamente para <strong>uso personal<\/strong>. Est\u00e1 estrictamente prohibido copiar, distribuir o utilizar nuestro contenido con fines comerciales sin previo consentimiento por escrito.<\/p>\n\n<h2>2. Conducta del Usuario<\/h2>\n<p>Al usar este sitio web, usted acepta no:<\/p>\n<ul>\n  <li>participar en actividades ilegales,<\/li>\n  <li>intentar hackear, enviar spam o cargar c\u00f3digo malicioso,<\/li>\n  <li>usar el sitio o su contenido con fines comerciales sin permiso.<\/li>\n<\/ul>\n<p>Este sitio est\u00e1 destinado a personas de <strong>18 a\u00f1os o m\u00e1s<\/strong>, y solo donde dicho uso sea legal conforme a la legislaci\u00f3n local aplicable.<\/p>\n\n<h2>3. Terminaci\u00f3n de Acceso<\/h2>\n<p>Nos reservamos el derecho, a nuestra sola discreci\u00f3n, de restringir, suspender o terminar el acceso a este sitio web (total o parcialmente) si creemos razonablemente que un usuario ha violado estos T\u00e9rminos, la ley aplicable o la seguridad e integridad del sitio web.<\/p>\n\n<h2>4. Enlaces de Afiliados y Compras Externas<\/h2>\n<p>Hand2Note Guide no vende productos o servicios directamente en este sitio web. Todas las compras se procesan exclusivamente a trav\u00e9s de <strong>sitios web de terceros<\/strong>.<\/p>\n<p>Hand2Note Guide puede incluir enlaces de afiliados. Esto significa que podemos recibir una comisi\u00f3n si hace clic en dichos enlaces y realiza una compra. El uso de enlaces de afiliados no influye en nuestra independencia editorial, y todas las recomendaciones se basan en nuestra propia experiencia.<\/p>\n<p>Nos esforzamos por mantener las promociones y la informaci\u00f3n precisas y actualizadas; sin embargo, no podemos garantizar la total exactitud de los precios, disponibilidad o c\u00f3digos de descuento en todo momento. Los t\u00e9rminos, precios y condiciones finales son determinados \u00fanicamente por el sitio web de terceros correspondiente.<\/p>\n<p>Para obtener informaci\u00f3n sobre el software Hand2Note espec\u00edficamente, revise los t\u00e9rminos oficiales en <a href=\"https:\/\/hand2note.com\" target=\"_blank\" rel=\"noopener\">hand2note.com<\/a>.<\/p>\n\n<h2>5. Descargo de Responsabilidad y Limitaci\u00f3n de Responsabilidad<\/h2>\n<p>El sitio web y su contenido se proporcionan <strong>\u201ctal cual\u201d<\/strong> sin garant\u00edas de ning\u00fan tipo, expresas o impl\u00edcitas.<\/p>\n<p>Hand2Note Guide no garantiza la precisi\u00f3n, integridad o fiabilidad de la informaci\u00f3n proporcionada. El uso del sitio y la confianza en su contenido es bajo su propio riesgo.<\/p>\n<p>En la m\u00e1xima medida permitida por la legislaci\u00f3n aplicable, no somos <strong>responsables de ninguna p\u00e9rdida financiera, da\u00f1os o decisiones<\/strong> que tome en relaci\u00f3n con el p\u00f3ker en l\u00ednea o el uso de software de terceros.<\/p>\n<p>Hand2Note Guide no proporciona servicios de juego con dinero real y no es un operador de juegos de azar en l\u00ednea.<\/p>\n\n<h2>6. Ley Aplicable y Resoluci\u00f3n de Disputas<\/h2>\n<p>Estos T\u00e9rminos se regir\u00e1n por las leyes aplicables. En caso de disputa, la jurisdicci\u00f3n competente se determinar\u00e1 por la residencia del propietario del sitio web.<\/p>\n<p>Antes de iniciar procedimientos formales, usted acepta intentar resolver cualquier disputa de manera informal contact\u00e1ndonos en: <a href=\"mailto:support@hand2noteguide.com\">support@hand2noteguide.com<\/a>.<\/p>\n\n<h2>7. Pol\u00edticas Relacionadas<\/h2>\n<p>Estos T\u00e9rminos deben leerse junto con nuestra <a href=\"https:\/\/hand2noteguide.com\/es\/privacy-policy\/\" target=\"_blank\" rel=\"noopener\">Pol\u00edtica de Privacidad<\/a>, <a href=\"https:\/\/hand2noteguide.com\/es\/refund-policy\/\" target=\"_blank\" rel=\"noopener\">Pol\u00edtica de Reembolso<\/a> y <a href=\"https:\/\/hand2noteguide.com\/es\/editorial-policy\/\" target=\"_blank\" rel=\"noopener\">Pol\u00edtica Editorial<\/a>, que forman parte integral de las pol\u00edticas de nuestro sitio web.<\/p>\n\n<h2>8. Prioridad de Idioma<\/h2>\n<p>Si estos T\u00e9rminos se traducen a otros idiomas y surge alguna discrepancia o inconsistencia, prevalecer\u00e1 la <strong>versi\u00f3n en ingl\u00e9s<\/strong>.<\/p>\n\n<h2>9. Actualizaciones de los T\u00e9rminos<\/h2>\n<p>Podemos actualizar estos T\u00e9rminos de vez en cuando. Cualquier cambio ser\u00e1 efectivo inmediatamente despu\u00e9s de su publicaci\u00f3n en esta p\u00e1gina.<\/p>\n<p>Al continuar usando el sitio web, usted acepta estar sujeto a la \u00faltima versi\u00f3n de estos T\u00e9rminos.<\/p>\n\n\n<h2>10. Contacto<\/h2>\n<p>Para cualquier pregunta sobre estos T\u00e9rminos, por favor contacte: <a href=\"mailto:support@hand2noteguide.com\">support@hand2noteguide.com<\/a><\/p>\n","protected":false},"excerpt":{"rendered":"<p>1. Uso del Contenido El contenido de este sitio se proporciona \u00fanicamente con fines educativos e informativos. No garantizamos ning\u00fan resultado espec\u00edfico en el p\u00f3ker en l\u00ednea o actividades relacionadas. Los usuarios son los \u00fanicos responsables de asegurarse de que el uso de HUDs o cualquier software de terceros cumpla con las reglas de sus &hellip; <a href=\"https:\/\/hand2noteguide.com\/es\/terms-of-use\/\" class=\"more-link\">Continue reading <span class=\"screen-reader-text\">T\u00e9rminos de Uso<\/span><\/a><\/p>\n","protected":false},"author":1,"featured_media":0,"parent":0,"menu_order":0,"comment_status":"closed","ping_status":"closed","template":"page-templates\/full-width-page.php","meta":{"footnotes":""},"class_list":["post-4773","page","type-page","status-publish","hentry"],"translation":{"provider":"WPGlobus","version":"3.0.2","language":"es","enabled_languages":["en","ru","pt","zh","es","fr","de","it","ja"],"languages":{"en":{"title":true,"content":true,"excerpt":false},"ru":{"title":true,"content":true,"excerpt":false},"pt":{"title":true,"content":true,"excerpt":false},"zh":{"title":true,"content":true,"excerpt":false},"es":{"title":true,"content":true,"excerpt":false},"fr":{"title":true,"content":true,"excerpt":false},"de":{"title":true,"content":true,"excerpt":false},"it":{"title":true,"content":true,"excerpt":false},"ja":{"title":true,"content":true,"excerpt":false}}},"yoast_head":"<!-- This site is optimized with the Yoast SEO plugin v27.0 - https:\/\/yoast.com\/product\/yoast-seo-wordpress\/ -->\n<title>T\u00e9rminos de Uso | Hand2Note Guide<\/title>\n<meta name=\"description\" content=\"Descubra los t\u00e9rminos y condiciones clave para usar la Hand2Note Guide. Comprenda sus derechos y obligaciones para una experiencia fluida con nuestro servicio.\" \/>\n<meta name=\"robots\" content=\"index, follow, max-snippet:-1, max-image-preview:large, max-video-preview:-1\" \/>\n<link rel=\"canonical\" href=\"https:\/\/hand2noteguide.com\/terms-of-use\/\" \/>\n<meta property=\"og:locale\" content=\"es_ES\" \/>\n<meta property=\"og:type\" content=\"article\" \/>\n<meta property=\"og:title\" content=\"T\u00e9rminos de Uso | Hand2Note Guide\" \/>\n<meta property=\"og:description\" content=\"Descubra los t\u00e9rminos y condiciones clave para usar la Hand2Note Guide. Comprenda sus derechos y obligaciones para una experiencia fluida con nuestro servicio.\" \/>\n<meta property=\"og:url\" content=\"https:\/\/hand2noteguide.com\/terms-of-use\/\" \/>\n<meta property=\"og:site_name\" content=\"Hand2Note Guide\" \/>\n<meta property=\"article:modified_time\" content=\"2026-03-07T08:29:42+00:00\" \/>\n<meta name=\"twitter:card\" content=\"summary_large_image\" \/>\n<meta name=\"twitter:label1\" content=\"Est. reading time\" \/>\n\t<meta name=\"twitter:data1\" content=\"3 minutes\" \/>\n<!-- \/ Yoast SEO plugin. -->","yoast_head_json":{"title":"T\u00e9rminos de Uso | Hand2Note Guide","description":"Descubra los t\u00e9rminos y condiciones clave para usar la Hand2Note Guide. Comprenda sus derechos y obligaciones para una experiencia fluida con nuestro servicio.","robots":{"index":"index","follow":"follow","max-snippet":"max-snippet:-1","max-image-preview":"max-image-preview:large","max-video-preview":"max-video-preview:-1"},"canonical":"https:\/\/hand2noteguide.com\/terms-of-use\/","og_locale":"es_ES","og_type":"article","og_title":"T\u00e9rminos de Uso | Hand2Note Guide","og_description":"Descubra los t\u00e9rminos y condiciones clave para usar la Hand2Note Guide. Comprenda sus derechos y obligaciones para una experiencia fluida con nuestro servicio.","og_url":"https:\/\/hand2noteguide.com\/terms-of-use\/","og_site_name":"Hand2Note Guide","article_modified_time":"2026-03-07T08:29:42+00:00","twitter_card":"summary_large_image","twitter_misc":{"Est. reading time":"3 minutes"},"schema":{"@context":"https:\/\/schema.org","@graph":[]}},"jetpack_sharing_enabled":true,"_links":{"self":[{"href":"https:\/\/hand2noteguide.com\/es\/wp-json\/wp\/v2\/pages\/4773","targetHints":{"allow":["GET"]}}],"collection":[{"href":"https:\/\/hand2noteguide.com\/es\/wp-json\/wp\/v2\/pages"}],"about":[{"href":"https:\/\/hand2noteguide.com\/es\/wp-json\/wp\/v2\/types\/page"}],"author":[{"embeddable":true,"href":"https:\/\/hand2noteguide.com\/es\/wp-json\/wp\/v2\/users\/1"}],"replies":[{"embeddable":true,"href":"https:\/\/hand2noteguide.com\/es\/wp-json\/wp\/v2\/comments?post=4773"}],"version-history":[{"count":33,"href":"https:\/\/hand2noteguide.com\/es\/wp-json\/wp\/v2\/pages\/4773\/revisions"}],"predecessor-version":[{"id":15250,"href":"https:\/\/hand2noteguide.com\/es\/wp-json\/wp\/v2\/pages\/4773\/revisions\/15250"}],"wp:attachment":[{"href":"https:\/\/hand2noteguide.com\/es\/wp-json\/wp\/v2\/media?parent=4773"}],"curies":[{"name":"wp","href":"https:\/\/api.w.org\/{rel}","templated":true}]}}