{"id":4885,"date":"2021-03-21T13:02:23","date_gmt":"2021-03-21T10:02:23","guid":{"rendered":"http:\/\/hand2noteguide.com\/?page_id=4885"},"modified":"2025-06-04T16:31:43","modified_gmt":"2025-06-04T13:31:43","slug":"ggpoker-hh","status":"publish","type":"page","link":"https:\/\/hand2noteguide.com\/es\/ggpoker-hh\/","title":{"rendered":"Usa Hand2Note con GGPoker"},"content":{"rendered":"\n<p>El HUD no est\u00e1 permitido en la red de GGPoker, pero a\u00fan puedes usar <a aria-label=\"undefined (opens in a new tab)\" href=\"https:\/\/hand2note.com\/es\/\" target=\"_blank\" rel=\"noreferrer noopener\">Hand2Note<\/a> para analizar tu propio juego y realizar la <a href=\"https:\/\/hand2noteguide.com\/es\/guide\/range-research\/\">investigaci\u00f3n del pool<\/a>. Sigue los siguientes pasos para obtener tus manos en Hand2Note y comenzar a trabajar con tu base de datos.<\/p>\n\n\n\n<h2 class=\"wp-block-heading\">1. Obt\u00e9n Historias de Manos<\/h2>\n\n\n\n<p>Primero, descarga tus archivos de historial de manos desde PokerCraft.<\/p>\n\n\n\n<div class=\"green-block\">\n<p>Otra opci\u00f3n es <a style=\"font-weight:600 !important\" target=\"_blank\" href=\"https:\/\/handhistorypoker.com\/\" rel=\"noopener\">comprar historias de manos de GGpoker<\/a> de nuestro socio HisHands. Al comprar historias de manos, tendr\u00e1s <span style=\"font-weight:600\">datos m\u00e1s completos<\/span>. Podr\u00e1s analizar en detalle no solo tu juego, sino tambi\u00e9n <span style=\"font-weight:600\">encontrar las debilidades de tus oponentes<\/span>.<\/p>\n<p style=\"margin-bottom:0\">Usa la frase de c\u00f3digo <span style=\"font-weight:600\">H2NGG<\/span> para obtener un descuento en tu primer pedido.<\/p>\n<\/div>\n\n\n\n<h2 class=\"wp-block-heading\">2. Convierte<\/h2>\n\n\n\n<p style=\"margin-bottom:6px\">Elige tu <a href=\"https:\/\/hand2note.com\/es\/#start\" target=\"_blank\" rel=\"noopener\">versi\u00f3n de Hand2Note<\/a>:<\/p>\n\n\n<div class=\"responsive-tabs\">\n<h2 class=\"tabtitle\">Hand2Note 3<\/h2>\n<div class=\"tabcontent\">\n\n\n\n\n<p>Hand2Note 3 no soporta de manera nativa las historias de manos de GGpoker. Por lo tanto, necesitar\u00e1s convertir tus manos al formato compatible.<\/p>\n\n\n\n<div class=\"wpcf7 no-js\" id=\"wpcf7-f8612-o1\" lang=\"en-US\" dir=\"ltr\" data-wpcf7-id=\"8612\">\n<div class=\"screen-reader-response\"><p role=\"status\" aria-live=\"polite\" aria-atomic=\"true\"><\/p> <ul><\/ul><\/div>\n<form action=\"\/es\/wp-json\/wp\/v2\/pages\/4885#wpcf7-f8612-o1\" method=\"post\" class=\"wpcf7-form init\" aria-label=\"Contact form\" novalidate=\"novalidate\" data-status=\"init\">\n<fieldset class=\"hidden-fields-container\"><input type=\"hidden\" name=\"_wpcf7\" value=\"8612\" \/><input type=\"hidden\" name=\"_wpcf7_version\" value=\"6.1.5\" \/><input type=\"hidden\" name=\"_wpcf7_locale\" value=\"en_US\" \/><input type=\"hidden\" name=\"_wpcf7_unit_tag\" value=\"wpcf7-f8612-o1\" \/><input type=\"hidden\" name=\"_wpcf7_container_post\" value=\"0\" \/><input type=\"hidden\" name=\"_wpcf7_posted_data_hash\" value=\"\" \/><input type=\"hidden\" name=\"_wpcf7_recaptcha_response\" value=\"\" \/>\n<\/fieldset>\n<p class=\"newsletter-title\" style=\"color:#606060; margin-top:14px\">Download Hand2Note GGPoker Converter\n<\/p>\n<p style=\"margin-bottom:0\">Enter your email and we'll send you download link along with the using instructions.\n<\/p>\n<p><br \/>\n<label> Your email<br \/>\n<span class=\"wpcf7-form-control-wrap\" data-name=\"your-email\"><input size=\"40\" maxlength=\"400\" class=\"wpcf7-form-control wpcf7-email wpcf7-validates-as-required wpcf7-text wpcf7-validates-as-email\" autocomplete=\"email\" aria-required=\"true\" aria-invalid=\"false\" value=\"\" type=\"email\" name=\"your-email\" \/><\/span> <\/label>\n<\/p>\n<p style=\"margin-bottom:14px\"><input class=\"wpcf7-form-control wpcf7-submit has-spinner\" type=\"submit\" value=\"Get the converter\" \/>\n<\/p><div class=\"wpcf7-response-output\" aria-hidden=\"true\"><\/div>\n<\/form>\n<\/div>\n\n\n\n\n<figure class=\"wp-block-image size-large\"><img loading=\"lazy\" decoding=\"async\" width=\"1024\" height=\"586\" src=\"http:\/\/hand2noteguide.com\/wp-content\/uploads\/2024\/10\/ggpoker-converter-new-1-min-1024x586.png\" alt=\"Hand2Note GGpoker Converter\" class=\"wp-image-8626\" srcset=\"https:\/\/hand2noteguide.com\/wp-content\/uploads\/2024\/10\/ggpoker-converter-new-1-min-1024x586.png 1024w, https:\/\/hand2noteguide.com\/wp-content\/uploads\/2024\/10\/ggpoker-converter-new-1-min-300x172.png 300w, https:\/\/hand2noteguide.com\/wp-content\/uploads\/2024\/10\/ggpoker-converter-new-1-min-768x440.png 768w, https:\/\/hand2noteguide.com\/wp-content\/uploads\/2024\/10\/ggpoker-converter-new-1-min-772x442.png 772w, https:\/\/hand2noteguide.com\/wp-content\/uploads\/2024\/10\/ggpoker-converter-new-1-min-624x357.png 624w, https:\/\/hand2noteguide.com\/wp-content\/uploads\/2024\/10\/ggpoker-converter-new-1-min.png 1534w\" sizes=\"auto, (max-width: 1024px) 100vw, 1024px\" \/><\/figure>\n\n\n\n<ul class=\"wp-block-list\">\n<li>Antes de usar el convertidor, coloca todos tus archivos de historial de manos .txt en una carpeta espec\u00edfica.<\/li>\n\n\n\n<li>En el campo &#8220;Hand History folder&#8221;, especifica tu carpeta con las historias de manos.<\/li>\n\n\n\n<li>En el campo &#8220;Export to&#8221;, especifica la carpeta donde deseas guardar las manos convertidas.<\/li>\n\n\n\n<li>Haz clic en el bot\u00f3n &#8220;Start&#8221; y espera hasta que el proceso de conversi\u00f3n se complete.<\/li>\n<\/ul>\n\n\n\n<p>\u00a1Hecho! Ahora puedes cargar las historias de manos convertidas en Hand2Note 3.<\/p>\n\n\n\n<\/div><h2 class=\"tabtitle\">Hand2Note 4<\/h2>\n<div class=\"tabcontent\">\n\n\n\n\n<p style=\"font-weight:600;font-size: 18px\">\u00a1No necesitas convertir!<\/p>\n<p>En la nueva <a style=\"font-weight:600!important\" href=\"https:\/\/hand2noteguide.com\/es\/hand2note-4-getting-started\/\">Hand2Note 4 Beta<\/a> las historias de manos de GGpoker son soportadas de manera nativa. As\u00ed que ya no necesitas el convertidor.<\/p>\n\n\n<\/div><\/div>\n\n\n\n<h2 style=\"margin-top:40px\">3. Importa y analiza<\/h2>\n\n\n\n<p>Sigue nuestras breves gu\u00edas para importar tus manos convertidas de GGPoker a Hand2Note y analiza tu base de datos de p\u00f3ker de manera eficiente.<\/p>\n\n\n\n<div class=\"custom-post-preview\" style=\"margin-bottom:15px\">\n\t<div class=\"custom-preview-left-image\"><a href=\"\/es\/ggpoker-import\/\"><img decoding=\"async\" class=\"no-lightbox\" src=\"https:\/\/hand2noteguide.com\/wp-content\/uploads\/2022\/04\/image-8.png\"><\/a><\/div>\n\t<div class=\"custom-preview-right-content\">\n\t\t<p style=\"margin-top: 6px\"><a href=\"\/es\/ggpoker-import\/\" style=\"font-size:18px;font-weight:600 !important\">C\u00f3mo importar manos de GGpoker en Hand2Note<\/a><\/p>\n\t\t<p style=\"font-size: 16px;margin-bottom: 10px\">En este art\u00edculo, consideraremos c\u00f3mo importar historias de manos de p\u00f3ker desde la red GG a Hand2Note paso a paso&#8230; <a href=\"\/es\/ggpoker-import\/\">Leer m\u00e1s \u2192<\/a><\/p>\n\t<\/div>\n<\/div>\n\n\n\n<div class=\"custom-post-preview\" style=\"clear:both\">\n\t<div class=\"custom-preview-left-image\"><a href=\"\/es\/ggpoker-analyze\/\"><img decoding=\"async\" class=\"no-lightbox\" src=\"https:\/\/hand2noteguide.com\/wp-content\/uploads\/2022\/04\/image-11.png\"><\/a><\/div>\n\t<div class=\"custom-preview-right-content\">\n\t\t<p style=\"margin-top: 6px\"><a href=\"\/es\/ggpoker-analyze\/\" style=\"font-size:18px;font-weight:600 !important\">An\u00e1lisis de GGPoker en Hand2Note<\/a><\/p>\n\t\t<p style=\"font-size: 16px;margin-bottom: 10px\">Las historias de manos de las salas de la red GG son an\u00f3nimas, pero a\u00fan puedes usar todas las incre\u00edbles funciones de an\u00e1lisis de H2N para escanear tu juego desde todos los \u00e1ngulos posibles&#8230; <a href=\"\/es\/ggpoker-analyze\/\">Leer m\u00e1s \u2192<\/a><\/p>\n\t<\/div>\n<\/div>\n<div style=\"clear:both\"><\/div>\n","protected":false},"excerpt":{"rendered":"<p>El HUD no est\u00e1 permitido en la red de GGPoker, pero a\u00fan puedes usar Hand2Note para analizar tu propio juego y realizar la investigaci\u00f3n del pool. Sigue los siguientes pasos para obtener tus manos en Hand2Note y comenzar a trabajar con tu base de datos. 1. Obt\u00e9n Historias de Manos Primero, descarga tus archivos de &hellip; <a href=\"https:\/\/hand2noteguide.com\/es\/ggpoker-hh\/\" class=\"more-link\">Continue reading <span class=\"screen-reader-text\">Usa Hand2Note con GGPoker<\/span><\/a><\/p>\n","protected":false},"author":1,"featured_media":0,"parent":0,"menu_order":0,"comment_status":"closed","ping_status":"closed","template":"page-templates\/full-width-page.php","meta":{"footnotes":""},"class_list":["post-4885","page","type-page","status-publish","hentry"],"translation":{"provider":"WPGlobus","version":"3.0.2","language":"es","enabled_languages":["en","ru","pt","zh","es","fr","de","it","ja"],"languages":{"en":{"title":true,"content":true,"excerpt":false},"ru":{"title":true,"content":true,"excerpt":false},"pt":{"title":true,"content":true,"excerpt":false},"zh":{"title":true,"content":true,"excerpt":false},"es":{"title":true,"content":true,"excerpt":false},"fr":{"title":true,"content":true,"excerpt":false},"de":{"title":true,"content":true,"excerpt":false},"it":{"title":true,"content":true,"excerpt":false},"ja":{"title":true,"content":true,"excerpt":false}}},"yoast_head":"<!-- This site is optimized with the Yoast SEO plugin v27.0 - https:\/\/yoast.com\/product\/yoast-seo-wordpress\/ -->\n<title>Usa Hand2Note con GGPoker \u2013 Convierte y Analiza Tus Manos<\/title>\n<meta name=\"description\" content=\"Los HUDs no est\u00e1n permitidos en GGPoker, pero a\u00fan puedes analizar tu juego con Hand2Note. Aprende c\u00f3mo convertir, importar y estudiar manos de GGPoker paso a paso.\" \/>\n<meta name=\"robots\" content=\"index, follow, max-snippet:-1, max-image-preview:large, max-video-preview:-1\" \/>\n<link rel=\"canonical\" href=\"https:\/\/hand2noteguide.com\/ggpoker-hh\/\" \/>\n<meta property=\"og:locale\" content=\"es_ES\" \/>\n<meta property=\"og:type\" content=\"article\" \/>\n<meta property=\"og:title\" content=\"Usa Hand2Note con GGPoker \u2013 Convierte y Analiza Tus Manos\" \/>\n<meta property=\"og:description\" content=\"Los HUDs no est\u00e1n permitidos en GGPoker, pero a\u00fan puedes analizar tu juego con Hand2Note. Aprende c\u00f3mo convertir, importar y estudiar manos de GGPoker paso a paso.\" \/>\n<meta property=\"og:url\" content=\"https:\/\/hand2noteguide.com\/ggpoker-hh\/\" \/>\n<meta property=\"og:site_name\" content=\"Hand2Note Guide\" \/>\n<meta property=\"article:modified_time\" content=\"2025-06-04T13:31:43+00:00\" \/>\n<meta property=\"og:image\" content=\"http:\/\/hand2noteguide.com\/wp-content\/uploads\/2024\/10\/ggpoker-converter-new-1-min-1024x586.png\" \/>\n<meta name=\"twitter:card\" content=\"summary_large_image\" \/>\n<meta name=\"twitter:label1\" content=\"Est. reading time\" \/>\n\t<meta name=\"twitter:data1\" content=\"12 minutes\" \/>\n<!-- \/ Yoast SEO plugin. -->","yoast_head_json":{"title":"Usa Hand2Note con GGPoker \u2013 Convierte y Analiza Tus Manos","description":"Los HUDs no est\u00e1n permitidos en GGPoker, pero a\u00fan puedes analizar tu juego con Hand2Note. Aprende c\u00f3mo convertir, importar y estudiar manos de GGPoker paso a paso.","robots":{"index":"index","follow":"follow","max-snippet":"max-snippet:-1","max-image-preview":"max-image-preview:large","max-video-preview":"max-video-preview:-1"},"canonical":"https:\/\/hand2noteguide.com\/ggpoker-hh\/","og_locale":"es_ES","og_type":"article","og_title":"Usa Hand2Note con GGPoker \u2013 Convierte y Analiza Tus Manos","og_description":"Los HUDs no est\u00e1n permitidos en GGPoker, pero a\u00fan puedes analizar tu juego con Hand2Note. Aprende c\u00f3mo convertir, importar y estudiar manos de GGPoker paso a paso.","og_url":"https:\/\/hand2noteguide.com\/ggpoker-hh\/","og_site_name":"Hand2Note Guide","article_modified_time":"2025-06-04T13:31:43+00:00","og_image":[{"url":"http:\/\/hand2noteguide.com\/wp-content\/uploads\/2024\/10\/ggpoker-converter-new-1-min-1024x586.png","type":"","width":"","height":""}],"twitter_card":"summary_large_image","twitter_misc":{"Est. reading time":"12 minutes"},"schema":{"@context":"https:\/\/schema.org","@graph":[]}},"jetpack_sharing_enabled":true,"_links":{"self":[{"href":"https:\/\/hand2noteguide.com\/es\/wp-json\/wp\/v2\/pages\/4885","targetHints":{"allow":["GET"]}}],"collection":[{"href":"https:\/\/hand2noteguide.com\/es\/wp-json\/wp\/v2\/pages"}],"about":[{"href":"https:\/\/hand2noteguide.com\/es\/wp-json\/wp\/v2\/types\/page"}],"author":[{"embeddable":true,"href":"https:\/\/hand2noteguide.com\/es\/wp-json\/wp\/v2\/users\/1"}],"replies":[{"embeddable":true,"href":"https:\/\/hand2noteguide.com\/es\/wp-json\/wp\/v2\/comments?post=4885"}],"version-history":[{"count":105,"href":"https:\/\/hand2noteguide.com\/es\/wp-json\/wp\/v2\/pages\/4885\/revisions"}],"predecessor-version":[{"id":13483,"href":"https:\/\/hand2noteguide.com\/es\/wp-json\/wp\/v2\/pages\/4885\/revisions\/13483"}],"wp:attachment":[{"href":"https:\/\/hand2noteguide.com\/es\/wp-json\/wp\/v2\/media?parent=4885"}],"curies":[{"name":"wp","href":"https:\/\/api.w.org\/{rel}","templated":true}]}}