{"id":4923,"date":"2021-03-29T17:46:29","date_gmt":"2021-03-29T14:46:29","guid":{"rendered":"http:\/\/hand2noteguide.com\/?page_id=4923"},"modified":"2025-06-04T16:29:06","modified_gmt":"2025-06-04T13:29:06","slug":"for-schools-and-stables","status":"publish","type":"page","link":"https:\/\/hand2noteguide.com\/es\/for-schools-and-stables\/","title":{"rendered":"Para escuelas y establos"},"content":{"rendered":"\n<p>Estamos encantados de ofrecer condiciones exclusivas para escuelas, establos y simplemente grupos de jugadores. Obtendr\u00e1s todo lo que necesitas para dominar el juego y el an\u00e1lisis con Hand2Note a un precio muy bueno.<\/p>\n\n\n\n<p>Nuestra oferta incluye precios especiales para:<\/p>\n\n\n\n<h3 class=\"wp-block-heading\">1. Licencias de Hand2Note<\/h3>\n\n\n\n<p>Si compras varias licencias a la vez, podemos ofrecer un buen descuento junto con otros bonos.<\/p>\n\n\n\n<h3 class=\"wp-block-heading\">2. HUD&amp;Popups profesionales<\/h3>\n\n\n\n<p>Obt\u00e9n cualquier conjunto de HUD&amp;popup de nuestra <a aria-label=\"undefined (opens in a new tab)\" href=\"https:\/\/hand2noteguide.com\/es\/hud-store\/\" target=\"_blank\" rel=\"noreferrer noopener\">Tienda<\/a> con descuento personal y soporte. Como alternativa, podemos <a href=\"https:\/\/hand2noteguide.com\/es\/hud-store\/custom-hud-order\/\" target=\"_blank\" rel=\"noreferrer noopener\">dise\u00f1ar un paquete \u00fanico<\/a> para todos los jugadores del grupo.<\/p>\n\n\n\n<h3 class=\"wp-block-heading\">3. Curso completo en video<\/h3>\n\n\n\n<p>Todos los jugadores tendr\u00e1n acceso a <a href=\"https:\/\/nickjames.teachable.com\/courses\/hand2note-professional-usage\/lectures\/14423550?utm_source=hand2noteguide.com&amp;utm_medium=referral&amp;utm_campaign=hand2noteguide.com\" target=\"_blank\" aria-label=\"undefined (opens in a new tab)\" rel=\"noreferrer noopener\">todos los videos<\/a> para asegurarse de que todos usen H2N de la manera m\u00e1s eficiente.<\/p>\n\n\n\n<p><a href=\"https:\/\/hand2noteguide.com\/es\/contact-us\/\">Cont\u00e1ctanos<\/a> para m\u00e1s detalles.<\/p>\n","protected":false},"excerpt":{"rendered":"<p>Estamos encantados de ofrecer condiciones exclusivas para escuelas, establos y simplemente grupos de jugadores. Obtendr\u00e1s todo lo que necesitas para dominar el juego y el an\u00e1lisis con Hand2Note a un precio muy bueno. Nuestra oferta incluye precios especiales para: 1. Licencias de Hand2Note Si compras varias licencias a la vez, podemos ofrecer un buen descuento &hellip; <a href=\"https:\/\/hand2noteguide.com\/es\/for-schools-and-stables\/\" class=\"more-link\">Continue reading <span class=\"screen-reader-text\">Para escuelas y establos<\/span><\/a><\/p>\n","protected":false},"author":1,"featured_media":0,"parent":0,"menu_order":0,"comment_status":"closed","ping_status":"closed","template":"page-templates\/full-width-page.php","meta":{"footnotes":""},"class_list":["post-4923","page","type-page","status-publish","hentry"],"translation":{"provider":"WPGlobus","version":"3.0.2","language":"es","enabled_languages":["en","ru","pt","zh","es","fr","de","it","ja"],"languages":{"en":{"title":true,"content":true,"excerpt":false},"ru":{"title":true,"content":true,"excerpt":false},"pt":{"title":true,"content":true,"excerpt":false},"zh":{"title":true,"content":true,"excerpt":false},"es":{"title":true,"content":true,"excerpt":false},"fr":{"title":true,"content":true,"excerpt":false},"de":{"title":true,"content":true,"excerpt":false},"it":{"title":true,"content":true,"excerpt":false},"ja":{"title":true,"content":true,"excerpt":false}}},"yoast_head":"<!-- This site is optimized with the Yoast SEO plugin v27.0 - https:\/\/yoast.com\/product\/yoast-seo-wordpress\/ -->\n<title>Ofertas Exclusivas para Escuelas de P\u00f3ker y Grupos de Jugadores<\/title>\n<meta name=\"description\" content=\"Descubre ofertas exclusivas para escuelas de p\u00f3ker y grupos de jugadores. Obt\u00e9n licencias de Hand2Note con descuento, HUDs profesionales y un curso completo en video.\" \/>\n<meta name=\"robots\" content=\"index, follow, max-snippet:-1, max-image-preview:large, max-video-preview:-1\" \/>\n<link rel=\"canonical\" href=\"https:\/\/hand2noteguide.com\/for-schools-and-stables\/\" \/>\n<meta property=\"og:locale\" content=\"es_ES\" \/>\n<meta property=\"og:type\" content=\"article\" \/>\n<meta property=\"og:title\" content=\"Ofertas Exclusivas para Escuelas de P\u00f3ker y Grupos de Jugadores\" \/>\n<meta property=\"og:description\" content=\"Descubre ofertas exclusivas para escuelas de p\u00f3ker y grupos de jugadores. Obt\u00e9n licencias de Hand2Note con descuento, HUDs profesionales y un curso completo en video.\" \/>\n<meta property=\"og:url\" content=\"https:\/\/hand2noteguide.com\/for-schools-and-stables\/\" \/>\n<meta property=\"og:site_name\" content=\"Hand2Note Guide\" \/>\n<meta property=\"article:modified_time\" content=\"2025-06-04T13:29:06+00:00\" \/>\n<meta name=\"twitter:card\" content=\"summary_large_image\" \/>\n<meta name=\"twitter:label1\" content=\"Est. reading time\" \/>\n\t<meta name=\"twitter:data1\" content=\"4 minutes\" \/>\n<!-- \/ Yoast SEO plugin. -->","yoast_head_json":{"title":"Ofertas Exclusivas para Escuelas de P\u00f3ker y Grupos de Jugadores","description":"Descubre ofertas exclusivas para escuelas de p\u00f3ker y grupos de jugadores. Obt\u00e9n licencias de Hand2Note con descuento, HUDs profesionales y un curso completo en video.","robots":{"index":"index","follow":"follow","max-snippet":"max-snippet:-1","max-image-preview":"max-image-preview:large","max-video-preview":"max-video-preview:-1"},"canonical":"https:\/\/hand2noteguide.com\/for-schools-and-stables\/","og_locale":"es_ES","og_type":"article","og_title":"Ofertas Exclusivas para Escuelas de P\u00f3ker y Grupos de Jugadores","og_description":"Descubre ofertas exclusivas para escuelas de p\u00f3ker y grupos de jugadores. Obt\u00e9n licencias de Hand2Note con descuento, HUDs profesionales y un curso completo en video.","og_url":"https:\/\/hand2noteguide.com\/for-schools-and-stables\/","og_site_name":"Hand2Note Guide","article_modified_time":"2025-06-04T13:29:06+00:00","twitter_card":"summary_large_image","twitter_misc":{"Est. reading time":"4 minutes"},"schema":{"@context":"https:\/\/schema.org","@graph":[]}},"jetpack_sharing_enabled":true,"_links":{"self":[{"href":"https:\/\/hand2noteguide.com\/es\/wp-json\/wp\/v2\/pages\/4923","targetHints":{"allow":["GET"]}}],"collection":[{"href":"https:\/\/hand2noteguide.com\/es\/wp-json\/wp\/v2\/pages"}],"about":[{"href":"https:\/\/hand2noteguide.com\/es\/wp-json\/wp\/v2\/types\/page"}],"author":[{"embeddable":true,"href":"https:\/\/hand2noteguide.com\/es\/wp-json\/wp\/v2\/users\/1"}],"replies":[{"embeddable":true,"href":"https:\/\/hand2noteguide.com\/es\/wp-json\/wp\/v2\/comments?post=4923"}],"version-history":[{"count":17,"href":"https:\/\/hand2noteguide.com\/es\/wp-json\/wp\/v2\/pages\/4923\/revisions"}],"predecessor-version":[{"id":13480,"href":"https:\/\/hand2noteguide.com\/es\/wp-json\/wp\/v2\/pages\/4923\/revisions\/13480"}],"wp:attachment":[{"href":"https:\/\/hand2noteguide.com\/es\/wp-json\/wp\/v2\/media?parent=4923"}],"curies":[{"name":"wp","href":"https:\/\/api.w.org\/{rel}","templated":true}]}}