{"id":5238,"date":"2021-08-13T21:40:09","date_gmt":"2021-08-13T18:40:09","guid":{"rendered":"http:\/\/hand2noteguide.com\/?page_id=5238"},"modified":"2025-06-04T22:44:53","modified_gmt":"2025-06-04T19:44:53","slug":"essential-one-for-spins","status":"publish","type":"page","link":"https:\/\/hand2noteguide.com\/es\/hud-store\/essential-one-for-spins\/","title":{"rendered":"Essential One for Spins"},"content":{"rendered":"\n<p>Con todas las funciones avanzadas disponibles solo en Hand2Note, tuvimos la oportunidad de crear uno de los HUDs de Spin&amp;Go m\u00e1s detallados del mercado. Essential One es un HUD din\u00e1mico que reconoce tu posici\u00f3n y muestra solo las estad\u00edsticas relevantes para el escenario actual. Aunque es detallado, pasamos meses optimizando la estructura de los paneles para que sea f\u00e1cil de usar mientras juegas.<\/p>\n\n\n\n<p>Essential One tambi\u00e9n incluye un dise\u00f1o optimizado para PokerStars. Sigue siendo potente incluso con las fuertes restricciones de HUD en el sitio gracias a la posibilidad de cambiar r\u00e1pidamente el dise\u00f1o del HUD mediante teclas de acceso r\u00e1pido.<\/p>\n\n\n\n<div style=\"margin-bottom:10px\">\n        \n        \n            \n            \n            \n            \n            \n            \n            \n            \n\n            <a class=\"button\" href=\"https:\/\/store.hand2noteguide.com\/checkout\/?add-to-cart=95\" style=\"margin-left:0 !important;background-color:#26a95e;border-radius:15px;margin-left:6px;color:#fff\" rel=\"noopener noreferrer\">COMPRAR POR $299<\/a> <span class=\"store-license-info\">(Licencia de por vida ilimitada)<\/span>\n\n         \n    <\/div>\n\n\n<div class=\"responsive-tabs\">\n<h2 class=\"tabtitle\">3-max BTN<\/h2>\n<div class=\"tabcontent\">\n\n\n\n\n<p style=\"font-size:16px\">El dise\u00f1o para 3 jugadores est\u00e1 optimizado para cada posible escenario y posici\u00f3n. El dise\u00f1o cambia din\u00e1micamente en cada mano, mostrando solo los paneles relevantes para tu situaci\u00f3n actual. Los tama\u00f1os de pila efectivos tambi\u00e9n se reconocen y filtran autom\u00e1ticamente. Estas caracter\u00edsticas ayudan a mantener tu enfoque solo en las estad\u00edsticas m\u00e1s relevantes para la situaci\u00f3n dada.<\/p>\n\n\n\n<figure class=\"wp-block-image size-large\"><img loading=\"lazy\" decoding=\"async\" width=\"899\" height=\"550\" src=\"http:\/\/hand2noteguide.com\/wp-content\/uploads\/2020\/09\/eo_h2n_3h_btn.png\" alt=\"\" class=\"wp-image-3975\" srcset=\"https:\/\/hand2noteguide.com\/wp-content\/uploads\/2020\/09\/eo_h2n_3h_btn.png 899w, https:\/\/hand2noteguide.com\/wp-content\/uploads\/2020\/09\/eo_h2n_3h_btn-300x184.png 300w, https:\/\/hand2noteguide.com\/wp-content\/uploads\/2020\/09\/eo_h2n_3h_btn-768x470.png 768w, https:\/\/hand2noteguide.com\/wp-content\/uploads\/2020\/09\/eo_h2n_3h_btn-772x472.png 772w, https:\/\/hand2noteguide.com\/wp-content\/uploads\/2020\/09\/eo_h2n_3h_btn-624x382.png 624w\" sizes=\"auto, (max-width: 899px) 100vw, 899px\" \/><\/figure>\n\n\n\n<figure class=\"wp-block-image size-large\"><img loading=\"lazy\" decoding=\"async\" width=\"1024\" height=\"690\" src=\"http:\/\/hand2noteguide.com\/wp-content\/uploads\/2020\/09\/eo-3h-btn-1-1024x690.png\" alt=\"\" class=\"wp-image-3986\" srcset=\"https:\/\/hand2noteguide.com\/wp-content\/uploads\/2020\/09\/eo-3h-btn-1-1024x690.png 1024w, https:\/\/hand2noteguide.com\/wp-content\/uploads\/2020\/09\/eo-3h-btn-1-300x202.png 300w, https:\/\/hand2noteguide.com\/wp-content\/uploads\/2020\/09\/eo-3h-btn-1-768x518.png 768w, https:\/\/hand2noteguide.com\/wp-content\/uploads\/2020\/09\/eo-3h-btn-1-772x520.png 772w, https:\/\/hand2noteguide.com\/wp-content\/uploads\/2020\/09\/eo-3h-btn-1-624x421.png 624w, https:\/\/hand2noteguide.com\/wp-content\/uploads\/2020\/09\/eo-3h-btn-1.png 1184w\" sizes=\"auto, (max-width: 1024px) 100vw, 1024px\" \/><\/figure>\n\n\n\n<figure class=\"wp-block-image size-large\"><img loading=\"lazy\" decoding=\"async\" width=\"825\" height=\"590\" src=\"http:\/\/hand2noteguide.com\/wp-content\/uploads\/2020\/09\/eo-3h-btn-2.png\" alt=\"\" class=\"wp-image-3987\" srcset=\"https:\/\/hand2noteguide.com\/wp-content\/uploads\/2020\/09\/eo-3h-btn-2.png 825w, https:\/\/hand2noteguide.com\/wp-content\/uploads\/2020\/09\/eo-3h-btn-2-300x215.png 300w, https:\/\/hand2noteguide.com\/wp-content\/uploads\/2020\/09\/eo-3h-btn-2-768x549.png 768w, https:\/\/hand2noteguide.com\/wp-content\/uploads\/2020\/09\/eo-3h-btn-2-772x552.png 772w, https:\/\/hand2noteguide.com\/wp-content\/uploads\/2020\/09\/eo-3h-btn-2-624x446.png 624w\" sizes=\"auto, (max-width: 825px) 100vw, 825px\" \/><\/figure>\n\n\n\n<figure class=\"wp-block-image size-large\"><img loading=\"lazy\" decoding=\"async\" width=\"1024\" height=\"655\" src=\"http:\/\/hand2noteguide.com\/wp-content\/uploads\/2020\/09\/eo-3h-btn-3-1024x655.png\" alt=\"\" class=\"wp-image-3988\" srcset=\"https:\/\/hand2noteguide.com\/wp-content\/uploads\/2020\/09\/eo-3h-btn-3-1024x655.png 1024w, https:\/\/hand2noteguide.com\/wp-content\/uploads\/2020\/09\/eo-3h-btn-3-300x192.png 300w, https:\/\/hand2noteguide.com\/wp-content\/uploads\/2020\/09\/eo-3h-btn-3-768x491.png 768w, https:\/\/hand2noteguide.com\/wp-content\/uploads\/2020\/09\/eo-3h-btn-3-772x494.png 772w, https:\/\/hand2noteguide.com\/wp-content\/uploads\/2020\/09\/eo-3h-btn-3-624x399.png 624w, https:\/\/hand2noteguide.com\/wp-content\/uploads\/2020\/09\/eo-3h-btn-3.png 1170w\" sizes=\"auto, (max-width: 1024px) 100vw, 1024px\" \/><\/figure>\n\n\n\n<\/div><h2 class=\"tabtitle\">3-max SB<\/h2>\n<div class=\"tabcontent\">\n\n\n\n\n<figure class=\"wp-block-image size-large\"><img loading=\"lazy\" decoding=\"async\" width=\"899\" height=\"550\" src=\"http:\/\/hand2noteguide.com\/wp-content\/uploads\/2020\/09\/eo_h2n_3h_sb.png\" alt=\"\" class=\"wp-image-3976\" srcset=\"https:\/\/hand2noteguide.com\/wp-content\/uploads\/2020\/09\/eo_h2n_3h_sb.png 899w, https:\/\/hand2noteguide.com\/wp-content\/uploads\/2020\/09\/eo_h2n_3h_sb-300x184.png 300w, https:\/\/hand2noteguide.com\/wp-content\/uploads\/2020\/09\/eo_h2n_3h_sb-768x470.png 768w, https:\/\/hand2noteguide.com\/wp-content\/uploads\/2020\/09\/eo_h2n_3h_sb-772x472.png 772w, https:\/\/hand2noteguide.com\/wp-content\/uploads\/2020\/09\/eo_h2n_3h_sb-624x382.png 624w\" sizes=\"auto, (max-width: 899px) 100vw, 899px\" \/><\/figure>\n\n\n\n<figure class=\"wp-block-image size-large\"><img loading=\"lazy\" decoding=\"async\" width=\"1024\" height=\"605\" src=\"http:\/\/hand2noteguide.com\/wp-content\/uploads\/2020\/09\/eo-3h-sb-1-1024x605.png\" alt=\"\" class=\"wp-image-3991\" srcset=\"https:\/\/hand2noteguide.com\/wp-content\/uploads\/2020\/09\/eo-3h-sb-1-1024x605.png 1024w, https:\/\/hand2noteguide.com\/wp-content\/uploads\/2020\/09\/eo-3h-sb-1-300x177.png 300w, https:\/\/hand2noteguide.com\/wp-content\/uploads\/2020\/09\/eo-3h-sb-1-768x454.png 768w, https:\/\/hand2noteguide.com\/wp-content\/uploads\/2020\/09\/eo-3h-sb-1-772x456.png 772w, https:\/\/hand2noteguide.com\/wp-content\/uploads\/2020\/09\/eo-3h-sb-1-624x369.png 624w, https:\/\/hand2noteguide.com\/wp-content\/uploads\/2020\/09\/eo-3h-sb-1.png 1324w\" sizes=\"auto, (max-width: 1024px) 100vw, 1024px\" \/><\/figure>\n\n\n\n<figure class=\"wp-block-image size-large\"><img loading=\"lazy\" decoding=\"async\" width=\"1024\" height=\"612\" src=\"http:\/\/hand2noteguide.com\/wp-content\/uploads\/2020\/09\/eo-3h-sb-2-1024x612.png\" alt=\"\" class=\"wp-image-3992\" srcset=\"https:\/\/hand2noteguide.com\/wp-content\/uploads\/2020\/09\/eo-3h-sb-2-1024x612.png 1024w, https:\/\/hand2noteguide.com\/wp-content\/uploads\/2020\/09\/eo-3h-sb-2-300x179.png 300w, https:\/\/hand2noteguide.com\/wp-content\/uploads\/2020\/09\/eo-3h-sb-2-768x459.png 768w, https:\/\/hand2noteguide.com\/wp-content\/uploads\/2020\/09\/eo-3h-sb-2-772x461.png 772w, https:\/\/hand2noteguide.com\/wp-content\/uploads\/2020\/09\/eo-3h-sb-2-624x373.png 624w, https:\/\/hand2noteguide.com\/wp-content\/uploads\/2020\/09\/eo-3h-sb-2.png 1382w\" sizes=\"auto, (max-width: 1024px) 100vw, 1024px\" \/><\/figure>\n\n\n\n<figure class=\"wp-block-image size-large\"><img loading=\"lazy\" decoding=\"async\" width=\"1024\" height=\"486\" src=\"http:\/\/hand2noteguide.com\/wp-content\/uploads\/2020\/09\/eo-3h-sb-3-1024x486.png\" alt=\"\" class=\"wp-image-3993\" srcset=\"https:\/\/hand2noteguide.com\/wp-content\/uploads\/2020\/09\/eo-3h-sb-3-1024x486.png 1024w, https:\/\/hand2noteguide.com\/wp-content\/uploads\/2020\/09\/eo-3h-sb-3-300x142.png 300w, https:\/\/hand2noteguide.com\/wp-content\/uploads\/2020\/09\/eo-3h-sb-3-768x364.png 768w, https:\/\/hand2noteguide.com\/wp-content\/uploads\/2020\/09\/eo-3h-sb-3-772x366.png 772w, https:\/\/hand2noteguide.com\/wp-content\/uploads\/2020\/09\/eo-3h-sb-3-624x296.png 624w, https:\/\/hand2noteguide.com\/wp-content\/uploads\/2020\/09\/eo-3h-sb-3.png 1309w\" sizes=\"auto, (max-width: 1024px) 100vw, 1024px\" \/><\/figure>\n\n\n\n<\/div><h2 class=\"tabtitle\">3-max BB<\/h2>\n<div class=\"tabcontent\">\n\n\n\n\n<figure class=\"wp-block-image size-large\"><img loading=\"lazy\" decoding=\"async\" width=\"899\" height=\"550\" src=\"http:\/\/hand2noteguide.com\/wp-content\/uploads\/2020\/09\/eo_h2n_3h_bb.png\" alt=\"\" class=\"wp-image-3974\" srcset=\"https:\/\/hand2noteguide.com\/wp-content\/uploads\/2020\/09\/eo_h2n_3h_bb.png 899w, https:\/\/hand2noteguide.com\/wp-content\/uploads\/2020\/09\/eo_h2n_3h_bb-300x184.png 300w, https:\/\/hand2noteguide.com\/wp-content\/uploads\/2020\/09\/eo_h2n_3h_bb-768x470.png 768w, https:\/\/hand2noteguide.com\/wp-content\/uploads\/2020\/09\/eo_h2n_3h_bb-772x472.png 772w, https:\/\/hand2noteguide.com\/wp-content\/uploads\/2020\/09\/eo_h2n_3h_bb-624x382.png 624w\" sizes=\"auto, (max-width: 899px) 100vw, 899px\" \/><\/figure>\n\n\n\n<figure class=\"wp-block-image size-large\"><img loading=\"lazy\" decoding=\"async\" width=\"1024\" height=\"668\" src=\"http:\/\/hand2noteguide.com\/wp-content\/uploads\/2020\/09\/eo-3h-bb-1-1024x668.png\" alt=\"\" class=\"wp-image-3995\" srcset=\"https:\/\/hand2noteguide.com\/wp-content\/uploads\/2020\/09\/eo-3h-bb-1-1024x668.png 1024w, https:\/\/hand2noteguide.com\/wp-content\/uploads\/2020\/09\/eo-3h-bb-1-300x196.png 300w, https:\/\/hand2noteguide.com\/wp-content\/uploads\/2020\/09\/eo-3h-bb-1-768x501.png 768w, https:\/\/hand2noteguide.com\/wp-content\/uploads\/2020\/09\/eo-3h-bb-1-772x504.png 772w, https:\/\/hand2noteguide.com\/wp-content\/uploads\/2020\/09\/eo-3h-bb-1-624x407.png 624w, https:\/\/hand2noteguide.com\/wp-content\/uploads\/2020\/09\/eo-3h-bb-1.png 1194w\" sizes=\"auto, (max-width: 1024px) 100vw, 1024px\" \/><\/figure>\n\n\n\n<figure class=\"wp-block-image size-large\"><img loading=\"lazy\" decoding=\"async\" width=\"1024\" height=\"613\" src=\"http:\/\/hand2noteguide.com\/wp-content\/uploads\/2020\/09\/eo-3h-bb-2-1024x613.png\" alt=\"\" class=\"wp-image-3996\" srcset=\"https:\/\/hand2noteguide.com\/wp-content\/uploads\/2020\/09\/eo-3h-bb-2-1024x613.png 1024w, https:\/\/hand2noteguide.com\/wp-content\/uploads\/2020\/09\/eo-3h-bb-2-300x180.png 300w, https:\/\/hand2noteguide.com\/wp-content\/uploads\/2020\/09\/eo-3h-bb-2-768x460.png 768w, https:\/\/hand2noteguide.com\/wp-content\/uploads\/2020\/09\/eo-3h-bb-2-772x462.png 772w, https:\/\/hand2noteguide.com\/wp-content\/uploads\/2020\/09\/eo-3h-bb-2-624x374.png 624w, https:\/\/hand2noteguide.com\/wp-content\/uploads\/2020\/09\/eo-3h-bb-2.png 1174w\" sizes=\"auto, (max-width: 1024px) 100vw, 1024px\" \/><\/figure>\n\n\n\n<\/div><h2 class=\"tabtitle\">2-max<\/h2>\n<div class=\"tabcontent\">\n\n\n\n\n<p style=\"font-size:16px\">El dise\u00f1o para 2 jugadores es un HUD potente para heads-up con estad\u00edsticas preflop ampliadas y paneles postflop ricos. El cambio de HUD es autom\u00e1tico incluso en PokerStars, por lo que no necesitas preocuparte por los molestos problemas t\u00e9cnicos.<\/p>\n\n\n\n<figure class=\"wp-block-image size-large\"><img loading=\"lazy\" decoding=\"async\" width=\"897\" height=\"642\" src=\"http:\/\/hand2noteguide.com\/wp-content\/uploads\/2020\/09\/eo_h2n_2h.png\" alt=\"\" class=\"wp-image-3973\" srcset=\"https:\/\/hand2noteguide.com\/wp-content\/uploads\/2020\/09\/eo_h2n_2h.png 897w, https:\/\/hand2noteguide.com\/wp-content\/uploads\/2020\/09\/eo_h2n_2h-300x215.png 300w, https:\/\/hand2noteguide.com\/wp-content\/uploads\/2020\/09\/eo_h2n_2h-768x550.png 768w, https:\/\/hand2noteguide.com\/wp-content\/uploads\/2020\/09\/eo_h2n_2h-772x553.png 772w, https:\/\/hand2noteguide.com\/wp-content\/uploads\/2020\/09\/eo_h2n_2h-624x447.png 624w\" sizes=\"auto, (max-width: 897px) 100vw, 897px\" \/><\/figure>\n\n\n\n<p style=\"font-size:16px\">Los paneles preflop incluyen pilas efectivas m\u00e1s detalladas y las estad\u00edsticas est\u00e1n coloreadas basadas en GTO. Los paneles postflop incluyen estad\u00edsticas secundarias, como barrels y folds en la siguiente calle para evitar el uso innecesario de popups. Los paneles revolucionarios vsVillain muestran las estad\u00edsticas de por vida del h\u00e9roe contra el oponente actual. Esto ayuda a rastrear c\u00f3mo ha jugado el h\u00e9roe contra el enemigo actual en juegos anteriores y lo que el enemigo podr\u00eda pensar de \u00e9l.&nbsp;<\/p>\n\n\n\n<figure class=\"wp-block-image size-large\"><img loading=\"lazy\" decoding=\"async\" width=\"1024\" height=\"721\" src=\"http:\/\/hand2noteguide.com\/wp-content\/uploads\/2020\/09\/eo-2h-1-1024x721.png\" alt=\"\" class=\"wp-image-3997\" srcset=\"https:\/\/hand2noteguide.com\/wp-content\/uploads\/2020\/09\/eo-2h-1-1024x721.png 1024w, https:\/\/hand2noteguide.com\/wp-content\/uploads\/2020\/09\/eo-2h-1-300x211.png 300w, https:\/\/hand2noteguide.com\/wp-content\/uploads\/2020\/09\/eo-2h-1-768x541.png 768w, https:\/\/hand2noteguide.com\/wp-content\/uploads\/2020\/09\/eo-2h-1-772x544.png 772w, https:\/\/hand2noteguide.com\/wp-content\/uploads\/2020\/09\/eo-2h-1-624x440.png 624w, https:\/\/hand2noteguide.com\/wp-content\/uploads\/2020\/09\/eo-2h-1.png 1174w\" sizes=\"auto, (max-width: 1024px) 100vw, 1024px\" \/><\/figure>\n\n\n\n<figure class=\"wp-block-image size-large\"><img loading=\"lazy\" decoding=\"async\" width=\"1024\" height=\"442\" src=\"http:\/\/hand2noteguide.com\/wp-content\/uploads\/2020\/09\/eo-2h-2-1024x442.png\" alt=\"\" class=\"wp-image-3998\" srcset=\"https:\/\/hand2noteguide.com\/wp-content\/uploads\/2020\/09\/eo-2h-2-1024x442.png 1024w, https:\/\/hand2noteguide.com\/wp-content\/uploads\/2020\/09\/eo-2h-2-300x129.png 300w, https:\/\/hand2noteguide.com\/wp-content\/uploads\/2020\/09\/eo-2h-2-768x331.png 768w, https:\/\/hand2noteguide.com\/wp-content\/uploads\/2020\/09\/eo-2h-2-772x333.png 772w, https:\/\/hand2noteguide.com\/wp-content\/uploads\/2020\/09\/eo-2h-2-624x269.png 624w, https:\/\/hand2noteguide.com\/wp-content\/uploads\/2020\/09\/eo-2h-2.png 1168w\" sizes=\"auto, (max-width: 1024px) 100vw, 1024px\" \/><\/figure>\n\n\n\n<figure class=\"wp-block-image size-large\"><img loading=\"lazy\" decoding=\"async\" width=\"1024\" height=\"794\" src=\"http:\/\/hand2noteguide.com\/wp-content\/uploads\/2020\/09\/eo-2h-3-1024x794.png\" alt=\"\" class=\"wp-image-3999\" srcset=\"https:\/\/hand2noteguide.com\/wp-content\/uploads\/2020\/09\/eo-2h-3-1024x794.png 1024w, https:\/\/hand2noteguide.com\/wp-content\/uploads\/2020\/09\/eo-2h-3-300x233.png 300w, https:\/\/hand2noteguide.com\/wp-content\/uploads\/2020\/09\/eo-2h-3-768x596.png 768w, https:\/\/hand2noteguide.com\/wp-content\/uploads\/2020\/09\/eo-2h-3-772x599.png 772w, https:\/\/hand2noteguide.com\/wp-content\/uploads\/2020\/09\/eo-2h-3-624x484.png 624w, https:\/\/hand2noteguide.com\/wp-content\/uploads\/2020\/09\/eo-2h-3.png 1159w\" sizes=\"auto, (max-width: 1024px) 100vw, 1024px\" \/><\/figure>\n\n\n\n<figure class=\"wp-block-image size-large\"><img loading=\"lazy\" decoding=\"async\" width=\"1024\" height=\"456\" src=\"http:\/\/hand2noteguide.com\/wp-content\/uploads\/2020\/09\/eo-2h-4-1024x456.png\" alt=\"\" class=\"wp-image-4000\" srcset=\"https:\/\/hand2noteguide.com\/wp-content\/uploads\/2020\/09\/eo-2h-4-1024x456.png 1024w, https:\/\/hand2noteguide.com\/wp-content\/uploads\/2020\/09\/eo-2h-4-300x134.png 300w, https:\/\/hand2noteguide.com\/wp-content\/uploads\/2020\/09\/eo-2h-4-768x342.png 768w, https:\/\/hand2noteguide.com\/wp-content\/uploads\/2020\/09\/eo-2h-4-772x344.png 772w, https:\/\/hand2noteguide.com\/wp-content\/uploads\/2020\/09\/eo-2h-4-624x278.png 624w, https:\/\/hand2noteguide.com\/wp-content\/uploads\/2020\/09\/eo-2h-4.png 1148w\" sizes=\"auto, (max-width: 1024px) 100vw, 1024px\" \/><\/figure>\n\n\n\n<\/div><h2 class=\"tabtitle\">PokerStars Layout<\/h2>\n<div class=\"tabcontent\">\n\n\n\n\n<p style=\"font-size:16px\">Debido a las fuertes restricciones de HUD en PokerStars, el HUD se entrega con un dise\u00f1o compatible con todas las reglas de PokerStars. Sigue siendo un HUD detallado para 3 jugadores que cubre la gran mayor\u00eda de las situaciones.<\/p>\n\n\n\n<figure class=\"wp-block-image size-large\"><img loading=\"lazy\" decoding=\"async\" width=\"897\" height=\"551\" src=\"http:\/\/hand2noteguide.com\/wp-content\/uploads\/2020\/09\/eo_h2n_ps.png\" alt=\"\" class=\"wp-image-3977\" srcset=\"https:\/\/hand2noteguide.com\/wp-content\/uploads\/2020\/09\/eo_h2n_ps.png 897w, https:\/\/hand2noteguide.com\/wp-content\/uploads\/2020\/09\/eo_h2n_ps-300x184.png 300w, https:\/\/hand2noteguide.com\/wp-content\/uploads\/2020\/09\/eo_h2n_ps-768x472.png 768w, https:\/\/hand2noteguide.com\/wp-content\/uploads\/2020\/09\/eo_h2n_ps-772x474.png 772w, https:\/\/hand2noteguide.com\/wp-content\/uploads\/2020\/09\/eo_h2n_ps-624x383.png 624w\" sizes=\"auto, (max-width: 897px) 100vw, 897px\" \/><\/figure>\n\n\n\n<p style=\"font-size:16px\">Para cumplir completamente con las nuevas reglas de PokerStars, solo se utilizan dos dise\u00f1os en esta versi\u00f3n: uno para 3 jugadores y otro para 2 jugadores. El cambio de HUD ocurre autom\u00e1ticamente cuando se alcanza el heads-up, por lo que no necesitas preocuparte por scripts o aplicaciones de terceros. Tambi\u00e9n puedes configurar una tecla de acceso r\u00e1pido para acceder a la versi\u00f3n avanzada del HUD para la mano actual, de modo que a\u00fan tengas la oportunidad de buscar cualquier estad\u00edstica avanzada.<\/p>\n\n\n\n<\/div><h2 class=\"tabtitle\">Popups<\/h2>\n<div class=\"tabcontent\">\n\n\n\n\n<p style=\"font-size:16px\">Un popup est\u00e1 adjunto a cada estad\u00edstica para visualizar en profundidad lo que est\u00e1 sucediendo detr\u00e1s de los n\u00fameros en bruto. Encontrar\u00e1s la siguiente informaci\u00f3n adicional sobre una estad\u00edstica: tama\u00f1os de apuesta, texturas del tablero, fuerza de la mano, estad\u00edsticas vsHero, acciones del siguiente jugador y showdowns.<\/p>\n\n\n\n\n\n\n<\/div><\/div>\n","protected":false},"excerpt":{"rendered":"<p>Con todas las funciones avanzadas disponibles solo en Hand2Note, tuvimos la oportunidad de crear uno de los HUDs de Spin&amp;Go m\u00e1s detallados del mercado. Essential One es un HUD din\u00e1mico que reconoce tu posici\u00f3n y muestra solo las estad\u00edsticas relevantes para el escenario actual. Aunque es detallado, pasamos meses optimizando la estructura de los paneles &hellip; <a href=\"https:\/\/hand2noteguide.com\/es\/hud-store\/essential-one-for-spins\/\" class=\"more-link\">Continue reading <span class=\"screen-reader-text\">Essential One for Spins<\/span><\/a><\/p>\n","protected":false},"author":1,"featured_media":0,"parent":4640,"menu_order":0,"comment_status":"closed","ping_status":"closed","template":"page-templates\/full-width-page.php","meta":{"footnotes":""},"class_list":["post-5238","page","type-page","status-publish","hentry"],"translation":{"provider":"WPGlobus","version":"3.0.2","language":"es","enabled_languages":["en","ru","pt","zh","es","fr","de","it","ja"],"languages":{"en":{"title":true,"content":true,"excerpt":false},"ru":{"title":true,"content":false,"excerpt":false},"pt":{"title":true,"content":true,"excerpt":false},"zh":{"title":true,"content":true,"excerpt":false},"es":{"title":true,"content":true,"excerpt":false},"fr":{"title":true,"content":true,"excerpt":false},"de":{"title":true,"content":true,"excerpt":false},"it":{"title":true,"content":true,"excerpt":false},"ja":{"title":true,"content":true,"excerpt":false}}},"yoast_head":"<!-- This site is optimized with the Yoast SEO plugin v27.0 - https:\/\/yoast.com\/product\/yoast-seo-wordpress\/ -->\n<title>Essential One for Spins \u2013 Tienda de HUD de Poker Hand2Note<\/title>\n<meta name=\"description\" content=\"Descubre Essential One for Spins, un HUD de poker din\u00e1mico y detallado para juegos Spin&amp;Go, optimizado para PokerStars con funciones avanzadas y f\u00e1cil usabilidad.\" \/>\n<meta name=\"robots\" content=\"index, follow, max-snippet:-1, max-image-preview:large, max-video-preview:-1\" \/>\n<link rel=\"canonical\" href=\"https:\/\/hand2noteguide.com\/hud-store\/essential-one-for-spins\/\" \/>\n<meta property=\"og:locale\" content=\"es_ES\" \/>\n<meta property=\"og:type\" content=\"article\" \/>\n<meta property=\"og:title\" content=\"Essential One for Spins \u2013 Tienda de HUD de Poker Hand2Note\" \/>\n<meta property=\"og:description\" content=\"Descubre Essential One for Spins, un HUD de poker din\u00e1mico y detallado para juegos Spin&amp;Go, optimizado para PokerStars con funciones avanzadas y f\u00e1cil usabilidad.\" \/>\n<meta property=\"og:url\" content=\"https:\/\/hand2noteguide.com\/hud-store\/essential-one-for-spins\/\" \/>\n<meta property=\"og:site_name\" content=\"Hand2Note Guide\" \/>\n<meta property=\"article:modified_time\" content=\"2025-06-04T19:44:53+00:00\" \/>\n<meta property=\"og:image\" content=\"http:\/\/hand2noteguide.com\/wp-content\/uploads\/2020\/09\/eo_h2n_3h_btn.png\" \/>\n<meta name=\"twitter:card\" content=\"summary_large_image\" \/>\n<meta name=\"twitter:label1\" content=\"Est. reading time\" \/>\n\t<meta name=\"twitter:data1\" content=\"15 minutes\" \/>\n<!-- \/ Yoast SEO plugin. -->","yoast_head_json":{"title":"Essential One for Spins \u2013 Tienda de HUD de Poker Hand2Note","description":"Descubre Essential One for Spins, un HUD de poker din\u00e1mico y detallado para juegos Spin&Go, optimizado para PokerStars con funciones avanzadas y f\u00e1cil usabilidad.","robots":{"index":"index","follow":"follow","max-snippet":"max-snippet:-1","max-image-preview":"max-image-preview:large","max-video-preview":"max-video-preview:-1"},"canonical":"https:\/\/hand2noteguide.com\/hud-store\/essential-one-for-spins\/","og_locale":"es_ES","og_type":"article","og_title":"Essential One for Spins \u2013 Tienda de HUD de Poker Hand2Note","og_description":"Descubre Essential One for Spins, un HUD de poker din\u00e1mico y detallado para juegos Spin&Go, optimizado para PokerStars con funciones avanzadas y f\u00e1cil usabilidad.","og_url":"https:\/\/hand2noteguide.com\/hud-store\/essential-one-for-spins\/","og_site_name":"Hand2Note Guide","article_modified_time":"2025-06-04T19:44:53+00:00","og_image":[{"url":"http:\/\/hand2noteguide.com\/wp-content\/uploads\/2020\/09\/eo_h2n_3h_btn.png","type":"","width":"","height":""}],"twitter_card":"summary_large_image","twitter_misc":{"Est. reading time":"15 minutes"},"schema":{"@context":"https:\/\/schema.org","@graph":[]}},"jetpack_sharing_enabled":true,"_links":{"self":[{"href":"https:\/\/hand2noteguide.com\/es\/wp-json\/wp\/v2\/pages\/5238","targetHints":{"allow":["GET"]}}],"collection":[{"href":"https:\/\/hand2noteguide.com\/es\/wp-json\/wp\/v2\/pages"}],"about":[{"href":"https:\/\/hand2noteguide.com\/es\/wp-json\/wp\/v2\/types\/page"}],"author":[{"embeddable":true,"href":"https:\/\/hand2noteguide.com\/es\/wp-json\/wp\/v2\/users\/1"}],"replies":[{"embeddable":true,"href":"https:\/\/hand2noteguide.com\/es\/wp-json\/wp\/v2\/comments?post=5238"}],"version-history":[{"count":11,"href":"https:\/\/hand2noteguide.com\/es\/wp-json\/wp\/v2\/pages\/5238\/revisions"}],"predecessor-version":[{"id":13574,"href":"https:\/\/hand2noteguide.com\/es\/wp-json\/wp\/v2\/pages\/5238\/revisions\/13574"}],"up":[{"embeddable":true,"href":"https:\/\/hand2noteguide.com\/es\/wp-json\/wp\/v2\/pages\/4640"}],"wp:attachment":[{"href":"https:\/\/hand2noteguide.com\/es\/wp-json\/wp\/v2\/media?parent=5238"}],"curies":[{"name":"wp","href":"https:\/\/api.w.org\/{rel}","templated":true}]}}