{"id":548,"date":"2018-11-07T14:55:48","date_gmt":"2018-11-07T11:55:48","guid":{"rendered":"https:\/\/h2n312.wordpress.com\/?page_id=548"},"modified":"2025-06-04T17:51:25","modified_gmt":"2025-06-04T14:51:25","slug":"simple","status":"publish","type":"page","link":"https:\/\/hand2noteguide.com\/es\/guide\/creating-stats\/simple\/","title":{"rendered":"Estad\u00edsticas simples"},"content":{"rendered":"\n<p>Una estad\u00edstica simple es una estad\u00edstica cuyo valor representa con qu\u00e9 frecuencia un jugador realiza una cierta acci\u00f3n. Por ejemplo, subir preflop o hacer apuestas de continuaci\u00f3n.<\/p>\n\n\n\n<p>Para crear una estad\u00edstica simple, solo necesitas simular una acci\u00f3n, cuya frecuencia deseas ver en el <a href=\"https:\/\/hand2noteguide.com\/es\/guide\/hud\/\">HUD<\/a>. Por ejemplo, para crear una estad\u00edstica de &#8220;Open Raise&#8221;, es suficiente con agregar la acci\u00f3n &#8220;Player Raise&#8221; y asignarle el filtro &#8220;First not fold action on the street&#8221; para excluir situaciones donde otros jugadores ya hab\u00edan invertido dinero en el bote antes que el jugador.<\/p>\n\n\n\n<figure class=\"wp-block-image\"><img loading=\"lazy\" decoding=\"async\" width=\"1307\" height=\"571\" src=\"https:\/\/hand2noteguide.com\/wp-content\/uploads\/2019\/05\/hand2note-create-open-raise-stat.png\" alt=\"hand2note-create-open-raise-stat\" class=\"wp-image-808\" srcset=\"https:\/\/hand2noteguide.com\/wp-content\/uploads\/2019\/05\/hand2note-create-open-raise-stat.png 1307w, https:\/\/hand2noteguide.com\/wp-content\/uploads\/2019\/05\/hand2note-create-open-raise-stat-300x131.png 300w, https:\/\/hand2noteguide.com\/wp-content\/uploads\/2019\/05\/hand2note-create-open-raise-stat-768x336.png 768w, https:\/\/hand2noteguide.com\/wp-content\/uploads\/2019\/05\/hand2note-create-open-raise-stat-1024x447.png 1024w, https:\/\/hand2noteguide.com\/wp-content\/uploads\/2019\/05\/hand2note-create-open-raise-stat-772x337.png 772w, https:\/\/hand2noteguide.com\/wp-content\/uploads\/2019\/05\/hand2note-create-open-raise-stat-624x273.png 624w\" sizes=\"auto, (max-width: 1307px) 100vw, 1307px\" \/><\/figure>\n\n\n\n<p>La estad\u00edstica Open Raise ya est\u00e1 presentada en el programa por defecto, se llama <em>Open Raise [Total]<\/em>. Para encontrar estad\u00edsticas ya disponibles, puedes usar la barra de b\u00fasqueda.<\/p>\n\n\n\n<p>Para crear una estad\u00edstica <em>Open Raise BTN<\/em>, tambi\u00e9n debes asignar una posici\u00f3n al jugador. Esto se puede hacer seleccionando la posici\u00f3n deseada para la acci\u00f3n, o por separado en la pesta\u00f1a &#8220;Preflop&#8221;:<\/p>\n\n\n\n<figure class=\"wp-block-image\"><img loading=\"lazy\" decoding=\"async\" width=\"1343\" height=\"576\" src=\"https:\/\/hand2noteguide.com\/wp-content\/uploads\/2019\/05\/hand2note-open-raise-btn.png\" alt=\"hand2note open raise btn\" class=\"wp-image-811\" srcset=\"https:\/\/hand2noteguide.com\/wp-content\/uploads\/2019\/05\/hand2note-open-raise-btn.png 1343w, https:\/\/hand2noteguide.com\/wp-content\/uploads\/2019\/05\/hand2note-open-raise-btn-300x129.png 300w, https:\/\/hand2noteguide.com\/wp-content\/uploads\/2019\/05\/hand2note-open-raise-btn-768x329.png 768w, https:\/\/hand2noteguide.com\/wp-content\/uploads\/2019\/05\/hand2note-open-raise-btn-1024x439.png 1024w, https:\/\/hand2noteguide.com\/wp-content\/uploads\/2019\/05\/hand2note-open-raise-btn-772x331.png 772w, https:\/\/hand2noteguide.com\/wp-content\/uploads\/2019\/05\/hand2note-open-raise-btn-624x268.png 624w\" sizes=\"auto, (max-width: 1343px) 100vw, 1343px\" \/><\/figure>\n\n\n\n<p>o<\/p>\n\n\n\n<figure class=\"wp-block-image\"><img loading=\"lazy\" decoding=\"async\" width=\"1494\" height=\"827\" src=\"https:\/\/hand2noteguide.com\/wp-content\/uploads\/2019\/05\/hand2note-create-stat-set-position.png\" alt=\"hand2note create stat set position\" class=\"wp-image-812\" srcset=\"https:\/\/hand2noteguide.com\/wp-content\/uploads\/2019\/05\/hand2note-create-stat-set-position.png 1494w, https:\/\/hand2noteguide.com\/wp-content\/uploads\/2019\/05\/hand2note-create-stat-set-position-300x166.png 300w, https:\/\/hand2noteguide.com\/wp-content\/uploads\/2019\/05\/hand2note-create-stat-set-position-768x425.png 768w, https:\/\/hand2noteguide.com\/wp-content\/uploads\/2019\/05\/hand2note-create-stat-set-position-1024x567.png 1024w, https:\/\/hand2noteguide.com\/wp-content\/uploads\/2019\/05\/hand2note-create-stat-set-position-772x427.png 772w, https:\/\/hand2noteguide.com\/wp-content\/uploads\/2019\/05\/hand2note-create-stat-set-position-624x345.png 624w\" sizes=\"auto, (max-width: 1494px) 100vw, 1494px\" \/><\/figure>\n","protected":false},"excerpt":{"rendered":"<p>Una estad\u00edstica simple es una estad\u00edstica cuyo valor representa con qu\u00e9 frecuencia un jugador realiza una cierta acci\u00f3n. Por ejemplo, subir preflop o hacer apuestas de continuaci\u00f3n. Para crear una estad\u00edstica simple, solo necesitas simular una acci\u00f3n, cuya frecuencia deseas ver en el HUD. Por ejemplo, para crear una estad\u00edstica de &#8220;Open Raise&#8221;, es suficiente &hellip; <a href=\"https:\/\/hand2noteguide.com\/es\/guide\/creating-stats\/simple\/\" class=\"more-link\">Continue reading <span class=\"screen-reader-text\">Estad\u00edsticas simples<\/span><\/a><\/p>\n","protected":false},"author":1,"featured_media":0,"parent":468,"menu_order":1,"comment_status":"closed","ping_status":"closed","template":"page-templates\/full-width-page.php","meta":{"footnotes":""},"class_list":["post-548","page","type-page","status-publish","hentry"],"translation":{"provider":"WPGlobus","version":"3.0.2","language":"es","enabled_languages":["en","ru","pt","zh","es","fr","de","it","ja"],"languages":{"en":{"title":true,"content":true,"excerpt":false},"ru":{"title":true,"content":true,"excerpt":false},"pt":{"title":true,"content":true,"excerpt":false},"zh":{"title":true,"content":true,"excerpt":false},"es":{"title":true,"content":true,"excerpt":false},"fr":{"title":true,"content":true,"excerpt":false},"de":{"title":true,"content":true,"excerpt":false},"it":{"title":true,"content":true,"excerpt":false},"ja":{"title":true,"content":true,"excerpt":false}}},"yoast_head":"<!-- This site is optimized with the Yoast SEO plugin v27.0 - https:\/\/yoast.com\/product\/yoast-seo-wordpress\/ -->\n<title>Estad\u00edsticas Simples en Hand2Note 3<\/title>\n<meta name=\"description\" content=\"Aprende a crear estad\u00edsticas simples de poker en el HUD de Hand2Note. Descubre c\u00f3mo rastrear acciones de jugadores como open raises y apuestas de continuaci\u00f3n de manera efectiva.\" \/>\n<meta name=\"robots\" content=\"index, follow, max-snippet:-1, max-image-preview:large, max-video-preview:-1\" \/>\n<link rel=\"canonical\" href=\"https:\/\/hand2noteguide.com\/guide\/creating-stats\/simple\/\" \/>\n<meta property=\"og:locale\" content=\"es_ES\" \/>\n<meta property=\"og:type\" content=\"article\" \/>\n<meta property=\"og:title\" content=\"Estad\u00edsticas Simples en Hand2Note 3\" \/>\n<meta property=\"og:description\" content=\"Aprende a crear estad\u00edsticas simples de poker en el HUD de Hand2Note. Descubre c\u00f3mo rastrear acciones de jugadores como open raises y apuestas de continuaci\u00f3n de manera efectiva.\" \/>\n<meta property=\"og:url\" content=\"https:\/\/hand2noteguide.com\/guide\/creating-stats\/simple\/\" \/>\n<meta property=\"og:site_name\" content=\"Hand2Note Guide\" \/>\n<meta property=\"article:modified_time\" content=\"2025-06-04T14:51:25+00:00\" \/>\n<meta property=\"og:image\" content=\"https:\/\/hand2noteguide.com\/wp-content\/uploads\/2019\/05\/hand2note-create-open-raise-stat.png\" \/>\n<meta name=\"twitter:card\" content=\"summary_large_image\" \/>\n<meta name=\"twitter:label1\" content=\"Est. reading time\" \/>\n\t<meta name=\"twitter:data1\" content=\"5 minutes\" \/>\n<!-- \/ Yoast SEO plugin. -->","yoast_head_json":{"title":"Estad\u00edsticas Simples en Hand2Note 3","description":"Aprende a crear estad\u00edsticas simples de poker en el HUD de Hand2Note. Descubre c\u00f3mo rastrear acciones de jugadores como open raises y apuestas de continuaci\u00f3n de manera efectiva.","robots":{"index":"index","follow":"follow","max-snippet":"max-snippet:-1","max-image-preview":"max-image-preview:large","max-video-preview":"max-video-preview:-1"},"canonical":"https:\/\/hand2noteguide.com\/guide\/creating-stats\/simple\/","og_locale":"es_ES","og_type":"article","og_title":"Estad\u00edsticas Simples en Hand2Note 3","og_description":"Aprende a crear estad\u00edsticas simples de poker en el HUD de Hand2Note. Descubre c\u00f3mo rastrear acciones de jugadores como open raises y apuestas de continuaci\u00f3n de manera efectiva.","og_url":"https:\/\/hand2noteguide.com\/guide\/creating-stats\/simple\/","og_site_name":"Hand2Note Guide","article_modified_time":"2025-06-04T14:51:25+00:00","og_image":[{"url":"https:\/\/hand2noteguide.com\/wp-content\/uploads\/2019\/05\/hand2note-create-open-raise-stat.png","type":"","width":"","height":""}],"twitter_card":"summary_large_image","twitter_misc":{"Est. reading time":"5 minutes"},"schema":{"@context":"https:\/\/schema.org","@graph":[]}},"jetpack_sharing_enabled":false,"_links":{"self":[{"href":"https:\/\/hand2noteguide.com\/es\/wp-json\/wp\/v2\/pages\/548","targetHints":{"allow":["GET"]}}],"collection":[{"href":"https:\/\/hand2noteguide.com\/es\/wp-json\/wp\/v2\/pages"}],"about":[{"href":"https:\/\/hand2noteguide.com\/es\/wp-json\/wp\/v2\/types\/page"}],"author":[{"embeddable":true,"href":"https:\/\/hand2noteguide.com\/es\/wp-json\/wp\/v2\/users\/1"}],"replies":[{"embeddable":true,"href":"https:\/\/hand2noteguide.com\/es\/wp-json\/wp\/v2\/comments?post=548"}],"version-history":[{"count":17,"href":"https:\/\/hand2noteguide.com\/es\/wp-json\/wp\/v2\/pages\/548\/revisions"}],"predecessor-version":[{"id":13521,"href":"https:\/\/hand2noteguide.com\/es\/wp-json\/wp\/v2\/pages\/548\/revisions\/13521"}],"up":[{"embeddable":true,"href":"https:\/\/hand2noteguide.com\/es\/wp-json\/wp\/v2\/pages\/468"}],"wp:attachment":[{"href":"https:\/\/hand2noteguide.com\/es\/wp-json\/wp\/v2\/media?parent=548"}],"curies":[{"name":"wp","href":"https:\/\/api.w.org\/{rel}","templated":true}]}}