{"id":555,"date":"2018-11-07T15:03:18","date_gmt":"2018-11-07T12:03:18","guid":{"rendered":"https:\/\/h2n312.wordpress.com\/?page_id=555"},"modified":"2025-06-04T17:50:35","modified_gmt":"2025-06-04T14:50:35","slug":"expression","status":"publish","type":"page","link":"https:\/\/hand2noteguide.com\/es\/guide\/creating-stats\/expression\/","title":{"rendered":"Estad\u00edsticas de expresi\u00f3n"},"content":{"rendered":"<p><a href=\"http:\/\/www.hand2note.com\/Help\/Index\/ExpressionStats\" target=\"_blank\" rel=\"noopener noreferrer\">Las estad\u00edsticas de expresi\u00f3n<\/a> son esencialmente f\u00f3rmulas matem\u00e1ticas compuestas de <a href=\"https:\/\/hand2noteguide.com\/es\/guide\/creating-stats\/simple\/\">estad\u00edsticas simples<\/a>. Por lo tanto, para crear una estad\u00edstica de este tipo, solo necesitas especificar la f\u00f3rmula deseada. La <a href=\"http:\/\/www.hand2note.com\/Help\/Index\/ExpressionSyntax\" target=\"_blank\" rel=\"noopener noreferrer\">sintaxis de expresi\u00f3n<\/a>&nbsp;se describe en el manual del sitio oficial.<\/p>\n<h2><strong>Ejemplos<\/strong><\/h2>\n<p>El nombre de la estad\u00edstica en Hand2Note se especifica entre par\u00e9ntesis, si existe en el programa despu\u00e9s de la instalaci\u00f3n por defecto.<\/p>\n<ul>\n<li>WTSD (<em>Went to Showdown<\/em>)<br \/>\n<blockquote style=\"margin-top: 15px\"><p>WentToSDCases(Flop Any Action) \/ Cases(Flop Any Action) * 100<\/p><\/blockquote>\n<p>Flop Any Action es una estad\u00edstica simple especialmente creada que no tiene sentido por s\u00ed misma. Describe las situaciones cuando el oponente realiza cualquier acci\u00f3n en el flop. Tal estad\u00edstica siempre tendr\u00e1 un valor de 100, pero una estad\u00edstica de expresi\u00f3n <em>Cases(Flop Any Action)<\/em> significar\u00e1 el n\u00famero de manos en las que el jugador vio el flop, y <em>WentToSDCases(Flop Any Action) &#8211; <\/em>el n\u00famero de manos en las que el oponente lleg\u00f3 al showdown despu\u00e9s de ver el flop. Las estad\u00edsticas de Any Action para cada calle est\u00e1n en el programa por defecto.<\/li>\n<li>W$SD (<em>Won at Showdown<\/em>)<br \/>\n<blockquote style=\"margin-top: 15px\"><p>WonHandAtSDCases(preflop any action) \/ WentToSDCases(preflop any action) * 100<\/p><\/blockquote>\n<\/li>\n<li>WWSF (<em>Won When Seen Flop<\/em>)<br \/>\n<blockquote style=\"margin-top: 15px\"><p>WonHandCases(flop any action) \/ Cases(flop any action) * 100<\/p><\/blockquote>\n<\/li>\n<li>AFq Flop (<em>Aggression Frequency Flop<\/em>)<br \/>\n<blockquote style=\"margin-top: 15px\"><p>Cases(Flop Raise or Bet)\/Cases(Flop Any Action) * 100<\/p><\/blockquote>\n<\/li>\n<li>AF Flop (<em>Aggression Flop<\/em>)<br \/>\n<blockquote style=\"margin-top: 15px\"><p>(Cases(Bet Flop) + Cases(Raise Flop)) \/ (Cases(Call Flop))<\/p><\/blockquote>\n<\/li>\n<li>4Bet Range (<em>4Bet Range<\/em>)<br \/>\n<blockquote style=\"margin-top: 15px\"><p>Value(Open Raise) * Value(4Bet) \/ 100<\/p><\/blockquote>\n<\/li>\n<\/ul>\n<p>Ver tambi\u00e9n:<\/p>\n<ul>\n<li><a href=\"https:\/\/hand2noteguide.com\/es\/guide\/hud\/add-aggression-wtsd\/\">C\u00f3mo insertar estad\u00edsticas de agresi\u00f3n y showdown en el HUD<\/a><\/li>\n<\/ul>\n","protected":false},"excerpt":{"rendered":"<p>Las estad\u00edsticas de expresi\u00f3n son esencialmente f\u00f3rmulas matem\u00e1ticas compuestas de estad\u00edsticas simples. Por lo tanto, para crear una estad\u00edstica de este tipo, solo necesitas especificar la f\u00f3rmula deseada. La sintaxis de expresi\u00f3n&nbsp;se describe en el manual del sitio oficial. Ejemplos El nombre de la estad\u00edstica en Hand2Note se especifica entre par\u00e9ntesis, si existe en el &hellip; <a href=\"https:\/\/hand2noteguide.com\/es\/guide\/creating-stats\/expression\/\" class=\"more-link\">Continue reading <span class=\"screen-reader-text\">Estad\u00edsticas de expresi\u00f3n<\/span><\/a><\/p>\n","protected":false},"author":1,"featured_media":0,"parent":468,"menu_order":2,"comment_status":"closed","ping_status":"closed","template":"page-templates\/full-width-page.php","meta":{"footnotes":""},"class_list":["post-555","page","type-page","status-publish","hentry"],"translation":{"provider":"WPGlobus","version":"3.0.2","language":"es","enabled_languages":["en","ru","pt","zh","es","fr","de","it","ja"],"languages":{"en":{"title":true,"content":true,"excerpt":false},"ru":{"title":true,"content":true,"excerpt":false},"pt":{"title":true,"content":true,"excerpt":false},"zh":{"title":true,"content":true,"excerpt":false},"es":{"title":true,"content":true,"excerpt":false},"fr":{"title":true,"content":true,"excerpt":false},"de":{"title":true,"content":true,"excerpt":false},"it":{"title":true,"content":true,"excerpt":false},"ja":{"title":true,"content":true,"excerpt":false}}},"yoast_head":"<!-- This site is optimized with the Yoast SEO plugin v27.0 - https:\/\/yoast.com\/product\/yoast-seo-wordpress\/ -->\n<title>Estad\u00edsticas de Expresi\u00f3n en Hand2Note 3<\/title>\n<meta name=\"description\" content=\"Aprende c\u00f3mo crear y utilizar estad\u00edsticas de expresi\u00f3n en Hand2Note. Esta gu\u00eda ofrece ejemplos y consejos para mejorar tu estrategia de p\u00f3ker de manera efectiva.\" \/>\n<meta name=\"robots\" content=\"index, follow, max-snippet:-1, max-image-preview:large, max-video-preview:-1\" \/>\n<link rel=\"canonical\" href=\"https:\/\/hand2noteguide.com\/guide\/creating-stats\/expression\/\" \/>\n<meta property=\"og:locale\" content=\"es_ES\" \/>\n<meta property=\"og:type\" content=\"article\" \/>\n<meta property=\"og:title\" content=\"Estad\u00edsticas de Expresi\u00f3n en Hand2Note 3\" \/>\n<meta property=\"og:description\" content=\"Aprende c\u00f3mo crear y utilizar estad\u00edsticas de expresi\u00f3n en Hand2Note. Esta gu\u00eda ofrece ejemplos y consejos para mejorar tu estrategia de p\u00f3ker de manera efectiva.\" \/>\n<meta property=\"og:url\" content=\"https:\/\/hand2noteguide.com\/guide\/creating-stats\/expression\/\" \/>\n<meta property=\"og:site_name\" content=\"Hand2Note Guide\" \/>\n<meta property=\"article:modified_time\" content=\"2025-06-04T14:50:35+00:00\" \/>\n<meta name=\"twitter:card\" content=\"summary_large_image\" \/>\n<meta name=\"twitter:label1\" content=\"Est. reading time\" \/>\n\t<meta name=\"twitter:data1\" content=\"9 minutes\" \/>\n<!-- \/ Yoast SEO plugin. -->","yoast_head_json":{"title":"Estad\u00edsticas de Expresi\u00f3n en Hand2Note 3","description":"Aprende c\u00f3mo crear y utilizar estad\u00edsticas de expresi\u00f3n en Hand2Note. Esta gu\u00eda ofrece ejemplos y consejos para mejorar tu estrategia de p\u00f3ker de manera efectiva.","robots":{"index":"index","follow":"follow","max-snippet":"max-snippet:-1","max-image-preview":"max-image-preview:large","max-video-preview":"max-video-preview:-1"},"canonical":"https:\/\/hand2noteguide.com\/guide\/creating-stats\/expression\/","og_locale":"es_ES","og_type":"article","og_title":"Estad\u00edsticas de Expresi\u00f3n en Hand2Note 3","og_description":"Aprende c\u00f3mo crear y utilizar estad\u00edsticas de expresi\u00f3n en Hand2Note. Esta gu\u00eda ofrece ejemplos y consejos para mejorar tu estrategia de p\u00f3ker de manera efectiva.","og_url":"https:\/\/hand2noteguide.com\/guide\/creating-stats\/expression\/","og_site_name":"Hand2Note Guide","article_modified_time":"2025-06-04T14:50:35+00:00","twitter_card":"summary_large_image","twitter_misc":{"Est. reading time":"9 minutes"},"schema":{"@context":"https:\/\/schema.org","@graph":[]}},"jetpack_sharing_enabled":false,"_links":{"self":[{"href":"https:\/\/hand2noteguide.com\/es\/wp-json\/wp\/v2\/pages\/555","targetHints":{"allow":["GET"]}}],"collection":[{"href":"https:\/\/hand2noteguide.com\/es\/wp-json\/wp\/v2\/pages"}],"about":[{"href":"https:\/\/hand2noteguide.com\/es\/wp-json\/wp\/v2\/types\/page"}],"author":[{"embeddable":true,"href":"https:\/\/hand2noteguide.com\/es\/wp-json\/wp\/v2\/users\/1"}],"replies":[{"embeddable":true,"href":"https:\/\/hand2noteguide.com\/es\/wp-json\/wp\/v2\/comments?post=555"}],"version-history":[{"count":18,"href":"https:\/\/hand2noteguide.com\/es\/wp-json\/wp\/v2\/pages\/555\/revisions"}],"predecessor-version":[{"id":13520,"href":"https:\/\/hand2noteguide.com\/es\/wp-json\/wp\/v2\/pages\/555\/revisions\/13520"}],"up":[{"embeddable":true,"href":"https:\/\/hand2noteguide.com\/es\/wp-json\/wp\/v2\/pages\/468"}],"wp:attachment":[{"href":"https:\/\/hand2noteguide.com\/es\/wp-json\/wp\/v2\/media?parent=555"}],"curies":[{"name":"wp","href":"https:\/\/api.w.org\/{rel}","templated":true}]}}