{"id":572,"date":"2018-11-10T10:52:59","date_gmt":"2018-11-10T07:52:59","guid":{"rendered":"https:\/\/h2n312.wordpress.com\/?page_id=572"},"modified":"2025-06-04T17:49:49","modified_gmt":"2025-06-04T14:49:49","slug":"system-requirements","status":"publish","type":"page","link":"https:\/\/hand2noteguide.com\/es\/guide\/system-requirements\/","title":{"rendered":"Requisitos del Sistema"},"content":{"rendered":"<p>Hand2Note est\u00e1 bien optimizado y no exige muchos recursos de computadora en la configuraci\u00f3n predeterminada.<\/p>\n<p>Requisitos m\u00ednimos del sistema, seg\u00fan el sitio web oficial:<\/p>\n<ul>\n<li>windows 7+<\/li>\n<li>2gb+ RAM<\/li>\n<\/ul>\n<p>La velocidad y estabilidad del rendimiento de Hand2Note dependen en gran medida del tama\u00f1o de tu <a href=\"https:\/\/hand2noteguide.com\/es\/guide\/database\/\">base de datos<\/a> y del n\u00famero y complejidad de las <a href=\"https:\/\/hand2noteguide.com\/es\/guide\/creating-stats\/\">stats<\/a> utilizadas. Puedes usar Hand2Note en dispositivos bastante d\u00e9biles, pero debes entender que la importaci\u00f3n funcionar\u00e1 lentamente y no podr\u00e1s usar <a href=\"https:\/\/hand2noteguide.com\/es\/guide\/hud\/\">HUD<\/a>s din\u00e1micos complejos.<\/p>\n<p>Si vas a jugar en <a href=\"https:\/\/hand2noteguide.com\/es\/asian\/\">salas asi\u00e1ticas<\/a>, definitivamente deber\u00edas considerar opciones m\u00e1s fuertes, porque los emuladores de Android son exigentes con el procesador. Para obtener m\u00e1s informaci\u00f3n sobre los requisitos del sistema para jugar a trav\u00e9s del emulador, es mejor consultar con los afiliados.<\/p>\n<p>Ver tambi\u00e9n: <a href=\"https:\/\/hand2noteguide.com\/es\/issues-resolving\/hand2note-lags\/\">\u00bfQu\u00e9 hacer si Hand2Note se congela o funciona lentamente?<\/a><\/p>\n","protected":false},"excerpt":{"rendered":"<p>Hand2Note est\u00e1 bien optimizado y no exige muchos recursos de computadora en la configuraci\u00f3n predeterminada. Requisitos m\u00ednimos del sistema, seg\u00fan el sitio web oficial: windows 7+ 2gb+ RAM La velocidad y estabilidad del rendimiento de Hand2Note dependen en gran medida del tama\u00f1o de tu base de datos y del n\u00famero y complejidad de las stats &hellip; <a href=\"https:\/\/hand2noteguide.com\/es\/guide\/system-requirements\/\" class=\"more-link\">Continue reading <span class=\"screen-reader-text\">Requisitos del Sistema<\/span><\/a><\/p>\n","protected":false},"author":1,"featured_media":0,"parent":74,"menu_order":0,"comment_status":"closed","ping_status":"closed","template":"page-templates\/full-width-page.php","meta":{"footnotes":""},"class_list":["post-572","page","type-page","status-publish","hentry"],"translation":{"provider":"WPGlobus","version":"3.0.2","language":"es","enabled_languages":["en","ru","pt","zh","es","fr","de","it","ja"],"languages":{"en":{"title":true,"content":true,"excerpt":false},"ru":{"title":true,"content":true,"excerpt":false},"pt":{"title":true,"content":true,"excerpt":false},"zh":{"title":true,"content":true,"excerpt":false},"es":{"title":true,"content":true,"excerpt":false},"fr":{"title":true,"content":true,"excerpt":false},"de":{"title":true,"content":true,"excerpt":false},"it":{"title":true,"content":true,"excerpt":false},"ja":{"title":true,"content":true,"excerpt":false}}},"yoast_head":"<!-- This site is optimized with the Yoast SEO plugin v27.0 - https:\/\/yoast.com\/product\/yoast-seo-wordpress\/ -->\n<title>Requisitos \u00d3ptimos del Sistema para el Rendimiento de Hand2Note<\/title>\n<meta name=\"description\" content=\"Descubre los requisitos m\u00ednimos y \u00f3ptimos del sistema para Hand2Note para asegurar un rendimiento fluido y estable, incluso en entornos exigentes.\" \/>\n<meta name=\"robots\" content=\"index, follow, max-snippet:-1, max-image-preview:large, max-video-preview:-1\" \/>\n<link rel=\"canonical\" href=\"https:\/\/hand2noteguide.com\/guide\/system-requirements\/\" \/>\n<meta property=\"og:locale\" content=\"es_ES\" \/>\n<meta property=\"og:type\" content=\"article\" \/>\n<meta property=\"og:title\" content=\"Requisitos \u00d3ptimos del Sistema para el Rendimiento de Hand2Note\" \/>\n<meta property=\"og:description\" content=\"Descubre los requisitos m\u00ednimos y \u00f3ptimos del sistema para Hand2Note para asegurar un rendimiento fluido y estable, incluso en entornos exigentes.\" \/>\n<meta property=\"og:url\" content=\"https:\/\/hand2noteguide.com\/guide\/system-requirements\/\" \/>\n<meta property=\"og:site_name\" content=\"Hand2Note Guide\" \/>\n<meta property=\"article:modified_time\" content=\"2025-06-04T14:49:49+00:00\" \/>\n<meta name=\"twitter:card\" content=\"summary_large_image\" \/>\n<meta name=\"twitter:label1\" content=\"Est. reading time\" \/>\n\t<meta name=\"twitter:data1\" content=\"4 minutes\" \/>\n<!-- \/ Yoast SEO plugin. -->","yoast_head_json":{"title":"Requisitos \u00d3ptimos del Sistema para el Rendimiento de Hand2Note","description":"Descubre los requisitos m\u00ednimos y \u00f3ptimos del sistema para Hand2Note para asegurar un rendimiento fluido y estable, incluso en entornos exigentes.","robots":{"index":"index","follow":"follow","max-snippet":"max-snippet:-1","max-image-preview":"max-image-preview:large","max-video-preview":"max-video-preview:-1"},"canonical":"https:\/\/hand2noteguide.com\/guide\/system-requirements\/","og_locale":"es_ES","og_type":"article","og_title":"Requisitos \u00d3ptimos del Sistema para el Rendimiento de Hand2Note","og_description":"Descubre los requisitos m\u00ednimos y \u00f3ptimos del sistema para Hand2Note para asegurar un rendimiento fluido y estable, incluso en entornos exigentes.","og_url":"https:\/\/hand2noteguide.com\/guide\/system-requirements\/","og_site_name":"Hand2Note Guide","article_modified_time":"2025-06-04T14:49:49+00:00","twitter_card":"summary_large_image","twitter_misc":{"Est. reading time":"4 minutes"},"schema":{"@context":"https:\/\/schema.org","@graph":[]}},"jetpack_sharing_enabled":false,"_links":{"self":[{"href":"https:\/\/hand2noteguide.com\/es\/wp-json\/wp\/v2\/pages\/572","targetHints":{"allow":["GET"]}}],"collection":[{"href":"https:\/\/hand2noteguide.com\/es\/wp-json\/wp\/v2\/pages"}],"about":[{"href":"https:\/\/hand2noteguide.com\/es\/wp-json\/wp\/v2\/types\/page"}],"author":[{"embeddable":true,"href":"https:\/\/hand2noteguide.com\/es\/wp-json\/wp\/v2\/users\/1"}],"replies":[{"embeddable":true,"href":"https:\/\/hand2noteguide.com\/es\/wp-json\/wp\/v2\/comments?post=572"}],"version-history":[{"count":13,"href":"https:\/\/hand2noteguide.com\/es\/wp-json\/wp\/v2\/pages\/572\/revisions"}],"predecessor-version":[{"id":13519,"href":"https:\/\/hand2noteguide.com\/es\/wp-json\/wp\/v2\/pages\/572\/revisions\/13519"}],"up":[{"embeddable":true,"href":"https:\/\/hand2noteguide.com\/es\/wp-json\/wp\/v2\/pages\/74"}],"wp:attachment":[{"href":"https:\/\/hand2noteguide.com\/es\/wp-json\/wp\/v2\/media?parent=572"}],"curies":[{"name":"wp","href":"https:\/\/api.w.org\/{rel}","templated":true}]}}