{"id":5761,"date":"2022-04-11T17:19:26","date_gmt":"2022-04-11T14:19:26","guid":{"rendered":"http:\/\/hand2noteguide.com\/?page_id=5761"},"modified":"2025-06-04T15:48:56","modified_gmt":"2025-06-04T12:48:56","slug":"ggpoker-analyze","status":"publish","type":"page","link":"https:\/\/hand2noteguide.com\/es\/ggpoker-hh\/ggpoker-analyze\/","title":{"rendered":"An\u00e1lisis de GGPoker en Hand2Note"},"content":{"rendered":"\n<p>Despu\u00e9s de importar tus <a href=\"https:\/\/hand2noteguide.com\/es\/ggpoker-import\/\">historias de manos de poker de la red GG en Hand2Note<\/a>, puedes comenzar a trabajar con tu base de datos. Las historias de manos de las salas de la red GG son an\u00f3nimas, \u00a1pero a\u00fan puedes usar todas las incre\u00edbles funciones de an\u00e1lisis de H2N para examinar tu juego desde todos los \u00e1ngulos posibles!<\/p>\n\n\n\n<div class=\"green-block\">\n<p style=\"margin-bottom:16px;font-weight:600;font-size: 18px\">Consejo: obt\u00e9n <a target=\"_blank\" href=\"https:\/\/hand2noteguide.com\/es\/hud-store\/simple-cash\/\" rel=\"noopener noreferrer\"><b>Popups de GGPoker<\/b><\/a> especiales para un an\u00e1lisis eficiente<\/p>\n<p style=\"margin-bottom:6px\">En este art\u00edculo usaremos popups de GGPoker que puedes comprar en <a target=\"_blank\" href=\"https:\/\/store.hand2noteguide.com\/\" rel=\"noopener noreferrer\">nuestra tienda<\/a> por solo $29. El paquete contiene un conjunto completo de estad\u00edsticas necesarias para un an\u00e1lisis efectivo de tu juego y las tendencias de tus oponentes.<\/p>\n<\/div>\n\n\n\n<p>Comencemos con algo simple: abre un popup para ti mismo haciendo doble clic en el apodo del Hero desde la lista en la ventana principal.<\/p>\n\n\n\n<figure class=\"wp-block-image size-large\"><img loading=\"lazy\" decoding=\"async\" width=\"1024\" height=\"738\" src=\"https:\/\/hand2noteguide.com\/wp-content\/uploads\/2022\/04\/image-11-1024x738.png\" alt=\"\" class=\"wp-image-5776\" srcset=\"https:\/\/hand2noteguide.com\/wp-content\/uploads\/2022\/04\/image-11-1024x738.png 1024w, https:\/\/hand2noteguide.com\/wp-content\/uploads\/2022\/04\/image-11-300x216.png 300w, https:\/\/hand2noteguide.com\/wp-content\/uploads\/2022\/04\/image-11-768x554.png 768w, https:\/\/hand2noteguide.com\/wp-content\/uploads\/2022\/04\/image-11-1536x1108.png 1536w, https:\/\/hand2noteguide.com\/wp-content\/uploads\/2022\/04\/image-11-2048x1477.png 2048w, https:\/\/hand2noteguide.com\/wp-content\/uploads\/2022\/04\/image-11-772x557.png 772w, https:\/\/hand2noteguide.com\/wp-content\/uploads\/2022\/04\/image-11-624x450.png 624w\" sizes=\"auto, (max-width: 1024px) 100vw, 1024px\" \/><figcaption class=\"wp-element-caption\">Popup general para Hero<\/figcaption><\/figure>\n\n\n\n<p>Ver\u00e1s el popup general con todas tus estad\u00edsticas. Adem\u00e1s de verificar los valores obvios de las estad\u00edsticas, usa la funci\u00f3n de <a aria-label=\"undefined (opens in a new tab)\" href=\"https:\/\/hand2note.com\/Help\/pages\/ExtendedPopup\/\" target=\"_blank\" rel=\"noreferrer noopener nofollow\">popup extendido<\/a>: <strong>pasa el cursor sobre cualquier estad\u00edstica<\/strong>, y ver\u00e1s un popup adicional con informaci\u00f3n extensa sobre esta estad\u00edstica en particular.<\/p>\n\n\n\n<p>En el ejemplo a continuaci\u00f3n, pasamos el cursor sobre la estad\u00edstica de <strong>Flop Cbet<\/strong> y obtuvimos instant\u00e1neamente mucha informaci\u00f3n adicional, como la distribuci\u00f3n del tama\u00f1o de las apuestas, EV bb\/100, composici\u00f3n del rango de fuerza de la mano y una lista de showdowns reales:<\/p>\n\n\n\n<figure class=\"wp-block-image size-large\"><img loading=\"lazy\" decoding=\"async\" width=\"1024\" height=\"617\" src=\"https:\/\/hand2noteguide.com\/wp-content\/uploads\/2022\/04\/image-12-1024x617.png\" alt=\"\" class=\"wp-image-5780\" srcset=\"https:\/\/hand2noteguide.com\/wp-content\/uploads\/2022\/04\/image-12-1024x617.png 1024w, https:\/\/hand2noteguide.com\/wp-content\/uploads\/2022\/04\/image-12-300x181.png 300w, https:\/\/hand2noteguide.com\/wp-content\/uploads\/2022\/04\/image-12-768x463.png 768w, https:\/\/hand2noteguide.com\/wp-content\/uploads\/2022\/04\/image-12-1536x926.png 1536w, https:\/\/hand2noteguide.com\/wp-content\/uploads\/2022\/04\/image-12-2048x1234.png 2048w, https:\/\/hand2noteguide.com\/wp-content\/uploads\/2022\/04\/image-12-772x465.png 772w, https:\/\/hand2noteguide.com\/wp-content\/uploads\/2022\/04\/image-12-624x376.png 624w\" sizes=\"auto, (max-width: 1024px) 100vw, 1024px\" \/><figcaption class=\"wp-element-caption\">Popup adicional para la estad\u00edstica de Cbet Flop<\/figcaption><\/figure>\n\n\n\n<div class=\"green-block\">\n<p style=\"margin-bottom:16px;font-weight:600;font-size: 18px\">Consejo: la versi\u00f3n PRO desbloquea el popup completo<\/p>\n<p style=\"margin-bottom:6px\">Los popups extendidos en las estad\u00edsticas estar\u00e1n parcialmente disponibles con la versi\u00f3n gratuita de Hand2Note. Compra una <a target=\"_blank\" href=\"https:\/\/hand2note.com\/es\/\" rel=\"noopener\"><b>suscripci\u00f3n PRO<\/b><\/a> para obtener acceso completo a las funciones m\u00e1s avanzadas. Usa el c\u00f3digo promocional <b>GGPOKER10<\/b> para obtener un <b>10% de descuento instant\u00e1neo!<\/b><\/p>\n<\/div>\n\n\n\n<p>Adem\u00e1s de analizar tu propio juego, tambi\u00e9n puedes encontrar fallos en tus oponentes. Desafortunadamente, no puedes verificar ciertos jugadores, ya que sus apodos en la base de datos son aleatorios, pero puedes usar la funci\u00f3n exclusiva de <a href=\"https:\/\/hand2noteguide.com\/es\/guide\/range-research\/\"><strong>Range Research<\/strong><\/a>, que te permite investigar las tendencias de ciertos grupos de jugadores.<\/p>\n\n\n\n<p>Puedes analizar <strong>las estad\u00edsticas y rangos promedio de regs y fishes<\/strong> en varios escenarios de juego. Los posibles puntos a investigar:<\/p>\n\n\n\n<ul class=\"wp-block-list\">\n<li>\u00bfcon qu\u00e9 rango los fishes pasivos hacen check-raise en los flops?<\/li>\n\n\n\n<li>\u00bfcon qu\u00e9 frecuencia los regs tight foldean frente a un tercer barrel?<\/li>\n\n\n\n<li>y mucho m\u00e1s.<\/li>\n<\/ul>\n\n\n\n<figure class=\"wp-block-image size-large\"><img loading=\"lazy\" decoding=\"async\" width=\"1024\" height=\"605\" src=\"http:\/\/hand2noteguide.com\/wp-content\/uploads\/2022\/04\/image-15-1024x605.png\" alt=\"\" class=\"wp-image-5838\" srcset=\"https:\/\/hand2noteguide.com\/wp-content\/uploads\/2022\/04\/image-15-1024x605.png 1024w, https:\/\/hand2noteguide.com\/wp-content\/uploads\/2022\/04\/image-15-300x177.png 300w, https:\/\/hand2noteguide.com\/wp-content\/uploads\/2022\/04\/image-15-768x454.png 768w, https:\/\/hand2noteguide.com\/wp-content\/uploads\/2022\/04\/image-15-1536x907.png 1536w, https:\/\/hand2noteguide.com\/wp-content\/uploads\/2022\/04\/image-15-2048x1210.png 2048w, https:\/\/hand2noteguide.com\/wp-content\/uploads\/2022\/04\/image-15-772x456.png 772w, https:\/\/hand2noteguide.com\/wp-content\/uploads\/2022\/04\/image-15-624x369.png 624w\" sizes=\"auto, (max-width: 1024px) 100vw, 1024px\" \/><figcaption class=\"wp-element-caption\">Ejemplo de Range Research: c\u00f3mo hacen 3bet los fishes<\/figcaption><\/figure>\n\n\n\n<p>Para aprender m\u00e1s sobre Range Research, consulta el <a href=\"https:\/\/hand2noteguide.com\/es\/video-course\/\"><strong>curso completo de video de Hand2Note<\/strong><\/a>. Ten en cuenta que puedes <strong>obtener este curso gratis<\/strong> si compras una suscripci\u00f3n PRO anual con el c\u00f3digo promocional <strong>GGPOKER10<\/strong>.<\/p>\n","protected":false},"excerpt":{"rendered":"<p>Despu\u00e9s de importar tus historias de manos de poker de la red GG en Hand2Note, puedes comenzar a trabajar con tu base de datos. Las historias de manos de las salas de la red GG son an\u00f3nimas, \u00a1pero a\u00fan puedes usar todas las incre\u00edbles funciones de an\u00e1lisis de H2N para examinar tu juego desde todos &hellip; <a href=\"https:\/\/hand2noteguide.com\/es\/ggpoker-hh\/ggpoker-analyze\/\" class=\"more-link\">Continue reading <span class=\"screen-reader-text\">An\u00e1lisis de GGPoker en Hand2Note<\/span><\/a><\/p>\n","protected":false},"author":1,"featured_media":0,"parent":4885,"menu_order":0,"comment_status":"closed","ping_status":"closed","template":"page-templates\/full-width-page.php","meta":{"footnotes":""},"class_list":["post-5761","page","type-page","status-publish","hentry"],"translation":{"provider":"WPGlobus","version":"3.0.2","language":"es","enabled_languages":["en","ru","pt","zh","es","fr","de","it","ja"],"languages":{"en":{"title":true,"content":true,"excerpt":false},"ru":{"title":true,"content":true,"excerpt":false},"pt":{"title":true,"content":true,"excerpt":false},"zh":{"title":true,"content":true,"excerpt":false},"es":{"title":true,"content":true,"excerpt":false},"fr":{"title":true,"content":true,"excerpt":false},"de":{"title":true,"content":true,"excerpt":false},"it":{"title":true,"content":true,"excerpt":false},"ja":{"title":true,"content":true,"excerpt":false}}},"yoast_head":"<!-- This site is optimized with the Yoast SEO plugin v27.0 - https:\/\/yoast.com\/product\/yoast-seo-wordpress\/ -->\n<title>An\u00e1lisis de GGPoker en Hand2Note: \u00a1examina tu juego y las tendencias del pool!<\/title>\n<meta name=\"description\" content=\"Descubre c\u00f3mo analizar tus manos de GGPoker en Hand2Note. Utiliza popups y funciones avanzadas para mejorar tu juego y comprender las tendencias de los jugadores.\" \/>\n<meta name=\"robots\" content=\"index, follow, max-snippet:-1, max-image-preview:large, max-video-preview:-1\" \/>\n<link rel=\"canonical\" href=\"https:\/\/hand2noteguide.com\/ggpoker-hh\/ggpoker-analyze\/\" \/>\n<meta property=\"og:locale\" content=\"es_ES\" \/>\n<meta property=\"og:type\" content=\"article\" \/>\n<meta property=\"og:title\" content=\"An\u00e1lisis de GGPoker en Hand2Note: \u00a1examina tu juego y las tendencias del pool!\" \/>\n<meta property=\"og:description\" content=\"Descubre c\u00f3mo analizar tus manos de GGPoker en Hand2Note. Utiliza popups y funciones avanzadas para mejorar tu juego y comprender las tendencias de los jugadores.\" \/>\n<meta property=\"og:url\" content=\"https:\/\/hand2noteguide.com\/ggpoker-hh\/ggpoker-analyze\/\" \/>\n<meta property=\"og:site_name\" content=\"Hand2Note Guide\" \/>\n<meta property=\"article:modified_time\" content=\"2025-06-04T12:48:56+00:00\" \/>\n<meta property=\"og:image\" content=\"https:\/\/hand2noteguide.com\/wp-content\/uploads\/2022\/04\/image-11-1024x738.png\" \/>\n<meta name=\"twitter:card\" content=\"summary_large_image\" \/>\n<meta name=\"twitter:label1\" content=\"Est. reading time\" \/>\n\t<meta name=\"twitter:data1\" content=\"13 minutes\" \/>\n<!-- \/ Yoast SEO plugin. -->","yoast_head_json":{"title":"An\u00e1lisis de GGPoker en Hand2Note: \u00a1examina tu juego y las tendencias del pool!","description":"Descubre c\u00f3mo analizar tus manos de GGPoker en Hand2Note. Utiliza popups y funciones avanzadas para mejorar tu juego y comprender las tendencias de los jugadores.","robots":{"index":"index","follow":"follow","max-snippet":"max-snippet:-1","max-image-preview":"max-image-preview:large","max-video-preview":"max-video-preview:-1"},"canonical":"https:\/\/hand2noteguide.com\/ggpoker-hh\/ggpoker-analyze\/","og_locale":"es_ES","og_type":"article","og_title":"An\u00e1lisis de GGPoker en Hand2Note: \u00a1examina tu juego y las tendencias del pool!","og_description":"Descubre c\u00f3mo analizar tus manos de GGPoker en Hand2Note. Utiliza popups y funciones avanzadas para mejorar tu juego y comprender las tendencias de los jugadores.","og_url":"https:\/\/hand2noteguide.com\/ggpoker-hh\/ggpoker-analyze\/","og_site_name":"Hand2Note Guide","article_modified_time":"2025-06-04T12:48:56+00:00","og_image":[{"url":"https:\/\/hand2noteguide.com\/wp-content\/uploads\/2022\/04\/image-11-1024x738.png","type":"","width":"","height":""}],"twitter_card":"summary_large_image","twitter_misc":{"Est. reading time":"13 minutes"},"schema":{"@context":"https:\/\/schema.org","@graph":[]}},"jetpack_sharing_enabled":true,"_links":{"self":[{"href":"https:\/\/hand2noteguide.com\/es\/wp-json\/wp\/v2\/pages\/5761","targetHints":{"allow":["GET"]}}],"collection":[{"href":"https:\/\/hand2noteguide.com\/es\/wp-json\/wp\/v2\/pages"}],"about":[{"href":"https:\/\/hand2noteguide.com\/es\/wp-json\/wp\/v2\/types\/page"}],"author":[{"embeddable":true,"href":"https:\/\/hand2noteguide.com\/es\/wp-json\/wp\/v2\/users\/1"}],"replies":[{"embeddable":true,"href":"https:\/\/hand2noteguide.com\/es\/wp-json\/wp\/v2\/comments?post=5761"}],"version-history":[{"count":60,"href":"https:\/\/hand2noteguide.com\/es\/wp-json\/wp\/v2\/pages\/5761\/revisions"}],"predecessor-version":[{"id":13445,"href":"https:\/\/hand2noteguide.com\/es\/wp-json\/wp\/v2\/pages\/5761\/revisions\/13445"}],"up":[{"embeddable":true,"href":"https:\/\/hand2noteguide.com\/es\/wp-json\/wp\/v2\/pages\/4885"}],"wp:attachment":[{"href":"https:\/\/hand2noteguide.com\/es\/wp-json\/wp\/v2\/media?parent=5761"}],"curies":[{"name":"wp","href":"https:\/\/api.w.org\/{rel}","templated":true}]}}