{"id":578,"date":"2018-11-10T13:22:28","date_gmt":"2018-11-10T10:22:28","guid":{"rendered":"https:\/\/h2n312.wordpress.com\/?page_id=578"},"modified":"2025-06-04T12:33:28","modified_gmt":"2025-06-04T09:33:28","slug":"training","status":"publish","type":"page","link":"https:\/\/hand2noteguide.com\/es\/training\/","title":{"rendered":"Entrenamiento de Hand2Note"},"content":{"rendered":"\n<p>Obt\u00e9n clases privadas sobre el uso profesional de Hand2Note. Ad\u00e1ptate al nuevo programa de manera r\u00e1pida y efectiva. Obt\u00e9n respuestas a todas tus preguntas. \u00a1Utiliza todo el potencial del <a href=\"https:\/\/hand2noteguide.com\/es\/best-poker-tracker-software\/\">mejor software de seguimiento de poker<\/a> para aumentar tu tasa de ganancias!<\/p>\n\n\n\n<p>Las sesiones de entrenamiento de Hand2Note te permitir\u00e1n aprender r\u00e1pidamente todas las funciones del software, incluyendo MDA (<a href=\"https:\/\/hand2noteguide.com\/es\/guide\/range-research\/\">Range Research)<\/a>. Tambi\u00e9n recibir\u00e1s recomendaciones personales sobre c\u00f3mo utilizar todas las funciones de la manera m\u00e1s eficiente.<\/p>\n\n\n\n<p>El entrenamiento es relevante tanto para las versiones <a href=\"https:\/\/hand2noteguide.com\/es\/basic-setup\/\">Hand2Note 3<\/a> como para <a href=\"https:\/\/hand2noteguide.com\/es\/hand2note-4-getting-started\/\">Hand2Note 4<\/a>.<\/p>\n\n\n\n<figure class=\"wp-block-gallery has-nested-images columns-default is-cropped wp-block-gallery-1 is-layout-flex wp-block-gallery-is-layout-flex\">\n<figure class=\"wp-block-image size-large\"><img loading=\"lazy\" decoding=\"async\" width=\"957\" height=\"623\" data-id=\"2383\" src=\"https:\/\/hand2noteguide.com\/wp-content\/uploads\/2020\/06\/before1.png\" alt=\"\" class=\"wp-image-2383\" srcset=\"https:\/\/hand2noteguide.com\/wp-content\/uploads\/2020\/06\/before1.png 957w, https:\/\/hand2noteguide.com\/wp-content\/uploads\/2020\/06\/before1-300x195.png 300w, https:\/\/hand2noteguide.com\/wp-content\/uploads\/2020\/06\/before1-768x500.png 768w, https:\/\/hand2noteguide.com\/wp-content\/uploads\/2020\/06\/before1-772x503.png 772w, https:\/\/hand2noteguide.com\/wp-content\/uploads\/2020\/06\/before1-624x406.png 624w\" sizes=\"auto, (max-width: 957px) 100vw, 957px\" \/><figcaption class=\"wp-element-caption\">Antes<\/figcaption><\/figure>\n\n\n\n<figure class=\"wp-block-image size-large\"><img loading=\"lazy\" decoding=\"async\" width=\"957\" height=\"626\" data-id=\"2382\" src=\"https:\/\/hand2noteguide.com\/wp-content\/uploads\/2020\/06\/after1.png\" alt=\"\" class=\"wp-image-2382\" srcset=\"https:\/\/hand2noteguide.com\/wp-content\/uploads\/2020\/06\/after1.png 957w, https:\/\/hand2noteguide.com\/wp-content\/uploads\/2020\/06\/after1-300x196.png 300w, https:\/\/hand2noteguide.com\/wp-content\/uploads\/2020\/06\/after1-768x502.png 768w, https:\/\/hand2noteguide.com\/wp-content\/uploads\/2020\/06\/after1-772x505.png 772w, https:\/\/hand2noteguide.com\/wp-content\/uploads\/2020\/06\/after1-624x408.png 624w\" sizes=\"auto, (max-width: 957px) 100vw, 957px\" \/><figcaption class=\"wp-element-caption\">Despu\u00e9s<\/figcaption><\/figure>\n<\/figure>\n\n\n\n<p>Las sesiones de entrenamiento son proporcionadas por <a href=\"https:\/\/www.hudstore.poker\/vendors\/belousov-roman\" target=\"_blank\" aria-label=\"undefined (opens in a new tab)\" rel=\"noreferrer noopener\">Roman Belousov<\/a> &#8211; el experto oficial en HUD de Hand2Note.<\/p>\n\n\n\n<h2 class=\"wp-block-heading\">Reservar<\/h2>\n\n\n\n<p style=\"margin-top:24px\"><a style=\"font-weight:bold !important\" href=\"https:\/\/www.getcoach.poker\/coaches\/romanbelousov\/\" target=\"_blank\" class=\"article-action-link\" rel=\"noopener\">Agendar Cita<\/a><\/p>\n\n\n\n<p>Ser\u00e1s redirigido al perfil de Roman en&nbsp;<a href=\"https:\/\/www.getcoach.poker\/\" target=\"_blank\" rel=\"noreferrer noopener\">Getcoach.poker<\/a>. All\u00ed podr\u00e1s reservar f\u00e1cilmente una sesi\u00f3n, as\u00ed como encontrar otros entrenadores que ofrecen consultas sobre el uso de Hand2Note.<\/p>\n\n\n\n<h2 class=\"wp-block-heading\">Preguntas Frecuentes<\/h2>\n\n\n\n<h4 class=\"wp-block-heading\">\u00bfQu\u00e9 se necesitar\u00e1 para el entrenamiento?<\/h4>\n\n\n\n<p>Solo TeamViewer y Hand2Note. Por favor, actualiza TeamViewer a la \u00faltima versi\u00f3n (<em>Ayuda \u2192 Buscar nueva versi\u00f3n).<\/em> Consulta las <a href=\"https:\/\/hand2noteguide.com\/es\/training\/teamviewer-session-start\/\">instrucciones detalladas<\/a> sobre c\u00f3mo iniciar una reuni\u00f3n.<\/p>\n\n\n\n<h4 class=\"wp-block-heading\">\u00bfPuedo grabar un video de la sesi\u00f3n?<\/h4>\n\n\n\n<p>S\u00ed. Y generalmente lo grabo yo mismo, as\u00ed que no te preocupes por ello. Recibir\u00e1s la grabaci\u00f3n de la clase justo despu\u00e9s de la sesi\u00f3n. Por favor, ten en cuenta que el video est\u00e1 protegido por derechos de autor, no puede ser utilizado con fines comerciales, solo para visualizaci\u00f3n personal.<\/p>\n\n\n\n<p> Si tienes alguna pregunta, por favor <a href=\"https:\/\/hand2noteguide.com\/es\/contact-us\/\">cont\u00e1ctanos<\/a>. <\/p>\n","protected":false},"excerpt":{"rendered":"<p>Obt\u00e9n clases privadas sobre el uso profesional de Hand2Note. Ad\u00e1ptate al nuevo programa de manera r\u00e1pida y efectiva. Obt\u00e9n respuestas a todas tus preguntas. \u00a1Utiliza todo el potencial del mejor software de seguimiento de poker para aumentar tu tasa de ganancias! Las sesiones de entrenamiento de Hand2Note te permitir\u00e1n aprender r\u00e1pidamente todas las funciones del &hellip; <a href=\"https:\/\/hand2noteguide.com\/es\/training\/\" class=\"more-link\">Continue reading <span class=\"screen-reader-text\">Entrenamiento de Hand2Note<\/span><\/a><\/p>\n","protected":false},"author":1,"featured_media":10171,"parent":0,"menu_order":0,"comment_status":"closed","ping_status":"closed","template":"page-templates\/full-width-page.php","meta":{"footnotes":""},"class_list":["post-578","page","type-page","status-publish","has-post-thumbnail","hentry"],"translation":{"provider":"WPGlobus","version":"3.0.2","language":"es","enabled_languages":["en","ru","pt","zh","es","fr","de","it","ja"],"languages":{"en":{"title":true,"content":true,"excerpt":false},"ru":{"title":true,"content":true,"excerpt":false},"pt":{"title":true,"content":true,"excerpt":false},"zh":{"title":true,"content":true,"excerpt":false},"es":{"title":true,"content":true,"excerpt":false},"fr":{"title":true,"content":true,"excerpt":false},"de":{"title":true,"content":true,"excerpt":false},"it":{"title":true,"content":true,"excerpt":false},"ja":{"title":true,"content":true,"excerpt":false}}},"yoast_head":"<!-- This site is optimized with the Yoast SEO plugin v27.0 - https:\/\/yoast.com\/product\/yoast-seo-wordpress\/ -->\n<title>Entrenamiento de Hand2Note: Obt\u00e9n Clases Privadas<\/title>\n<meta name=\"description\" content=\"Reserva sesiones privadas de entrenamiento de Hand2Note con un experto certificado. Aprende r\u00e1pidamente las funciones de Hand2Note y obt\u00e9n consejos de estrategia personal.\" \/>\n<meta name=\"robots\" content=\"index, follow, max-snippet:-1, max-image-preview:large, max-video-preview:-1\" \/>\n<link rel=\"canonical\" href=\"https:\/\/hand2noteguide.com\/zh\/training\/\" \/>\n<meta property=\"og:locale\" content=\"es_ES\" \/>\n<meta property=\"og:type\" content=\"article\" \/>\n<meta property=\"og:title\" content=\"Entrenamiento de Hand2Note: Obt\u00e9n Clases Privadas\" \/>\n<meta property=\"og:description\" content=\"Reserva sesiones privadas de entrenamiento de Hand2Note con un experto certificado. Aprende r\u00e1pidamente las funciones de Hand2Note y obt\u00e9n consejos de estrategia personal.\" \/>\n<meta property=\"og:url\" content=\"https:\/\/hand2noteguide.com\/zh\/training\/\" \/>\n<meta property=\"og:site_name\" content=\"Hand2Note Guide\" \/>\n<meta property=\"article:modified_time\" content=\"2025-06-04T09:33:28+00:00\" \/>\n<meta property=\"og:image\" content=\"https:\/\/hand2noteguide.com\/wp-content\/uploads\/2025\/04\/hand2note-coaching-result.png\" \/>\n\t<meta property=\"og:image:width\" content=\"954\" \/>\n\t<meta property=\"og:image:height\" content=\"652\" \/>\n\t<meta property=\"og:image:type\" content=\"image\/png\" \/>\n<meta name=\"twitter:card\" content=\"summary_large_image\" \/>\n<meta name=\"twitter:label1\" content=\"Est. reading time\" \/>\n\t<meta name=\"twitter:data1\" content=\"8 minutes\" \/>\n<!-- \/ Yoast SEO plugin. -->","yoast_head_json":{"title":"Entrenamiento de Hand2Note: Obt\u00e9n Clases Privadas","description":"Reserva sesiones privadas de entrenamiento de Hand2Note con un experto certificado. Aprende r\u00e1pidamente las funciones de Hand2Note y obt\u00e9n consejos de estrategia personal.","robots":{"index":"index","follow":"follow","max-snippet":"max-snippet:-1","max-image-preview":"max-image-preview:large","max-video-preview":"max-video-preview:-1"},"canonical":"https:\/\/hand2noteguide.com\/zh\/training\/","og_locale":"es_ES","og_type":"article","og_title":"Entrenamiento de Hand2Note: Obt\u00e9n Clases Privadas","og_description":"Reserva sesiones privadas de entrenamiento de Hand2Note con un experto certificado. Aprende r\u00e1pidamente las funciones de Hand2Note y obt\u00e9n consejos de estrategia personal.","og_url":"https:\/\/hand2noteguide.com\/zh\/training\/","og_site_name":"Hand2Note Guide","article_modified_time":"2025-06-04T09:33:28+00:00","og_image":[{"width":954,"height":652,"url":"https:\/\/hand2noteguide.com\/wp-content\/uploads\/2025\/04\/hand2note-coaching-result.png","type":"image\/png"}],"twitter_card":"summary_large_image","twitter_misc":{"Est. reading time":"8 minutes"},"schema":{"@context":"https:\/\/schema.org","@graph":[]}},"jetpack_sharing_enabled":false,"_links":{"self":[{"href":"https:\/\/hand2noteguide.com\/es\/wp-json\/wp\/v2\/pages\/578","targetHints":{"allow":["GET"]}}],"collection":[{"href":"https:\/\/hand2noteguide.com\/es\/wp-json\/wp\/v2\/pages"}],"about":[{"href":"https:\/\/hand2noteguide.com\/es\/wp-json\/wp\/v2\/types\/page"}],"author":[{"embeddable":true,"href":"https:\/\/hand2noteguide.com\/es\/wp-json\/wp\/v2\/users\/1"}],"replies":[{"embeddable":true,"href":"https:\/\/hand2noteguide.com\/es\/wp-json\/wp\/v2\/comments?post=578"}],"version-history":[{"count":104,"href":"https:\/\/hand2noteguide.com\/es\/wp-json\/wp\/v2\/pages\/578\/revisions"}],"predecessor-version":[{"id":13360,"href":"https:\/\/hand2noteguide.com\/es\/wp-json\/wp\/v2\/pages\/578\/revisions\/13360"}],"wp:featuredmedia":[{"embeddable":true,"href":"https:\/\/hand2noteguide.com\/es\/wp-json\/wp\/v2\/media\/10171"}],"wp:attachment":[{"href":"https:\/\/hand2noteguide.com\/es\/wp-json\/wp\/v2\/media?parent=578"}],"curies":[{"name":"wp","href":"https:\/\/api.w.org\/{rel}","templated":true}]}}