{"id":586,"date":"2018-11-10T13:47:44","date_gmt":"2018-11-10T10:47:44","guid":{"rendered":"https:\/\/h2n312.wordpress.com\/?page_id=586"},"modified":"2025-06-04T17:49:10","modified_gmt":"2025-06-04T14:49:10","slug":"decision-analysis","status":"publish","type":"page","link":"https:\/\/hand2noteguide.com\/es\/guide\/decision-analysis\/","title":{"rendered":"Descubre la rentabilidad de varias categor\u00edas de manos"},"content":{"rendered":"<p><a href=\"http:\/\/www.hand2note.com\/Help\/Index\/DecisionAnalysis\" target=\"_blank\" rel=\"noopener noreferrer\">An\u00e1lisis de Decisiones<\/a> te permite descubrir la rentabilidad de tus decisiones con diferentes categor\u00edas de manos en distintas situaciones. Esta funci\u00f3n solo est\u00e1 disponible en la <a href=\"https:\/\/hand2noteguide.com\/es\/guide\/choose-subscription\/\">suscripci\u00f3n EDGE<\/a>.<\/p>\n<p>Por ejemplo, quieres ver la rentabilidad de tus open raises desde el bot\u00f3n con diferentes tipos de manos. Para hacerlo, sigue estos pasos:<\/p>\n<ol>\n<li><a href=\"https:\/\/hand2noteguide.com\/es\/guide\/creating-stats\/\">Crea una estad\u00edstica<\/a> &#8220;Open Raise BTN&#8221; y agr\u00e9gala al popup.<\/li>\n<li><a href=\"https:\/\/hand2noteguide.com\/es\/guide\/rebuild-stats\/\">Reconstruye las estad\u00edsticas<\/a>.<\/li>\n<li>Abre el <a href=\"https:\/\/hand2noteguide.com\/es\/guide\/hero-stats\/\">popup en Hero<\/a> haciendo doble clic en tu apodo o <a href=\"https:\/\/hand2noteguide.com\/es\/guide\/alias\/\">alias<\/a> en la ventana principal de Hand2Note.<\/li>\n<li>Pasa el rat\u00f3n sobre la estad\u00edstica. Se abrir\u00e1 un <a href=\"https:\/\/href.li\/?http:\/\/www.hand2note.com\/Help\/Index\/StatInfo\" target=\"_blank\" rel=\"noopener noreferrer\">popup extendido<\/a> en el que ver\u00e1s la rentabilidad de diferentes categor\u00edas de manos en la situaci\u00f3n particular.<\/li>\n<\/ol>\n<p><img loading=\"lazy\" decoding=\"async\" class=\"alignnone size-full wp-image-1482\" src=\"https:\/\/hand2noteguide.com\/wp-content\/uploads\/2019\/07\/hand2note-action-profit.png\" alt=\"hand2note action profit\" width=\"421\" height=\"268\" srcset=\"https:\/\/hand2noteguide.com\/wp-content\/uploads\/2019\/07\/hand2note-action-profit.png 421w, https:\/\/hand2noteguide.com\/wp-content\/uploads\/2019\/07\/hand2note-action-profit-300x191.png 300w\" sizes=\"auto, (max-width: 421px) 100vw, 421px\" \/><\/p>\n<p>Las categor\u00edas de manos se pueden personalizar en la configuraci\u00f3n (<em>Configuration \u2192 Action Profit<\/em>).<\/p>\n","protected":false},"excerpt":{"rendered":"<p>An\u00e1lisis de Decisiones te permite descubrir la rentabilidad de tus decisiones con diferentes categor\u00edas de manos en distintas situaciones. Esta funci\u00f3n solo est\u00e1 disponible en la suscripci\u00f3n EDGE. Por ejemplo, quieres ver la rentabilidad de tus open raises desde el bot\u00f3n con diferentes tipos de manos. Para hacerlo, sigue estos pasos: Crea una estad\u00edstica &#8220;Open &hellip; <a href=\"https:\/\/hand2noteguide.com\/es\/guide\/decision-analysis\/\" class=\"more-link\">Continue reading <span class=\"screen-reader-text\">Descubre la rentabilidad de varias categor\u00edas de manos<\/span><\/a><\/p>\n","protected":false},"author":1,"featured_media":0,"parent":74,"menu_order":0,"comment_status":"closed","ping_status":"closed","template":"page-templates\/full-width-page.php","meta":{"footnotes":""},"class_list":["post-586","page","type-page","status-publish","hentry"],"translation":{"provider":"WPGlobus","version":"3.0.2","language":"es","enabled_languages":["en","ru","pt","zh","es","fr","de","it","ja"],"languages":{"en":{"title":true,"content":true,"excerpt":false},"ru":{"title":true,"content":true,"excerpt":false},"pt":{"title":true,"content":true,"excerpt":false},"zh":{"title":true,"content":true,"excerpt":false},"es":{"title":true,"content":true,"excerpt":false},"fr":{"title":true,"content":true,"excerpt":false},"de":{"title":true,"content":true,"excerpt":false},"it":{"title":true,"content":true,"excerpt":false},"ja":{"title":true,"content":true,"excerpt":false}}},"yoast_head":"<!-- This site is optimized with the Yoast SEO plugin v27.0 - https:\/\/yoast.com\/product\/yoast-seo-wordpress\/ -->\n<title>Descubre la Rentabilidad de las Manos en Diferentes Situaciones<\/title>\n<meta name=\"description\" content=\"Aprende a analizar la rentabilidad de tus manos de poker en diversas situaciones utilizando la funci\u00f3n de An\u00e1lisis de Decisiones de Hand2Note. \u00a1Optimiza tu estrategia hoy mismo!\" \/>\n<meta name=\"robots\" content=\"index, follow, max-snippet:-1, max-image-preview:large, max-video-preview:-1\" \/>\n<link rel=\"canonical\" href=\"https:\/\/hand2noteguide.com\/guide\/decision-analysis\/\" \/>\n<meta property=\"og:locale\" content=\"es_ES\" \/>\n<meta property=\"og:type\" content=\"article\" \/>\n<meta property=\"og:title\" content=\"Descubre la Rentabilidad de las Manos en Diferentes Situaciones\" \/>\n<meta property=\"og:description\" content=\"Aprende a analizar la rentabilidad de tus manos de poker en diversas situaciones utilizando la funci\u00f3n de An\u00e1lisis de Decisiones de Hand2Note. \u00a1Optimiza tu estrategia hoy mismo!\" \/>\n<meta property=\"og:url\" content=\"https:\/\/hand2noteguide.com\/guide\/decision-analysis\/\" \/>\n<meta property=\"og:site_name\" content=\"Hand2Note Guide\" \/>\n<meta property=\"article:modified_time\" content=\"2025-06-04T14:49:10+00:00\" \/>\n<meta property=\"og:image\" content=\"https:\/\/hand2noteguide.com\/wp-content\/uploads\/2019\/07\/hand2note-action-profit.png\" \/>\n<meta name=\"twitter:card\" content=\"summary_large_image\" \/>\n<meta name=\"twitter:label1\" content=\"Est. reading time\" \/>\n\t<meta name=\"twitter:data1\" content=\"4 minutes\" \/>\n<!-- \/ Yoast SEO plugin. -->","yoast_head_json":{"title":"Descubre la Rentabilidad de las Manos en Diferentes Situaciones","description":"Aprende a analizar la rentabilidad de tus manos de poker en diversas situaciones utilizando la funci\u00f3n de An\u00e1lisis de Decisiones de Hand2Note. \u00a1Optimiza tu estrategia hoy mismo!","robots":{"index":"index","follow":"follow","max-snippet":"max-snippet:-1","max-image-preview":"max-image-preview:large","max-video-preview":"max-video-preview:-1"},"canonical":"https:\/\/hand2noteguide.com\/guide\/decision-analysis\/","og_locale":"es_ES","og_type":"article","og_title":"Descubre la Rentabilidad de las Manos en Diferentes Situaciones","og_description":"Aprende a analizar la rentabilidad de tus manos de poker en diversas situaciones utilizando la funci\u00f3n de An\u00e1lisis de Decisiones de Hand2Note. \u00a1Optimiza tu estrategia hoy mismo!","og_url":"https:\/\/hand2noteguide.com\/guide\/decision-analysis\/","og_site_name":"Hand2Note Guide","article_modified_time":"2025-06-04T14:49:10+00:00","og_image":[{"url":"https:\/\/hand2noteguide.com\/wp-content\/uploads\/2019\/07\/hand2note-action-profit.png","type":"","width":"","height":""}],"twitter_card":"summary_large_image","twitter_misc":{"Est. reading time":"4 minutes"},"schema":{"@context":"https:\/\/schema.org","@graph":[]}},"jetpack_sharing_enabled":false,"_links":{"self":[{"href":"https:\/\/hand2noteguide.com\/es\/wp-json\/wp\/v2\/pages\/586","targetHints":{"allow":["GET"]}}],"collection":[{"href":"https:\/\/hand2noteguide.com\/es\/wp-json\/wp\/v2\/pages"}],"about":[{"href":"https:\/\/hand2noteguide.com\/es\/wp-json\/wp\/v2\/types\/page"}],"author":[{"embeddable":true,"href":"https:\/\/hand2noteguide.com\/es\/wp-json\/wp\/v2\/users\/1"}],"replies":[{"embeddable":true,"href":"https:\/\/hand2noteguide.com\/es\/wp-json\/wp\/v2\/comments?post=586"}],"version-history":[{"count":15,"href":"https:\/\/hand2noteguide.com\/es\/wp-json\/wp\/v2\/pages\/586\/revisions"}],"predecessor-version":[{"id":13518,"href":"https:\/\/hand2noteguide.com\/es\/wp-json\/wp\/v2\/pages\/586\/revisions\/13518"}],"up":[{"embeddable":true,"href":"https:\/\/hand2noteguide.com\/es\/wp-json\/wp\/v2\/pages\/74"}],"wp:attachment":[{"href":"https:\/\/hand2noteguide.com\/es\/wp-json\/wp\/v2\/media?parent=586"}],"curies":[{"name":"wp","href":"https:\/\/api.w.org\/{rel}","templated":true}]}}