{"id":5989,"date":"2023-06-11T00:25:01","date_gmt":"2023-06-10T21:25:01","guid":{"rendered":"https:\/\/hand2noteguide.com\/?page_id=5989"},"modified":"2026-04-24T08:10:30","modified_gmt":"2026-04-24T08:10:30","slug":"5-best-online-poker-training-sites","status":"publish","type":"page","link":"https:\/\/hand2noteguide.com\/es\/poker\/5-best-online-poker-training-sites\/","title":{"rendered":"5 mejores sitios de entrenamiento de p\u00f3ker online"},"content":{"rendered":"\n<p>El p\u00f3ker en l\u00ednea se ha convertido en un juego altamente competitivo y complejo que requiere habilidad, estrategia y conocimiento para tener \u00e9xito. No importa en qu\u00e9 nivel te encuentres actualmente, debes aprender y mejorar tus habilidades constantemente. En este art\u00edculo, te ofrecemos una selecci\u00f3n de los mejores sitios web de entrenamiento de p\u00f3ker que puedes usar para mejorar tu juego.<\/p>\n\n\n\n<p>Todos los sitios ofrecen entrenamiento en diferentes formatos. Usar diferentes herramientas te permitir\u00e1 diversificar tu enfoque de aprendizaje y acelerar tu desarrollo como jugador profesional.<\/p>\n\n\n\n<h2 class=\"wp-block-heading\">1. <a href=\"\/es\/poker\/poker-gto\/gto-wizard-review\/\">GTO Wizard<\/a><\/h2>\n\n\n\n<p>Si quieres la forma m\u00e1s r\u00e1pida de empezar a estudiar GTO, <a href=\"\/es\/poker\/poker-gto\/gto-wizard-review\/\">GTO Wizard<\/a> es una de las mejores opciones. Es un solver moderno en el navegador con una enorme biblioteca de spots pre\u2011resueltos y un entrenador integrado, para aprender tanto estudiando soluciones como entrenando decisiones.<\/p>\n\n\n<div class=\"wp-block-h2n-cta-button\" style=\"text-align: left;\"><a href=\"https:\/\/hand2noteguide.com\/es\/go\/gtowizard\/\" class=\"btn btn-primary btn-color-amber\" target=\"_blank\" rel=\"noopener noreferrer nofollow sponsored\">Abrir GTO Wizard \u2192<\/a><\/div>\n\n\n<figure class=\"wp-block-image size-large\"><img loading=\"lazy\" decoding=\"async\" width=\"1024\" height=\"618\" src=\"https:\/\/hand2noteguide.com\/wp-content\/uploads\/2026\/04\/gto-wizard-preview-2026-1024x618.webp\" alt=\"GTO Wizard \u2014 entrenamiento GTO\" class=\"wp-image-16420\" srcset=\"https:\/\/hand2noteguide.com\/wp-content\/uploads\/2026\/04\/gto-wizard-preview-2026-1024x618.webp 1024w, https:\/\/hand2noteguide.com\/wp-content\/uploads\/2026\/04\/gto-wizard-preview-2026-300x181.webp 300w, https:\/\/hand2noteguide.com\/wp-content\/uploads\/2026\/04\/gto-wizard-preview-2026-768x464.webp 768w, https:\/\/hand2noteguide.com\/wp-content\/uploads\/2026\/04\/gto-wizard-preview-2026-1536x927.webp 1536w, https:\/\/hand2noteguide.com\/wp-content\/uploads\/2026\/04\/gto-wizard-preview-2026-2048x1236.webp 2048w, https:\/\/hand2noteguide.com\/wp-content\/uploads\/2026\/04\/gto-wizard-preview-2026-772x466.webp 772w\" sizes=\"auto, (max-width: 1024px) 100vw, 1024px\" \/><\/figure>\n\n\n\n<p>GTO Wizard tambi\u00e9n tiene una gran biblioteca de contenidos de entrenamiento creados por jugadores de alto nivel. Muchos lo usan directamente en sus clases, as\u00ed que aprendes el software y mejoras tu p\u00f3ker en general al mismo tiempo.<\/p>\n\n\n\n<p>Lee nuestro <a href=\"\/es\/poker\/poker-gto\/gto-wizard-review\/\"><strong>review de GTO Wizard<\/strong><\/a> para un desglose completo.<\/p>\n\n\n\n<h2 class=\"wp-block-heading\">2. <a href=\"https:\/\/hand2noteguide.com\/es\/poker\/the-best-poker-preflop-charts-software\/\">FreeBetRange<\/a><\/h2>\n\n\n\n<p><a aria-label=\"undefined (abre en una nueva pesta\u00f1a)\" href=\"https:\/\/freebetrange.com\/es\/\" target=\"_blank\" rel=\"noreferrer noopener\">Freebetrange<\/a> es una plataforma de entrenamiento de preflop en el navegador. Tu aprendizaje no deber\u00eda ser solo ver v\u00eddeos, sino tambi\u00e9n entrenamiento pr\u00e1ctico \u2014 y Freebetrange es una de las mejores herramientas del mercado para eso.<\/p>\n\n\n<div class=\"wp-block-h2n-cta-button\" style=\"text-align: left;\"><a href=\"https:\/\/freebetrange.com\/es\" class=\"btn btn-primary btn-color-indigo\" target=\"_blank\" rel=\"noopener noreferrer\">Abrir Freebetrange \u2192<\/a><\/div>\n\n\n<figure class=\"wp-block-image size-large\"><a href=\"https:\/\/freebetrange.com\/es\/\" target=\"_blank\" rel=\"noreferrer noopener\"><img loading=\"lazy\" decoding=\"async\" width=\"1024\" height=\"587\" src=\"https:\/\/hand2noteguide.com\/wp-content\/uploads\/2023\/06\/preflop-trainer-1024x587.webp\" alt=\"\" class=\"wp-image-6022\" srcset=\"https:\/\/hand2noteguide.com\/wp-content\/uploads\/2023\/06\/preflop-trainer-1024x587.webp 1024w, https:\/\/hand2noteguide.com\/wp-content\/uploads\/2023\/06\/preflop-trainer-300x172.webp 300w, https:\/\/hand2noteguide.com\/wp-content\/uploads\/2023\/06\/preflop-trainer-768x440.webp 768w, https:\/\/hand2noteguide.com\/wp-content\/uploads\/2023\/06\/preflop-trainer-1536x881.webp 1536w, https:\/\/hand2noteguide.com\/wp-content\/uploads\/2023\/06\/preflop-trainer-772x443.webp 772w, https:\/\/hand2noteguide.com\/wp-content\/uploads\/2023\/06\/preflop-trainer-624x358.webp 624w, https:\/\/hand2noteguide.com\/wp-content\/uploads\/2023\/06\/preflop-trainer.webp 2020w\" sizes=\"auto, (max-width: 1024px) 100vw, 1024px\" \/><\/a><\/figure>\n\n\n\n<h2 class=\"wp-block-heading\">3. <a href=\"https:\/\/bluffaces.com\/\" target=\"_blank\" rel=\"noreferrer noopener\">Bluffaces<\/a> (antes Getcoach)<\/h2>\n\n\n\n<p>Nota: el proyecto que antes se llamaba Getcoach ha sido renombrado a Bluffaces. <a href=\"https:\/\/bluffaces.com\/\" target=\"_blank\" rel=\"noreferrer noopener\">Bluffaces<\/a> es una plataforma donde puedes encontrar coaches de p\u00f3ker, explorar contenido educativo seleccionado y construir una rutina de estudio estructurada.<\/p>\n\n\n<div class=\"wp-block-h2n-cta-button\" style=\"text-align: left;\"><a href=\"https:\/\/bluffaces.com\/\" class=\"btn btn-primary btn-large btn-color-slate\" target=\"_blank\" rel=\"noopener noreferrer\">Abrir Bluffaces \u2192<\/a><\/div>\n\n\n<figure class=\"wp-block-image size-large\"><a href=\"https:\/\/bluffaces.com\/coaches\/\" target=\"_blank\" rel=\"noreferrer noopener\"><img loading=\"lazy\" decoding=\"async\" width=\"1024\" height=\"766\" src=\"http:\/\/hand2noteguide.com\/wp-content\/uploads\/2024\/04\/getcoach-coaches-min-1024x766.webp\" alt=\"Encuentra un coach de p\u00f3ker en Bluffaces\" class=\"wp-image-6362\" srcset=\"https:\/\/hand2noteguide.com\/wp-content\/uploads\/2024\/04\/getcoach-coaches-min-1024x766.webp 1024w, https:\/\/hand2noteguide.com\/wp-content\/uploads\/2024\/04\/getcoach-coaches-min-300x224.webp 300w, https:\/\/hand2noteguide.com\/wp-content\/uploads\/2024\/04\/getcoach-coaches-min-768x574.webp 768w, https:\/\/hand2noteguide.com\/wp-content\/uploads\/2024\/04\/getcoach-coaches-min-1536x1149.webp 1536w, https:\/\/hand2noteguide.com\/wp-content\/uploads\/2024\/04\/getcoach-coaches-min-2048x1531.webp 2048w, https:\/\/hand2noteguide.com\/wp-content\/uploads\/2024\/04\/getcoach-coaches-min-772x577.webp 772w, https:\/\/hand2noteguide.com\/wp-content\/uploads\/2024\/04\/getcoach-coaches-min-624x467.webp 624w\" sizes=\"auto, (max-width: 1024px) 100vw, 1024px\" \/><\/a><figcaption class=\"wp-element-caption\">Encuentra un coach de p\u00f3ker en Bluffaces<\/figcaption><\/figure>\n\n\n\n<p>Tambi\u00e9n vale la pena revisar sus <a href=\"https:\/\/bluffaces.com\/calculators\/\" target=\"_blank\" rel=\"noreferrer noopener\"><strong>calculadoras de p\u00f3ker<\/strong><\/a> gratuitas \u2014 una forma c\u00f3moda de aprender (o refrescar) la matem\u00e1tica b\u00e1sica: pot odds, equity, ICM y c\u00e1lculos de EV.<\/p>\n\n\n\n<h2 class=\"wp-block-heading\">4. <a href=\"https:\/\/www.runitonce.com\/\" target=\"_blank\" rel=\"noreferrer noopener\">Run It Once<\/a><\/h2>\n\n\n\n<p><a href=\"https:\/\/www.runitonce.com\/\" target=\"_blank\" rel=\"noreferrer noopener\">Run It Once<\/a> es un sitio de entrenamiento popular lanzado por el high-stakes pro Phil Galfond. Ofrece una enorme biblioteca de v\u00eddeos y tutoriales de algunos de los mejores jugadores del mundo, contenido bien organizado (ideal para nivel intermedio y avanzado) y un foro activo.<\/p>\n\n\n\n<figure class=\"wp-block-image size-large\"><a href=\"https:\/\/www.runitonce.com\/\" target=\"_blank\" rel=\"noreferrer noopener\"><img loading=\"lazy\" decoding=\"async\" width=\"1024\" height=\"633\" src=\"https:\/\/hand2noteguide.com\/wp-content\/uploads\/2023\/06\/run-it-once-1024x633.webp\" alt=\"\" class=\"wp-image-6004\" srcset=\"https:\/\/hand2noteguide.com\/wp-content\/uploads\/2023\/06\/run-it-once-1024x633.webp 1024w, https:\/\/hand2noteguide.com\/wp-content\/uploads\/2023\/06\/run-it-once-300x185.webp 300w, https:\/\/hand2noteguide.com\/wp-content\/uploads\/2023\/06\/run-it-once-768x474.webp 768w, https:\/\/hand2noteguide.com\/wp-content\/uploads\/2023\/06\/run-it-once-1536x949.webp 1536w, https:\/\/hand2noteguide.com\/wp-content\/uploads\/2023\/06\/run-it-once-2048x1265.webp 2048w, https:\/\/hand2noteguide.com\/wp-content\/uploads\/2023\/06\/run-it-once-772x477.webp 772w, https:\/\/hand2noteguide.com\/wp-content\/uploads\/2023\/06\/run-it-once-624x385.webp 624w\" sizes=\"auto, (max-width: 1024px) 100vw, 1024px\" \/><\/a><figcaption class=\"wp-element-caption\">Explora la biblioteca de videos de p\u00f3ker profesional en Run It Once<\/figcaption><\/figure>\n\n\n\n<h2 class=\"wp-block-heading\">5. <a href=\"https:\/\/www.raiseyouredge.com\/\" target=\"_blank\" rel=\"noreferrer noopener\">Raise Your Edge<\/a><\/h2>\n\n\n\n<p><a href=\"https:\/\/www.raiseyouredge.com\/\" target=\"_blank\" rel=\"noreferrer noopener\">Raise Your Edge<\/a> fue fundada por el jugador profesional de torneos Benjamin \u201cbencb789\u201d Rolle. La plataforma ofrece cursos, v\u00eddeos, rangos de preflop y otros recursos que se actualizan constantemente, con enfoque principal en MTT.<\/p>\n\n\n\n<figure class=\"wp-block-image size-large\"><a href=\"https:\/\/www.raiseyouredge.com\/\" target=\"_blank\" rel=\"noreferrer noopener\"><img loading=\"lazy\" decoding=\"async\" width=\"1024\" height=\"675\" src=\"https:\/\/hand2noteguide.com\/wp-content\/uploads\/2023\/06\/raiseyouredge-1024x675.webp\" alt=\"\" class=\"wp-image-6015\" srcset=\"https:\/\/hand2noteguide.com\/wp-content\/uploads\/2023\/06\/raiseyouredge-1024x675.webp 1024w, https:\/\/hand2noteguide.com\/wp-content\/uploads\/2023\/06\/raiseyouredge-300x198.webp 300w, https:\/\/hand2noteguide.com\/wp-content\/uploads\/2023\/06\/raiseyouredge-768x506.webp 768w, https:\/\/hand2noteguide.com\/wp-content\/uploads\/2023\/06\/raiseyouredge-1536x1013.webp 1536w, https:\/\/hand2noteguide.com\/wp-content\/uploads\/2023\/06\/raiseyouredge-2048x1350.webp 2048w, https:\/\/hand2noteguide.com\/wp-content\/uploads\/2023\/06\/raiseyouredge-772x509.webp 772w, https:\/\/hand2noteguide.com\/wp-content\/uploads\/2023\/06\/raiseyouredge-624x411.webp 624w\" sizes=\"auto, (max-width: 1024px) 100vw, 1024px\" \/><\/a><figcaption class=\"wp-element-caption\">Sigue el \u00e9xito de Bencb en Raise Your Edge<\/figcaption><\/figure>\n\n\n\n<p>Si buscas a\u00fan m\u00e1s estructura, tambi\u00e9n puedes explorar marketplaces de cursos multi\u2011autor como <a href=\"https:\/\/courses.poker\/\" target=\"_blank\" rel=\"noreferrer noopener\">Courses.poker<\/a>. Pero, en la pr\u00e1ctica, un buen flujo para la mayor\u00eda es: aprender teor\u00eda con un solver\/trainer (GTO Wizard), fijar el preflop con un trainer dedicado (Freebetrange) y seguir mejorando con coaching y bibliotecas de v\u00eddeo de calidad.<\/p>\n\n\n\n<h2 class=\"wp-block-heading\">Conclusi\u00f3n<\/h2>\n\n\n\n<p>No existe una \u00fanica forma \u201cmejor\u201d de estudiar p\u00f3ker \u2014 los mejores resultados vienen de combinar teor\u00eda y pr\u00e1ctica. Usa herramientas estructuradas (GTO Wizard y Freebetrange) para construir una base s\u00f3lida y refu\u00e9rzala con coaching, cursos y contenido de calidad. Lo m\u00e1s importante: constancia. Un poco cada d\u00eda es mejor que maratones ocasionales.<\/p>\n","protected":false},"excerpt":{"rendered":"<p>El p\u00f3ker en l\u00ednea se ha convertido en un juego altamente competitivo y complejo que requiere habilidad, estrategia y conocimiento para tener \u00e9xito. No importa en qu\u00e9 nivel te encuentres actualmente, debes aprender y mejorar tus habilidades constantemente. En este art\u00edculo, te ofrecemos una selecci\u00f3n de los mejores sitios web de entrenamiento de p\u00f3ker que &hellip; <a href=\"https:\/\/hand2noteguide.com\/es\/poker\/5-best-online-poker-training-sites\/\" class=\"more-link\">Continue reading <span class=\"screen-reader-text\">5 mejores sitios de entrenamiento de p\u00f3ker online<\/span><\/a><\/p>\n","protected":false},"author":1,"featured_media":0,"parent":7017,"menu_order":0,"comment_status":"closed","ping_status":"closed","template":"","meta":{"footnotes":""},"class_list":["post-5989","page","type-page","status-publish","hentry"],"translation":{"provider":"WPGlobus","version":"3.0.2","language":"es","enabled_languages":["en","ru","pt","zh","es","fr","de","it","ja"],"languages":{"en":{"title":true,"content":true,"excerpt":false},"ru":{"title":true,"content":true,"excerpt":false},"pt":{"title":true,"content":true,"excerpt":false},"zh":{"title":true,"content":true,"excerpt":false},"es":{"title":true,"content":true,"excerpt":false},"fr":{"title":true,"content":true,"excerpt":false},"de":{"title":true,"content":true,"excerpt":false},"it":{"title":true,"content":true,"excerpt":false},"ja":{"title":true,"content":true,"excerpt":false}}},"yoast_head":"<!-- This site is optimized with the Yoast SEO plugin v27.0 - https:\/\/yoast.com\/product\/yoast-seo-wordpress\/ -->\n<title>Top 5 sitios de entrenamiento de p\u00f3ker online<\/title>\n<meta name=\"description\" content=\"5 mejores sitios de entrenamiento de p\u00f3ker online en 2026: 1. GTO Wizard, 2. FreeBetRange, 3. Bluffaces, 4. Run It Once, 5. Raise Your Edge.\" \/>\n<meta name=\"robots\" content=\"index, follow, max-snippet:-1, max-image-preview:large, max-video-preview:-1\" \/>\n<link rel=\"canonical\" href=\"https:\/\/hand2noteguide.com\/poker\/5-best-online-poker-training-sites\/\" \/>\n<meta property=\"og:locale\" content=\"es_ES\" \/>\n<meta property=\"og:type\" content=\"article\" \/>\n<meta property=\"og:title\" content=\"Top 5 sitios de entrenamiento de p\u00f3ker online\" \/>\n<meta property=\"og:description\" content=\"5 mejores sitios de entrenamiento de p\u00f3ker online en 2026: 1. GTO Wizard, 2. FreeBetRange, 3. Bluffaces, 4. Run It Once, 5. Raise Your Edge.\" \/>\n<meta property=\"og:url\" content=\"https:\/\/hand2noteguide.com\/poker\/5-best-online-poker-training-sites\/\" \/>\n<meta property=\"og:site_name\" content=\"Hand2Note Guide\" \/>\n<meta property=\"article:modified_time\" content=\"2026-04-24T08:10:30+00:00\" \/>\n<meta property=\"og:image\" content=\"https:\/\/hand2noteguide.com\/wp-content\/uploads\/2026\/04\/gto-wizard-preview-2026-scaled.webp\" \/>\n\t<meta property=\"og:image:width\" content=\"2560\" \/>\n\t<meta property=\"og:image:height\" content=\"1546\" \/>\n\t<meta property=\"og:image:type\" content=\"image\/webp\" \/>\n<meta name=\"twitter:card\" content=\"summary_large_image\" \/>\n<meta name=\"twitter:label1\" content=\"Est. reading time\" \/>\n\t<meta name=\"twitter:data1\" content=\"5 minutes\" \/>\n<!-- \/ Yoast SEO plugin. -->","yoast_head_json":{"title":"Top 5 sitios de entrenamiento de p\u00f3ker online","description":"5 mejores sitios de entrenamiento de p\u00f3ker online en 2026: 1. GTO Wizard, 2. FreeBetRange, 3. Bluffaces, 4. Run It Once, 5. Raise Your Edge.","robots":{"index":"index","follow":"follow","max-snippet":"max-snippet:-1","max-image-preview":"max-image-preview:large","max-video-preview":"max-video-preview:-1"},"canonical":"https:\/\/hand2noteguide.com\/poker\/5-best-online-poker-training-sites\/","og_locale":"es_ES","og_type":"article","og_title":"Top 5 sitios de entrenamiento de p\u00f3ker online","og_description":"5 mejores sitios de entrenamiento de p\u00f3ker online en 2026: 1. GTO Wizard, 2. FreeBetRange, 3. Bluffaces, 4. Run It Once, 5. Raise Your Edge.","og_url":"https:\/\/hand2noteguide.com\/poker\/5-best-online-poker-training-sites\/","og_site_name":"Hand2Note Guide","article_modified_time":"2026-04-24T08:10:30+00:00","og_image":[{"width":2560,"height":1546,"url":"https:\/\/hand2noteguide.com\/wp-content\/uploads\/2026\/04\/gto-wizard-preview-2026-scaled.webp","type":"image\/webp"}],"twitter_card":"summary_large_image","twitter_misc":{"Est. reading time":"5 minutes"},"schema":{"@context":"https:\/\/schema.org","@graph":[]}},"jetpack_sharing_enabled":true,"_links":{"self":[{"href":"https:\/\/hand2noteguide.com\/es\/wp-json\/wp\/v2\/pages\/5989","targetHints":{"allow":["GET"]}}],"collection":[{"href":"https:\/\/hand2noteguide.com\/es\/wp-json\/wp\/v2\/pages"}],"about":[{"href":"https:\/\/hand2noteguide.com\/es\/wp-json\/wp\/v2\/types\/page"}],"author":[{"embeddable":true,"href":"https:\/\/hand2noteguide.com\/es\/wp-json\/wp\/v2\/users\/1"}],"replies":[{"embeddable":true,"href":"https:\/\/hand2noteguide.com\/es\/wp-json\/wp\/v2\/comments?post=5989"}],"version-history":[{"count":80,"href":"https:\/\/hand2noteguide.com\/es\/wp-json\/wp\/v2\/pages\/5989\/revisions"}],"predecessor-version":[{"id":16428,"href":"https:\/\/hand2noteguide.com\/es\/wp-json\/wp\/v2\/pages\/5989\/revisions\/16428"}],"up":[{"embeddable":true,"href":"https:\/\/hand2noteguide.com\/es\/wp-json\/wp\/v2\/pages\/7017"}],"wp:attachment":[{"href":"https:\/\/hand2noteguide.com\/es\/wp-json\/wp\/v2\/media?parent=5989"}],"curies":[{"name":"wp","href":"https:\/\/api.w.org\/{rel}","templated":true}]}}