{"id":6085,"date":"2024-02-18T21:06:53","date_gmt":"2024-02-18T18:06:53","guid":{"rendered":"https:\/\/hand2noteguide.com\/?page_id=6085"},"modified":"2025-06-04T15:05:19","modified_gmt":"2025-06-04T12:05:19","slug":"how-to-install-a-hud-package-in-hand2note-3","status":"publish","type":"page","link":"https:\/\/hand2noteguide.com\/es\/hud-store\/how-to-install-a-hud-package-in-hand2note-3\/","title":{"rendered":"C\u00f3mo instalar un paquete de HUD en Hand2Note 3"},"content":{"rendered":"<div class=\"wp-block-h2n-alert h2n-alert h2n-alert--danger\"><div class=\"h2n-alert__icon\" aria-hidden=\"true\"><svg width=\"22\" height=\"22\" viewBox=\"0 0 24 24\" fill=\"none\" stroke=\"currentColor\" stroke-width=\"2\" stroke-linecap=\"round\" stroke-linejoin=\"round\"><polygon points=\"7.86 2 16.14 2 22 7.86 22 16.14 16.14 22 7.86 22 2 16.14 2 7.86 7.86 2\"\/><line x1=\"12\" y1=\"8\" x2=\"12\" y2=\"12\"\/><circle cx=\"12\" cy=\"16\" r=\"1\" fill=\"currentColor\" stroke=\"none\"\/><\/svg><\/div><div class=\"h2n-alert__content\">Esta gu\u00eda se refiere a la versi\u00f3n obsoleta de <strong>Hand2Note 3<\/strong>. Para la versi\u00f3n actual, consulta: <a href=\"https:\/\/hand2noteguide.com\/es\/user-manual\/installing-customized-statistics-packages-in-hand2note\/\">Instalaci\u00f3n de paquetes HUD en Hand2Note 4<\/a>.<\/div><\/div>\n\n\n<p>Este breve video te muestra paso a paso c\u00f3mo instalar cualquier paquete de HUD\/Popups en Hand2Note 3. Si acabas de comprar un paquete en nuestra <a href=\"https:\/\/hudstore.poker\/\" target=\"_blank\" aria-label=\"undefined (opens in a new tab)\" rel=\"noreferrer noopener\">Tienda<\/a> y est\u00e1s utilizando la versi\u00f3n 3.x.x de Hand2Note, simplemente sigue los pasos del video para configurar tu nuevo HUD.<\/p>\n\n\n\n<figure class=\"wp-block-embed is-type-video is-provider-youtube wp-block-embed-youtube wp-embed-aspect-16-9 wp-has-aspect-ratio\"><div class=\"wp-block-embed__wrapper\">\n<div class=\"jetpack-video-wrapper\"><iframe loading=\"lazy\" title=\"How to install third-party HUD in Hand2Note\" width=\"700\" height=\"394\" src=\"https:\/\/www.youtube.com\/embed\/ouiuyhgIJpU?feature=oembed\" frameborder=\"0\" allow=\"accelerometer; autoplay; clipboard-write; encrypted-media; gyroscope; picture-in-picture; web-share\" allowfullscreen><\/iframe><\/div>\n<\/div><\/figure>\n\n\n\n<p>Si encuentras alguna dificultad durante la instalaci\u00f3n del HUD, por favor contacta a su autor, ellos deber\u00edan ayudarte a resolver cualquier problema.<\/p>\n","protected":false},"excerpt":{"rendered":"<p>Este breve video te muestra paso a paso c\u00f3mo instalar cualquier paquete de HUD\/Popups en Hand2Note 3. Si acabas de comprar un paquete en nuestra Tienda y est\u00e1s utilizando la versi\u00f3n 3.x.x de Hand2Note, simplemente sigue los pasos del video para configurar tu nuevo HUD. Si encuentras alguna dificultad durante la instalaci\u00f3n del HUD, por &hellip; <a href=\"https:\/\/hand2noteguide.com\/es\/hud-store\/how-to-install-a-hud-package-in-hand2note-3\/\" class=\"more-link\">Continue reading <span class=\"screen-reader-text\">C\u00f3mo instalar un paquete de HUD en Hand2Note 3<\/span><\/a><\/p>\n","protected":false},"author":1,"featured_media":0,"parent":4640,"menu_order":0,"comment_status":"closed","ping_status":"closed","template":"page-templates\/full-width-page.php","meta":{"footnotes":""},"class_list":["post-6085","page","type-page","status-publish","hentry"],"translation":{"provider":"WPGlobus","version":"3.0.2","language":"es","enabled_languages":["en","ru","pt","zh","es","fr","de","it","ja"],"languages":{"en":{"title":true,"content":true,"excerpt":false},"ru":{"title":true,"content":true,"excerpt":false},"pt":{"title":true,"content":true,"excerpt":false},"zh":{"title":true,"content":true,"excerpt":false},"es":{"title":true,"content":true,"excerpt":false},"fr":{"title":true,"content":true,"excerpt":false},"de":{"title":true,"content":true,"excerpt":false},"it":{"title":true,"content":true,"excerpt":false},"ja":{"title":true,"content":true,"excerpt":false}}},"yoast_head":"<!-- This site is optimized with the Yoast SEO plugin v27.0 - https:\/\/yoast.com\/product\/yoast-seo-wordpress\/ -->\n<title>C\u00f3mo Instalar un Paquete de HUD en Hand2Note 3<\/title>\n<meta name=\"description\" content=\"Aprende c\u00f3mo instalar f\u00e1cilmente paquetes de HUD en Hand2Note 3 con nuestra gu\u00eda en video paso a paso. Perfecto para nuevos usuarios de Hand2Note que acaban de obtener el nuevo HUD.\" \/>\n<meta name=\"robots\" content=\"index, follow, max-snippet:-1, max-image-preview:large, max-video-preview:-1\" \/>\n<link rel=\"canonical\" href=\"https:\/\/hand2noteguide.com\/hud-store\/how-to-install-a-hud-package-in-hand2note-3\/\" \/>\n<meta property=\"og:locale\" content=\"es_ES\" \/>\n<meta property=\"og:type\" content=\"article\" \/>\n<meta property=\"og:title\" content=\"C\u00f3mo Instalar un Paquete de HUD en Hand2Note 3\" \/>\n<meta property=\"og:description\" content=\"Aprende c\u00f3mo instalar f\u00e1cilmente paquetes de HUD en Hand2Note 3 con nuestra gu\u00eda en video paso a paso. Perfecto para nuevos usuarios de Hand2Note que acaban de obtener el nuevo HUD.\" \/>\n<meta property=\"og:url\" content=\"https:\/\/hand2noteguide.com\/hud-store\/how-to-install-a-hud-package-in-hand2note-3\/\" \/>\n<meta property=\"og:site_name\" content=\"Hand2Note Guide\" \/>\n<meta property=\"article:modified_time\" content=\"2025-06-04T12:05:19+00:00\" \/>\n<meta name=\"twitter:card\" content=\"summary_large_image\" \/>\n<meta name=\"twitter:label1\" content=\"Est. reading time\" \/>\n\t<meta name=\"twitter:data1\" content=\"3 minutes\" \/>\n<!-- \/ Yoast SEO plugin. -->","yoast_head_json":{"title":"C\u00f3mo Instalar un Paquete de HUD en Hand2Note 3","description":"Aprende c\u00f3mo instalar f\u00e1cilmente paquetes de HUD en Hand2Note 3 con nuestra gu\u00eda en video paso a paso. Perfecto para nuevos usuarios de Hand2Note que acaban de obtener el nuevo HUD.","robots":{"index":"index","follow":"follow","max-snippet":"max-snippet:-1","max-image-preview":"max-image-preview:large","max-video-preview":"max-video-preview:-1"},"canonical":"https:\/\/hand2noteguide.com\/hud-store\/how-to-install-a-hud-package-in-hand2note-3\/","og_locale":"es_ES","og_type":"article","og_title":"C\u00f3mo Instalar un Paquete de HUD en Hand2Note 3","og_description":"Aprende c\u00f3mo instalar f\u00e1cilmente paquetes de HUD en Hand2Note 3 con nuestra gu\u00eda en video paso a paso. Perfecto para nuevos usuarios de Hand2Note que acaban de obtener el nuevo HUD.","og_url":"https:\/\/hand2noteguide.com\/hud-store\/how-to-install-a-hud-package-in-hand2note-3\/","og_site_name":"Hand2Note Guide","article_modified_time":"2025-06-04T12:05:19+00:00","twitter_card":"summary_large_image","twitter_misc":{"Est. reading time":"3 minutes"},"schema":{"@context":"https:\/\/schema.org","@graph":[]}},"jetpack_sharing_enabled":true,"_links":{"self":[{"href":"https:\/\/hand2noteguide.com\/es\/wp-json\/wp\/v2\/pages\/6085","targetHints":{"allow":["GET"]}}],"collection":[{"href":"https:\/\/hand2noteguide.com\/es\/wp-json\/wp\/v2\/pages"}],"about":[{"href":"https:\/\/hand2noteguide.com\/es\/wp-json\/wp\/v2\/types\/page"}],"author":[{"embeddable":true,"href":"https:\/\/hand2noteguide.com\/es\/wp-json\/wp\/v2\/users\/1"}],"replies":[{"embeddable":true,"href":"https:\/\/hand2noteguide.com\/es\/wp-json\/wp\/v2\/comments?post=6085"}],"version-history":[{"count":12,"href":"https:\/\/hand2noteguide.com\/es\/wp-json\/wp\/v2\/pages\/6085\/revisions"}],"predecessor-version":[{"id":13442,"href":"https:\/\/hand2noteguide.com\/es\/wp-json\/wp\/v2\/pages\/6085\/revisions\/13442"}],"up":[{"embeddable":true,"href":"https:\/\/hand2noteguide.com\/es\/wp-json\/wp\/v2\/pages\/4640"}],"wp:attachment":[{"href":"https:\/\/hand2noteguide.com\/es\/wp-json\/wp\/v2\/media?parent=6085"}],"curies":[{"name":"wp","href":"https:\/\/api.w.org\/{rel}","templated":true}]}}