{"id":6096,"date":"2024-03-14T14:01:58","date_gmt":"2024-03-14T11:01:58","guid":{"rendered":"https:\/\/hand2noteguide.com\/?page_id=6096"},"modified":"2026-02-21T16:09:45","modified_gmt":"2026-02-21T13:09:45","slug":"gto-wizard-discount","status":"publish","type":"page","link":"https:\/\/hand2noteguide.com\/es\/poker\/poker-gto\/gto-wizard-review\/gto-wizard-discount\/","title":{"rendered":"GTO Wizard: \u00a1Descuento del 10% y Bonificaci\u00f3n!"},"content":{"rendered":"\n<p>Para obtener <strong>un descuento instant\u00e1neo del 10%<\/strong> en cualquier suscripci\u00f3n de GTO Wizard, sigue estos 3 sencillos pasos:<\/p>\n\n\n\n<div class=\"green-block\">\n<p><strong>1.<\/strong> Abre el sitio web de GTO Wizard con <a href=\"https:\/\/gtowizard.com\/p\/nickkorolev\" target=\"_blank\" rel=\"noopener sponsored\"><strong>nuestro enlace<\/strong><\/a><\/p>\n<p><strong>2.<\/strong> Crea una cuenta e inicia sesi\u00f3n<\/p>\n<p><strong>3.<\/strong> El descuento del 10% se aplicar\u00e1 autom\u00e1ticamente a cualquier compra que realices.<\/p>\n<\/div>\n\n\n\n<p>Tambi\u00e9n puedes copiar y pegar el enlace en una nueva pesta\u00f1a:<\/p>\n\n\n\n<pre>https:\/\/gtowizard.com\/p\/nickkorolev<\/pre>\n\n\n\n<p>Una vez que hayas iniciado sesi\u00f3n, ver\u00e1s el mensaje que indica que tienes un descuento gracias a nickkorolev.<\/p>\n\n\n\n<figure class=\"wp-block-image size-large\"><a href=\"https:\/\/gtowizard.com\/p\/nickkorolev\" target=\"_blank\" rel=\"noreferrer noopener\"><img loading=\"lazy\" decoding=\"async\" width=\"1024\" height=\"556\" src=\"https:\/\/hand2noteguide.com\/wp-content\/uploads\/2024\/03\/gto-wizard-discount-1-min-1024x556.webp\" alt=\"GTO Wizard discount\" class=\"wp-image-6145\" srcset=\"https:\/\/hand2noteguide.com\/wp-content\/uploads\/2024\/03\/gto-wizard-discount-1-min-1024x556.webp 1024w, https:\/\/hand2noteguide.com\/wp-content\/uploads\/2024\/03\/gto-wizard-discount-1-min-300x163.webp 300w, https:\/\/hand2noteguide.com\/wp-content\/uploads\/2024\/03\/gto-wizard-discount-1-min-768x417.webp 768w, https:\/\/hand2noteguide.com\/wp-content\/uploads\/2024\/03\/gto-wizard-discount-1-min-1536x834.webp 1536w, https:\/\/hand2noteguide.com\/wp-content\/uploads\/2024\/03\/gto-wizard-discount-1-min-2048x1112.webp 2048w, https:\/\/hand2noteguide.com\/wp-content\/uploads\/2024\/03\/gto-wizard-discount-1-min-772x419.webp 772w, https:\/\/hand2noteguide.com\/wp-content\/uploads\/2024\/03\/gto-wizard-discount-1-min-624x339.webp 624w\" sizes=\"auto, (max-width: 1024px) 100vw, 1024px\" \/><\/a><\/figure>\n\n\n\n<h2 class=\"wp-block-heading\">M\u00e1s que un descuento<\/h2>\n\n\n\n<p>Nuestra oferta te da un bono extra. Si te registras con <a href=\"https:\/\/gtowizard.com\/p\/nickkorolev\" target=\"_blank\" rel=\"noreferrer noopener sponsored\"><strong>nuestro enlace<\/strong><\/a> y compras cualquier plan <strong>anual<\/strong> de GTO Wizard, tambi\u00e9n obtendr\u00e1s <a href=\"https:\/\/hand2noteguide.com\/es\/poker\/the-best-poker-preflop-charts-software\/\"><strong>Freebetrange<\/strong><\/a><strong> 60 d\u00edas de licencia PRO gratis<\/strong>. Freebetrange soporta el formato de rangos de GTO Wizard. Por lo tanto, puedes combinar perfectamente estas 2 herramientas: estudiar los rangos GTO en el Wizard y crear tu propia estrategia de preflop personalizada en Freebetrange.<\/p>\n\n\n\n<figure class=\"wp-block-image size-large\"><a href=\"https:\/\/freebetrange.com\/\" target=\"_blank\" rel=\"noopener\"><img loading=\"lazy\" decoding=\"async\" width=\"1024\" height=\"622\" src=\"https:\/\/hand2noteguide.com\/wp-content\/uploads\/2024\/03\/freebetrange-min-1024x622.webp\" alt=\"Freebetrange range editor\" class=\"wp-image-6150\" srcset=\"https:\/\/hand2noteguide.com\/wp-content\/uploads\/2024\/03\/freebetrange-min-1024x622.webp 1024w, https:\/\/hand2noteguide.com\/wp-content\/uploads\/2024\/03\/freebetrange-min-300x182.webp 300w, https:\/\/hand2noteguide.com\/wp-content\/uploads\/2024\/03\/freebetrange-min-768x467.webp 768w, https:\/\/hand2noteguide.com\/wp-content\/uploads\/2024\/03\/freebetrange-min-1536x933.webp 1536w, https:\/\/hand2noteguide.com\/wp-content\/uploads\/2024\/03\/freebetrange-min-2048x1245.webp 2048w, https:\/\/hand2noteguide.com\/wp-content\/uploads\/2024\/03\/freebetrange-min-772x469.webp 772w, https:\/\/hand2noteguide.com\/wp-content\/uploads\/2024\/03\/freebetrange-min-624x379.webp 624w\" sizes=\"auto, (max-width: 1024px) 100vw, 1024px\" \/><\/a><\/figure>\n\n\n\n<p>Para reclamar este bono, necesitas crear una cuenta en Freebetrange y <a href=\"https:\/\/hand2noteguide.com\/es\/contact-us\/\">contactarnos<\/a>. Tu licencia PRO se activar\u00e1 autom\u00e1ticamente dentro de las 24 horas despu\u00e9s de tu compra de GTO Wizard.<\/p>\n\n\n\n<h2 class=\"wp-block-heading\">\u00bfQu\u00e9 pasa si el descuento no funciona?<\/h2>\n\n\n\n<p>Por favor, aseg\u00farate de que est\u00e1s creando <strong>una cuenta nueva<\/strong>. Porque si tienes una cuenta existente con compras realizadas en el pasado, los descuentos no son aplicables. <a href=\"https:\/\/hand2noteguide.com\/es\/contact-us\/\">Cont\u00e1ctanos<\/a> si est\u00e1s seguro de que est\u00e1s haciendo una primera compra pero el descuento a\u00fan no funciona.<\/p>\n\n\n\n<h2 class=\"wp-block-heading\">\u00bfPor qu\u00e9 deber\u00eda comprar GTO Wizard?<\/h2>\n\n\n\n<p>No importa en qu\u00e9 nivel juegues, para ser un jugador s\u00f3lido y ganador, tienes que aprender GTO. Por supuesto, necesitas explotar los errores de otros jugadores: as\u00ed es como se gana dinero en el p\u00f3ker. Y para explotar, tienes que desviarte de los rangos GTO. Pero, \u00bfc\u00f3mo te desviar\u00edas si no conoces los rangos GTO en primer lugar? Si no tienes una base s\u00f3lida de GTO en tu cabeza, tus rangos ser\u00e1n demasiado aleatorios, y tambi\u00e9n ser\u00e1s muy explotable contra otros jugadores profesionales.<\/p>\n\n\n\n<figure class=\"wp-block-image size-large\"><a href=\"https:\/\/hand2noteguide.com\/es\/gto-wizard-discount\/gto-wizard-app-min\/\" target=\"_blank\" rel=\"noreferrer noopener\"><img loading=\"lazy\" decoding=\"async\" width=\"1024\" height=\"632\" src=\"https:\/\/hand2noteguide.com\/wp-content\/uploads\/2024\/03\/gto-wizard-app-min-1024x632.webp\" alt=\"GTO Wizard app\" class=\"wp-image-6166\" srcset=\"https:\/\/hand2noteguide.com\/wp-content\/uploads\/2024\/03\/gto-wizard-app-min-1024x632.webp 1024w, https:\/\/hand2noteguide.com\/wp-content\/uploads\/2024\/03\/gto-wizard-app-min-300x185.webp 300w, https:\/\/hand2noteguide.com\/wp-content\/uploads\/2024\/03\/gto-wizard-app-min-768x474.webp 768w, https:\/\/hand2noteguide.com\/wp-content\/uploads\/2024\/03\/gto-wizard-app-min-1536x948.webp 1536w, https:\/\/hand2noteguide.com\/wp-content\/uploads\/2024\/03\/gto-wizard-app-min-2048x1264.webp 2048w, https:\/\/hand2noteguide.com\/wp-content\/uploads\/2024\/03\/gto-wizard-app-min-772x476.webp 772w, https:\/\/hand2noteguide.com\/wp-content\/uploads\/2024\/03\/gto-wizard-app-min-624x385.webp 624w\" sizes=\"auto, (max-width: 1024px) 100vw, 1024px\" \/><\/a><\/figure>\n\n\n\n<p>As\u00ed que la necesidad de estudiar el GTO es innegable. GTO Wizard es una aplicaci\u00f3n perfecta en <a href=\"https:\/\/hand2noteguide.com\/es\/poker\/5-best-online-poker-software\/\">tu arsenal de herramientas de p\u00f3ker<\/a> para satisfacerla completamente. La aplicaci\u00f3n funciona en tu navegador, por lo que no necesitas instalar ning\u00fan software en tu PC. Todas las soluciones est\u00e1n pre-calculadas, por lo que no tienes que esperar para resolver un punto espec\u00edfico. La aplicaci\u00f3n funciona r\u00e1pida y suavemente, y tambi\u00e9n contiene un mont\u00f3n de caracter\u00edsticas de entrenamiento convenientes que ir\u00e1s descubriendo gradualmente a medida que la uses.<\/p>\n\n\n\n<p>Aprende m\u00e1s sobre las caracter\u00edsticas de GTO Wizard en nuestro art\u00edculo <a href=\"https:\/\/hand2noteguide.com\/es\/poker\/poker-gto\/gto-wizard-review\/\">GTO Wizard Review<\/a>.<\/p>\n\n\n\n<h2 class=\"wp-block-heading\">\u00bfQu\u00e9 plan de suscripci\u00f3n es adecuado para m\u00ed?<\/h2>\n\n\n\n<p>Justo despu\u00e9s de registrarte, se te pedir\u00e1 que selecciones tu tipo de juego:<\/p>\n\n\n\n<ul class=\"wp-block-list\">\n<li>Juegos de efectivo cl\u00e1sicos<\/li>\n\n\n\n<li>MTT<\/li>\n\n\n\n<li>Spin&amp;Go<\/li>\n\n\n\n<li>HU SNG<\/li>\n\n\n\n<li>Juegos de efectivo con Straddle &amp; Ante<\/li>\n<\/ul>\n\n\n\n<p>No te preocupes, si necesitas m\u00e1s de un tipo de juego, puedes seleccionar m\u00e1s tarde.<\/p>\n\n\n\n<figure class=\"wp-block-image size-large\"><a href=\"https:\/\/hand2noteguide.com\/es\/gto-wizard-discount\/gto-wizard-plans-1-min\/\" target=\"_blank\" rel=\"noreferrer noopener\"><img loading=\"lazy\" decoding=\"async\" width=\"1024\" height=\"631\" src=\"https:\/\/hand2noteguide.com\/wp-content\/uploads\/2024\/03\/gto-wizard-plans-1-min-1024x631.webp\" alt=\"GTO Wizard choose a poker game type\" class=\"wp-image-6159\" srcset=\"https:\/\/hand2noteguide.com\/wp-content\/uploads\/2024\/03\/gto-wizard-plans-1-min-1024x631.webp 1024w, https:\/\/hand2noteguide.com\/wp-content\/uploads\/2024\/03\/gto-wizard-plans-1-min-300x185.webp 300w, https:\/\/hand2noteguide.com\/wp-content\/uploads\/2024\/03\/gto-wizard-plans-1-min-768x474.webp 768w, https:\/\/hand2noteguide.com\/wp-content\/uploads\/2024\/03\/gto-wizard-plans-1-min-1536x947.webp 1536w, https:\/\/hand2noteguide.com\/wp-content\/uploads\/2024\/03\/gto-wizard-plans-1-min-2048x1263.webp 2048w, https:\/\/hand2noteguide.com\/wp-content\/uploads\/2024\/03\/gto-wizard-plans-1-min-772x476.webp 772w, https:\/\/hand2noteguide.com\/wp-content\/uploads\/2024\/03\/gto-wizard-plans-1-min-624x385.webp 624w\" sizes=\"auto, (max-width: 1024px) 100vw, 1024px\" \/><\/a><\/figure>\n\n\n\n<p>Cada tipo de juego ofrece cinco planes de suscripci\u00f3n: <strong>Free, Starter, Premium, Elite y Ultra<\/strong>. Se diferencian en caracter\u00edsticas, l\u00edmites de an\u00e1lisis y capacidades del solver.<\/p>\n\n\n\n<p>Todos los niveles de pago proporcionan acceso a la biblioteca de soluciones postflop. Sin embargo, los l\u00edmites var\u00edan significativamente:<\/p>\n\n\n\n<ul class=\"wp-block-list\">\n<li><strong>Starter:<\/strong> Analiza hasta 50 historiales de manos por mes y entrena solo spots de profundidad de 100bb.<\/li>\n\n\n\n<li><strong>Premium:<\/strong> Analiza hasta 100,000 manos por mes con todos los tama\u00f1os de stack disponibles en el modo Pr\u00e1ctica.<\/li>\n\n\n\n<li><strong>Elite:<\/strong> Aumenta el l\u00edmite de an\u00e1lisis a 150,000 manos y desbloquea <strong>Node Locking 2.0<\/strong>, permiti\u00e9ndote ajustar la estrategia de un oponente para encontrar exploits m\u00e1ximos.<\/li>\n<\/ul>\n\n\n\n<p>La funci\u00f3n principal de los planes de nivel superior es <strong>GTO Wizard AI (anteriormente Ruse AI)<\/strong>. Mientras que el plan <strong>Elite<\/strong> te permite resolver spots personalizados de Heads-Up y editar rangos o tama\u00f1os de stack, el nuevo plan <strong>Ultra<\/strong> lo lleva al siguiente nivel con <strong>Resoluci\u00f3n AI Multiway Ilimitada<\/strong>. Esto te permite resolver r\u00e1pidamente cualquier situaci\u00f3n preflop o postflop con hasta 9 jugadores, incluso si no est\u00e1 en la biblioteca.<\/p>\n\n\n<div class=\"wp-block-h2n-alert h2n-alert h2n-alert--info\"><div class=\"h2n-alert__icon\" aria-hidden=\"true\"><svg width=\"22\" height=\"22\" viewBox=\"0 0 24 24\" fill=\"none\" stroke=\"currentColor\" stroke-width=\"2\" stroke-linecap=\"round\" stroke-linejoin=\"round\"><circle cx=\"12\" cy=\"12\" r=\"10\"\/><line x1=\"12\" y1=\"16\" x2=\"12\" y2=\"12\"\/><circle cx=\"12\" cy=\"8\" r=\"1\" fill=\"currentColor\" stroke=\"none\"\/><\/svg><\/div><div class=\"h2n-alert__content\">Puedes aprender m\u00e1s sobre los planes de pago en nuestro art\u00edculo <a href=\"https:\/\/hand2noteguide.com\/es\/gto-wizard-price\/\">Visi\u00f3n General de Precios de GTO Wizard<\/a>.<\/div><\/div>\n\n\n<p>Revisa la lista de caracter\u00edsticas disponibles en cada plan. Luego elige el que mejor se adapte a tus objetivos de entrenamiento de p\u00f3ker.<\/p>\n\n\n\n<h2 class=\"wp-block-heading\">\u00bfExiste un c\u00f3digo promocional o cup\u00f3n para GTO Wizard?<\/h2>\n\n\n\n<p>No, la aplicaci\u00f3n no te ofrece la posibilidad de ingresar cupones. Para obtener un descuento, necesitas registrarte con un enlace especial:<\/p>\n\n\n\n<pre>https:\/\/gtowizard.com\/p\/nickkorolev<\/pre>\n\n\n\n<p>Despu\u00e9s de registrarte, ve a la p\u00e1gina de pago. Ver\u00e1s que tu c\u00f3digo de descuento de GTO Wizard &#8220;nickkorolev&#8221; ya ha sido aplicado. Esta es la \u00fanica manera de obtener un precio con descuento en la herramienta GTO Wizard.<\/p>\n\n\n\n<p>Usa nuestra oferta para comenzar tu viaje con <a href=\"\/es\/poker\/5-best-online-poker-software\/\">el mejor software GTO<\/a> al mejor precio.<\/p>\n\n\n\n<p style=\"margin-top:24px\"><a target=\"_blank\" class=\"article-action-link\" href=\"https:\/\/gtowizard.com\/p\/nickkorolev\" rel=\"noopener sponsored\">Obt\u00e9n GTO Wizard con un 10% de descuento \u2192<\/a><\/p>\n","protected":false},"excerpt":{"rendered":"<p>Para obtener un descuento instant\u00e1neo del 10% en cualquier suscripci\u00f3n de GTO Wizard, sigue estos 3 sencillos pasos: 1. Abre el sitio web de GTO Wizard con nuestro enlace 2. Crea una cuenta e inicia sesi\u00f3n 3. El descuento del 10% se aplicar\u00e1 autom\u00e1ticamente a cualquier compra que realices. Tambi\u00e9n puedes copiar y pegar el &hellip; <a href=\"https:\/\/hand2noteguide.com\/es\/poker\/poker-gto\/gto-wizard-review\/gto-wizard-discount\/\" class=\"more-link\">Continue reading <span class=\"screen-reader-text\">GTO Wizard: \u00a1Descuento del 10% y Bonificaci\u00f3n!<\/span><\/a><\/p>\n","protected":false},"author":1,"featured_media":0,"parent":6182,"menu_order":0,"comment_status":"closed","ping_status":"closed","template":"","meta":{"footnotes":""},"class_list":["post-6096","page","type-page","status-publish","hentry"],"translation":{"provider":"WPGlobus","version":"3.0.2","language":"es","enabled_languages":["en","ru","pt","zh","es","fr","de","it","ja"],"languages":{"en":{"title":true,"content":true,"excerpt":false},"ru":{"title":true,"content":true,"excerpt":false},"pt":{"title":true,"content":true,"excerpt":false},"zh":{"title":true,"content":true,"excerpt":false},"es":{"title":true,"content":true,"excerpt":false},"fr":{"title":true,"content":true,"excerpt":false},"de":{"title":true,"content":true,"excerpt":false},"it":{"title":true,"content":true,"excerpt":false},"ja":{"title":true,"content":true,"excerpt":false}}},"yoast_head":"<!-- This site is optimized with the Yoast SEO plugin v27.0 - https:\/\/yoast.com\/product\/yoast-seo-wordpress\/ -->\n<title>Descuento GTO Wizard - 10% de descuento en cualquier suscripci\u00f3n + Bonificaci\u00f3n<\/title>\n<meta name=\"description\" content=\"Obt\u00e9n la aplicaci\u00f3n de p\u00f3ker GTO n\u00famero 1 con descuento y bonificaci\u00f3n. Usa nuestro enlace para registrarte y disfruta de un 10% de descuento instant\u00e1neo en cualquier compra que realices en la aplicaci\u00f3n.\" \/>\n<meta name=\"robots\" content=\"index, follow, max-snippet:-1, max-image-preview:large, max-video-preview:-1\" \/>\n<link rel=\"canonical\" href=\"https:\/\/hand2noteguide.com\/poker\/poker-gto\/gto-wizard-review\/gto-wizard-discount\/\" \/>\n<meta property=\"og:locale\" content=\"es_ES\" \/>\n<meta property=\"og:type\" content=\"article\" \/>\n<meta property=\"og:title\" content=\"Descuento GTO Wizard - 10% de descuento en cualquier suscripci\u00f3n + Bonificaci\u00f3n\" \/>\n<meta property=\"og:description\" content=\"Obt\u00e9n la aplicaci\u00f3n de p\u00f3ker GTO n\u00famero 1 con descuento y bonificaci\u00f3n. Usa nuestro enlace para registrarte y disfruta de un 10% de descuento instant\u00e1neo en cualquier compra que realices en la aplicaci\u00f3n.\" \/>\n<meta property=\"og:url\" content=\"https:\/\/hand2noteguide.com\/poker\/poker-gto\/gto-wizard-review\/gto-wizard-discount\/\" \/>\n<meta property=\"og:site_name\" content=\"Hand2Note Guide\" \/>\n<meta property=\"article:modified_time\" content=\"2026-02-21T13:09:45+00:00\" \/>\n<meta property=\"og:image\" content=\"https:\/\/hand2noteguide.com\/wp-content\/uploads\/2024\/03\/gto-wizard-discount-1-min-1024x556.webp\" \/>\n<meta name=\"twitter:card\" content=\"summary_large_image\" \/>\n<meta name=\"twitter:label1\" content=\"Est. reading time\" \/>\n\t<meta name=\"twitter:data1\" content=\"5 minutes\" \/>\n<!-- \/ Yoast SEO plugin. -->","yoast_head_json":{"title":"Descuento GTO Wizard - 10% de descuento en cualquier suscripci\u00f3n + Bonificaci\u00f3n","description":"Obt\u00e9n la aplicaci\u00f3n de p\u00f3ker GTO n\u00famero 1 con descuento y bonificaci\u00f3n. Usa nuestro enlace para registrarte y disfruta de un 10% de descuento instant\u00e1neo en cualquier compra que realices en la aplicaci\u00f3n.","robots":{"index":"index","follow":"follow","max-snippet":"max-snippet:-1","max-image-preview":"max-image-preview:large","max-video-preview":"max-video-preview:-1"},"canonical":"https:\/\/hand2noteguide.com\/poker\/poker-gto\/gto-wizard-review\/gto-wizard-discount\/","og_locale":"es_ES","og_type":"article","og_title":"Descuento GTO Wizard - 10% de descuento en cualquier suscripci\u00f3n + Bonificaci\u00f3n","og_description":"Obt\u00e9n la aplicaci\u00f3n de p\u00f3ker GTO n\u00famero 1 con descuento y bonificaci\u00f3n. Usa nuestro enlace para registrarte y disfruta de un 10% de descuento instant\u00e1neo en cualquier compra que realices en la aplicaci\u00f3n.","og_url":"https:\/\/hand2noteguide.com\/poker\/poker-gto\/gto-wizard-review\/gto-wizard-discount\/","og_site_name":"Hand2Note Guide","article_modified_time":"2026-02-21T13:09:45+00:00","og_image":[{"url":"https:\/\/hand2noteguide.com\/wp-content\/uploads\/2024\/03\/gto-wizard-discount-1-min-1024x556.webp","type":"","width":"","height":""}],"twitter_card":"summary_large_image","twitter_misc":{"Est. reading time":"5 minutes"},"schema":{"@context":"https:\/\/schema.org","@graph":[]}},"jetpack_sharing_enabled":true,"_links":{"self":[{"href":"https:\/\/hand2noteguide.com\/es\/wp-json\/wp\/v2\/pages\/6096","targetHints":{"allow":["GET"]}}],"collection":[{"href":"https:\/\/hand2noteguide.com\/es\/wp-json\/wp\/v2\/pages"}],"about":[{"href":"https:\/\/hand2noteguide.com\/es\/wp-json\/wp\/v2\/types\/page"}],"author":[{"embeddable":true,"href":"https:\/\/hand2noteguide.com\/es\/wp-json\/wp\/v2\/users\/1"}],"replies":[{"embeddable":true,"href":"https:\/\/hand2noteguide.com\/es\/wp-json\/wp\/v2\/comments?post=6096"}],"version-history":[{"count":128,"href":"https:\/\/hand2noteguide.com\/es\/wp-json\/wp\/v2\/pages\/6096\/revisions"}],"predecessor-version":[{"id":15222,"href":"https:\/\/hand2noteguide.com\/es\/wp-json\/wp\/v2\/pages\/6096\/revisions\/15222"}],"up":[{"embeddable":true,"href":"https:\/\/hand2noteguide.com\/es\/wp-json\/wp\/v2\/pages\/6182"}],"wp:attachment":[{"href":"https:\/\/hand2noteguide.com\/es\/wp-json\/wp\/v2\/media?parent=6096"}],"curies":[{"name":"wp","href":"https:\/\/api.w.org\/{rel}","templated":true}]}}