{"id":6182,"date":"2024-03-16T13:26:25","date_gmt":"2024-03-16T10:26:25","guid":{"rendered":"https:\/\/hand2noteguide.com\/?page_id=6182"},"modified":"2026-02-23T12:09:58","modified_gmt":"2026-02-23T09:09:58","slug":"gto-wizard-review","status":"publish","type":"page","link":"https:\/\/hand2noteguide.com\/es\/poker\/poker-gto\/gto-wizard-review\/","title":{"rendered":"Rese\u00f1a de GTO Wizard"},"content":{"rendered":"\n<p>En este art\u00edculo, revisaremos las caracter\u00edsticas principales de GTO Wizard, el software GTO definitivo para jugadores de p\u00f3ker. No importa en qu\u00e9 nivel te encuentres ahora, desde micro a high stakes. En el p\u00f3ker online moderno, al menos debes tener un entendimiento b\u00e1sico de GTO. Pero Wizard te ofrece mucho m\u00e1s que un entendimiento b\u00e1sico. Te permite estudiar GTO muy profundamente pero al mismo tiempo de manera r\u00e1pida y eficiente. Vamos a echarle un vistazo.<\/p>\n\n\n\n<h2 class=\"wp-block-heading\">\u00bfQu\u00e9 es GTO Wizard?<\/h2>\n\n\n\n<p>En resumen, GTO Wizard es una aplicaci\u00f3n de p\u00f3ker basada en la web para estudiar <a href=\"https:\/\/hand2noteguide.com\/es\/poker\/poker-gto\/\">GTO<\/a>.<\/p>\n\n\n\n<figure class=\"wp-block-image size-large\"><a href=\"https:\/\/gtowizard.com\/p\/nickkorolev\" target=\"_blank\" rel=\"noopener\"><img loading=\"lazy\" decoding=\"async\" width=\"1024\" height=\"660\" src=\"https:\/\/hand2noteguide.com\/wp-content\/uploads\/2024\/03\/1-gto-wizard-main-min-1024x660.webp\" alt=\"GTO Wizard review\" class=\"wp-image-6208\" srcset=\"https:\/\/hand2noteguide.com\/wp-content\/uploads\/2024\/03\/1-gto-wizard-main-min-1024x660.webp 1024w, https:\/\/hand2noteguide.com\/wp-content\/uploads\/2024\/03\/1-gto-wizard-main-min-300x193.webp 300w, https:\/\/hand2noteguide.com\/wp-content\/uploads\/2024\/03\/1-gto-wizard-main-min-768x495.webp 768w, https:\/\/hand2noteguide.com\/wp-content\/uploads\/2024\/03\/1-gto-wizard-main-min-1536x989.webp 1536w, https:\/\/hand2noteguide.com\/wp-content\/uploads\/2024\/03\/1-gto-wizard-main-min-2048x1319.webp 2048w, https:\/\/hand2noteguide.com\/wp-content\/uploads\/2024\/03\/1-gto-wizard-main-min-772x497.webp 772w, https:\/\/hand2noteguide.com\/wp-content\/uploads\/2024\/03\/1-gto-wizard-main-min-624x402.webp 624w\" sizes=\"auto, (max-width: 1024px) 100vw, 1024px\" \/><\/a><\/figure>\n\n\n\n<p>En primer lugar, tiene una biblioteca con m\u00e1s de 10 millones de situaciones pre-resueltas para preflop y postflop. Se admiten todos los formatos de juegos de Cash, heads-up SNGs, MTTs y Spins. La segunda caracter\u00edstica principal del software es la capacidad de practicar la estrategia GTO. Y la tercera es el An\u00e1lisis, es decir, cargar tus historiales de manos y explorar los informes sobre c\u00f3mo jugaste desde la perspectiva GTO. Veremos cada una de estas funciones con m\u00e1s detalle m\u00e1s adelante en este art\u00edculo.<\/p>\n\n\n\n<h2 class=\"wp-block-heading\">Creaci\u00f3n de una cuenta e inicio de sesi\u00f3n<\/h2>\n\n\n\n<p>Puedes acceder a la aplicaci\u00f3n en un par de clics. Usa tu cuenta de Google, Facebook o Apple.<\/p>\n\n\n\n<div class=\"green-block\" style=\"margin:16px 0 24px 0\">\n<p style=\"margin-bottom:0\">Aseg\u00farate de abrir el sitio web de GTO Wizard con el enlace <a href=\"https:\/\/gtowizard.com\/p\/nickkorolev\" target=\"_blank\" rel=\"sponsored noopener\">https:\/\/gtowizard.com\/p\/nickkorolev<\/a> antes de crear una cuenta.<br>De esta manera obtendr\u00e1s un <b>10% de descuento en la compra de tu suscripci\u00f3n<\/b> y una licencia Freebetrange PRO gratis.<br><a href=\"\/es\/poker\/poker-gto\/gto-wizard-review\/gto-wizard-discount\/\">M\u00e1s sobre esta oferta \u2192<\/a><\/p>\n<\/div>\n\n\n\n<figure class=\"wp-block-image size-large is-resized\"><a href=\"https:\/\/hand2noteguide.com\/?attachment_id=6209\" target=\"_blank\" rel=\"noreferrer noopener\"><img loading=\"lazy\" decoding=\"async\" src=\"https:\/\/hand2noteguide.com\/wp-content\/uploads\/2024\/03\/2-gto-wizard-login-min-1024x685.webp\" alt=\"GTO Wizard sign in\" class=\"wp-image-6209\" width=\"840\" height=\"561\" srcset=\"https:\/\/hand2noteguide.com\/wp-content\/uploads\/2024\/03\/2-gto-wizard-login-min-1024x685.webp 1024w, https:\/\/hand2noteguide.com\/wp-content\/uploads\/2024\/03\/2-gto-wizard-login-min-300x201.webp 300w, https:\/\/hand2noteguide.com\/wp-content\/uploads\/2024\/03\/2-gto-wizard-login-min-768x514.webp 768w, https:\/\/hand2noteguide.com\/wp-content\/uploads\/2024\/03\/2-gto-wizard-login-min-1536x1028.webp 1536w, https:\/\/hand2noteguide.com\/wp-content\/uploads\/2024\/03\/2-gto-wizard-login-min-772x517.webp 772w, https:\/\/hand2noteguide.com\/wp-content\/uploads\/2024\/03\/2-gto-wizard-login-min-624x418.webp 624w, https:\/\/hand2noteguide.com\/wp-content\/uploads\/2024\/03\/2-gto-wizard-login-min.webp 2031w\" sizes=\"auto, (max-width: 840px) 100vw, 840px\" \/><\/a><figcaption class=\"wp-element-caption\">Inicio de sesi\u00f3n en GTO Wizard<\/figcaption><\/figure>\n\n\n\n<p>Tan pronto como ingreses a la aplicaci\u00f3n, ver\u00e1s un panel con todas las funciones principales, estad\u00edsticas del entrenador y analizador, y un bloque de noticias con los \u00faltimos art\u00edculos y videos.<\/p>\n\n\n\n<figure class=\"wp-block-image size-large\"><a href=\"https:\/\/hand2noteguide.com\/?attachment_id=6210\" target=\"_blank\" rel=\"noreferrer noopener\"><img loading=\"lazy\" decoding=\"async\" width=\"1024\" height=\"664\" src=\"https:\/\/hand2noteguide.com\/wp-content\/uploads\/2024\/03\/3-gto-wizard-main-min-1024x664.webp\" alt=\"GTO Wizard user dashboard\" class=\"wp-image-6210\" srcset=\"https:\/\/hand2noteguide.com\/wp-content\/uploads\/2024\/03\/3-gto-wizard-main-min-1024x664.webp 1024w, https:\/\/hand2noteguide.com\/wp-content\/uploads\/2024\/03\/3-gto-wizard-main-min-300x194.webp 300w, https:\/\/hand2noteguide.com\/wp-content\/uploads\/2024\/03\/3-gto-wizard-main-min-768x498.webp 768w, https:\/\/hand2noteguide.com\/wp-content\/uploads\/2024\/03\/3-gto-wizard-main-min-1536x996.webp 1536w, https:\/\/hand2noteguide.com\/wp-content\/uploads\/2024\/03\/3-gto-wizard-main-min-2048x1327.webp 2048w, https:\/\/hand2noteguide.com\/wp-content\/uploads\/2024\/03\/3-gto-wizard-main-min-772x500.webp 772w, https:\/\/hand2noteguide.com\/wp-content\/uploads\/2024\/03\/3-gto-wizard-main-min-624x404.webp 624w\" sizes=\"auto, (max-width: 1024px) 100vw, 1024px\" \/><\/a><figcaption class=\"wp-element-caption\">Panel de usuario de GTO Wizard<\/figcaption><\/figure>\n\n\n\n<p>Comencemos con una de las funciones principales: la biblioteca de soluciones pre-calculadas. Para ir all\u00ed, selecciona &#8220;Study&#8221; en el Panel.<\/p>\n\n\n\n<h2 class=\"wp-block-heading\">Biblioteca de soluciones pre-resueltas<\/h2>\n\n\n\n<p>En esta p\u00e1gina, puedes configurar los par\u00e1metros del juego (1) y luego navegar f\u00e1cilmente a trav\u00e9s de los rangos (2).<\/p>\n\n\n\n<figure class=\"wp-block-image size-large\"><img loading=\"lazy\" decoding=\"async\" width=\"1024\" height=\"586\" src=\"https:\/\/hand2noteguide.com\/wp-content\/uploads\/2024\/03\/4-gto-wizard-library-1-2-min-1024x586.webp\" alt=\"GTO Wizard review the solution\" class=\"wp-image-6268\" srcset=\"https:\/\/hand2noteguide.com\/wp-content\/uploads\/2024\/03\/4-gto-wizard-library-1-2-min-1024x586.webp 1024w, https:\/\/hand2noteguide.com\/wp-content\/uploads\/2024\/03\/4-gto-wizard-library-1-2-min-300x172.webp 300w, https:\/\/hand2noteguide.com\/wp-content\/uploads\/2024\/03\/4-gto-wizard-library-1-2-min-768x440.webp 768w, https:\/\/hand2noteguide.com\/wp-content\/uploads\/2024\/03\/4-gto-wizard-library-1-2-min-1536x880.webp 1536w, https:\/\/hand2noteguide.com\/wp-content\/uploads\/2024\/03\/4-gto-wizard-library-1-2-min-2048x1173.webp 2048w, https:\/\/hand2noteguide.com\/wp-content\/uploads\/2024\/03\/4-gto-wizard-library-1-2-min-772x442.webp 772w, https:\/\/hand2noteguide.com\/wp-content\/uploads\/2024\/03\/4-gto-wizard-library-1-2-min-624x357.webp 624w\" sizes=\"auto, (max-width: 1024px) 100vw, 1024px\" \/><figcaption class=\"wp-element-caption\">Rangos GTO<\/figcaption><\/figure>\n\n\n\n<p>En la simulaci\u00f3n, se asume que todos los jugadores se adhieren a la estrategia GTO. Puedes establecer cualquier secuencia de <a href=\"https:\/\/hand2noteguide.com\/es\/poker\/poker-actions\/\">acciones<\/a> y luego ver exactamente c\u00f3mo deber\u00eda reaccionar un jugador determinado en esta situaci\u00f3n de juego particular. Selecciona cualquier mano en una matriz de rangos y ver\u00e1s la equidad (EV) de cada acci\u00f3n.<\/p>\n\n\n\n<p>Puedes personalizar el formato del juego de manera muy flexible. Tienes a tu disposici\u00f3n muchos par\u00e1metros: juegos cl\u00e1sicos, ante, straddle; mesas HU, short-handed y full-ring; tama\u00f1os de stack y apuestas; estructura de rake, y m\u00e1s.<\/p>\n\n\n\n<figure class=\"wp-block-image size-large\"><img loading=\"lazy\" decoding=\"async\" width=\"1024\" height=\"697\" src=\"https:\/\/hand2noteguide.com\/wp-content\/uploads\/2024\/03\/5-gto-wizard-game-types-min-1024x697.webp\" alt=\"GTO Wizard game format settings\" class=\"wp-image-6277\" srcset=\"https:\/\/hand2noteguide.com\/wp-content\/uploads\/2024\/03\/5-gto-wizard-game-types-min-1024x697.webp 1024w, https:\/\/hand2noteguide.com\/wp-content\/uploads\/2024\/03\/5-gto-wizard-game-types-min-300x204.webp 300w, https:\/\/hand2noteguide.com\/wp-content\/uploads\/2024\/03\/5-gto-wizard-game-types-min-768x523.webp 768w, https:\/\/hand2noteguide.com\/wp-content\/uploads\/2024\/03\/5-gto-wizard-game-types-min-1536x1046.webp 1536w, https:\/\/hand2noteguide.com\/wp-content\/uploads\/2024\/03\/5-gto-wizard-game-types-min-772x526.webp 772w, https:\/\/hand2noteguide.com\/wp-content\/uploads\/2024\/03\/5-gto-wizard-game-types-min-624x425.webp 624w, https:\/\/hand2noteguide.com\/wp-content\/uploads\/2024\/03\/5-gto-wizard-game-types-min.webp 1893w\" sizes=\"auto, (max-width: 1024px) 100vw, 1024px\" \/><figcaption class=\"wp-element-caption\">Biblioteca de Soluciones GTO<\/figcaption><\/figure>\n\n\n\n<p>As\u00ed que en la secci\u00f3n &#8220;Study&#8221; puedes ver y estudiar rangos GTO. Ahora pasaremos a la secci\u00f3n &#8220;Practice&#8221;, en la que puedes desafiarte a ti mismo sobre cu\u00e1n precisamente puedes seguir los rangos GTO en el juego.<\/p>\n\n\n\n<h2 class=\"wp-block-heading\">Entrenador GTO<\/h2>\n\n\n\n<p>En la secci\u00f3n &#8220;Practice&#8221; puedes entrenar los rangos GTO y tambi\u00e9n revisar las estad\u00edsticas detalladas de tus entrenamientos.<\/p>\n\n\n\n<figure class=\"wp-block-image size-large\"><img loading=\"lazy\" decoding=\"async\" width=\"1024\" height=\"616\" src=\"https:\/\/hand2noteguide.com\/wp-content\/uploads\/2024\/03\/6-gto-wizard-practice-min-1024x616.webp\" alt=\"GTO Wizard practice section\" class=\"wp-image-6306\" srcset=\"https:\/\/hand2noteguide.com\/wp-content\/uploads\/2024\/03\/6-gto-wizard-practice-min-1024x616.webp 1024w, https:\/\/hand2noteguide.com\/wp-content\/uploads\/2024\/03\/6-gto-wizard-practice-min-300x181.webp 300w, https:\/\/hand2noteguide.com\/wp-content\/uploads\/2024\/03\/6-gto-wizard-practice-min-768x462.webp 768w, https:\/\/hand2noteguide.com\/wp-content\/uploads\/2024\/03\/6-gto-wizard-practice-min-1536x925.webp 1536w, https:\/\/hand2noteguide.com\/wp-content\/uploads\/2024\/03\/6-gto-wizard-practice-min-2048x1233.webp 2048w, https:\/\/hand2noteguide.com\/wp-content\/uploads\/2024\/03\/6-gto-wizard-practice-min-772x465.webp 772w, https:\/\/hand2noteguide.com\/wp-content\/uploads\/2024\/03\/6-gto-wizard-practice-min-624x376.webp 624w\" sizes=\"auto, (max-width: 1024px) 100vw, 1024px\" \/><figcaption class=\"wp-element-caption\">Entrenador GTO<\/figcaption><\/figure>\n\n\n\n<p>La funci\u00f3n m\u00e1s popular aqu\u00ed es &#8220;Trainer&#8221;, que simula un juego real contra oponentes GTO. Cada acci\u00f3n que tomes en el &#8220;juego&#8221; ser\u00e1 clasificada: Mejor movimiento, Movimiento correcto, Inexactitud, Movimiento incorrecto o Error. Al igual que en la secci\u00f3n Study, Trainer es altamente personalizable: puedes configurar los spots que deseas entrenar, la dificultad, el n\u00famero de mesas, y m\u00e1s.<\/p>\n\n\n\n<figure class=\"wp-block-image size-large\"><img loading=\"lazy\" decoding=\"async\" width=\"1024\" height=\"742\" src=\"https:\/\/hand2noteguide.com\/wp-content\/uploads\/2024\/03\/7-gto-wizard-trainer-min-1024x742.webp\" alt=\"Poker GTO Trainer\" class=\"wp-image-6307\" srcset=\"https:\/\/hand2noteguide.com\/wp-content\/uploads\/2024\/03\/7-gto-wizard-trainer-min-1024x742.webp 1024w, https:\/\/hand2noteguide.com\/wp-content\/uploads\/2024\/03\/7-gto-wizard-trainer-min-300x218.webp 300w, https:\/\/hand2noteguide.com\/wp-content\/uploads\/2024\/03\/7-gto-wizard-trainer-min-768x557.webp 768w, https:\/\/hand2noteguide.com\/wp-content\/uploads\/2024\/03\/7-gto-wizard-trainer-min-1536x1114.webp 1536w, https:\/\/hand2noteguide.com\/wp-content\/uploads\/2024\/03\/7-gto-wizard-trainer-min-2048x1485.webp 2048w, https:\/\/hand2noteguide.com\/wp-content\/uploads\/2024\/03\/7-gto-wizard-trainer-min-772x560.webp 772w, https:\/\/hand2noteguide.com\/wp-content\/uploads\/2024\/03\/7-gto-wizard-trainer-min-624x452.webp 624w\" sizes=\"auto, (max-width: 1024px) 100vw, 1024px\" \/><figcaption class=\"wp-element-caption\">Entrenador GTO en acci\u00f3n<\/figcaption><\/figure>\n\n\n\n<p>A continuaci\u00f3n, vamos a la secci\u00f3n &#8220;Analyze&#8221; donde puedes realizar el an\u00e1lisis de las manos reales que jugaste.<\/p>\n\n\n\n<h2 class=\"wp-block-heading\">Analizador de historiales de manos<\/h2>\n\n\n\n<p>Puedes subir un solo archivo o una carpeta con un mont\u00f3n de historiales de manos. GTO Wizard analizar\u00e1 todas las decisiones que tomaste en estas manos. Despu\u00e9s de que la carga y los c\u00e1lculos est\u00e9n completos (son s\u00faper r\u00e1pidos y solo dependen de la velocidad de tu internet), ver\u00e1s una lista de tus manos evaluadas desde la perspectiva GTO.<\/p>\n\n\n\n<figure class=\"wp-block-image size-large\"><img loading=\"lazy\" decoding=\"async\" width=\"1024\" height=\"701\" src=\"https:\/\/hand2noteguide.com\/wp-content\/uploads\/2024\/03\/9-gto-wizard-analyzed-hands-min-1024x701.webp\" alt=\"GTO hand history analyzer\" class=\"wp-image-6312\" srcset=\"https:\/\/hand2noteguide.com\/wp-content\/uploads\/2024\/03\/9-gto-wizard-analyzed-hands-min-1024x701.webp 1024w, https:\/\/hand2noteguide.com\/wp-content\/uploads\/2024\/03\/9-gto-wizard-analyzed-hands-min-300x205.webp 300w, https:\/\/hand2noteguide.com\/wp-content\/uploads\/2024\/03\/9-gto-wizard-analyzed-hands-min-768x526.webp 768w, https:\/\/hand2noteguide.com\/wp-content\/uploads\/2024\/03\/9-gto-wizard-analyzed-hands-min-1536x1051.webp 1536w, https:\/\/hand2noteguide.com\/wp-content\/uploads\/2024\/03\/9-gto-wizard-analyzed-hands-min-2048x1402.webp 2048w, https:\/\/hand2noteguide.com\/wp-content\/uploads\/2024\/03\/9-gto-wizard-analyzed-hands-min-772x528.webp 772w, https:\/\/hand2noteguide.com\/wp-content\/uploads\/2024\/03\/9-gto-wizard-analyzed-hands-min-624x427.webp 624w\" sizes=\"auto, (max-width: 1024px) 100vw, 1024px\" \/><\/figure>\n\n\n\n<p>Ahora puedes trabajar con estos datos para encontrar las fugas en tu juego.<\/p>\n\n\n\n<h2 class=\"wp-block-heading\">Personalizaci\u00f3n<\/h2>\n\n\n\n<p>Puedes personalizar completamente la apariencia y las teclas de acceso r\u00e1pido en la aplicaci\u00f3n. Har\u00e1 que tu proceso de aprendizaje sea lo m\u00e1s conveniente posible.<\/p>\n\n\n\n<figure class=\"wp-block-image size-large\"><img loading=\"lazy\" decoding=\"async\" width=\"1024\" height=\"653\" src=\"https:\/\/hand2noteguide.com\/wp-content\/uploads\/2024\/03\/10-gto-wizard-settings-min-1024x653.webp\" alt=\"GTO Wizard app customization\" class=\"wp-image-6313\" srcset=\"https:\/\/hand2noteguide.com\/wp-content\/uploads\/2024\/03\/10-gto-wizard-settings-min-1024x653.webp 1024w, https:\/\/hand2noteguide.com\/wp-content\/uploads\/2024\/03\/10-gto-wizard-settings-min-300x191.webp 300w, https:\/\/hand2noteguide.com\/wp-content\/uploads\/2024\/03\/10-gto-wizard-settings-min-768x490.webp 768w, https:\/\/hand2noteguide.com\/wp-content\/uploads\/2024\/03\/10-gto-wizard-settings-min-1536x979.webp 1536w, https:\/\/hand2noteguide.com\/wp-content\/uploads\/2024\/03\/10-gto-wizard-settings-min-2048x1305.webp 2048w, https:\/\/hand2noteguide.com\/wp-content\/uploads\/2024\/03\/10-gto-wizard-settings-min-772x492.webp 772w, https:\/\/hand2noteguide.com\/wp-content\/uploads\/2024\/03\/10-gto-wizard-settings-min-624x398.webp 624w\" sizes=\"auto, (max-width: 1024px) 100vw, 1024px\" \/><\/figure>\n\n\n\n<h2 class=\"wp-block-heading\">Precios<\/h2>\n\n\n\n<p>GTO Wizard tiene una <strong>versi\u00f3n gratuita<\/strong>, que es muy limitada en funcionalidad:<\/p>\n\n\n\n<ul class=\"wp-block-list\">\n<li>Solo puedes estudiar 1 spot de postflop por d\u00eda.<\/li>\n\n\n\n<li>Solo puedes practicar 10 manos por d\u00eda en Trainer.<\/li>\n\n\n\n<li>Solo puedes analizar 5 manos por mes.<\/li>\n<\/ul>\n\n\n\n<p>Los niveles <strong>Premium<\/strong> te abren toda la capacidad de la aplicaci\u00f3n. El precio depende del tipo de juego, comenzando <strong>desde $39 por mes<\/strong>. Una descripci\u00f3n m\u00e1s detallada y el costo de todos los niveles est\u00e1n disponibles en nuestro art\u00edculo <a href=\"https:\/\/hand2noteguide.com\/es\/poker\/poker-gto\/gto-wizard-review\/gto-wizard-price\/\">Precios de GTO Wizard<\/a>.<\/p>\n\n\n\n<h2 class=\"wp-block-heading\">Conclusi\u00f3n<\/h2>\n\n\n\n<p>GTO Wizard es una de <a href=\"https:\/\/hand2noteguide.com\/es\/poker\/5-best-online-poker-software\/\">las mejores herramientas de p\u00f3ker<\/a> para explorar la teor\u00eda de juegos. Hicimos un breve recorrido por el software y revisamos las secciones principales de la aplicaci\u00f3n. Este conocimiento ya es suficiente para comenzar a incluir esta herramienta en tu plan de entrenamiento de p\u00f3ker. Sin embargo, ten en cuenta que GTO Wizard es una herramienta muy profunda con una gran cantidad de caracter\u00edsticas de aprendizaje que descubrir\u00e1s por ti mismo a medida que la uses.<\/p>\n\n\n<div class=\"wp-block-h2n-cta-button\" style=\"text-align: left;\"><a href=\"https:\/\/hand2noteguide.com\/es\/go\/gtowizard\/\" class=\"btn btn-primary\" target=\"_blank\" rel=\"noopener noreferrer nofollow sponsored\">Ir al sitio web de GTO Wizard \u2192<\/a><\/div>\n\n\n<h2 class=\"wp-block-heading\">Principales actualizaciones de GTO Wizard en 2026<\/h2>\n\n\n\n<p>GTO Wizard ha evolucionado de una simple biblioteca de soluciones a un motor de IA de alta velocidad. Estas son las actualizaciones m\u00e1s importantes que realmente impactan tu proceso de estudio:<\/p>\n\n\n\n<p><strong>1. GTO Wizard AI: Resoluci\u00f3n Multiway en Tiempo Real<\/strong> Los d\u00edas de depender de rangos &#8220;est\u00e1ticos&#8221; pre-resueltos han terminado. GTO Wizard AI ahora calcula escenarios <strong>Multiway preflop (hasta 9 jugadores)<\/strong> y <strong>Postflop (botes de 3 jugadores)<\/strong> en segundos, directamente en tu navegador. Puedes establecer cualquier profundidad de stack personalizada, estructura de ante o tama\u00f1o de apuesta, y el software calcula la soluci\u00f3n al instante.<\/p>\n\n\n\n<p><strong>2. Node Locking 2.0 &amp; Perfiles Explotativos<\/strong> El GTO puro es la base, pero el dinero est\u00e1 en las explotaciones. GTO Wizard ahora te permite &#8220;bloquear&#8221; errores espec\u00edficos del oponente \u2014 como fold excesivo contra faroles o defensa insuficiente del Big Blind. La IA te mostrar\u00e1 instant\u00e1neamente la mejor contra-estrategia para maximizar tu EV.<\/p>\n\n\n\n<p><strong>3. Integridad del Juego &amp; Verificaci\u00f3n de Fair Play<\/strong> A medida que la industria del p\u00f3ker combate el RTA (Asistencia en Tiempo Real), GTO Wizard se ha convertido en un socio oficial de integridad para redes importantes como GGPoker.<\/p>\n\n\n\n<p><strong>Bonus:<\/strong> La actualizaci\u00f3n de 2026 incluye una <strong>Aplicaci\u00f3n M\u00f3vil Nativa<\/strong> con un Entrenador renovado que funciona significativamente m\u00e1s r\u00e1pido que las versiones web anteriores, y el <strong>Ultra Tier<\/strong>, que ofrece soluciones multiway de IA ilimitadas para profesionales de high stakes.<\/p>\n\n\n\n<h2 class=\"wp-block-heading\">Preguntas Frecuentes (FAQ)<\/h2>\n\n\n\n<h3 class=\"wp-block-heading\">\u00bfCu\u00e1l es la diferencia entre GTO Wizard y un solver de p\u00f3ker promedio?<\/h3>\n\n\n\n<ol class=\"wp-block-list\">\n<li>GTO Wizard funciona en tu navegador web, por lo que no necesitas instalar nada en tu PC.<\/li>\n\n\n\n<li>Tiene una biblioteca de soluciones pre-resueltas para casi cualquier spot. As\u00ed que no tienes que pasar tiempo ejecutando simulaciones t\u00fa mismo.<\/li>\n\n\n\n<li>Te proporciona informes detallados y muchas otras herramientas que los solvers promedio no tienen.<\/li>\n<\/ol>\n\n\n\n<p>Si deseas explorar todas las funciones de GTO Wizard con m\u00e1s detalle, te recomendamos consultar la <a href=\"https:\/\/help.gtowizard.com\/\" target=\"_blank\" rel=\"noreferrer noopener\">gu\u00eda oficial de GTO Wizard<\/a>.<\/p>\n","protected":false},"excerpt":{"rendered":"<p>En este art\u00edculo, revisaremos las caracter\u00edsticas principales de GTO Wizard, el software GTO definitivo para jugadores de p\u00f3ker. No importa en qu\u00e9 nivel te encuentres ahora, desde micro a high stakes. En el p\u00f3ker online moderno, al menos debes tener un entendimiento b\u00e1sico de GTO. Pero Wizard te ofrece mucho m\u00e1s que un entendimiento b\u00e1sico. &hellip; <a href=\"https:\/\/hand2noteguide.com\/es\/poker\/poker-gto\/gto-wizard-review\/\" class=\"more-link\">Continue reading <span class=\"screen-reader-text\">Rese\u00f1a de GTO Wizard<\/span><\/a><\/p>\n","protected":false},"author":1,"featured_media":0,"parent":8071,"menu_order":0,"comment_status":"closed","ping_status":"closed","template":"","meta":{"footnotes":""},"class_list":["post-6182","page","type-page","status-publish","hentry"],"translation":{"provider":"WPGlobus","version":"3.0.2","language":"es","enabled_languages":["en","ru","pt","zh","es","fr","de","it","ja"],"languages":{"en":{"title":true,"content":true,"excerpt":false},"ru":{"title":true,"content":true,"excerpt":false},"pt":{"title":true,"content":true,"excerpt":false},"zh":{"title":true,"content":true,"excerpt":false},"es":{"title":true,"content":true,"excerpt":false},"fr":{"title":true,"content":true,"excerpt":false},"de":{"title":true,"content":true,"excerpt":false},"it":{"title":true,"content":true,"excerpt":false},"ja":{"title":true,"content":true,"excerpt":false}}},"yoast_head":"<!-- This site is optimized with the Yoast SEO plugin v27.0 - https:\/\/yoast.com\/product\/yoast-seo-wordpress\/ -->\n<title>Rese\u00f1a de GTO Wizard - Caracter\u00edsticas Principales y Beneficios 2025<\/title>\n<meta name=\"description\" content=\"Nuestra rese\u00f1a definitiva de GTO Wizard cubre las secciones de Estudio, Pr\u00e1ctica y An\u00e1lisis de la aplicaci\u00f3n. Crea una cuenta con nosotros y obt\u00e9n un 10% de descuento.\" \/>\n<meta name=\"robots\" content=\"index, follow, max-snippet:-1, max-image-preview:large, max-video-preview:-1\" \/>\n<link rel=\"canonical\" href=\"https:\/\/hand2noteguide.com\/poker\/poker-gto\/gto-wizard-review\/\" \/>\n<meta property=\"og:locale\" content=\"es_ES\" \/>\n<meta property=\"og:type\" content=\"article\" \/>\n<meta property=\"og:title\" content=\"Rese\u00f1a de GTO Wizard - Caracter\u00edsticas Principales y Beneficios 2025\" \/>\n<meta property=\"og:description\" content=\"Nuestra rese\u00f1a definitiva de GTO Wizard cubre las secciones de Estudio, Pr\u00e1ctica y An\u00e1lisis de la aplicaci\u00f3n. Crea una cuenta con nosotros y obt\u00e9n un 10% de descuento.\" \/>\n<meta property=\"og:url\" content=\"https:\/\/hand2noteguide.com\/poker\/poker-gto\/gto-wizard-review\/\" \/>\n<meta property=\"og:site_name\" content=\"Hand2Note Guide\" \/>\n<meta property=\"article:modified_time\" content=\"2026-02-23T09:09:58+00:00\" \/>\n<meta property=\"og:image\" content=\"https:\/\/hand2noteguide.com\/wp-content\/uploads\/2024\/03\/1-gto-wizard-main-min.webp\" \/>\n\t<meta property=\"og:image:width\" content=\"2433\" \/>\n\t<meta property=\"og:image:height\" content=\"1567\" \/>\n\t<meta property=\"og:image:type\" content=\"image\/webp\" \/>\n<meta name=\"twitter:card\" content=\"summary_large_image\" \/>\n<meta name=\"twitter:label1\" content=\"Est. reading time\" \/>\n\t<meta name=\"twitter:data1\" content=\"8 minutes\" \/>\n<!-- \/ Yoast SEO plugin. -->","yoast_head_json":{"title":"Rese\u00f1a de GTO Wizard - Caracter\u00edsticas Principales y Beneficios 2025","description":"Nuestra rese\u00f1a definitiva de GTO Wizard cubre las secciones de Estudio, Pr\u00e1ctica y An\u00e1lisis de la aplicaci\u00f3n. Crea una cuenta con nosotros y obt\u00e9n un 10% de descuento.","robots":{"index":"index","follow":"follow","max-snippet":"max-snippet:-1","max-image-preview":"max-image-preview:large","max-video-preview":"max-video-preview:-1"},"canonical":"https:\/\/hand2noteguide.com\/poker\/poker-gto\/gto-wizard-review\/","og_locale":"es_ES","og_type":"article","og_title":"Rese\u00f1a de GTO Wizard - Caracter\u00edsticas Principales y Beneficios 2025","og_description":"Nuestra rese\u00f1a definitiva de GTO Wizard cubre las secciones de Estudio, Pr\u00e1ctica y An\u00e1lisis de la aplicaci\u00f3n. Crea una cuenta con nosotros y obt\u00e9n un 10% de descuento.","og_url":"https:\/\/hand2noteguide.com\/poker\/poker-gto\/gto-wizard-review\/","og_site_name":"Hand2Note Guide","article_modified_time":"2026-02-23T09:09:58+00:00","og_image":[{"width":2433,"height":1567,"url":"https:\/\/hand2noteguide.com\/wp-content\/uploads\/2024\/03\/1-gto-wizard-main-min.webp","type":"image\/webp"}],"twitter_card":"summary_large_image","twitter_misc":{"Est. reading time":"8 minutes"},"schema":{"@context":"https:\/\/schema.org","@graph":[]}},"jetpack_sharing_enabled":true,"_links":{"self":[{"href":"https:\/\/hand2noteguide.com\/es\/wp-json\/wp\/v2\/pages\/6182","targetHints":{"allow":["GET"]}}],"collection":[{"href":"https:\/\/hand2noteguide.com\/es\/wp-json\/wp\/v2\/pages"}],"about":[{"href":"https:\/\/hand2noteguide.com\/es\/wp-json\/wp\/v2\/types\/page"}],"author":[{"embeddable":true,"href":"https:\/\/hand2noteguide.com\/es\/wp-json\/wp\/v2\/users\/1"}],"replies":[{"embeddable":true,"href":"https:\/\/hand2noteguide.com\/es\/wp-json\/wp\/v2\/comments?post=6182"}],"version-history":[{"count":142,"href":"https:\/\/hand2noteguide.com\/es\/wp-json\/wp\/v2\/pages\/6182\/revisions"}],"predecessor-version":[{"id":15307,"href":"https:\/\/hand2noteguide.com\/es\/wp-json\/wp\/v2\/pages\/6182\/revisions\/15307"}],"up":[{"embeddable":true,"href":"https:\/\/hand2noteguide.com\/es\/wp-json\/wp\/v2\/pages\/8071"}],"wp:attachment":[{"href":"https:\/\/hand2noteguide.com\/es\/wp-json\/wp\/v2\/media?parent=6182"}],"curies":[{"name":"wp","href":"https:\/\/api.w.org\/{rel}","templated":true}]}}