{"id":65,"date":"2018-07-30T00:23:54","date_gmt":"2018-07-29T21:23:54","guid":{"rendered":"https:\/\/h2n312.wordpress.com\/?page_id=65"},"modified":"2025-06-04T19:23:42","modified_gmt":"2025-06-04T16:23:42","slug":"switch-from-hm2","status":"publish","type":"page","link":"https:\/\/hand2noteguide.com\/es\/switch-from-hm2\/","title":{"rendered":"Cambiando a Hand2Note desde otros rastreadores"},"content":{"rendered":"\n<p>En este art\u00edculo, desglosaremos los pasos b\u00e1sicos para cambiar a Hand2Note desde otro software de seguimiento de poker. Sigue nuestra gu\u00eda y tu transici\u00f3n ser\u00e1 suave y f\u00e1cil.<\/p>\n\n\n\n<h2 style=\"margin-top:10px\">\u00bfEs H2N muy diferente de otros rastreadores como HM o PT?<\/h2>\n\n\n\n<p>En su esencia, Hand2Note es similar a Holdem Manager, Poker Tracker, DriveHUD y otros. B\u00e1sicamente, cada software de seguimiento de poker te permite mostrar el <a href=\"https:\/\/hand2noteguide.com\/es\/poker\/poker-hud\/\">HUD<\/a>, es decir, estad\u00edsticas sobre tus oponentes en la mesa. Y tambi\u00e9n, estos programas suelen proporcionar herramientas para analizar el juego del Hero y de los oponentes fuera de las mesas.<\/p>\n\n\n\n<p>Sin embargo, <a href=\"https:\/\/hand2note.com\/es\/\" target=\"_blank\" aria-label=\"undefined (opens in a new tab)\" rel=\"noreferrer noopener\">Hand2Note<\/a> es un software mucho m\u00e1s r\u00e1pido, moderno y avanzado que cualquier otro rastreador. <a href=\"https:\/\/hand2noteguide.com\/es\/why-hand2note\/\">\u00bfPor qu\u00e9 deber\u00edas cambiar a Hand2Note ahora?<\/a><\/p>\n\n\n\n<figure class=\"wp-block-image size-large\"><img loading=\"lazy\" decoding=\"async\" width=\"979\" height=\"655\" src=\"https:\/\/hand2noteguide.com\/wp-content\/uploads\/2020\/07\/holdem-manager-hand2note.png\" alt=\"\" class=\"wp-image-3206\" srcset=\"https:\/\/hand2noteguide.com\/wp-content\/uploads\/2020\/07\/holdem-manager-hand2note.png 979w, https:\/\/hand2noteguide.com\/wp-content\/uploads\/2020\/07\/holdem-manager-hand2note-300x201.png 300w, https:\/\/hand2noteguide.com\/wp-content\/uploads\/2020\/07\/holdem-manager-hand2note-768x514.png 768w, https:\/\/hand2noteguide.com\/wp-content\/uploads\/2020\/07\/holdem-manager-hand2note-772x517.png 772w, https:\/\/hand2noteguide.com\/wp-content\/uploads\/2020\/07\/holdem-manager-hand2note-624x417.png 624w\" sizes=\"auto, (max-width: 979px) 100vw, 979px\" \/><figcaption class=\"wp-element-caption\">Hand2Note vs Holdem Manager<\/figcaption><\/figure>\n\n\n\n<h2 class=\"wp-block-heading\">Bien, \u00bfc\u00f3mo cambiar?<\/h2>\n\n\n\n<p>Si est\u00e1s jugando con Holdem Manager o cualquier otro rastreador, y quieres comenzar a usar Hand2Note, sigue estos pasos:<\/p>\n\n\n\n<ol class=\"wp-block-list\">\n<li><a rel=\"noreferrer noopener\" href=\"https:\/\/hand2note.com\/?aid=c0\" target=\"_blank\">Descarga<\/a> e instala Hand2Note. No te preocupes, puedes <a href=\"https:\/\/hand2noteguide.com\/es\/hand2note-for-free\/\">usar Hand2Note gratis<\/a>!<\/li>\n\n\n\n<li><a href=\"https:\/\/hand2noteguide.com\/es\/switch-from-hm2\/import-database-from-hm2\/\">Importa tu base de datos<\/a>. Al finalizar la importaci\u00f3n, deber\u00eda aparecer una lista de jugadores en la ventana principal. Tambi\u00e9n puedes omitir ese paso.<\/li>\n\n\n\n<li>Realiza <a href=\"https:\/\/hand2noteguide.com\/es\/basic-setup\/\">la configuraci\u00f3n b\u00e1sica<\/a> de Hand2Note y de tu sala de poker.<\/li>\n\n\n\n<li><strong>\u00a1Comienza a jugar!<\/strong><\/li>\n<\/ol>\n\n\n\n<p>Por defecto, un HUD simple con los datos m\u00e1s b\u00e1sicos se mostrar\u00e1 en cada oponente en la mesa. Echa un vistazo al manual de selecci\u00f3n de HUD de Hand2Note para obtener un HUD m\u00e1s avanzado. \u00a1Tambi\u00e9n puedes seguir usando el mismo HUD del rastreador anterior!<\/p>\n\n\n\n<h2 class=\"wp-block-heading\">Quiero aprender m\u00e1s sobre Hand2Note<\/h2>\n\n\n\n<p>Puedes comenzar con el <a href=\"https:\/\/hand2noteguide.com\/es\/guide\/\">manual general<\/a> que contiene una descripci\u00f3n b\u00e1sica de todas las funciones. Para un estudio m\u00e1s r\u00e1pido, fluido y eficiente de un nuevo software, puedes tomar un <a aria-label=\"undefined (\u043e\u0442\u043a\u0440\u043e\u0435\u0442\u0441\u044f \u0432 \u043d\u043e\u0432\u043e\u0439 \u0432\u043a\u043b\u0430\u0434\u043a\u0435)\" href=\"https:\/\/nickjames.teachable.com\/courses\/hand2note-professional-usage\/lectures\/14423550?utm_source=hand2noteguide.com&amp;utm_medium=referral&amp;utm_campaign=hand2noteguide.com\" target=\"_blank\" rel=\"noreferrer noopener\">curso en video sobre el uso profesional de Hand2Note<\/a>.<\/p>\n\n\n\n<p>Tambi\u00e9n puedes realizar un <a href=\"https:\/\/hand2noteguide.com\/es\/training\/\">entrenamiento personal<\/a> para adaptarte al nuevo software lo m\u00e1s r\u00e1pido posible.<\/p>\n\n\n\n<p>Si encuentras alg\u00fan problema al usar Hand2Note, intenta&nbsp;<a href=\"https:\/\/hand2noteguide.com\/es\/issues-resolving\/\">encontrar una soluci\u00f3n<\/a> en la secci\u00f3n correspondiente o contacta con el <a href=\"https:\/\/hand2noteguide.com\/es\/hand2note-official-support\/\">servicio de atenci\u00f3n al cliente<\/a>.<\/p>\n","protected":false},"excerpt":{"rendered":"<p>A step-by-step guide to the transition from using Holdem Manager 2 to Hand2Note<\/p>\n","protected":false},"author":1,"featured_media":0,"parent":0,"menu_order":4,"comment_status":"closed","ping_status":"closed","template":"page-templates\/full-width-page.php","meta":{"footnotes":""},"class_list":["post-65","page","type-page","status-publish","hentry"],"translation":{"provider":"WPGlobus","version":"3.0.2","language":"es","enabled_languages":["en","ru","pt","zh","es","fr","de","it","ja"],"languages":{"en":{"title":true,"content":true,"excerpt":true},"ru":{"title":true,"content":true,"excerpt":true},"pt":{"title":true,"content":true,"excerpt":false},"zh":{"title":true,"content":true,"excerpt":true},"es":{"title":true,"content":true,"excerpt":false},"fr":{"title":true,"content":true,"excerpt":false},"de":{"title":true,"content":true,"excerpt":false},"it":{"title":true,"content":true,"excerpt":false},"ja":{"title":true,"content":true,"excerpt":false}}},"yoast_head":"<!-- This site is optimized with the Yoast SEO plugin v27.0 - https:\/\/yoast.com\/product\/yoast-seo-wordpress\/ -->\n<title>Cambiando a Hand2Note desde otros programas de seguimiento de poker<\/title>\n<meta name=\"description\" content=\"Descubre c\u00f3mo hacer la transici\u00f3n sin problemas de otro software de seguimiento de poker a Hand2Note con nuestra gu\u00eda paso a paso. \u00a1Mejora tu experiencia de poker hoy mismo!\" \/>\n<meta name=\"robots\" content=\"index, follow, max-snippet:-1, max-image-preview:large, max-video-preview:-1\" \/>\n<link rel=\"canonical\" href=\"https:\/\/hand2noteguide.com\/switch-from-hm2\/\" \/>\n<meta property=\"og:locale\" content=\"es_ES\" \/>\n<meta property=\"og:type\" content=\"article\" \/>\n<meta property=\"og:title\" content=\"Cambiando a Hand2Note desde otros programas de seguimiento de poker\" \/>\n<meta property=\"og:description\" content=\"Descubre c\u00f3mo hacer la transici\u00f3n sin problemas de otro software de seguimiento de poker a Hand2Note con nuestra gu\u00eda paso a paso. \u00a1Mejora tu experiencia de poker hoy mismo!\" \/>\n<meta property=\"og:url\" content=\"https:\/\/hand2noteguide.com\/switch-from-hm2\/\" \/>\n<meta property=\"og:site_name\" content=\"Hand2Note Guide\" \/>\n<meta property=\"article:modified_time\" content=\"2025-06-04T16:23:42+00:00\" \/>\n<meta property=\"og:image\" content=\"https:\/\/hand2noteguide.com\/wp-content\/uploads\/2020\/07\/holdem-manager-hand2note.png\" \/>\n<meta name=\"twitter:card\" content=\"summary_large_image\" \/>\n<meta name=\"twitter:label1\" content=\"Est. reading time\" \/>\n\t<meta name=\"twitter:data1\" content=\"11 minutes\" \/>\n<!-- \/ Yoast SEO plugin. -->","yoast_head_json":{"title":"Cambiando a Hand2Note desde otros programas de seguimiento de poker","description":"Descubre c\u00f3mo hacer la transici\u00f3n sin problemas de otro software de seguimiento de poker a Hand2Note con nuestra gu\u00eda paso a paso. \u00a1Mejora tu experiencia de poker hoy mismo!","robots":{"index":"index","follow":"follow","max-snippet":"max-snippet:-1","max-image-preview":"max-image-preview:large","max-video-preview":"max-video-preview:-1"},"canonical":"https:\/\/hand2noteguide.com\/switch-from-hm2\/","og_locale":"es_ES","og_type":"article","og_title":"Cambiando a Hand2Note desde otros programas de seguimiento de poker","og_description":"Descubre c\u00f3mo hacer la transici\u00f3n sin problemas de otro software de seguimiento de poker a Hand2Note con nuestra gu\u00eda paso a paso. \u00a1Mejora tu experiencia de poker hoy mismo!","og_url":"https:\/\/hand2noteguide.com\/switch-from-hm2\/","og_site_name":"Hand2Note Guide","article_modified_time":"2025-06-04T16:23:42+00:00","og_image":[{"url":"https:\/\/hand2noteguide.com\/wp-content\/uploads\/2020\/07\/holdem-manager-hand2note.png","type":"","width":"","height":""}],"twitter_card":"summary_large_image","twitter_misc":{"Est. reading time":"11 minutes"},"schema":{"@context":"https:\/\/schema.org","@graph":[]}},"jetpack_sharing_enabled":false,"_links":{"self":[{"href":"https:\/\/hand2noteguide.com\/es\/wp-json\/wp\/v2\/pages\/65","targetHints":{"allow":["GET"]}}],"collection":[{"href":"https:\/\/hand2noteguide.com\/es\/wp-json\/wp\/v2\/pages"}],"about":[{"href":"https:\/\/hand2noteguide.com\/es\/wp-json\/wp\/v2\/types\/page"}],"author":[{"embeddable":true,"href":"https:\/\/hand2noteguide.com\/es\/wp-json\/wp\/v2\/users\/1"}],"replies":[{"embeddable":true,"href":"https:\/\/hand2noteguide.com\/es\/wp-json\/wp\/v2\/comments?post=65"}],"version-history":[{"count":44,"href":"https:\/\/hand2noteguide.com\/es\/wp-json\/wp\/v2\/pages\/65\/revisions"}],"predecessor-version":[{"id":13563,"href":"https:\/\/hand2noteguide.com\/es\/wp-json\/wp\/v2\/pages\/65\/revisions\/13563"}],"wp:attachment":[{"href":"https:\/\/hand2noteguide.com\/es\/wp-json\/wp\/v2\/media?parent=65"}],"curies":[{"name":"wp","href":"https:\/\/api.w.org\/{rel}","templated":true}]}}