{"id":6602,"date":"2024-05-27T19:56:21","date_gmt":"2024-05-27T16:56:21","guid":{"rendered":"https:\/\/hand2noteguide.com\/?page_id=6602"},"modified":"2026-03-21T15:03:05","modified_gmt":"2026-03-21T12:03:05","slug":"starscaption","status":"publish","type":"page","link":"https:\/\/hand2noteguide.com\/es\/starscaption\/","title":{"rendered":"StarsCaption \u2b50 Tu Mejor Ayudante en PokerStars"},"content":{"rendered":"\n<p style=\"margin-top:8px\"><span class=\"product-price\">$24<\/span> <span class=\"product-price-desc\">(licencia de 1 a\u00f1o)<\/span><\/p>\n\n\n<p><a class=\"btn btn-primary h2n-crypto-open-checkout\" href=\"https:\/\/hand2noteguide.com\/es\/?h2n_crypto_checkout=1&#038;cfg=eyJwcm9kdWN0X2lkIjoxLCJwcm9kdWN0X3ByaWNlIjoiMjQiLCJkb3dubG9hZF9saW5rIjoiaHR0cHM6XC9cL3Bva2VyY2FwdGlvbi5jb21cL2Rvd25sb2Fkcy5odG1sIiwidmVuZG9yX2VtYWlsIjoicG9rZXJjYXB0aW9uQGdtYWlsLmNvbSIsImxpY2Vuc2VfaWRfcmVxdWlyZWQiOnRydWUsIm5ldHdvcmsiOiJ1c2R0X3RyYzIwIiwiY3VycmVuY3kiOiJVU0RUIiwiYmFzZV9hbW91bnQiOiIyNC4wMDAwMDAiLCJidXR0b25fdGV4dCI6IkNvbXByYXIiLCJ0aXRsZSI6IiIsImRlc2NyaXB0aW9uIjoiIiwic3VjY2Vzc19tb2RlIjoibWFudWFsX2Z1bGZpbGxtZW50IiwicmVxdWlyZV9lbWFpbCI6dHJ1ZSwidHRsX21pbnV0ZXMiOjYwLCJ3YWxsZXQiOiJUTUp3UjNHZTV5TEpvQ0o4ckZ0Y2lRa1JjaDVqRFJMbnUzIn0%3D&#038;sig=3b366a9338fbf68bb3db85145f69971d953bcf426fc7bb9d037b01c2c7683291\" target=\"_blank\" rel=\"noopener noreferrer\">Comprar<\/a><\/p>\n\n\n\n<p>StarsCaption es una herramienta asistente de poker para jugar c\u00f3modamente en la sala de PokerStars. El programa te permite:<\/p>\n\n\n\n<ul class=\"wp-block-list\">\n<li>Mostrar todos los <strong>montos de fichas en big blinds<\/strong><\/li>\n\n\n\n<li>Mostrar <strong>nombres de posiciones<\/strong> para todos los jugadores<\/li>\n\n\n\n<li>Establecer <strong>tama\u00f1os de apuestas predefinidos<\/strong> para diferentes situaciones de juego<\/li>\n\n\n\n<li>Configurar <strong>teclas r\u00e1pidas<\/strong> para todas las acciones<\/li>\n\n\n\n<li>Mostrar <strong>HUD<\/strong> con informaci\u00f3n \u00fatil (<strong><a href=\"https:\/\/hand2noteguide.com\/es\/poker\/free-poker-tools\/pot-odds-calculator\">pot odds<\/a><\/strong>, nivel de ciegas, SPR, banco de tiempo, etc.)<\/li>\n\n\n\n<li>\u00a1Y mucho m\u00e1s!<\/li>\n<\/ul>\n\n\n\n<p>El software est\u00e1 oficialmente <strong>aprobado por PokerStars<\/strong>.<\/p>\n\n\n\n<figure class=\"wp-block-gallery has-nested-images columns-default is-cropped wp-block-gallery-1 is-layout-flex wp-block-gallery-is-layout-flex\">\n<figure class=\"wp-block-image size-large\"><img loading=\"lazy\" decoding=\"async\" width=\"1024\" height=\"723\" data-id=\"6645\" src=\"https:\/\/hand2noteguide.com\/wp-content\/uploads\/2024\/05\/Starscaption-1-1024x723.png\" alt=\"Starscaption Bet Script\" class=\"wp-image-6645\" srcset=\"https:\/\/hand2noteguide.com\/wp-content\/uploads\/2024\/05\/Starscaption-1-1024x723.png 1024w, https:\/\/hand2noteguide.com\/wp-content\/uploads\/2024\/05\/Starscaption-1-300x212.png 300w, https:\/\/hand2noteguide.com\/wp-content\/uploads\/2024\/05\/Starscaption-1-768x542.png 768w, https:\/\/hand2noteguide.com\/wp-content\/uploads\/2024\/05\/Starscaption-1-1536x1084.png 1536w, https:\/\/hand2noteguide.com\/wp-content\/uploads\/2024\/05\/Starscaption-1-772x545.png 772w, https:\/\/hand2noteguide.com\/wp-content\/uploads\/2024\/05\/Starscaption-1-624x440.png 624w, https:\/\/hand2noteguide.com\/wp-content\/uploads\/2024\/05\/Starscaption-1.png 1970w\" sizes=\"auto, (max-width: 1024px) 100vw, 1024px\" \/><figcaption class=\"wp-element-caption\">Bet Script<\/figcaption><\/figure>\n\n\n\n<figure class=\"wp-block-image size-large\"><img loading=\"lazy\" decoding=\"async\" width=\"1024\" height=\"722\" data-id=\"6656\" src=\"https:\/\/hand2noteguide.com\/wp-content\/uploads\/2024\/05\/Starscaption-2-1024x722.png\" alt=\"Starscaption Hot Keys\" class=\"wp-image-6656\" srcset=\"https:\/\/hand2noteguide.com\/wp-content\/uploads\/2024\/05\/Starscaption-2-1024x722.png 1024w, https:\/\/hand2noteguide.com\/wp-content\/uploads\/2024\/05\/Starscaption-2-300x212.png 300w, https:\/\/hand2noteguide.com\/wp-content\/uploads\/2024\/05\/Starscaption-2-768x542.png 768w, https:\/\/hand2noteguide.com\/wp-content\/uploads\/2024\/05\/Starscaption-2-1536x1084.png 1536w, https:\/\/hand2noteguide.com\/wp-content\/uploads\/2024\/05\/Starscaption-2-772x545.png 772w, https:\/\/hand2noteguide.com\/wp-content\/uploads\/2024\/05\/Starscaption-2-624x440.png 624w, https:\/\/hand2noteguide.com\/wp-content\/uploads\/2024\/05\/Starscaption-2.png 1969w\" sizes=\"auto, (max-width: 1024px) 100vw, 1024px\" \/><figcaption class=\"wp-element-caption\">Hot Keys<\/figcaption><\/figure>\n\n\n\n<figure class=\"wp-block-image size-large\"><img loading=\"lazy\" decoding=\"async\" width=\"1024\" height=\"722\" data-id=\"6657\" src=\"https:\/\/hand2noteguide.com\/wp-content\/uploads\/2024\/05\/Starscaption-3-1024x722.png\" alt=\"Starscaption HUD\" class=\"wp-image-6657\" srcset=\"https:\/\/hand2noteguide.com\/wp-content\/uploads\/2024\/05\/Starscaption-3-1024x722.png 1024w, https:\/\/hand2noteguide.com\/wp-content\/uploads\/2024\/05\/Starscaption-3-300x212.png 300w, https:\/\/hand2noteguide.com\/wp-content\/uploads\/2024\/05\/Starscaption-3-768x541.png 768w, https:\/\/hand2noteguide.com\/wp-content\/uploads\/2024\/05\/Starscaption-3-1536x1083.png 1536w, https:\/\/hand2noteguide.com\/wp-content\/uploads\/2024\/05\/Starscaption-3-772x544.png 772w, https:\/\/hand2noteguide.com\/wp-content\/uploads\/2024\/05\/Starscaption-3-624x440.png 624w, https:\/\/hand2noteguide.com\/wp-content\/uploads\/2024\/05\/Starscaption-3.png 1970w\" sizes=\"auto, (max-width: 1024px) 100vw, 1024px\" \/><figcaption class=\"wp-element-caption\">HUD<\/figcaption><\/figure>\n\n\n\n<figure class=\"wp-block-image size-large\"><img loading=\"lazy\" decoding=\"async\" width=\"1024\" height=\"723\" data-id=\"6651\" src=\"https:\/\/hand2noteguide.com\/wp-content\/uploads\/2024\/05\/Starscaption-4-1024x723.png\" alt=\"Starscaption Lobby\" class=\"wp-image-6651\" srcset=\"https:\/\/hand2noteguide.com\/wp-content\/uploads\/2024\/05\/Starscaption-4-1024x723.png 1024w, https:\/\/hand2noteguide.com\/wp-content\/uploads\/2024\/05\/Starscaption-4-300x212.png 300w, https:\/\/hand2noteguide.com\/wp-content\/uploads\/2024\/05\/Starscaption-4-768x542.png 768w, https:\/\/hand2noteguide.com\/wp-content\/uploads\/2024\/05\/Starscaption-4-1536x1084.png 1536w, https:\/\/hand2noteguide.com\/wp-content\/uploads\/2024\/05\/Starscaption-4-772x545.png 772w, https:\/\/hand2noteguide.com\/wp-content\/uploads\/2024\/05\/Starscaption-4-624x440.png 624w, https:\/\/hand2noteguide.com\/wp-content\/uploads\/2024\/05\/Starscaption-4.png 1970w\" sizes=\"auto, (max-width: 1024px) 100vw, 1024px\" \/><figcaption class=\"wp-element-caption\">Lobby<\/figcaption><\/figure>\n\n\n\n<figure class=\"wp-block-image size-large\"><img loading=\"lazy\" decoding=\"async\" width=\"808\" height=\"557\" data-id=\"6685\" src=\"https:\/\/hand2noteguide.com\/wp-content\/uploads\/2024\/05\/starscaption-0-table-min.png\" alt=\"PokerStars table with Starscaption integration\" class=\"wp-image-6685\" srcset=\"https:\/\/hand2noteguide.com\/wp-content\/uploads\/2024\/05\/starscaption-0-table-min.png 808w, https:\/\/hand2noteguide.com\/wp-content\/uploads\/2024\/05\/starscaption-0-table-min-300x207.png 300w, https:\/\/hand2noteguide.com\/wp-content\/uploads\/2024\/05\/starscaption-0-table-min-768x529.png 768w, https:\/\/hand2noteguide.com\/wp-content\/uploads\/2024\/05\/starscaption-0-table-min-772x532.png 772w, https:\/\/hand2noteguide.com\/wp-content\/uploads\/2024\/05\/starscaption-0-table-min-624x430.png 624w\" sizes=\"auto, (max-width: 808px) 100vw, 808px\" \/><figcaption class=\"wp-element-caption\">Ejemplo de Mesa Real<\/figcaption><\/figure>\n\n\n\n<figure class=\"wp-block-image size-large\"><img loading=\"lazy\" decoding=\"async\" width=\"1024\" height=\"722\" data-id=\"6654\" src=\"https:\/\/hand2noteguide.com\/wp-content\/uploads\/2024\/05\/Starscaption-5-1024x722.png\" alt=\"Starscaption Options\" class=\"wp-image-6654\" srcset=\"https:\/\/hand2noteguide.com\/wp-content\/uploads\/2024\/05\/Starscaption-5-1024x722.png 1024w, https:\/\/hand2noteguide.com\/wp-content\/uploads\/2024\/05\/Starscaption-5-300x212.png 300w, https:\/\/hand2noteguide.com\/wp-content\/uploads\/2024\/05\/Starscaption-5-768x541.png 768w, https:\/\/hand2noteguide.com\/wp-content\/uploads\/2024\/05\/Starscaption-5-1536x1083.png 1536w, https:\/\/hand2noteguide.com\/wp-content\/uploads\/2024\/05\/Starscaption-5-772x544.png 772w, https:\/\/hand2noteguide.com\/wp-content\/uploads\/2024\/05\/Starscaption-5-624x440.png 624w, https:\/\/hand2noteguide.com\/wp-content\/uploads\/2024\/05\/Starscaption-5.png 1970w\" sizes=\"auto, (max-width: 1024px) 100vw, 1024px\" \/><figcaption class=\"wp-element-caption\">Opciones<\/figcaption><\/figure>\n\n\n\n<figure class=\"wp-block-image size-large\"><img loading=\"lazy\" decoding=\"async\" width=\"1024\" height=\"722\" data-id=\"6655\" src=\"https:\/\/hand2noteguide.com\/wp-content\/uploads\/2024\/05\/Starscaption-6-1024x722.png\" alt=\"Starscaption Dialogs\" class=\"wp-image-6655\" srcset=\"https:\/\/hand2noteguide.com\/wp-content\/uploads\/2024\/05\/Starscaption-6-1024x722.png 1024w, https:\/\/hand2noteguide.com\/wp-content\/uploads\/2024\/05\/Starscaption-6-300x212.png 300w, https:\/\/hand2noteguide.com\/wp-content\/uploads\/2024\/05\/Starscaption-6-768x542.png 768w, https:\/\/hand2noteguide.com\/wp-content\/uploads\/2024\/05\/Starscaption-6-1536x1083.png 1536w, https:\/\/hand2noteguide.com\/wp-content\/uploads\/2024\/05\/Starscaption-6-772x544.png 772w, https:\/\/hand2noteguide.com\/wp-content\/uploads\/2024\/05\/Starscaption-6-624x440.png 624w, https:\/\/hand2noteguide.com\/wp-content\/uploads\/2024\/05\/Starscaption-6.png 1971w\" sizes=\"auto, (max-width: 1024px) 100vw, 1024px\" \/><figcaption class=\"wp-element-caption\">Di\u00e1logos<\/figcaption><\/figure>\n\n\n\n<figure class=\"wp-block-image size-large\"><img loading=\"lazy\" decoding=\"async\" width=\"1024\" height=\"723\" data-id=\"6649\" src=\"https:\/\/hand2noteguide.com\/wp-content\/uploads\/2024\/05\/Starscaption-7-1024x723.png\" alt=\"Starscaption Table Highlight\" class=\"wp-image-6649\" srcset=\"https:\/\/hand2noteguide.com\/wp-content\/uploads\/2024\/05\/Starscaption-7-1024x723.png 1024w, https:\/\/hand2noteguide.com\/wp-content\/uploads\/2024\/05\/Starscaption-7-300x212.png 300w, https:\/\/hand2noteguide.com\/wp-content\/uploads\/2024\/05\/Starscaption-7-768x542.png 768w, https:\/\/hand2noteguide.com\/wp-content\/uploads\/2024\/05\/Starscaption-7-1536x1085.png 1536w, https:\/\/hand2noteguide.com\/wp-content\/uploads\/2024\/05\/Starscaption-7-772x545.png 772w, https:\/\/hand2noteguide.com\/wp-content\/uploads\/2024\/05\/Starscaption-7-624x441.png 624w, https:\/\/hand2noteguide.com\/wp-content\/uploads\/2024\/05\/Starscaption-7.png 1970w\" sizes=\"auto, (max-width: 1024px) 100vw, 1024px\" \/><figcaption class=\"wp-element-caption\">Resaltado de Mesa<\/figcaption><\/figure>\n\n\n\n<figure class=\"wp-block-image size-large\"><img loading=\"lazy\" decoding=\"async\" width=\"1024\" height=\"723\" data-id=\"6652\" src=\"https:\/\/hand2noteguide.com\/wp-content\/uploads\/2024\/05\/Starscaption-8-1024x723.png\" alt=\"Starscaption Table Manager\" class=\"wp-image-6652\" srcset=\"https:\/\/hand2noteguide.com\/wp-content\/uploads\/2024\/05\/Starscaption-8-1024x723.png 1024w, https:\/\/hand2noteguide.com\/wp-content\/uploads\/2024\/05\/Starscaption-8-300x212.png 300w, https:\/\/hand2noteguide.com\/wp-content\/uploads\/2024\/05\/Starscaption-8-768x542.png 768w, https:\/\/hand2noteguide.com\/wp-content\/uploads\/2024\/05\/Starscaption-8-1536x1084.png 1536w, https:\/\/hand2noteguide.com\/wp-content\/uploads\/2024\/05\/Starscaption-8-772x545.png 772w, https:\/\/hand2noteguide.com\/wp-content\/uploads\/2024\/05\/Starscaption-8-624x440.png 624w, https:\/\/hand2noteguide.com\/wp-content\/uploads\/2024\/05\/Starscaption-8.png 1971w\" sizes=\"auto, (max-width: 1024px) 100vw, 1024px\" \/><figcaption class=\"wp-element-caption\">Gestor de Mesas<\/figcaption><\/figure>\n\n\n\n<figure class=\"wp-block-image size-full\"><img loading=\"lazy\" decoding=\"async\" width=\"838\" height=\"691\" data-id=\"6681\" src=\"https:\/\/hand2noteguide.com\/wp-content\/uploads\/2024\/05\/starscaption-bb-min.png\" alt=\"\" class=\"wp-image-6681\" srcset=\"https:\/\/hand2noteguide.com\/wp-content\/uploads\/2024\/05\/starscaption-bb-min.png 838w, https:\/\/hand2noteguide.com\/wp-content\/uploads\/2024\/05\/starscaption-bb-min-300x247.png 300w, https:\/\/hand2noteguide.com\/wp-content\/uploads\/2024\/05\/starscaption-bb-min-768x633.png 768w, https:\/\/hand2noteguide.com\/wp-content\/uploads\/2024\/05\/starscaption-bb-min-772x637.png 772w, https:\/\/hand2noteguide.com\/wp-content\/uploads\/2024\/05\/starscaption-bb-min-624x515.png 624w\" sizes=\"auto, (max-width: 838px) 100vw, 838px\" \/><figcaption class=\"wp-element-caption\">Convertir Fichas<\/figcaption><\/figure>\n\n\n\n<figure class=\"wp-block-image size-large\"><img loading=\"lazy\" decoding=\"async\" width=\"1024\" height=\"723\" data-id=\"6647\" src=\"https:\/\/hand2noteguide.com\/wp-content\/uploads\/2024\/05\/Starscaption-10-1024x723.png\" alt=\"Starscaption Action Blocking\" class=\"wp-image-6647\" srcset=\"https:\/\/hand2noteguide.com\/wp-content\/uploads\/2024\/05\/Starscaption-10-1024x723.png 1024w, https:\/\/hand2noteguide.com\/wp-content\/uploads\/2024\/05\/Starscaption-10-300x212.png 300w, https:\/\/hand2noteguide.com\/wp-content\/uploads\/2024\/05\/Starscaption-10-768x542.png 768w, https:\/\/hand2noteguide.com\/wp-content\/uploads\/2024\/05\/Starscaption-10-1536x1084.png 1536w, https:\/\/hand2noteguide.com\/wp-content\/uploads\/2024\/05\/Starscaption-10-772x545.png 772w, https:\/\/hand2noteguide.com\/wp-content\/uploads\/2024\/05\/Starscaption-10-624x440.png 624w, https:\/\/hand2noteguide.com\/wp-content\/uploads\/2024\/05\/Starscaption-10.png 1970w\" sizes=\"auto, (max-width: 1024px) 100vw, 1024px\" \/><figcaption class=\"wp-element-caption\">Bloqueo de Acciones<\/figcaption><\/figure>\n\n\n\n<figure class=\"wp-block-image size-large\"><img loading=\"lazy\" decoding=\"async\" width=\"1024\" height=\"724\" data-id=\"6653\" src=\"https:\/\/hand2noteguide.com\/wp-content\/uploads\/2024\/05\/Starscaption-11-1024x724.png\" alt=\"Starscaption Layout Editor\" class=\"wp-image-6653\" srcset=\"https:\/\/hand2noteguide.com\/wp-content\/uploads\/2024\/05\/Starscaption-11-1024x724.png 1024w, https:\/\/hand2noteguide.com\/wp-content\/uploads\/2024\/05\/Starscaption-11-300x212.png 300w, https:\/\/hand2noteguide.com\/wp-content\/uploads\/2024\/05\/Starscaption-11-768x543.png 768w, https:\/\/hand2noteguide.com\/wp-content\/uploads\/2024\/05\/Starscaption-11-1536x1085.png 1536w, https:\/\/hand2noteguide.com\/wp-content\/uploads\/2024\/05\/Starscaption-11-772x545.png 772w, https:\/\/hand2noteguide.com\/wp-content\/uploads\/2024\/05\/Starscaption-11-624x441.png 624w, https:\/\/hand2noteguide.com\/wp-content\/uploads\/2024\/05\/Starscaption-11.png 1970w\" sizes=\"auto, (max-width: 1024px) 100vw, 1024px\" \/><figcaption class=\"wp-element-caption\">Editor de Dise\u00f1o<\/figcaption><\/figure>\n<\/figure>\n\n\n\n<h2 class=\"wp-block-heading\">\u00bfCu\u00e1les son las caracter\u00edsticas de Starscaption?<\/h2>\n\n\n\n<p>Starscaption te ofrece numerosas caracter\u00edsticas para mejorar tu experiencia de juego en PokerStars. Todas estas caracter\u00edsticas hacen que tus sesiones de poker sean indescriptiblemente m\u00e1s convenientes. Tu vida se dividir\u00e1 en el momento antes y despu\u00e9s de la integraci\u00f3n de Starscaption en tu juego.<\/p>\n\n\n\n<p>Las principales caracter\u00edsticas de Starscaption son:<\/p>\n\n\n\n<ul class=\"wp-block-list\">\n<li><strong>Chips a BB<\/strong>. Mostrar todos los montos de fichas (apuestas y tama\u00f1os de stack) en big blinds. As\u00ed no necesitas calcular en tu cabeza cu\u00e1ntas ciegas hay en el stack de tu oponente. Ahora ves esa informaci\u00f3n de inmediato.<\/li>\n\n\n\n<li><strong>Betscript<\/strong>. Puedes predefinir varios tama\u00f1os de apuestas y subidas para diferentes situaciones de juego. Cuando la situaci\u00f3n se presenta en la mesa, tu tama\u00f1o ya estar\u00e1 ingresado en el cuadro de apuestas.<\/li>\n\n\n\n<li><strong>Teclas r\u00e1pidas<\/strong>. Configura teclas r\u00e1pidas para casi cualquier acci\u00f3n posible en las mesas &#8211; Apostar, Subir, Retirarse, Pasar, Salir en la pr\u00f3xima BB, Retirarse ante cualquier apuesta, Cerrar la mesa, etc.<\/li>\n\n\n\n<li><strong>HUD<\/strong>. El HUD de Starscaption te ayudar\u00e1 a mostrar mucha informaci\u00f3n adicional \u00fatil tanto para efectivo como para torneos. Historial de apuestas, <a href=\"https:\/\/hand2noteguide.com\/es\/poker\/free-poker-tools\/pot-odds-calculator\">pot odds<\/a>, relaci\u00f3n de stack a bote, equity de farol, tama\u00f1o del stack en la siguiente calle (depende de tu tama\u00f1o de apuesta actual), y mucho m\u00e1s.<\/li>\n\n\n\n<li><strong>Organizador de mesas<\/strong>. La caracter\u00edstica imprescindible para jugar en m\u00faltiples mesas. La capacidad de configurar <strong>el dise\u00f1o de las mesas<\/strong> y colocar autom\u00e1ticamente las mesas en los espacios necesarios. <strong>El marco alrededor de la mesa que requiere tu atenci\u00f3n<\/strong>.<\/li>\n\n\n\n<li>Muchas caracter\u00edsticas &#8220;peque\u00f1as&#8221; para hacer tu juego fluido y conveniente. <strong>Hacer clic autom\u00e1ticamente en &#8220;Estoy de vuelta&#8221;<\/strong>, <strong>Activar autom\u00e1ticamente los bancos de tiempo<\/strong>, <strong>Cerrar autom\u00e1ticamente las ventanas de di\u00e1logo de la sala de poker<\/strong>, y m\u00e1s.<\/li>\n<\/ul>\n\n\n\n<p>Consulta una descripci\u00f3n m\u00e1s detallada de todas las caracter\u00edsticas y consejos de personalizaci\u00f3n en la <a href=\"https:\/\/sites.google.com\/site\/starscaption\/betscript\" target=\"_blank\" aria-label=\"undefined (opens in a new tab)\" rel=\"noreferrer noopener\">p\u00e1gina oficial de ayuda de Starscaption<\/a>.<\/p>\n\n\n\n<h2 class=\"wp-block-heading\">\u00bfCu\u00e1l es el precio de Starscaption?<\/h2>\n\n\n\n<p>El precio es de <strong>$24 por una licencia de un a\u00f1o<\/strong>. Puedes comprar una licencia nueva o ampliar una existente: haz clic en <strong>Comprar<\/strong> en la parte superior de esta p\u00e1gina.<\/p>\n\n\n\n<p>No se ofrecen descuentos seg\u00fan la pol\u00edtica del desarrollador. De todos modos, el precio es muy leal considerando la funcionalidad que ofrece el software. Para cualquier jugador de poker serio que juegue en PokerStars, Starscaption es una inversi\u00f3n que vale la pena.<\/p>\n","protected":false},"excerpt":{"rendered":"<p>$24 (licencia de 1 a\u00f1o) StarsCaption es una herramienta asistente de poker para jugar c\u00f3modamente en la sala de PokerStars. El programa te permite: El software est\u00e1 oficialmente aprobado por PokerStars. \u00bfCu\u00e1les son las caracter\u00edsticas de Starscaption? Starscaption te ofrece numerosas caracter\u00edsticas para mejorar tu experiencia de juego en PokerStars. Todas estas caracter\u00edsticas hacen que &hellip; <a href=\"https:\/\/hand2noteguide.com\/es\/starscaption\/\" class=\"more-link\">Continue reading <span class=\"screen-reader-text\">StarsCaption \u2b50 Tu Mejor Ayudante en PokerStars<\/span><\/a><\/p>\n","protected":false},"author":1,"featured_media":0,"parent":0,"menu_order":0,"comment_status":"closed","ping_status":"closed","template":"page-templates\/full-width-page.php","meta":{"footnotes":""},"class_list":["post-6602","page","type-page","status-publish","hentry"],"translation":{"provider":"WPGlobus","version":"3.0.2","language":"es","enabled_languages":["en","ru","pt","zh","es","fr","de","it","ja"],"languages":{"en":{"title":true,"content":true,"excerpt":false},"ru":{"title":true,"content":true,"excerpt":false},"pt":{"title":true,"content":true,"excerpt":false},"zh":{"title":true,"content":true,"excerpt":false},"es":{"title":true,"content":true,"excerpt":false},"fr":{"title":true,"content":true,"excerpt":false},"de":{"title":true,"content":true,"excerpt":false},"it":{"title":true,"content":true,"excerpt":false},"ja":{"title":true,"content":true,"excerpt":false}}},"yoast_head":"<!-- This site is optimized with the Yoast SEO plugin v27.0 - https:\/\/yoast.com\/product\/yoast-seo-wordpress\/ -->\n<title>StarsCaption \u2b50 Tu Mejor Ayudante en PokerStars<\/title>\n<meta name=\"description\" content=\"StarsCaption es la mejor herramienta asistente para jugar en PokerStars. Convierte fichas a BB, ve las posiciones de los jugadores, usa teclas r\u00e1pidas, muestra pot odds y m\u00e1s.\" \/>\n<meta name=\"robots\" content=\"index, follow, max-snippet:-1, max-image-preview:large, max-video-preview:-1\" \/>\n<link rel=\"canonical\" href=\"https:\/\/hand2noteguide.com\/starscaption\/\" \/>\n<meta property=\"og:locale\" content=\"es_ES\" \/>\n<meta property=\"og:type\" content=\"article\" \/>\n<meta property=\"og:title\" content=\"StarsCaption \u2b50 Tu Mejor Ayudante en PokerStars\" \/>\n<meta property=\"og:description\" content=\"StarsCaption es la mejor herramienta asistente para jugar en PokerStars. Convierte fichas a BB, ve las posiciones de los jugadores, usa teclas r\u00e1pidas, muestra pot odds y m\u00e1s.\" \/>\n<meta property=\"og:url\" content=\"https:\/\/hand2noteguide.com\/starscaption\/\" \/>\n<meta property=\"og:site_name\" content=\"Hand2Note Guide\" \/>\n<meta property=\"article:modified_time\" content=\"2026-03-21T12:03:05+00:00\" \/>\n<meta property=\"og:image\" content=\"https:\/\/hand2noteguide.com\/wp-content\/uploads\/2024\/05\/Starscaption-1.png\" \/>\n\t<meta property=\"og:image:width\" content=\"1970\" \/>\n\t<meta property=\"og:image:height\" content=\"1390\" \/>\n\t<meta property=\"og:image:type\" content=\"image\/png\" \/>\n<meta name=\"twitter:card\" content=\"summary_large_image\" \/>\n<meta name=\"twitter:label1\" content=\"Est. reading time\" \/>\n\t<meta name=\"twitter:data1\" content=\"5 minutes\" \/>\n<!-- \/ Yoast SEO plugin. -->","yoast_head_json":{"title":"StarsCaption \u2b50 Tu Mejor Ayudante en PokerStars","description":"StarsCaption es la mejor herramienta asistente para jugar en PokerStars. Convierte fichas a BB, ve las posiciones de los jugadores, usa teclas r\u00e1pidas, muestra pot odds y m\u00e1s.","robots":{"index":"index","follow":"follow","max-snippet":"max-snippet:-1","max-image-preview":"max-image-preview:large","max-video-preview":"max-video-preview:-1"},"canonical":"https:\/\/hand2noteguide.com\/starscaption\/","og_locale":"es_ES","og_type":"article","og_title":"StarsCaption \u2b50 Tu Mejor Ayudante en PokerStars","og_description":"StarsCaption es la mejor herramienta asistente para jugar en PokerStars. Convierte fichas a BB, ve las posiciones de los jugadores, usa teclas r\u00e1pidas, muestra pot odds y m\u00e1s.","og_url":"https:\/\/hand2noteguide.com\/starscaption\/","og_site_name":"Hand2Note Guide","article_modified_time":"2026-03-21T12:03:05+00:00","og_image":[{"width":1970,"height":1390,"url":"https:\/\/hand2noteguide.com\/wp-content\/uploads\/2024\/05\/Starscaption-1.png","type":"image\/png"}],"twitter_card":"summary_large_image","twitter_misc":{"Est. reading time":"5 minutes"},"schema":{"@context":"https:\/\/schema.org","@graph":[]}},"jetpack_sharing_enabled":true,"_links":{"self":[{"href":"https:\/\/hand2noteguide.com\/es\/wp-json\/wp\/v2\/pages\/6602","targetHints":{"allow":["GET"]}}],"collection":[{"href":"https:\/\/hand2noteguide.com\/es\/wp-json\/wp\/v2\/pages"}],"about":[{"href":"https:\/\/hand2noteguide.com\/es\/wp-json\/wp\/v2\/types\/page"}],"author":[{"embeddable":true,"href":"https:\/\/hand2noteguide.com\/es\/wp-json\/wp\/v2\/users\/1"}],"replies":[{"embeddable":true,"href":"https:\/\/hand2noteguide.com\/es\/wp-json\/wp\/v2\/comments?post=6602"}],"version-history":[{"count":89,"href":"https:\/\/hand2noteguide.com\/es\/wp-json\/wp\/v2\/pages\/6602\/revisions"}],"predecessor-version":[{"id":15961,"href":"https:\/\/hand2noteguide.com\/es\/wp-json\/wp\/v2\/pages\/6602\/revisions\/15961"}],"wp:attachment":[{"href":"https:\/\/hand2noteguide.com\/es\/wp-json\/wp\/v2\/media?parent=6602"}],"curies":[{"name":"wp","href":"https:\/\/api.w.org\/{rel}","templated":true}]}}