{"id":6879,"date":"2024-06-11T03:18:03","date_gmt":"2024-06-11T00:18:03","guid":{"rendered":"https:\/\/hand2noteguide.com\/?page_id=6879"},"modified":"2026-02-21T14:04:02","modified_gmt":"2026-02-21T11:04:02","slug":"hand2note-4-getting-started","status":"publish","type":"page","link":"https:\/\/hand2noteguide.com\/es\/hand2note-4-getting-started\/","title":{"rendered":"Hand2Note 4: Primeros Pasos"},"content":{"rendered":"\n<p><a href=\"https:\/\/hand2note.com\/es\/\" target=\"_blank\" rel=\"noreferrer noopener\">Hand2Note<\/a> es una de las <a href=\"https:\/\/hand2noteguide.com\/es\/poker\/5-best-online-poker-software\/\">mejores herramientas de p\u00f3ker<\/a>, y Hand2Note 4 es la \u00faltima versi\u00f3n del software. Contiene todas las funciones m\u00e1s avanzadas. Las principales diferencias con la versi\u00f3n anterior son los Smart Reports y la velocidad de importaci\u00f3n mejorada.<\/p>\n\n\n\n<p>Comencemos con la configuraci\u00f3n de Hand2Note 4.<\/p>\n\n\n\n<h2 class=\"wp-block-heading\">1. Descargar e Instalar<\/h2>\n\n\n\n<p><a href=\"https:\/\/hand2noteguide.com\/es\/go\/hand2note\/\" target=\"_blank\" rel=\"noreferrer noopener sponsored\">Descarga Hand2Note 4 desde el sitio oficial<\/a> y sigue los sencillos pasos de instalaci\u00f3n (solo haz clic en &#8220;Siguiente&#8221; todo el tiempo).<\/p>\n\n\n\n<figure class=\"wp-block-image size-full is-resized\"><img loading=\"lazy\" decoding=\"async\" src=\"https:\/\/hand2noteguide.com\/wp-content\/uploads\/2024\/06\/hand2note4-setup-min.png\" alt=\"Instalaci\u00f3n de Hand2Note 4\" class=\"wp-image-6908\" width=\"495\" height=\"385\" srcset=\"https:\/\/hand2noteguide.com\/wp-content\/uploads\/2024\/06\/hand2note4-setup-min.png 990w, https:\/\/hand2noteguide.com\/wp-content\/uploads\/2024\/06\/hand2note4-setup-min-300x233.png 300w, https:\/\/hand2noteguide.com\/wp-content\/uploads\/2024\/06\/hand2note4-setup-min-768x597.png 768w, https:\/\/hand2noteguide.com\/wp-content\/uploads\/2024\/06\/hand2note4-setup-min-772x600.png 772w, https:\/\/hand2noteguide.com\/wp-content\/uploads\/2024\/06\/hand2note4-setup-min-624x485.png 624w\" sizes=\"auto, (max-width: 495px) 100vw, 495px\" \/><figcaption class=\"wp-element-caption\">Instalaci\u00f3n de Hand2Note 4<\/figcaption><\/figure>\n\n\n\n<h2 class=\"wp-block-heading\">2. Disfruta de la Prueba Gratuita<\/h2>\n\n\n\n<p>Puedes usar todas las funciones de H2N de forma gratuita durante el per\u00edodo de prueba de 14 d\u00edas. Se activar\u00e1 autom\u00e1ticamente despu\u00e9s de ejecutar Hand2Note por primera vez.<\/p>\n\n\n\n<div class=\"green-block\">\n<p style=\"margin-bottom:0\">\ud83d\udd25 Despu\u00e9s de que termine tu per\u00edodo de prueba, puedes <a href=\"\/es\/promo\/\"><b>comprar Hand2Note PRO con un 10% de descuento<\/b><\/a> usando nuestro c\u00f3digo promocional <b>GUIDE10<\/b>.<\/p><\/div>\n\n\n\n<h2 class=\"wp-block-heading\">3. Transfiere tu Configuraci\u00f3n de Hand2Note 3 (Opcional)<\/h2>\n\n\n\n<p>Si usaste Hand2Note 3 antes, puedes mover de forma segura todos tus HUDs, configuraciones y base de datos a Hand2Note 4.<\/p>\n\n\n\n<p>Para importar tus HUDs, popups y configuraciones, selecciona &#8220;Tools&#8221; \u2192 &#8220;Convert Hand2Note 3 Config&#8230;&#8221; en el men\u00fa superior.<\/p>\n\n\n\n<figure class=\"wp-block-image size-large is-resized\"><img loading=\"lazy\" decoding=\"async\" src=\"https:\/\/hand2noteguide.com\/wp-content\/uploads\/2024\/06\/image-1024x495.png\" alt=\"\" class=\"wp-image-6924\" width=\"768\" height=\"371\" srcset=\"https:\/\/hand2noteguide.com\/wp-content\/uploads\/2024\/06\/image-1024x495.png 1024w, https:\/\/hand2noteguide.com\/wp-content\/uploads\/2024\/06\/image-300x145.png 300w, https:\/\/hand2noteguide.com\/wp-content\/uploads\/2024\/06\/image-768x372.png 768w, https:\/\/hand2noteguide.com\/wp-content\/uploads\/2024\/06\/image-1536x743.png 1536w, https:\/\/hand2noteguide.com\/wp-content\/uploads\/2024\/06\/image-772x373.png 772w, https:\/\/hand2noteguide.com\/wp-content\/uploads\/2024\/06\/image-624x302.png 624w, https:\/\/hand2noteguide.com\/wp-content\/uploads\/2024\/06\/image.png 1726w\" sizes=\"auto, (max-width: 768px) 100vw, 768px\" \/><\/figure>\n\n\n\n<p>Luego, necesitar\u00e1s seleccionar la ubicaci\u00f3n de la carpeta de Hand2Note 3. Por favor, ten en cuenta: necesitas seleccionar la carpeta ra\u00edz de Hand2Note 3, no la carpeta Config. Por defecto, la carpeta ra\u00edz de Hand2Note 3 es &#8220;C:Program FilesHand2Note&#8221;.<\/p>\n\n\n\n<p>Despu\u00e9s de completar la importaci\u00f3n de tus configuraciones, tambi\u00e9n puedes importar tu base de datos. Para hacerlo, vuelve al men\u00fa superior y selecciona &#8220;Import&#8221; \u2192 &#8220;Import from Database&#8230;&#8221;<\/p>\n\n\n\n<figure class=\"wp-block-image size-large is-resized\"><img loading=\"lazy\" decoding=\"async\" src=\"https:\/\/hand2noteguide.com\/wp-content\/uploads\/2024\/06\/image-1-1024x495.png\" alt=\"\" class=\"wp-image-6933\" width=\"768\" height=\"371\" srcset=\"https:\/\/hand2noteguide.com\/wp-content\/uploads\/2024\/06\/image-1-1024x495.png 1024w, https:\/\/hand2noteguide.com\/wp-content\/uploads\/2024\/06\/image-1-300x145.png 300w, https:\/\/hand2noteguide.com\/wp-content\/uploads\/2024\/06\/image-1-768x372.png 768w, https:\/\/hand2noteguide.com\/wp-content\/uploads\/2024\/06\/image-1-1536x743.png 1536w, https:\/\/hand2noteguide.com\/wp-content\/uploads\/2024\/06\/image-1-772x373.png 772w, https:\/\/hand2noteguide.com\/wp-content\/uploads\/2024\/06\/image-1-624x302.png 624w, https:\/\/hand2noteguide.com\/wp-content\/uploads\/2024\/06\/image-1.png 1726w\" sizes=\"auto, (max-width: 768px) 100vw, 768px\" \/><\/figure>\n\n\n\n<p>Nuevamente necesitar\u00e1s seleccionar la ubicaci\u00f3n de la carpeta de Hand2Note 3 (C:Program FilesHand2Note), y tambi\u00e9n elegir de qu\u00e9 base de datos exacta deseas importar tus manos.<\/p>\n\n\n\n<p>Despu\u00e9s de completar estos dos pasos, tendr\u00e1s toda tu configuraci\u00f3n de Hand2Note 3 en tu nuevo software Hand2Note 4.<\/p>\n\n\n\n<h2 class=\"wp-block-heading\">4. Iniciar HUD<\/h2>\n\n\n\n<p>Para iniciar el HUD de Hand2Note, en la mayor\u00eda de los casos, solo necesitas ejecutar Hand2Note y tu cliente de p\u00f3ker al mismo tiempo. Luego, despu\u00e9s de abrir cualquier mesa, el HUD deber\u00eda aparecer autom\u00e1ticamente. Puedes mejorar la precisi\u00f3n de la recopilaci\u00f3n de manos para algunas salas <a href=\"https:\/\/hand2noteguide.com\/es\/user-manual\/setting-up-an-auto-import-in-hand2note\/\">configurando carpetas de auto-importaci\u00f3n<\/a>.<\/p>\n\n\n\n<p>Si juegas en aplicaciones m\u00f3viles de p\u00f3ker como PokerBros, por favor sigue nuestra gu\u00eda especial: <a href=\"https:\/\/hand2noteguide.com\/es\/user-manual\/configuring-hand2note-to-play-in-applications-via-an-emulator-using-the-example-of-pokerbros\/\">Configuraci\u00f3n de Hand2Note para jugar en aplicaciones a trav\u00e9s de un emulador<\/a>.<\/p>\n\n\n\n<figure class=\"wp-block-image size-large\"><img loading=\"lazy\" decoding=\"async\" width=\"1024\" height=\"727\" src=\"https:\/\/hand2noteguide.com\/wp-content\/uploads\/2024\/06\/hand2note-mtt-hud-min-1024x727.png\" alt=\"Hand2Note 4 HUD\" class=\"wp-image-6944\" srcset=\"https:\/\/hand2noteguide.com\/wp-content\/uploads\/2024\/06\/hand2note-mtt-hud-min-1024x727.png 1024w, https:\/\/hand2noteguide.com\/wp-content\/uploads\/2024\/06\/hand2note-mtt-hud-min-300x213.png 300w, https:\/\/hand2noteguide.com\/wp-content\/uploads\/2024\/06\/hand2note-mtt-hud-min-768x545.png 768w, https:\/\/hand2noteguide.com\/wp-content\/uploads\/2024\/06\/hand2note-mtt-hud-min-1536x1091.png 1536w, https:\/\/hand2noteguide.com\/wp-content\/uploads\/2024\/06\/hand2note-mtt-hud-min-772x548.png 772w, https:\/\/hand2noteguide.com\/wp-content\/uploads\/2024\/06\/hand2note-mtt-hud-min-624x443.png 624w, https:\/\/hand2noteguide.com\/wp-content\/uploads\/2024\/06\/hand2note-mtt-hud-min.png 1818w\" sizes=\"auto, (max-width: 1024px) 100vw, 1024px\" \/><figcaption class=\"wp-element-caption\">Ejemplo de HUD de Hand2Note 4: <a href=\"https:\/\/www.hudstore.poker\/products\/cosmos-mtt\" target=\"_blank\" aria-label=\"undefined (opens in a new tab)\" rel=\"noreferrer noopener\">Cosmos MTT<\/a><\/figcaption><\/figure>\n\n\n\n<p>Si hay problemas con la visualizaci\u00f3n del HUD, sigue&nbsp;<a href=\"https:\/\/hand2noteguide.com\/es\/user-manual\/hand2note4-hud-problem\/\">los pasos de soluci\u00f3n de problemas<\/a>. Si no ayudan, contacta al&nbsp;<a href=\"https:\/\/hand2noteguide.com\/es\/hand2note-official-support\/\">equipo de soporte de Hand2Note<\/a>.<\/p>\n\n\n\n<p>El HUD predeterminado de Hand2Note contiene algunas estad\u00edsticas b\u00e1sicas: VPIP, PFR, <a href=\"https:\/\/hand2noteguide.com\/es\/poker\/poker-hud-stats\/3bet-in-poker\/\">3Bet<\/a> y n\u00famero de manos. Podr\u00edas querer usar un HUD un poco m\u00e1s complejo. En ese caso, recomendamos revisar nuestro&nbsp;<a href=\"https:\/\/hand2noteguide.com\/es\/free-hud\/\">HUD Gratuito<\/a>. Para paquetes de HUD &amp; Popup a\u00fan m\u00e1s avanzados y profesionales, visita la <a aria-label=\"undefined (opens in a new tab)\" href=\"https:\/\/hudstore.poker\" target=\"_blank\" rel=\"noreferrer noopener\">Tienda de HUD<\/a>.<\/p>\n\n\n\n<h2 class=\"wp-block-heading\">\u00bfQu\u00e9 sigue?<\/h2>\n\n\n\n<p>Contin\u00faa explorando Hand2Note 4, ya que tiene numerosas caracter\u00edsticas para mejorar tu juego:<\/p>\n\n\n\n<ul class=\"wp-block-list\">\n<li>Explora nuestra colecci\u00f3n de <a href=\"https:\/\/hand2noteguide.com\/es\/user-manual\/\">gu\u00edas \u00fatiles de Hand2Note<\/a><\/li>\n\n\n\n<li>Consulta el <a href=\"https:\/\/hand2note.com\/es\/Help\/Index\" target=\"_blank\" rel=\"noreferrer noopener\">manual oficial de Hand2Note<\/a><\/li>\n<\/ul>\n\n\n\n<p>Una de las mejores caracter\u00edsticas son los Multi-Player Reports (anteriormente Range Research) que te permiten ejecutar informes MDA e investigar profundamente diferentes tipos de jugadores \u2013 su comportamiento t\u00edpico en varios escenarios de juego. Puedes aprender m\u00e1s sobre MDA en nuestro <a href=\"https:\/\/www.hudstore.poker\/mda-poker-how-to-use-mass-data-analysis-to-crush-games\" target=\"_blank\" rel=\"noreferrer noopener\">C\u00f3mo usar el An\u00e1lisis de Datos Masivos para dominar los juegos<\/a> art\u00edculo.<\/p>\n","protected":false},"excerpt":{"rendered":"<p>Hand2Note es una de las mejores herramientas de p\u00f3ker, y Hand2Note 4 es la \u00faltima versi\u00f3n del software. Contiene todas las funciones m\u00e1s avanzadas. Las principales diferencias con la versi\u00f3n anterior son los Smart Reports y la velocidad de importaci\u00f3n mejorada. Comencemos con la configuraci\u00f3n de Hand2Note 4. 1. Descargar e Instalar Descarga Hand2Note 4 &hellip; <a href=\"https:\/\/hand2noteguide.com\/es\/hand2note-4-getting-started\/\" class=\"more-link\">Continue reading <span class=\"screen-reader-text\">Hand2Note 4: Primeros Pasos<\/span><\/a><\/p>\n","protected":false},"author":1,"featured_media":10163,"parent":0,"menu_order":0,"comment_status":"closed","ping_status":"closed","template":"","meta":{"footnotes":""},"class_list":["post-6879","page","type-page","status-publish","has-post-thumbnail","hentry"],"translation":{"provider":"WPGlobus","version":"3.0.2","language":"es","enabled_languages":["en","ru","pt","zh","es","fr","de","it","ja"],"languages":{"en":{"title":true,"content":true,"excerpt":false},"ru":{"title":true,"content":true,"excerpt":false},"pt":{"title":true,"content":true,"excerpt":false},"zh":{"title":true,"content":true,"excerpt":false},"es":{"title":true,"content":true,"excerpt":false},"fr":{"title":true,"content":true,"excerpt":false},"de":{"title":true,"content":true,"excerpt":false},"it":{"title":true,"content":true,"excerpt":false},"ja":{"title":true,"content":true,"excerpt":false}}},"yoast_head":"<!-- This site is optimized with the Yoast SEO plugin v27.0 - https:\/\/yoast.com\/product\/yoast-seo-wordpress\/ -->\n<title>Hand2Note 4: Primeros Pasos<\/title>\n<meta name=\"description\" content=\"Hand2Note 4 es la versi\u00f3n m\u00e1s reciente con Smart Reports y una velocidad de importaci\u00f3n incre\u00edble. Sigue nuestra gu\u00eda para instalar H2N 4, obtener una licencia gratuita y el mejor HUD.\" \/>\n<meta name=\"robots\" content=\"index, follow, max-snippet:-1, max-image-preview:large, max-video-preview:-1\" \/>\n<link rel=\"canonical\" href=\"https:\/\/hand2noteguide.com\/hand2note-4-getting-started\/\" \/>\n<meta property=\"og:locale\" content=\"es_ES\" \/>\n<meta property=\"og:type\" content=\"article\" \/>\n<meta property=\"og:title\" content=\"Hand2Note 4: Primeros Pasos\" \/>\n<meta property=\"og:description\" content=\"Hand2Note 4 es la versi\u00f3n m\u00e1s reciente con Smart Reports y una velocidad de importaci\u00f3n incre\u00edble. Sigue nuestra gu\u00eda para instalar H2N 4, obtener una licencia gratuita y el mejor HUD.\" \/>\n<meta property=\"og:url\" content=\"https:\/\/hand2noteguide.com\/hand2note-4-getting-started\/\" \/>\n<meta property=\"og:site_name\" content=\"Hand2Note Guide\" \/>\n<meta property=\"article:modified_time\" content=\"2026-02-21T11:04:02+00:00\" \/>\n<meta property=\"og:image\" content=\"https:\/\/hand2noteguide.com\/wp-content\/uploads\/2025\/04\/h2n-1-min.webp\" \/>\n\t<meta property=\"og:image:width\" content=\"1590\" \/>\n\t<meta property=\"og:image:height\" content=\"989\" \/>\n\t<meta property=\"og:image:type\" content=\"image\/webp\" \/>\n<meta name=\"twitter:card\" content=\"summary_large_image\" \/>\n<meta name=\"twitter:label1\" content=\"Est. reading time\" \/>\n\t<meta name=\"twitter:data1\" content=\"4 minutes\" \/>\n<!-- \/ Yoast SEO plugin. -->","yoast_head_json":{"title":"Hand2Note 4: Primeros Pasos","description":"Hand2Note 4 es la versi\u00f3n m\u00e1s reciente con Smart Reports y una velocidad de importaci\u00f3n incre\u00edble. Sigue nuestra gu\u00eda para instalar H2N 4, obtener una licencia gratuita y el mejor HUD.","robots":{"index":"index","follow":"follow","max-snippet":"max-snippet:-1","max-image-preview":"max-image-preview:large","max-video-preview":"max-video-preview:-1"},"canonical":"https:\/\/hand2noteguide.com\/hand2note-4-getting-started\/","og_locale":"es_ES","og_type":"article","og_title":"Hand2Note 4: Primeros Pasos","og_description":"Hand2Note 4 es la versi\u00f3n m\u00e1s reciente con Smart Reports y una velocidad de importaci\u00f3n incre\u00edble. Sigue nuestra gu\u00eda para instalar H2N 4, obtener una licencia gratuita y el mejor HUD.","og_url":"https:\/\/hand2noteguide.com\/hand2note-4-getting-started\/","og_site_name":"Hand2Note Guide","article_modified_time":"2026-02-21T11:04:02+00:00","og_image":[{"width":1590,"height":989,"url":"https:\/\/hand2noteguide.com\/wp-content\/uploads\/2025\/04\/h2n-1-min.webp","type":"image\/webp"}],"twitter_card":"summary_large_image","twitter_misc":{"Est. reading time":"4 minutes"},"schema":{"@context":"https:\/\/schema.org","@graph":[]}},"jetpack_sharing_enabled":true,"_links":{"self":[{"href":"https:\/\/hand2noteguide.com\/es\/wp-json\/wp\/v2\/pages\/6879","targetHints":{"allow":["GET"]}}],"collection":[{"href":"https:\/\/hand2noteguide.com\/es\/wp-json\/wp\/v2\/pages"}],"about":[{"href":"https:\/\/hand2noteguide.com\/es\/wp-json\/wp\/v2\/types\/page"}],"author":[{"embeddable":true,"href":"https:\/\/hand2noteguide.com\/es\/wp-json\/wp\/v2\/users\/1"}],"replies":[{"embeddable":true,"href":"https:\/\/hand2noteguide.com\/es\/wp-json\/wp\/v2\/comments?post=6879"}],"version-history":[{"count":84,"href":"https:\/\/hand2noteguide.com\/es\/wp-json\/wp\/v2\/pages\/6879\/revisions"}],"predecessor-version":[{"id":13434,"href":"https:\/\/hand2noteguide.com\/es\/wp-json\/wp\/v2\/pages\/6879\/revisions\/13434"}],"wp:featuredmedia":[{"embeddable":true,"href":"https:\/\/hand2noteguide.com\/es\/wp-json\/wp\/v2\/media\/10163"}],"wp:attachment":[{"href":"https:\/\/hand2noteguide.com\/es\/wp-json\/wp\/v2\/media?parent=6879"}],"curies":[{"name":"wp","href":"https:\/\/api.w.org\/{rel}","templated":true}]}}