{"id":700,"date":"2019-05-20T23:55:24","date_gmt":"2019-05-20T20:55:24","guid":{"rendered":"https:\/\/h2n312.wordpress.com\/?page_id=700"},"modified":"2025-06-04T17:48:11","modified_gmt":"2025-06-04T14:48:11","slug":"trial","status":"publish","type":"page","link":"https:\/\/hand2noteguide.com\/es\/trial\/","title":{"rendered":"Prueba gratuita"},"content":{"rendered":"<p>Per\u00edodo de prueba gratuito de 30 d\u00edas para salas europeas y americanas se activa autom\u00e1ticamente justo despu\u00e9s del primer lanzamiento de Hand2Note. Una prueba separada de 14 d\u00edas para <a href=\"https:\/\/hand2noteguide.com\/es\/asian\/\">salas asi\u00e1ticas<\/a> tambi\u00e9n se activa autom\u00e1ticamente cuando inicias el emulador por primera vez.<\/p>\n<p><img loading=\"lazy\" decoding=\"async\" class=\"alignnone size-full wp-image-1611\" src=\"https:\/\/hand2noteguide.com\/wp-content\/uploads\/2019\/07\/hand2note-trial.png\" alt=\"hand2note trial\" width=\"423\" height=\"92\" srcset=\"https:\/\/hand2noteguide.com\/wp-content\/uploads\/2019\/07\/hand2note-trial.png 423w, https:\/\/hand2noteguide.com\/wp-content\/uploads\/2019\/07\/hand2note-trial-300x65.png 300w\" sizes=\"auto, (max-width: 423px) 100vw, 423px\" \/><\/p>\n<p>Durante el per\u00edodo de prueba, puedes utilizar todas las funciones del programa (excepto&nbsp;<a href=\"https:\/\/hand2noteguide.com\/es\/guide\/range-research\/\">Range Research<\/a>&nbsp;y&nbsp;<a href=\"https:\/\/hand2noteguide.com\/es\/guide\/decision-analysis\/\">Decision Analysis<\/a>) para jugar en cualquier nivel de apuestas de forma gratuita.<\/p>\n<p>Si deseas probar Hand2Note en una de las aplicaciones chinas, pero la activaci\u00f3n de la prueba por alguna raz\u00f3n no funciona, <a href=\"https:\/\/hand2noteguide.com\/es\/contact-us\/\">cont\u00e1ctanos<\/a>, te proporcionaremos 3 d\u00edas gratis de suscripci\u00f3n PRO para que puedas probar el software.<\/p>\n<p>Si la prueba ha terminado, puedes continuar usando Hand2Note en modo gratuito o comprar una suscripci\u00f3n. Consulta <a href=\"https:\/\/hand2noteguide.com\/es\/guide\/choose-subscription\/\">qu\u00e9 opci\u00f3n de suscripci\u00f3n es adecuada para ti<\/a>.<\/p>\n","protected":false},"excerpt":{"rendered":"<p>Per\u00edodo de prueba gratuito de 30 d\u00edas para salas europeas y americanas se activa autom\u00e1ticamente justo despu\u00e9s del primer lanzamiento de Hand2Note. Una prueba separada de 14 d\u00edas para salas asi\u00e1ticas tambi\u00e9n se activa autom\u00e1ticamente cuando inicias el emulador por primera vez. Durante el per\u00edodo de prueba, puedes utilizar todas las funciones del programa (excepto&nbsp;Range &hellip; <a href=\"https:\/\/hand2noteguide.com\/es\/trial\/\" class=\"more-link\">Continue reading <span class=\"screen-reader-text\">Prueba gratuita<\/span><\/a><\/p>\n","protected":false},"author":1,"featured_media":0,"parent":0,"menu_order":0,"comment_status":"closed","ping_status":"closed","template":"page-templates\/full-width-page.php","meta":{"footnotes":""},"class_list":["post-700","page","type-page","status-publish","hentry"],"translation":{"provider":"WPGlobus","version":"3.0.2","language":"es","enabled_languages":["en","ru","pt","zh","es","fr","de","it","ja"],"languages":{"en":{"title":true,"content":true,"excerpt":false},"ru":{"title":true,"content":true,"excerpt":false},"pt":{"title":true,"content":true,"excerpt":false},"zh":{"title":true,"content":true,"excerpt":false},"es":{"title":true,"content":true,"excerpt":false},"fr":{"title":true,"content":true,"excerpt":false},"de":{"title":true,"content":true,"excerpt":false},"it":{"title":true,"content":true,"excerpt":false},"ja":{"title":true,"content":true,"excerpt":false}}},"yoast_head":"<!-- This site is optimized with the Yoast SEO plugin v27.0 - https:\/\/yoast.com\/product\/yoast-seo-wordpress\/ -->\n<title>Prueba Hand2Note 3: Per\u00edodo de Prueba Gratuito<\/title>\n<meta name=\"description\" content=\"La prueba de Hand2Note deber\u00eda activarse autom\u00e1ticamente despu\u00e9s del primer lanzamiento. Si esto no funciona, cont\u00e1ctanos, te proporcionaremos 3 d\u00edas de suscripci\u00f3n gratis.\" \/>\n<meta name=\"robots\" content=\"index, follow, max-snippet:-1, max-image-preview:large, max-video-preview:-1\" \/>\n<link rel=\"canonical\" href=\"https:\/\/hand2noteguide.com\/trial\/\" \/>\n<meta property=\"og:locale\" content=\"es_ES\" \/>\n<meta property=\"og:type\" content=\"article\" \/>\n<meta property=\"og:title\" content=\"Prueba Hand2Note 3: Per\u00edodo de Prueba Gratuito\" \/>\n<meta property=\"og:description\" content=\"La prueba de Hand2Note deber\u00eda activarse autom\u00e1ticamente despu\u00e9s del primer lanzamiento. Si esto no funciona, cont\u00e1ctanos, te proporcionaremos 3 d\u00edas de suscripci\u00f3n gratis.\" \/>\n<meta property=\"og:url\" content=\"https:\/\/hand2noteguide.com\/trial\/\" \/>\n<meta property=\"og:site_name\" content=\"Hand2Note Guide\" \/>\n<meta property=\"article:modified_time\" content=\"2025-06-04T14:48:11+00:00\" \/>\n<meta property=\"og:image\" content=\"https:\/\/hand2noteguide.com\/wp-content\/uploads\/2019\/07\/hand2note-trial.png\" \/>\n<meta name=\"twitter:card\" content=\"summary_large_image\" \/>\n<meta name=\"twitter:label1\" content=\"Est. reading time\" \/>\n\t<meta name=\"twitter:data1\" content=\"4 minutes\" \/>\n<!-- \/ Yoast SEO plugin. -->","yoast_head_json":{"title":"Prueba Hand2Note 3: Per\u00edodo de Prueba Gratuito","description":"La prueba de Hand2Note deber\u00eda activarse autom\u00e1ticamente despu\u00e9s del primer lanzamiento. Si esto no funciona, cont\u00e1ctanos, te proporcionaremos 3 d\u00edas de suscripci\u00f3n gratis.","robots":{"index":"index","follow":"follow","max-snippet":"max-snippet:-1","max-image-preview":"max-image-preview:large","max-video-preview":"max-video-preview:-1"},"canonical":"https:\/\/hand2noteguide.com\/trial\/","og_locale":"es_ES","og_type":"article","og_title":"Prueba Hand2Note 3: Per\u00edodo de Prueba Gratuito","og_description":"La prueba de Hand2Note deber\u00eda activarse autom\u00e1ticamente despu\u00e9s del primer lanzamiento. Si esto no funciona, cont\u00e1ctanos, te proporcionaremos 3 d\u00edas de suscripci\u00f3n gratis.","og_url":"https:\/\/hand2noteguide.com\/trial\/","og_site_name":"Hand2Note Guide","article_modified_time":"2025-06-04T14:48:11+00:00","og_image":[{"url":"https:\/\/hand2noteguide.com\/wp-content\/uploads\/2019\/07\/hand2note-trial.png","type":"","width":"","height":""}],"twitter_card":"summary_large_image","twitter_misc":{"Est. reading time":"4 minutes"},"schema":{"@context":"https:\/\/schema.org","@graph":[]}},"jetpack_sharing_enabled":false,"_links":{"self":[{"href":"https:\/\/hand2noteguide.com\/es\/wp-json\/wp\/v2\/pages\/700","targetHints":{"allow":["GET"]}}],"collection":[{"href":"https:\/\/hand2noteguide.com\/es\/wp-json\/wp\/v2\/pages"}],"about":[{"href":"https:\/\/hand2noteguide.com\/es\/wp-json\/wp\/v2\/types\/page"}],"author":[{"embeddable":true,"href":"https:\/\/hand2noteguide.com\/es\/wp-json\/wp\/v2\/users\/1"}],"replies":[{"embeddable":true,"href":"https:\/\/hand2noteguide.com\/es\/wp-json\/wp\/v2\/comments?post=700"}],"version-history":[{"count":24,"href":"https:\/\/hand2noteguide.com\/es\/wp-json\/wp\/v2\/pages\/700\/revisions"}],"predecessor-version":[{"id":13517,"href":"https:\/\/hand2noteguide.com\/es\/wp-json\/wp\/v2\/pages\/700\/revisions\/13517"}],"wp:attachment":[{"href":"https:\/\/hand2noteguide.com\/es\/wp-json\/wp\/v2\/media?parent=700"}],"curies":[{"name":"wp","href":"https:\/\/api.w.org\/{rel}","templated":true}]}}