{"id":7017,"date":"2024-06-19T22:08:18","date_gmt":"2024-06-19T19:08:18","guid":{"rendered":"https:\/\/hand2noteguide.com\/?page_id=7017"},"modified":"2026-02-20T13:34:02","modified_gmt":"2026-02-20T10:34:02","slug":"poker","status":"publish","type":"page","link":"https:\/\/hand2noteguide.com\/es\/poker\/","title":{"rendered":"Gu\u00eda de Poker: Fundamentos, Estrategia y Herramientas"},"content":{"rendered":"\nEsta p\u00e1gina est\u00e1 codificada, por lo que no se necesita texto aqu\u00ed.\n\n\n\n<p><\/p>\n","protected":false},"excerpt":{"rendered":"<p>Esta p\u00e1gina est\u00e1 codificada, por lo que no se necesita texto aqu\u00ed.<\/p>\n","protected":false},"author":1,"featured_media":0,"parent":0,"menu_order":0,"comment_status":"closed","ping_status":"closed","template":"page-templates\/full-width-page.php","meta":{"footnotes":""},"class_list":["post-7017","page","type-page","status-publish","hentry"],"translation":{"provider":"WPGlobus","version":"3.0.2","language":"es","enabled_languages":["en","ru","pt","zh","es","fr","de","it","ja"],"languages":{"en":{"title":true,"content":true,"excerpt":false},"ru":{"title":true,"content":true,"excerpt":false},"pt":{"title":true,"content":true,"excerpt":false},"zh":{"title":true,"content":true,"excerpt":false},"es":{"title":true,"content":true,"excerpt":false},"fr":{"title":true,"content":true,"excerpt":false},"de":{"title":true,"content":true,"excerpt":false},"it":{"title":true,"content":true,"excerpt":false},"ja":{"title":true,"content":true,"excerpt":false}}},"yoast_head":"<!-- This site is optimized with the Yoast SEO plugin v27.0 - https:\/\/yoast.com\/product\/yoast-seo-wordpress\/ -->\n<title>Gu\u00eda de Poker: Fundamentos, Estrategia y Herramientas<\/title>\n<meta name=\"description\" content=\"Aprende los fundamentos del poker paso a paso: reglas, clasificaciones de manos, posiciones, conceptos b\u00e1sicos de estrategia, estad\u00edsticas del HUD y conceptos de GTO explicados claramente.\" \/>\n<meta name=\"robots\" content=\"index, follow, max-snippet:-1, max-image-preview:large, max-video-preview:-1\" \/>\n<link rel=\"canonical\" href=\"https:\/\/hand2noteguide.com\/ja\/poker\/\" \/>\n<meta property=\"og:locale\" content=\"es_ES\" \/>\n<meta property=\"og:type\" content=\"article\" \/>\n<meta property=\"og:title\" content=\"Gu\u00eda de Poker: Fundamentos, Estrategia y Herramientas\" \/>\n<meta property=\"og:description\" content=\"Aprende los fundamentos del poker paso a paso: reglas, clasificaciones de manos, posiciones, conceptos b\u00e1sicos de estrategia, estad\u00edsticas del HUD y conceptos de GTO explicados claramente.\" \/>\n<meta property=\"og:url\" content=\"https:\/\/hand2noteguide.com\/ja\/poker\/\" \/>\n<meta property=\"og:site_name\" content=\"Hand2Note Guide\" \/>\n<meta property=\"article:modified_time\" content=\"2026-02-20T10:34:02+00:00\" \/>\n<meta name=\"twitter:card\" content=\"summary_large_image\" \/>\n<meta name=\"twitter:label1\" content=\"Est. reading time\" \/>\n\t<meta name=\"twitter:data1\" content=\"1 minute\" \/>\n<!-- \/ Yoast SEO plugin. -->","yoast_head_json":{"title":"Gu\u00eda de Poker: Fundamentos, Estrategia y Herramientas","description":"Aprende los fundamentos del poker paso a paso: reglas, clasificaciones de manos, posiciones, conceptos b\u00e1sicos de estrategia, estad\u00edsticas del HUD y conceptos de GTO explicados claramente.","robots":{"index":"index","follow":"follow","max-snippet":"max-snippet:-1","max-image-preview":"max-image-preview:large","max-video-preview":"max-video-preview:-1"},"canonical":"https:\/\/hand2noteguide.com\/ja\/poker\/","og_locale":"es_ES","og_type":"article","og_title":"Gu\u00eda de Poker: Fundamentos, Estrategia y Herramientas","og_description":"Aprende los fundamentos del poker paso a paso: reglas, clasificaciones de manos, posiciones, conceptos b\u00e1sicos de estrategia, estad\u00edsticas del HUD y conceptos de GTO explicados claramente.","og_url":"https:\/\/hand2noteguide.com\/ja\/poker\/","og_site_name":"Hand2Note Guide","article_modified_time":"2026-02-20T10:34:02+00:00","twitter_card":"summary_large_image","twitter_misc":{"Est. reading time":"1 minute"},"schema":{"@context":"https:\/\/schema.org","@graph":[]}},"jetpack_sharing_enabled":true,"_links":{"self":[{"href":"https:\/\/hand2noteguide.com\/es\/wp-json\/wp\/v2\/pages\/7017","targetHints":{"allow":["GET"]}}],"collection":[{"href":"https:\/\/hand2noteguide.com\/es\/wp-json\/wp\/v2\/pages"}],"about":[{"href":"https:\/\/hand2noteguide.com\/es\/wp-json\/wp\/v2\/types\/page"}],"author":[{"embeddable":true,"href":"https:\/\/hand2noteguide.com\/es\/wp-json\/wp\/v2\/users\/1"}],"replies":[{"embeddable":true,"href":"https:\/\/hand2noteguide.com\/es\/wp-json\/wp\/v2\/comments?post=7017"}],"version-history":[{"count":311,"href":"https:\/\/hand2noteguide.com\/es\/wp-json\/wp\/v2\/pages\/7017\/revisions"}],"predecessor-version":[{"id":15022,"href":"https:\/\/hand2noteguide.com\/es\/wp-json\/wp\/v2\/pages\/7017\/revisions\/15022"}],"wp:attachment":[{"href":"https:\/\/hand2noteguide.com\/es\/wp-json\/wp\/v2\/media?parent=7017"}],"curies":[{"name":"wp","href":"https:\/\/api.w.org\/{rel}","templated":true}]}}