{"id":708,"date":"2019-05-21T00:06:10","date_gmt":"2019-05-20T21:06:10","guid":{"rendered":"https:\/\/h2n312.wordpress.com\/?page_id=708"},"modified":"2025-06-04T17:47:23","modified_gmt":"2025-06-04T14:47:23","slug":"choose-subscription","status":"publish","type":"page","link":"https:\/\/hand2noteguide.com\/es\/guide\/choose-subscription\/","title":{"rendered":"\u00bfQu\u00e9 plan de suscripci\u00f3n es adecuado para m\u00ed?"},"content":{"rendered":"<p>La elecci\u00f3n de la suscripci\u00f3n depende de la sala, los niveles de juego y la funcionalidad deseada.<\/p>\n<p><img loading=\"lazy\" decoding=\"async\" class=\"alignnone size-full wp-image-1488\" src=\"https:\/\/hand2noteguide.com\/wp-content\/uploads\/2019\/07\/hand2note-subscriptions.png\" alt=\"hand2note subscriptions\" width=\"486\" height=\"104\" srcset=\"https:\/\/hand2noteguide.com\/wp-content\/uploads\/2019\/07\/hand2note-subscriptions.png 486w, https:\/\/hand2noteguide.com\/wp-content\/uploads\/2019\/07\/hand2note-subscriptions-300x64.png 300w\" sizes=\"auto, (max-width: 486px) 100vw, 486px\" \/><\/p>\n<h3>Salas Europeas y Americanas<\/h3>\n<p>Hand2Note es totalmente gratuito para niveles de hasta NL25 y torneos con buy-ins de hasta $9. En este caso, no necesitas una suscripci\u00f3n. Cuando el <a href=\"https:\/\/hand2noteguide.com\/es\/trial\/\">per\u00edodo de prueba<\/a> termina, el programa simplemente pasa a un modo gratuito, no necesitas hacer nada.<\/p>\n<p>Si juegas en niveles superiores a NL25, puedes comprar una suscripci\u00f3n aqu\u00ed: <a href=\"http:\/\/www.hand2note.com\/Purchase\" target=\"_blank\" rel=\"noopener noreferrer\">http:\/\/www.hand2note.com\/Purchase<\/a>. Usa el c\u00f3digo promocional GUIDE10 para obtener un 10% de descuento y <a href=\"https:\/\/hand2noteguide.com\/es\/promo\/\">otros bonos<\/a>.<\/p>\n<p>Puedes elegir la mejor opci\u00f3n para tus niveles de juego. Ten en cuenta que las funciones de <a href=\"https:\/\/hand2noteguide.com\/es\/guide\/range-research\/\">Range Research<\/a> y\u00a0<a href=\"https:\/\/hand2noteguide.com\/es\/guide\/decision-analysis\/\">Decision Analysis<\/a> solo est\u00e1n disponibles en la versi\u00f3n EDGE. Por lo tanto, incluso si juegas en niveles bajos, pero deseas usar estas funciones, necesitas adquirir EDGE.<\/p>\n<h3>Salas Asi\u00e1ticas<\/h3>\n<p>No hay una versi\u00f3n gratuita de Hand2Note para <a href=\"https:\/\/hand2noteguide.com\/es\/asian\/\">aplicaciones chinas<\/a>. Despu\u00e9s del final del <a href=\"https:\/\/hand2noteguide.com\/es\/trial\/\">per\u00edodo de prueba<\/a>, necesitas comprar una suscripci\u00f3n especial para continuar usando el programa: <a href=\"http:\/\/www.hand2note.com\/Purchase#poker-master-subscription\" target=\"_blank\" rel=\"noopener noreferrer\">http:\/\/www.hand2note.com\/Purchase#poker-master-subscription<\/a>. Usa el c\u00f3digo promocional GUIDE10 al comprar para obtener un 10% de descuento y <a href=\"https:\/\/hand2noteguide.com\/es\/promo\/\">otros beneficios<\/a>.<\/p>\n<p>Ten en cuenta que el HUD posicional y din\u00e1mico no funcionan en la versi\u00f3n STANDARD, y tampoco hay posibilidad de capturar manos en modo observador (debes sentarte en la mesa para que las manos puedan ser recopiladas). Esas caracter\u00edsticas solo est\u00e1n disponibles en la versi\u00f3n HYPER.<\/p>\n<p>Si juegas solo en salas asi\u00e1ticas, no necesitas una suscripci\u00f3n regular. Sin embargo, si deseas usar <a href=\"https:\/\/hand2noteguide.com\/es\/guide\/range-research\/\">Range Research<\/a> o\u00a0<a href=\"https:\/\/hand2noteguide.com\/es\/guide\/decision-analysis\/\">Decision Analysis<\/a>, necesitas adquirir adicionalmente la versi\u00f3n EDGE.<\/p>\n","protected":false},"excerpt":{"rendered":"<p>La elecci\u00f3n de la suscripci\u00f3n depende de la sala, los niveles de juego y la funcionalidad deseada. Salas Europeas y Americanas Hand2Note es totalmente gratuito para niveles de hasta NL25 y torneos con buy-ins de hasta $9. En este caso, no necesitas una suscripci\u00f3n. Cuando el per\u00edodo de prueba termina, el programa simplemente pasa a &hellip; <a href=\"https:\/\/hand2noteguide.com\/es\/guide\/choose-subscription\/\" class=\"more-link\">Continue reading <span class=\"screen-reader-text\">\u00bfQu\u00e9 plan de suscripci\u00f3n es adecuado para m\u00ed?<\/span><\/a><\/p>\n","protected":false},"author":1,"featured_media":0,"parent":74,"menu_order":0,"comment_status":"closed","ping_status":"closed","template":"page-templates\/full-width-page.php","meta":{"footnotes":""},"class_list":["post-708","page","type-page","status-publish","hentry"],"translation":{"provider":"WPGlobus","version":"3.0.2","language":"es","enabled_languages":["en","ru","pt","zh","es","fr","de","it","ja"],"languages":{"en":{"title":true,"content":true,"excerpt":false},"ru":{"title":true,"content":true,"excerpt":false},"pt":{"title":true,"content":true,"excerpt":false},"zh":{"title":true,"content":true,"excerpt":false},"es":{"title":true,"content":true,"excerpt":false},"fr":{"title":true,"content":true,"excerpt":false},"de":{"title":true,"content":true,"excerpt":false},"it":{"title":true,"content":true,"excerpt":false},"ja":{"title":true,"content":true,"excerpt":false}}},"yoast_head":"<!-- This site is optimized with the Yoast SEO plugin v27.0 - https:\/\/yoast.com\/product\/yoast-seo-wordpress\/ -->\n<title>Eligiendo el Plan de Suscripci\u00f3n Correcto de Hand2Note<\/title>\n<meta name=\"description\" content=\"Descubre qu\u00e9 suscripci\u00f3n de Hand2Note se adapta a tus necesidades de p\u00f3ker. Compara caracter\u00edsticas para salas europeas, americanas y asi\u00e1ticas para mejorar tu juego.\" \/>\n<meta name=\"robots\" content=\"index, follow, max-snippet:-1, max-image-preview:large, max-video-preview:-1\" \/>\n<link rel=\"canonical\" href=\"https:\/\/hand2noteguide.com\/it\/guide\/choose-subscription\/\" \/>\n<meta property=\"og:locale\" content=\"es_ES\" \/>\n<meta property=\"og:type\" content=\"article\" \/>\n<meta property=\"og:title\" content=\"Eligiendo el Plan de Suscripci\u00f3n Correcto de Hand2Note\" \/>\n<meta property=\"og:description\" content=\"Descubre qu\u00e9 suscripci\u00f3n de Hand2Note se adapta a tus necesidades de p\u00f3ker. Compara caracter\u00edsticas para salas europeas, americanas y asi\u00e1ticas para mejorar tu juego.\" \/>\n<meta property=\"og:url\" content=\"https:\/\/hand2noteguide.com\/it\/guide\/choose-subscription\/\" \/>\n<meta property=\"og:site_name\" content=\"Hand2Note Guide\" \/>\n<meta property=\"article:modified_time\" content=\"2025-06-04T14:47:23+00:00\" \/>\n<meta property=\"og:image\" content=\"https:\/\/hand2noteguide.com\/wp-content\/uploads\/2019\/07\/hand2note-subscriptions.png\" \/>\n<meta name=\"twitter:card\" content=\"summary_large_image\" \/>\n<meta name=\"twitter:label1\" content=\"Est. reading time\" \/>\n\t<meta name=\"twitter:data1\" content=\"9 minutes\" \/>\n<!-- \/ Yoast SEO plugin. -->","yoast_head_json":{"title":"Eligiendo el Plan de Suscripci\u00f3n Correcto de Hand2Note","description":"Descubre qu\u00e9 suscripci\u00f3n de Hand2Note se adapta a tus necesidades de p\u00f3ker. Compara caracter\u00edsticas para salas europeas, americanas y asi\u00e1ticas para mejorar tu juego.","robots":{"index":"index","follow":"follow","max-snippet":"max-snippet:-1","max-image-preview":"max-image-preview:large","max-video-preview":"max-video-preview:-1"},"canonical":"https:\/\/hand2noteguide.com\/it\/guide\/choose-subscription\/","og_locale":"es_ES","og_type":"article","og_title":"Eligiendo el Plan de Suscripci\u00f3n Correcto de Hand2Note","og_description":"Descubre qu\u00e9 suscripci\u00f3n de Hand2Note se adapta a tus necesidades de p\u00f3ker. Compara caracter\u00edsticas para salas europeas, americanas y asi\u00e1ticas para mejorar tu juego.","og_url":"https:\/\/hand2noteguide.com\/it\/guide\/choose-subscription\/","og_site_name":"Hand2Note Guide","article_modified_time":"2025-06-04T14:47:23+00:00","og_image":[{"url":"https:\/\/hand2noteguide.com\/wp-content\/uploads\/2019\/07\/hand2note-subscriptions.png","type":"","width":"","height":""}],"twitter_card":"summary_large_image","twitter_misc":{"Est. reading time":"9 minutes"},"schema":{"@context":"https:\/\/schema.org","@graph":[]}},"jetpack_sharing_enabled":false,"_links":{"self":[{"href":"https:\/\/hand2noteguide.com\/es\/wp-json\/wp\/v2\/pages\/708","targetHints":{"allow":["GET"]}}],"collection":[{"href":"https:\/\/hand2noteguide.com\/es\/wp-json\/wp\/v2\/pages"}],"about":[{"href":"https:\/\/hand2noteguide.com\/es\/wp-json\/wp\/v2\/types\/page"}],"author":[{"embeddable":true,"href":"https:\/\/hand2noteguide.com\/es\/wp-json\/wp\/v2\/users\/1"}],"replies":[{"embeddable":true,"href":"https:\/\/hand2noteguide.com\/es\/wp-json\/wp\/v2\/comments?post=708"}],"version-history":[{"count":18,"href":"https:\/\/hand2noteguide.com\/es\/wp-json\/wp\/v2\/pages\/708\/revisions"}],"predecessor-version":[{"id":13516,"href":"https:\/\/hand2noteguide.com\/es\/wp-json\/wp\/v2\/pages\/708\/revisions\/13516"}],"up":[{"embeddable":true,"href":"https:\/\/hand2noteguide.com\/es\/wp-json\/wp\/v2\/pages\/74"}],"wp:attachment":[{"href":"https:\/\/hand2noteguide.com\/es\/wp-json\/wp\/v2\/media?parent=708"}],"curies":[{"name":"wp","href":"https:\/\/api.w.org\/{rel}","templated":true}]}}