{"id":71,"date":"2018-07-30T00:35:21","date_gmt":"2018-07-29T21:35:21","guid":{"rendered":"https:\/\/h2n312.wordpress.com\/?page_id=71"},"modified":"2025-06-04T19:22:41","modified_gmt":"2025-06-04T16:22:41","slug":"asian","status":"publish","type":"page","link":"https:\/\/hand2noteguide.com\/es\/asian\/","title":{"rendered":"El Mejor HUD de Poker para Aplicaciones Asi\u00e1ticas"},"content":{"rendered":"\n<p>Las aplicaciones m\u00f3viles chinas son una nueva tendencia en el poker online. El campo de jugadores muy d\u00e9bil y la disponibilidad constante del juego en cualquier nivel de apuestas atraen a m\u00e1s y m\u00e1s regulares de las salas europeas. El juego en China es m\u00e1s r\u00e1pido, m\u00e1s suelto y m\u00e1s dispersivo, pero las tasas de ganancia de los jugadores regulares son mucho m\u00e1s altas.<\/p>\n\n\n\n<div class=\"wp-block-buttons h2n-buttons-block\">\n<div class=\"wp-block-button\"><a class=\"wp-block-button__link has-text-color has-background\" href=\"https:\/\/hand2note.com\/es\/\" style=\"background-color:#2abb68;color:#ffffff\" target=\"_blank\" rel=\"noreferrer noopener\"><span style=\"font-size:22px\">Consigue Hand2Note Asia HUD<\/span><br><span style=\"font-size:12px;font-weight:normal\">PokerBros, PPPoker, RedDragon y muchas otras aplicaciones<\/span><\/a><\/div>\n<\/div>\n\n\n\n<div class=\"green-block\"><p style=\"margin-bottom:0\">Si quieres empezar a usar Hand2Note, echa un vistazo a nuestra oferta de <a href=\"https:\/\/hand2noteguide.com\/es\/starter-pack\/\">paquete de inicio de Hand2Note<\/a>. Contiene una licencia PRO anual, HUD avanzado, curso completo en video y soporte personal.<\/p><\/div>\n\n\n\n<p>Obviamente, puedes usar tu tel\u00e9fono para jugar en estas aplicaciones. Pero tambi\u00e9n es posible usar un software especial de emulador de Android para jugar en una PC. Puedes usar Hand2Note HUD en emuladores de la misma manera que lo haces en mesas regulares en salas cl\u00e1sicas.<\/p>\n\n\n\n<figure class=\"wp-block-image\"><img loading=\"lazy\" decoding=\"async\" width=\"1024\" height=\"682\" src=\"https:\/\/hand2noteguide.com\/wp-content\/uploads\/2020\/03\/hand2note-pokermaster-1024x682.png\" alt=\"hand2note pokermaster\" class=\"wp-image-2029\" srcset=\"https:\/\/hand2noteguide.com\/wp-content\/uploads\/2020\/03\/hand2note-pokermaster-1024x682.png 1024w, https:\/\/hand2noteguide.com\/wp-content\/uploads\/2020\/03\/hand2note-pokermaster-300x200.png 300w, https:\/\/hand2noteguide.com\/wp-content\/uploads\/2020\/03\/hand2note-pokermaster-768x511.png 768w, https:\/\/hand2noteguide.com\/wp-content\/uploads\/2020\/03\/hand2note-pokermaster-772x514.png 772w, https:\/\/hand2noteguide.com\/wp-content\/uploads\/2020\/03\/hand2note-pokermaster-624x416.png 624w, https:\/\/hand2noteguide.com\/wp-content\/uploads\/2020\/03\/hand2note-pokermaster.png 1389w\" sizes=\"auto, (max-width: 1024px) 100vw, 1024px\" \/><figcaption class=\"wp-element-caption\">Juega en aplicaciones asi\u00e1ticas con Hand2Note HUD<\/figcaption><\/figure>\n\n\n\n<p>El registro en salas chinas est\u00e1 disponible solo a trav\u00e9s de afiliados especiales. <a href=\"https:\/\/hand2noteguide.com\/es\/contact-us\/\">Cont\u00e1ctanos<\/a> para m\u00e1s informaci\u00f3n.<\/p>\n\n\n\n<h2 class=\"wp-block-heading\">\u00bfQu\u00e9 aplicaciones son compatibles?<\/h2>\n\n\n\n<p>La lista puede actualizarse con nuevas salas o reducirse temporalmente debido a actualizaciones de algunas aplicaciones. Siempre puedes verificar la informaci\u00f3n actual en tu sala con el <a href=\"https:\/\/hand2noteguide.com\/es\/hand2note-official-support\/\">servicio de soporte<\/a>.<\/p>\n\n\n\n<ul class=\"wp-block-list\">\n<li>PokerKing<\/li>\n\n\n\n<li><a href=\"https:\/\/hand2noteguide.com\/es\/pokerbros-hud\/\">PokerBros<\/a><\/li>\n\n\n\n<li>Molly\u2019s Game (ex. PokerKingdom)<\/li>\n\n\n\n<li><a href=\"https:\/\/hand2noteguide.com\/es\/pppoker-hud\/\">PPPoker<\/a><\/li>\n\n\n\n<li>KKpoker<\/li>\n\n\n\n<li><a href=\"https:\/\/hand2noteguide.com\/es\/coinpoker-hud\/\">CoinPoker<\/a><\/li>\n\n\n\n<li>PokerCommunity<\/li>\n\n\n\n<li>FishPoker<\/li>\n\n\n\n<li>Tribal Pioneer (ex. PokerClans)<\/li>\n\n\n\n<li>RedDragon<\/li>\n\n\n\n<li>RealPoker (ex. 1pokerstars)<\/li>\n\n\n\n<li>AllinPoker<\/li>\n\n\n\n<li>Bingo (ex. HiTea)<\/li>\n\n\n\n<li>UPoker<\/li>\n\n\n\n<li>WePoker<\/li>\n\n\n\n<li>PokerTime<\/li>\n<\/ul>\n\n\n\n<figure class=\"wp-block-image size-large\"><img loading=\"lazy\" decoding=\"async\" width=\"416\" height=\"765\" src=\"https:\/\/hand2noteguide.com\/wp-content\/uploads\/2020\/07\/pokerbros.png\" alt=\"\" class=\"wp-image-2923\" srcset=\"https:\/\/hand2noteguide.com\/wp-content\/uploads\/2020\/07\/pokerbros.png 416w, https:\/\/hand2noteguide.com\/wp-content\/uploads\/2020\/07\/pokerbros-163x300.png 163w, https:\/\/hand2noteguide.com\/wp-content\/uploads\/2020\/07\/pokerbros-339x624.png 339w\" sizes=\"auto, (max-width: 416px) 100vw, 416px\" \/><figcaption class=\"wp-element-caption\">Puedes usar el <a href=\"https:\/\/hand2noteguide.com\/es\/pokerbros-hud\/\">HUD en PokerBros<\/a> y otras aplicaciones compatibles<\/figcaption><\/figure>\n\n\n\n<h2 class=\"wp-block-heading\">\u00bfC\u00f3mo configurar todo?<\/h2>\n\n\n\n<p><a href=\"https:\/\/hand2noteguide.com\/es\/basic-setup\/\">Comenzar con Hand2Note<\/a> en aplicaciones chinas es muy f\u00e1cil. Solo necesitas ejecutar Hand2Note y la mesa de poker en una de las salas compatibles al mismo tiempo. El HUD aparecer\u00e1 autom\u00e1ticamente y las manos comenzar\u00e1n a guardarse en la base de datos. Si es necesario, puedes ejecutar varios emuladores. Hand2Note mostrar\u00e1 el HUD en todas las mesas en ejecuci\u00f3n.<\/p>\n\n\n\n<p>Por defecto, Hand2Note muestra un HUD est\u00e1ndar, que consiste en las estad\u00edsticas m\u00e1s simples: VPIP, PFR y el n\u00famero de manos. Si esto no es suficiente para ti, puedes <a href=\"https:\/\/hand2noteguide.com\/es\/hand2note-hud\/\">crear o comprar un HUD m\u00e1s complejo y popups<\/a>.<\/p>\n\n\n\n<figure class=\"wp-block-image size-large\"><img loading=\"lazy\" decoding=\"async\" width=\"1024\" height=\"660\" src=\"https:\/\/hand2noteguide.com\/wp-content\/uploads\/2020\/07\/hand2note-asian-hud-1024x660.png\" alt=\"\" class=\"wp-image-3285\" srcset=\"https:\/\/hand2noteguide.com\/wp-content\/uploads\/2020\/07\/hand2note-asian-hud-1024x660.png 1024w, https:\/\/hand2noteguide.com\/wp-content\/uploads\/2020\/07\/hand2note-asian-hud-300x193.png 300w, https:\/\/hand2noteguide.com\/wp-content\/uploads\/2020\/07\/hand2note-asian-hud-768x495.png 768w, https:\/\/hand2noteguide.com\/wp-content\/uploads\/2020\/07\/hand2note-asian-hud-772x498.png 772w, https:\/\/hand2noteguide.com\/wp-content\/uploads\/2020\/07\/hand2note-asian-hud-624x402.png 624w, https:\/\/hand2noteguide.com\/wp-content\/uploads\/2020\/07\/hand2note-asian-hud.png 1027w\" sizes=\"auto, (max-width: 1024px) 100vw, 1024px\" \/><figcaption class=\"wp-element-caption\">Ejemplo de popup avanzado. Esto es parte del paquete <a href=\"https:\/\/hand2noteguide.com\/es\/hud-store\/#package_venom_straddle\">Venom Straddle<\/a> de nuestra tienda.<\/figcaption><\/figure>\n","protected":false},"excerpt":{"rendered":"<p>Instructions for using Hand2Note in Chinese applications, resolving issues with the lack of HUD at the tables<\/p>\n","protected":false},"author":1,"featured_media":0,"parent":0,"menu_order":3,"comment_status":"closed","ping_status":"closed","template":"page-templates\/full-width-page.php","meta":{"footnotes":""},"class_list":["post-71","page","type-page","status-publish","hentry"],"translation":{"provider":"WPGlobus","version":"3.0.2","language":"es","enabled_languages":["en","ru","pt","zh","es","fr","de","it","ja"],"languages":{"en":{"title":true,"content":true,"excerpt":true},"ru":{"title":true,"content":true,"excerpt":true},"pt":{"title":true,"content":true,"excerpt":false},"zh":{"title":true,"content":true,"excerpt":true},"es":{"title":true,"content":true,"excerpt":false},"fr":{"title":true,"content":true,"excerpt":false},"de":{"title":true,"content":true,"excerpt":false},"it":{"title":true,"content":true,"excerpt":false},"ja":{"title":true,"content":true,"excerpt":false}}},"yoast_head":"<!-- This site is optimized with the Yoast SEO plugin v27.0 - https:\/\/yoast.com\/product\/yoast-seo-wordpress\/ -->\n<title>El Mejor HUD de Poker para Aplicaciones M\u00f3viles (PPPoker, PokerBros, CoinPoker, ...)<\/title>\n<meta name=\"description\" content=\"Juega en aplicaciones asi\u00e1ticas con Hand2Note, el mejor software de seguimiento de poker del mercado. Utiliza un HUD avanzado y preciso, junto con otras funciones.\" \/>\n<meta name=\"robots\" content=\"index, follow, max-snippet:-1, max-image-preview:large, max-video-preview:-1\" \/>\n<link rel=\"canonical\" href=\"https:\/\/hand2noteguide.com\/asian\/\" \/>\n<meta property=\"og:locale\" content=\"es_ES\" \/>\n<meta property=\"og:type\" content=\"article\" \/>\n<meta property=\"og:title\" content=\"El Mejor HUD de Poker para Aplicaciones M\u00f3viles (PPPoker, PokerBros, CoinPoker, ...)\" \/>\n<meta property=\"og:description\" content=\"Juega en aplicaciones asi\u00e1ticas con Hand2Note, el mejor software de seguimiento de poker del mercado. Utiliza un HUD avanzado y preciso, junto con otras funciones.\" \/>\n<meta property=\"og:url\" content=\"https:\/\/hand2noteguide.com\/asian\/\" \/>\n<meta property=\"og:site_name\" content=\"Hand2Note Guide\" \/>\n<meta property=\"article:modified_time\" content=\"2025-06-04T16:22:41+00:00\" \/>\n<meta property=\"og:image\" content=\"https:\/\/hand2noteguide.com\/wp-content\/uploads\/2020\/03\/hand2note-pokermaster-1024x682.png\" \/>\n<meta name=\"twitter:card\" content=\"summary_large_image\" \/>\n<meta name=\"twitter:label1\" content=\"Est. reading time\" \/>\n\t<meta name=\"twitter:data1\" content=\"13 minutes\" \/>\n<!-- \/ Yoast SEO plugin. -->","yoast_head_json":{"title":"El Mejor HUD de Poker para Aplicaciones M\u00f3viles (PPPoker, PokerBros, CoinPoker, ...)","description":"Juega en aplicaciones asi\u00e1ticas con Hand2Note, el mejor software de seguimiento de poker del mercado. Utiliza un HUD avanzado y preciso, junto con otras funciones.","robots":{"index":"index","follow":"follow","max-snippet":"max-snippet:-1","max-image-preview":"max-image-preview:large","max-video-preview":"max-video-preview:-1"},"canonical":"https:\/\/hand2noteguide.com\/asian\/","og_locale":"es_ES","og_type":"article","og_title":"El Mejor HUD de Poker para Aplicaciones M\u00f3viles (PPPoker, PokerBros, CoinPoker, ...)","og_description":"Juega en aplicaciones asi\u00e1ticas con Hand2Note, el mejor software de seguimiento de poker del mercado. Utiliza un HUD avanzado y preciso, junto con otras funciones.","og_url":"https:\/\/hand2noteguide.com\/asian\/","og_site_name":"Hand2Note Guide","article_modified_time":"2025-06-04T16:22:41+00:00","og_image":[{"url":"https:\/\/hand2noteguide.com\/wp-content\/uploads\/2020\/03\/hand2note-pokermaster-1024x682.png","type":"","width":"","height":""}],"twitter_card":"summary_large_image","twitter_misc":{"Est. reading time":"13 minutes"},"schema":{"@context":"https:\/\/schema.org","@graph":[]}},"jetpack_sharing_enabled":false,"_links":{"self":[{"href":"https:\/\/hand2noteguide.com\/es\/wp-json\/wp\/v2\/pages\/71","targetHints":{"allow":["GET"]}}],"collection":[{"href":"https:\/\/hand2noteguide.com\/es\/wp-json\/wp\/v2\/pages"}],"about":[{"href":"https:\/\/hand2noteguide.com\/es\/wp-json\/wp\/v2\/types\/page"}],"author":[{"embeddable":true,"href":"https:\/\/hand2noteguide.com\/es\/wp-json\/wp\/v2\/users\/1"}],"replies":[{"embeddable":true,"href":"https:\/\/hand2noteguide.com\/es\/wp-json\/wp\/v2\/comments?post=71"}],"version-history":[{"count":71,"href":"https:\/\/hand2noteguide.com\/es\/wp-json\/wp\/v2\/pages\/71\/revisions"}],"predecessor-version":[{"id":13562,"href":"https:\/\/hand2noteguide.com\/es\/wp-json\/wp\/v2\/pages\/71\/revisions\/13562"}],"wp:attachment":[{"href":"https:\/\/hand2noteguide.com\/es\/wp-json\/wp\/v2\/media?parent=71"}],"curies":[{"name":"wp","href":"https:\/\/api.w.org\/{rel}","templated":true}]}}