{"id":7322,"date":"2024-07-02T21:28:26","date_gmt":"2024-07-02T18:28:26","guid":{"rendered":"https:\/\/hand2noteguide.com\/?page_id=7322"},"modified":"2026-03-11T20:16:29","modified_gmt":"2026-03-11T17:16:29","slug":"3bet-in-poker","status":"publish","type":"page","link":"https:\/\/hand2noteguide.com\/es\/poker\/poker-hud-stats\/3bet-in-poker\/","title":{"rendered":"El 3-bet en p\u00f3ker: la gu\u00eda completa con ejemplos"},"content":{"rendered":"\n<h2 class=\"wp-block-heading\">\u00bfQu\u00e9 es el 3-bet en p\u00f3ker?<\/h2>\n\n\n\n<p>El 3-bet en p\u00f3ker es una acci\u00f3n en la que un jugador resube la subida de un agresor inicial. Normalmente se refiere a una acci\u00f3n preflop, aunque tambi\u00e9n puede aplicarse al juego postflop. Aunque el nombre del t\u00e9rmino contiene el n\u00famero <em>3<\/em>, el tama\u00f1o del 3-bet no tiene que ser 3x. T\u00e9cnicamente puede variar desde una resubida m\u00ednima (click-3-bet) hasta un all-in (3-bet-push).<\/p>\n\n\n\n<figure class=\"wp-block-image size-large\"><img loading=\"lazy\" decoding=\"async\" width=\"1024\" height=\"576\" src=\"http:\/\/hand2noteguide.com\/wp-content\/uploads\/2024\/09\/3Bet-min-1024x576.jpg\" alt=\"3bet\" class=\"wp-image-8154\" srcset=\"https:\/\/hand2noteguide.com\/wp-content\/uploads\/2024\/09\/3Bet-min-1024x576.jpg 1024w, https:\/\/hand2noteguide.com\/wp-content\/uploads\/2024\/09\/3Bet-min-300x169.jpg 300w, https:\/\/hand2noteguide.com\/wp-content\/uploads\/2024\/09\/3Bet-min-768x432.jpg 768w, https:\/\/hand2noteguide.com\/wp-content\/uploads\/2024\/09\/3Bet-min-1536x864.jpg 1536w, https:\/\/hand2noteguide.com\/wp-content\/uploads\/2024\/09\/3Bet-min-772x434.jpg 772w, https:\/\/hand2noteguide.com\/wp-content\/uploads\/2024\/09\/3Bet-min-624x351.jpg 624w, https:\/\/hand2noteguide.com\/wp-content\/uploads\/2024\/09\/3Bet-min.jpg 1600w\" sizes=\"auto, (max-width: 1024px) 100vw, 1024px\" \/><figcaption class=\"wp-element-caption\">Ejemplo de 3-bet en p\u00f3ker: el Hero hace open raise desde la posici\u00f3n de Button y el oponente en la Small Blind realiza un 3-bet.<\/figcaption><\/figure>\n\n\n\n<h2 class=\"wp-block-heading\">Ejemplos de 3-bet<\/h2>\n\n\n\n<ol class=\"wp-block-list\">\n<li>El jugador A hace una subida a 2bb y el jugador B resube a 6bb. El jugador B ha hecho un 3-bet.<\/li>\n\n\n\n<li>El jugador A hace una subida a 2bb y el jugador B resube a 3bb. El jugador B ha hecho un click-3-bet.<\/li>\n\n\n\n<li>El jugador A hace una subida a 2bb y el jugador B resube a 100bb. El jugador B ha hecho un 3-bet-push.<\/li>\n<\/ol>\n\n\n\n<h2 class=\"wp-block-heading\">Rangos de 3-bet<\/h2>\n\n\n\n<p>Existen tres tipos generales de rango de 3-bet en p\u00f3ker:<\/p>\n\n\n\n<h3 class=\"wp-block-heading\">1. Rango de 3-bet conservador<\/h3>\n\n\n\n<p>Este rango est\u00e1 compuesto \u00fanicamente por manos premium.<\/p>\n\n\n\n<figure class=\"wp-block-image size-large is-resized\"><img loading=\"lazy\" decoding=\"async\" src=\"http:\/\/hand2noteguide.com\/wp-content\/uploads\/2024\/07\/poker-3bet-conservative-min-960x1024.png\" alt=\"rango de 3bet en p\u00f3ker\" class=\"wp-image-7324\" width=\"480\" height=\"512\" srcset=\"https:\/\/hand2noteguide.com\/wp-content\/uploads\/2024\/07\/poker-3bet-conservative-min-960x1024.png 960w, https:\/\/hand2noteguide.com\/wp-content\/uploads\/2024\/07\/poker-3bet-conservative-min-281x300.png 281w, https:\/\/hand2noteguide.com\/wp-content\/uploads\/2024\/07\/poker-3bet-conservative-min-768x819.png 768w, https:\/\/hand2noteguide.com\/wp-content\/uploads\/2024\/07\/poker-3bet-conservative-min-772x823.png 772w, https:\/\/hand2noteguide.com\/wp-content\/uploads\/2024\/07\/poker-3bet-conservative-min-585x624.png 585w, https:\/\/hand2noteguide.com\/wp-content\/uploads\/2024\/07\/poker-3bet-conservative-min.png 1080w\" sizes=\"auto, (max-width: 480px) 100vw, 480px\" \/><\/figure>\n\n\n\n<h3 class=\"wp-block-heading\">2. Rango de 3-bet combinado<\/h3>\n\n\n\n<p>El rango combinado incluye manos premium y algunas buenas manos que se pueden jugar postflop.<\/p>\n\n\n\n<figure class=\"wp-block-image size-large is-resized\"><img loading=\"lazy\" decoding=\"async\" src=\"http:\/\/hand2noteguide.com\/wp-content\/uploads\/2024\/07\/poker-3bet-merged-min-960x1024.png\" alt=\"rango combinado de 3bet en p\u00f3ker\" class=\"wp-image-7325\" width=\"480\" height=\"512\" srcset=\"https:\/\/hand2noteguide.com\/wp-content\/uploads\/2024\/07\/poker-3bet-merged-min-960x1024.png 960w, https:\/\/hand2noteguide.com\/wp-content\/uploads\/2024\/07\/poker-3bet-merged-min-281x300.png 281w, https:\/\/hand2noteguide.com\/wp-content\/uploads\/2024\/07\/poker-3bet-merged-min-768x819.png 768w, https:\/\/hand2noteguide.com\/wp-content\/uploads\/2024\/07\/poker-3bet-merged-min-772x823.png 772w, https:\/\/hand2noteguide.com\/wp-content\/uploads\/2024\/07\/poker-3bet-merged-min-585x624.png 585w, https:\/\/hand2noteguide.com\/wp-content\/uploads\/2024\/07\/poker-3bet-merged-min.png 1080w\" sizes=\"auto, (max-width: 480px) 100vw, 480px\" \/><\/figure>\n\n\n\n<h3 class=\"wp-block-heading\">3. Rango de 3-bet polarizado<\/h3>\n\n\n\n<p>Adem\u00e1s de manos premium, el rango polarizado incluye manos de farol puro.<\/p>\n\n\n\n<figure class=\"wp-block-image size-large is-resized\"><img loading=\"lazy\" decoding=\"async\" src=\"http:\/\/hand2noteguide.com\/wp-content\/uploads\/2024\/07\/poker-3bet-polarized-min-960x1024.png\" alt=\"rango polarizado de 3bet en p\u00f3ker\" class=\"wp-image-7326\" width=\"480\" height=\"512\" srcset=\"https:\/\/hand2noteguide.com\/wp-content\/uploads\/2024\/07\/poker-3bet-polarized-min-960x1024.png 960w, https:\/\/hand2noteguide.com\/wp-content\/uploads\/2024\/07\/poker-3bet-polarized-min-281x300.png 281w, https:\/\/hand2noteguide.com\/wp-content\/uploads\/2024\/07\/poker-3bet-polarized-min-768x819.png 768w, https:\/\/hand2noteguide.com\/wp-content\/uploads\/2024\/07\/poker-3bet-polarized-min-772x823.png 772w, https:\/\/hand2noteguide.com\/wp-content\/uploads\/2024\/07\/poker-3bet-polarized-min-585x624.png 585w, https:\/\/hand2noteguide.com\/wp-content\/uploads\/2024\/07\/poker-3bet-polarized-min.png 1080w\" sizes=\"auto, (max-width: 480px) 100vw, 480px\" \/><\/figure>\n\n\n\n<h2 class=\"wp-block-heading\">El prop\u00f3sito del 3-bet<\/h2>\n\n\n\n<p>En general, el objetivo del 3-bet es <strong>aumentar el tama\u00f1o del bote con manos premium<\/strong> para ganar la mayor cantidad posible de fichas. Por manos premium nos referimos al rango de JJ+, AK+ (3% de todas las manos).<\/p>\n\n\n\n<div class=\"green-block\">\n<p style=\"margin-bottom:0\">\u261d\ufe0f Sin embargo, hacer 3-bet \u00fanicamente con manos premium en el p\u00f3ker moderno est\u00e1 algo desactualizado. Simplemente porque los oponentes, al ver tu porcentaje de 3-bet, tirar\u00e1n todas sus manos, impidi\u00e9ndote extraer valor de tus manos fuertes.<\/p><\/div>\n\n\n\n<p>Por eso hoy en d\u00eda <strong>existen varias razones adicionales para usar el 3-bet:<\/strong><\/p>\n\n\n\n<ol class=\"wp-block-list\">\n<li>El 3-bet, a diferencia del cold call, te da la oportunidad de ganar fichas preflop.<\/li>\n\n\n\n<li>Al hacer 3-bet puedes aislar a oponentes m\u00e1s d\u00e9biles que tienden a foldear si no conectan el flop. Estad\u00edsticamente, no conectar\u00e1n el flop en m\u00e1s de \u2154 de los casos.<\/li>\n\n\n\n<li>Al hacer 3-bet obligas a los oponentes que a\u00fan faltan por hablar a tirar manos incluso m\u00e1s fuertes que la tuya.<\/li>\n\n\n\n<li>Al hacer 3-bet puedes quedarte en un bote contra un solo rival, aumentando la equity de tu mano en comparaci\u00f3n con un bote multiway.<\/li>\n<\/ol>\n\n\n\n<h2 class=\"wp-block-heading\">Tama\u00f1os del 3-bet<\/h2>\n\n\n\n<p>Suponiendo stacks de 100bb, los tama\u00f1os de 3-bet m\u00e1s comunes son 3\u20133.5x en posici\u00f3n y 4\u20135x fuera de posici\u00f3n.<\/p>\n\n\n\n<h2 class=\"wp-block-heading\">Frecuencias de 3-bet<\/h2>\n\n\n\n<p><strong>Menos del 4% es muy tight.<\/strong> Estos jugadores hacen 3-bet solo con manos premium JJ+, AK+. Pierden oportunidades de extraer m\u00e1s valor con otras buenas manos.<\/p>\n\n\n\n<p><strong>De 4% a 10% es s\u00f3lido.<\/strong> Estos jugadores generalmente hacen 3-bet con buenas manos y manos premium desde buenas posiciones.<\/p>\n\n\n\n<p><strong>De 10% a 14% es semi-loose.<\/strong> Estos jugadores pueden incluir manos m\u00e1s especulativas en su rango de 3-bet, pero con buenas habilidades postflop pueden jugar tan rentable como los jugadores s\u00f3lidos, o incluso m\u00e1s. Sin embargo, si su juego postflop no es bueno, probablemente est\u00e9n jugando demasiadas manos.<\/p>\n\n\n\n<p><strong>M\u00e1s del 15% es muy loose.<\/strong> Normalmente estos jugadores son man\u00edacos. Es dif\u00edcil esperar ser un jugador ganador con un porcentaje de 3-bet tan alto. Los buenos oponentes se adaptar\u00e1n r\u00e1pidamente a su rango d\u00e9bil ya sea pagando con manos premium\/buenas o haci\u00e9ndoles 4-bet.<\/p>\n\n\n\n<h2 class=\"wp-block-heading\">Conclusi\u00f3n<\/h2>\n\n\n\n<p>Hacer 3-bet es una acci\u00f3n importante en p\u00f3ker. Es una parte esencial de una estrategia ganadora. Aseg\u00farate de incorporar el 3-bet en tu juego. Sin embargo, hazlo con criterio, en las situaciones adecuadas, con el tama\u00f1o correcto y con un rango jugable.<\/p>\n","protected":false},"excerpt":{"rendered":"<p>\u00bfQu\u00e9 es el 3-bet en p\u00f3ker? El 3-bet en p\u00f3ker es una acci\u00f3n en la que un jugador resube la subida de un agresor inicial. Normalmente se refiere a una acci\u00f3n preflop, aunque tambi\u00e9n puede aplicarse al juego postflop. Aunque el nombre del t\u00e9rmino contiene el n\u00famero 3, el tama\u00f1o del 3-bet no tiene que &hellip; <a href=\"https:\/\/hand2noteguide.com\/es\/poker\/poker-hud-stats\/3bet-in-poker\/\" class=\"more-link\">Continue reading <span class=\"screen-reader-text\">El 3-bet en p\u00f3ker: la gu\u00eda completa con ejemplos<\/span><\/a><\/p>\n","protected":false},"author":1,"featured_media":0,"parent":8180,"menu_order":0,"comment_status":"closed","ping_status":"closed","template":"","meta":{"footnotes":""},"class_list":["post-7322","page","type-page","status-publish","hentry"],"translation":{"provider":"WPGlobus","version":"3.0.2","language":"es","enabled_languages":["en","ru","pt","zh","es","fr","de","it","ja"],"languages":{"en":{"title":true,"content":true,"excerpt":false},"ru":{"title":true,"content":true,"excerpt":false},"pt":{"title":true,"content":true,"excerpt":false},"zh":{"title":true,"content":true,"excerpt":false},"es":{"title":true,"content":true,"excerpt":false},"fr":{"title":true,"content":true,"excerpt":false},"de":{"title":true,"content":true,"excerpt":false},"it":{"title":true,"content":true,"excerpt":false},"ja":{"title":true,"content":true,"excerpt":false}}},"yoast_head":"<!-- This site is optimized with the Yoast SEO plugin v27.0 - https:\/\/yoast.com\/product\/yoast-seo-wordpress\/ -->\n<title>El 3-bet en p\u00f3ker: la gu\u00eda completa con ejemplos<\/title>\n<meta name=\"description\" content=\"El 3-bet en p\u00f3ker es una acci\u00f3n en la que un jugador resube. Aprende por qu\u00e9 y con qu\u00e9 frecuencia deber\u00edas usar el 3-bet en tu estrategia. Manual detallado con ejemplos.\" \/>\n<meta name=\"robots\" content=\"index, follow, max-snippet:-1, max-image-preview:large, max-video-preview:-1\" \/>\n<link rel=\"canonical\" href=\"https:\/\/hand2noteguide.com\/poker\/poker-hud-stats\/3bet-in-poker\/\" \/>\n<meta property=\"og:locale\" content=\"es_ES\" \/>\n<meta property=\"og:type\" content=\"article\" \/>\n<meta property=\"og:title\" content=\"El 3-bet en p\u00f3ker: la gu\u00eda completa con ejemplos\" \/>\n<meta property=\"og:description\" content=\"El 3-bet en p\u00f3ker es una acci\u00f3n en la que un jugador resube. Aprende por qu\u00e9 y con qu\u00e9 frecuencia deber\u00edas usar el 3-bet en tu estrategia. Manual detallado con ejemplos.\" \/>\n<meta property=\"og:url\" content=\"https:\/\/hand2noteguide.com\/poker\/poker-hud-stats\/3bet-in-poker\/\" \/>\n<meta property=\"og:site_name\" content=\"Hand2Note Guide\" \/>\n<meta property=\"article:modified_time\" content=\"2026-03-11T17:16:29+00:00\" \/>\n<meta property=\"og:image\" content=\"http:\/\/hand2noteguide.com\/wp-content\/uploads\/2024\/09\/3Bet-min-1024x576.jpg\" \/>\n<meta name=\"twitter:card\" content=\"summary_large_image\" \/>\n<meta name=\"twitter:label1\" content=\"Est. reading time\" \/>\n\t<meta name=\"twitter:data1\" content=\"19 minutes\" \/>\n<!-- \/ Yoast SEO plugin. -->","yoast_head_json":{"title":"El 3-bet en p\u00f3ker: la gu\u00eda completa con ejemplos","description":"El 3-bet en p\u00f3ker es una acci\u00f3n en la que un jugador resube. Aprende por qu\u00e9 y con qu\u00e9 frecuencia deber\u00edas usar el 3-bet en tu estrategia. Manual detallado con ejemplos.","robots":{"index":"index","follow":"follow","max-snippet":"max-snippet:-1","max-image-preview":"max-image-preview:large","max-video-preview":"max-video-preview:-1"},"canonical":"https:\/\/hand2noteguide.com\/poker\/poker-hud-stats\/3bet-in-poker\/","og_locale":"es_ES","og_type":"article","og_title":"El 3-bet en p\u00f3ker: la gu\u00eda completa con ejemplos","og_description":"El 3-bet en p\u00f3ker es una acci\u00f3n en la que un jugador resube. Aprende por qu\u00e9 y con qu\u00e9 frecuencia deber\u00edas usar el 3-bet en tu estrategia. Manual detallado con ejemplos.","og_url":"https:\/\/hand2noteguide.com\/poker\/poker-hud-stats\/3bet-in-poker\/","og_site_name":"Hand2Note Guide","article_modified_time":"2026-03-11T17:16:29+00:00","og_image":[{"url":"http:\/\/hand2noteguide.com\/wp-content\/uploads\/2024\/09\/3Bet-min-1024x576.jpg","type":"","width":"","height":""}],"twitter_card":"summary_large_image","twitter_misc":{"Est. reading time":"19 minutes"},"schema":{"@context":"https:\/\/schema.org","@graph":[]}},"jetpack_sharing_enabled":true,"_links":{"self":[{"href":"https:\/\/hand2noteguide.com\/es\/wp-json\/wp\/v2\/pages\/7322","targetHints":{"allow":["GET"]}}],"collection":[{"href":"https:\/\/hand2noteguide.com\/es\/wp-json\/wp\/v2\/pages"}],"about":[{"href":"https:\/\/hand2noteguide.com\/es\/wp-json\/wp\/v2\/types\/page"}],"author":[{"embeddable":true,"href":"https:\/\/hand2noteguide.com\/es\/wp-json\/wp\/v2\/users\/1"}],"replies":[{"embeddable":true,"href":"https:\/\/hand2noteguide.com\/es\/wp-json\/wp\/v2\/comments?post=7322"}],"version-history":[{"count":26,"href":"https:\/\/hand2noteguide.com\/es\/wp-json\/wp\/v2\/pages\/7322\/revisions"}],"predecessor-version":[{"id":15855,"href":"https:\/\/hand2noteguide.com\/es\/wp-json\/wp\/v2\/pages\/7322\/revisions\/15855"}],"up":[{"embeddable":true,"href":"https:\/\/hand2noteguide.com\/es\/wp-json\/wp\/v2\/pages\/8180"}],"wp:attachment":[{"href":"https:\/\/hand2noteguide.com\/es\/wp-json\/wp\/v2\/media?parent=7322"}],"curies":[{"name":"wp","href":"https:\/\/api.w.org\/{rel}","templated":true}]}}